{"id":135074,"date":"2024-02-13T13:47:43","date_gmt":"2024-02-13T11:47:43","guid":{"rendered":"https:\/\/metaltale.com\/produktas\/statsionaarne-valamu-kraan-must-chester-low\/"},"modified":"2024-02-13T13:47:43","modified_gmt":"2024-02-13T11:47:43","slug":"statsionaarne-valamu-kraan-must-chester-low","status":"publish","type":"product","link":"https:\/\/metaltale.com\/et\/toode\/statsionaarne-valamu-kraan-must-chester-low\/","title":{"rendered":"Statsionaarne valamu kraan must CHESTER low"},"content":{"rendered":"<div class=\"prod_data\"><strong>Mudel<\/strong> WX.8004B.SHO.BLA  <br \/>Lihtsalt Retro kollektsioon <br \/><strong>EAN.<\/strong>  5905369900631  <br \/>Segisti t\u00fc\u00fcp Vabalt seisev <br \/>V\u00e4ljalaskeava pikkus (cm ) 9 <br \/>Materjal Messing <br \/>Paigaldusava l\u00e4bim\u00f5\u00f5t 3,2 <br \/>Perlator (\u00f5hutaja) Ei <br \/>P\u00f6\u00f6rlev v\u00e4ljalaskeava Ei <br \/><strong>V\u00e4rv<\/strong> Must  <br \/>Viimistlus Pehme, satiinne efekt <br \/>Lisateave Voolik M8x3\/8&#8243; kraani pikkus 50cm <br \/><strong>K\u00f5rgus ninaotsani (cm)<\/strong> 5  <br \/>\u00dcldine k\u00f5rgus (cm) 19 <br \/><strong>Koguprojektsioon (cm)<\/strong> 15  <\/p>\n<p>&#8211; messingist patarei<br \/>&#8211; fikseeritud v\u00e4ljalaskeava<br \/>&#8211; keraamiline pea &#8211; element, mis tagab vee n\u00f5uetekohase jaotumise<br \/>&#8211; mudel ilma \u00f5hutajata<br \/>&#8211; k\u00f5ik komplektis olevad kokkupanekuks vajalikud elemendid (voolikud, kruvi lauaplaadile, tihendid kruvile)<br \/>&#8211; vaata teisi Simply Retro kollektsiooni mudeleid<\/p>\n<hr>\n<p>Madal retroh\u00f5nguline valamusegisti on disainerlik t\u00e4iendus igasse vannituppa, mis t\u00f5eliselt eristub t\u00e4nap\u00e4eval turul k\u00f5ige populaarsematest segistitest. Ebatavaline veejuga raud lisab tootele ka unikaalse puudutuse, mis muudab selle paigutuse huvitavaks elemendiks. Messingist vannitoaarmatuur on v\u00e4ga vastupidav ja vastupidav kahjustustele. Keraamiline pea on samuti oluline osa kraanist ja kontrollib usaldusv\u00e4\u00e4rselt veevoolu.  <\/p>\n<hr>\n<\/div>\n","protected":false},"excerpt":{"rendered":"<p>Mudel WX.8004B.SHO.BLA Lihtsalt Retro kollektsioon EAN. 5905369900631 Segisti t\u00fc\u00fcp Vabalt seisev V\u00e4ljalaskeava pikkus (cm ) 9 Materjal Messing Paigaldusava l\u00e4bim\u00f5\u00f5t<\/p>\n","protected":false},"featured_media":80328,"comment_status":"open","ping_status":"closed","template":"","meta":{"_acf_changed":false,"pmpro_default_level":""},"product_brand":[],"product_cat":[24175],"product_tag":[],"class_list":{"0":"post-135074","1":"product","2":"type-product","3":"status-publish","4":"has-post-thumbnail","6":"product_cat-valamu-segistid","7":"pmpro-has-access","9":"first","10":"instock","11":"shipping-taxable","12":"purchasable","13":"product-type-simple"},"acf":[],"yoast_head":"<!-- This site is optimized with the Yoast SEO plugin v24.9 - https:\/\/yoast.com\/wordpress\/plugins\/seo\/ -->\n<title>Statsionaarne valamu kraan must CHESTER low - MetalTale.com<\/title>\n<meta name=\"robots\" content=\"index, follow, max-snippet:-1, max-image-preview:large, max-video-preview:-1\" \/>\n<link rel=\"canonical\" href=\"https:\/\/metaltale.com\/et\/toode\/statsionaarne-valamu-kraan-must-chester-low\/\" \/>\n<meta property=\"og:locale\" content=\"et_EE\" \/>\n<meta property=\"og:type\" content=\"article\" \/>\n<meta property=\"og:title\" content=\"Statsionaarne valamu kraan must CHESTER low - MetalTale.com\" \/>\n<meta property=\"og:description\" content=\"Mudel WX.8004B.SHO.BLA Lihtsalt Retro kollektsioon EAN. 5905369900631 Segisti t\u00fc\u00fcp Vabalt seisev V\u00e4ljalaskeava pikkus (cm ) 9 Materjal Messing Paigaldusava l\u00e4bim\u00f5\u00f5t\" \/>\n<meta property=\"og:url\" content=\"https:\/\/metaltale.com\/et\/toode\/statsionaarne-valamu-kraan-must-chester-low\/\" \/>\n<meta property=\"og:site_name\" content=\"MetalTale.com\" \/>\n<meta name=\"twitter:card\" content=\"summary_large_image\" \/>\n<meta name=\"twitter:label1\" content=\"Est. reading time\" \/>\n\t<meta name=\"twitter:data1\" content=\"1 minut\" \/>\n<script type=\"application\/ld+json\" class=\"yoast-schema-graph\">{\"@context\":\"https:\/\/schema.org\",\"@graph\":[{\"@type\":\"WebPage\",\"@id\":\"https:\/\/metaltale.com\/et\/toode\/statsionaarne-valamu-kraan-must-chester-low\/\",\"url\":\"https:\/\/metaltale.com\/et\/toode\/statsionaarne-valamu-kraan-must-chester-low\/\",\"name\":\"Statsionaarne valamu kraan must CHESTER low - MetalTale.com\",\"isPartOf\":{\"@id\":\"https:\/\/metaltale.com\/et\/#website\"},\"primaryImageOfPage\":{\"@id\":\"https:\/\/metaltale.com\/et\/toode\/statsionaarne-valamu-kraan-must-chester-low\/#primaryimage\"},\"image\":{\"@id\":\"https:\/\/metaltale.com\/et\/toode\/statsionaarne-valamu-kraan-must-chester-low\/#primaryimage\"},\"thumbnailUrl\":\"https:\/\/metaltale.com\/wp-content\/uploads\/2023\/10\/Grindx173-maix161ytuvas-CHESTER-1.jpg\",\"datePublished\":\"2024-02-13T11:47:43+00:00\",\"breadcrumb\":{\"@id\":\"https:\/\/metaltale.com\/et\/toode\/statsionaarne-valamu-kraan-must-chester-low\/#breadcrumb\"},\"inLanguage\":\"et\",\"potentialAction\":[{\"@type\":\"ReadAction\",\"target\":[\"https:\/\/metaltale.com\/et\/toode\/statsionaarne-valamu-kraan-must-chester-low\/\"]}]},{\"@type\":\"ImageObject\",\"inLanguage\":\"et\",\"@id\":\"https:\/\/metaltale.com\/et\/toode\/statsionaarne-valamu-kraan-must-chester-low\/#primaryimage\",\"url\":\"https:\/\/metaltale.com\/wp-content\/uploads\/2023\/10\/Grindx173-maix161ytuvas-CHESTER-1.jpg\",\"contentUrl\":\"https:\/\/metaltale.com\/wp-content\/uploads\/2023\/10\/Grindx173-maix161ytuvas-CHESTER-1.jpg\",\"width\":800,\"height\":800},{\"@type\":\"BreadcrumbList\",\"@id\":\"https:\/\/metaltale.com\/et\/toode\/statsionaarne-valamu-kraan-must-chester-low\/#breadcrumb\",\"itemListElement\":[{\"@type\":\"ListItem\",\"position\":1,\"name\":\"Home\",\"item\":\"https:\/\/metaltale.com\/et\/kodu\/\"},{\"@type\":\"ListItem\",\"position\":2,\"name\":\"Kauplus\",\"item\":\"https:\/\/metaltale.com\/et\/shop\/\"},{\"@type\":\"ListItem\",\"position\":3,\"name\":\"Statsionaarne valamu kraan must CHESTER low\"}]},{\"@type\":\"WebSite\",\"@id\":\"https:\/\/metaltale.com\/et\/#website\",\"url\":\"https:\/\/metaltale.com\/et\/\",\"name\":\"Metaltale.com\",\"description\":\"\",\"potentialAction\":[{\"@type\":\"SearchAction\",\"target\":{\"@type\":\"EntryPoint\",\"urlTemplate\":\"https:\/\/metaltale.com\/et\/?s={search_term_string}\"},\"query-input\":{\"@type\":\"PropertyValueSpecification\",\"valueRequired\":true,\"valueName\":\"search_term_string\"}}],\"inLanguage\":\"et\"}]}<\/script>\n<!-- \/ Yoast SEO plugin. -->","yoast_head_json":{"title":"Statsionaarne valamu kraan must CHESTER low - MetalTale.com","robots":{"index":"index","follow":"follow","max-snippet":"max-snippet:-1","max-image-preview":"max-image-preview:large","max-video-preview":"max-video-preview:-1"},"canonical":"https:\/\/metaltale.com\/et\/toode\/statsionaarne-valamu-kraan-must-chester-low\/","og_locale":"et_EE","og_type":"article","og_title":"Statsionaarne valamu kraan must CHESTER low - MetalTale.com","og_description":"Mudel WX.8004B.SHO.BLA Lihtsalt Retro kollektsioon EAN. 5905369900631 Segisti t\u00fc\u00fcp Vabalt seisev V\u00e4ljalaskeava pikkus (cm ) 9 Materjal Messing Paigaldusava l\u00e4bim\u00f5\u00f5t","og_url":"https:\/\/metaltale.com\/et\/toode\/statsionaarne-valamu-kraan-must-chester-low\/","og_site_name":"MetalTale.com","twitter_card":"summary_large_image","twitter_misc":{"Est. reading time":"1 minut"},"schema":{"@context":"https:\/\/schema.org","@graph":[{"@type":"WebPage","@id":"https:\/\/metaltale.com\/et\/toode\/statsionaarne-valamu-kraan-must-chester-low\/","url":"https:\/\/metaltale.com\/et\/toode\/statsionaarne-valamu-kraan-must-chester-low\/","name":"Statsionaarne valamu kraan must CHESTER low - MetalTale.com","isPartOf":{"@id":"https:\/\/metaltale.com\/et\/#website"},"primaryImageOfPage":{"@id":"https:\/\/metaltale.com\/et\/toode\/statsionaarne-valamu-kraan-must-chester-low\/#primaryimage"},"image":{"@id":"https:\/\/metaltale.com\/et\/toode\/statsionaarne-valamu-kraan-must-chester-low\/#primaryimage"},"thumbnailUrl":"https:\/\/metaltale.com\/wp-content\/uploads\/2023\/10\/Grindx173-maix161ytuvas-CHESTER-1.jpg","datePublished":"2024-02-13T11:47:43+00:00","breadcrumb":{"@id":"https:\/\/metaltale.com\/et\/toode\/statsionaarne-valamu-kraan-must-chester-low\/#breadcrumb"},"inLanguage":"et","potentialAction":[{"@type":"ReadAction","target":["https:\/\/metaltale.com\/et\/toode\/statsionaarne-valamu-kraan-must-chester-low\/"]}]},{"@type":"ImageObject","inLanguage":"et","@id":"https:\/\/metaltale.com\/et\/toode\/statsionaarne-valamu-kraan-must-chester-low\/#primaryimage","url":"https:\/\/metaltale.com\/wp-content\/uploads\/2023\/10\/Grindx173-maix161ytuvas-CHESTER-1.jpg","contentUrl":"https:\/\/metaltale.com\/wp-content\/uploads\/2023\/10\/Grindx173-maix161ytuvas-CHESTER-1.jpg","width":800,"height":800},{"@type":"BreadcrumbList","@id":"https:\/\/metaltale.com\/et\/toode\/statsionaarne-valamu-kraan-must-chester-low\/#breadcrumb","itemListElement":[{"@type":"ListItem","position":1,"name":"Home","item":"https:\/\/metaltale.com\/et\/kodu\/"},{"@type":"ListItem","position":2,"name":"Kauplus","item":"https:\/\/metaltale.com\/et\/shop\/"},{"@type":"ListItem","position":3,"name":"Statsionaarne valamu kraan must CHESTER low"}]},{"@type":"WebSite","@id":"https:\/\/metaltale.com\/et\/#website","url":"https:\/\/metaltale.com\/et\/","name":"Metaltale.com","description":"","potentialAction":[{"@type":"SearchAction","target":{"@type":"EntryPoint","urlTemplate":"https:\/\/metaltale.com\/et\/?s={search_term_string}"},"query-input":{"@type":"PropertyValueSpecification","valueRequired":true,"valueName":"search_term_string"}}],"inLanguage":"et"}]}},"_links":{"self":[{"href":"https:\/\/metaltale.com\/et\/wp-json\/wp\/v2\/product\/135074","targetHints":{"allow":["GET"]}}],"collection":[{"href":"https:\/\/metaltale.com\/et\/wp-json\/wp\/v2\/product"}],"about":[{"href":"https:\/\/metaltale.com\/et\/wp-json\/wp\/v2\/types\/product"}],"replies":[{"embeddable":true,"href":"https:\/\/metaltale.com\/et\/wp-json\/wp\/v2\/comments?post=135074"}],"version-history":[{"count":0,"href":"https:\/\/metaltale.com\/et\/wp-json\/wp\/v2\/product\/135074\/revisions"}],"wp:featuredmedia":[{"embeddable":true,"href":"https:\/\/metaltale.com\/et\/wp-json\/wp\/v2\/media\/80328"}],"wp:attachment":[{"href":"https:\/\/metaltale.com\/et\/wp-json\/wp\/v2\/media?parent=135074"}],"wp:term":[{"taxonomy":"product_brand","embeddable":true,"href":"https:\/\/metaltale.com\/et\/wp-json\/wp\/v2\/product_brand?post=135074"},{"taxonomy":"product_cat","embeddable":true,"href":"https:\/\/metaltale.com\/et\/wp-json\/wp\/v2\/product_cat?post=135074"},{"taxonomy":"product_tag","embeddable":true,"href":"https:\/\/metaltale.com\/et\/wp-json\/wp\/v2\/product_tag?post=135074"}],"curies":[{"name":"wp","href":"https:\/\/api.w.org\/{rel}","templated":true}]}}