{"id":135067,"date":"2024-02-13T13:47:43","date_gmt":"2024-02-13T11:47:43","guid":{"rendered":"https:\/\/metaltale.com\/produktas\/statsionaarne-valamu-kraan-must-chester-pikk\/"},"modified":"2024-02-13T13:47:43","modified_gmt":"2024-02-13T11:47:43","slug":"statsionaarne-valamu-kraan-must-chester-pikk","status":"publish","type":"product","link":"https:\/\/metaltale.com\/et\/toode\/statsionaarne-valamu-kraan-must-chester-pikk\/","title":{"rendered":"Statsionaarne valamu kraan must CHESTER pikk"},"content":{"rendered":"<div class=\"prod_data\"><strong>Mudel<\/strong> WX.8006HB.HIG.BLA  <br \/>Lihtsalt Retro kollektsioon <br \/><strong>EAN.<\/strong>  5905369900648  <br \/>Segisti t\u00fc\u00fcp Vabalt seisev <br \/>V\u00e4ljalaskeava pikkus (cm ) 8,5 <br \/>Materjal Messing <br \/>Paigaldusava l\u00e4bim\u00f5\u00f5t 3,2 <br \/><strong>K\u00f5rgus (cm)<\/strong> 36  <br \/>Perlator (\u00f5hutaja) Ei <br \/>P\u00f6\u00f6rlev v\u00e4ljalaskeava Ei <br \/><strong>V\u00e4rv<\/strong> Must  <br \/>Viimistlus Pehme, satiinne efekt <br \/>Lisateave Voolik M8x3\/8&#8243; kraani pikkus 50cm <br \/><strong>K\u00f5rgus ninaotsani (cm)<\/strong> 23  <br \/><strong>Koguprojektsioon (cm)<\/strong> 14  <\/p>\n<p>&#8211; messingist patarei<br \/>&#8211; keraamiline pea &#8211; element, mis tagab vee n\u00f5uetekohase jaotumise<br \/>&#8211; k\u00f5ik komplektis olevad kokkupanekuks vajalikud elemendid (voolikud, kruvi lauaplaadile, tihendid kruvile)<br \/>&#8211; vaata teisi Simply Retro kollektsiooni mudeleid<\/p>\n<hr>\n<p>Mustast messingist t\u00f6\u00f6laua kraan on kvaliteetne lahendus &#8211; ideaalne lahendus k\u00f6\u00f6ki ja vannituppa. Mudel on stiliseeritud vanaaegseks, veidi tooreks ja tehase kraanikausiks. Selle vabalt seisva segisti t\u00f6\u00f6stuslikku iseloomu pehmendab huvitav joatoru. Kraanile on omane lihtsus ja mitmek\u00fclgsus ning see sobib nii p\u00f6\u00f6ningule, vintage&#8217;ile, rustikaalsele kui ka moodsale kompositsioonile. K\u00f5rge segistushan on ideaalne kombinatsioon kivist t\u00f6\u00f6laua valamuga ning n\u00e4eb v\u00e4ga stiilne v\u00e4lja ka koos puidu ja betoonimitatsiooniga seinal.  <\/p>\n<hr>\n<\/div>\n","protected":false},"excerpt":{"rendered":"<p>Mudel WX.8006HB.HIG.BLA Lihtsalt Retro kollektsioon EAN. 5905369900648 Segisti t\u00fc\u00fcp Vabalt seisev V\u00e4ljalaskeava pikkus (cm ) 8,5 Materjal Messing Paigaldusava l\u00e4bim\u00f5\u00f5t<\/p>\n","protected":false},"featured_media":80346,"comment_status":"open","ping_status":"closed","template":"","meta":{"_acf_changed":false,"pmpro_default_level":""},"product_brand":[],"product_cat":[24175],"product_tag":[],"class_list":{"0":"post-135067","1":"product","2":"type-product","3":"status-publish","4":"has-post-thumbnail","6":"product_cat-valamu-segistid","7":"pmpro-has-access","9":"first","10":"instock","11":"shipping-taxable","12":"purchasable","13":"product-type-simple"},"acf":[],"yoast_head":"<!-- This site is optimized with the Yoast SEO plugin v24.9 - https:\/\/yoast.com\/wordpress\/plugins\/seo\/ -->\n<title>Statsionaarne valamu kraan must CHESTER pikk - MetalTale.com<\/title>\n<meta name=\"robots\" content=\"index, follow, max-snippet:-1, max-image-preview:large, max-video-preview:-1\" \/>\n<link rel=\"canonical\" href=\"https:\/\/metaltale.com\/et\/toode\/statsionaarne-valamu-kraan-must-chester-pikk\/\" \/>\n<meta property=\"og:locale\" content=\"et_EE\" \/>\n<meta property=\"og:type\" content=\"article\" \/>\n<meta property=\"og:title\" content=\"Statsionaarne valamu kraan must CHESTER pikk - MetalTale.com\" \/>\n<meta property=\"og:description\" content=\"Mudel WX.8006HB.HIG.BLA Lihtsalt Retro kollektsioon EAN. 5905369900648 Segisti t\u00fc\u00fcp Vabalt seisev V\u00e4ljalaskeava pikkus (cm ) 8,5 Materjal Messing Paigaldusava l\u00e4bim\u00f5\u00f5t\" \/>\n<meta property=\"og:url\" content=\"https:\/\/metaltale.com\/et\/toode\/statsionaarne-valamu-kraan-must-chester-pikk\/\" \/>\n<meta property=\"og:site_name\" content=\"MetalTale.com\" \/>\n<meta name=\"twitter:card\" content=\"summary_large_image\" \/>\n<meta name=\"twitter:label1\" content=\"Est. reading time\" \/>\n\t<meta name=\"twitter:data1\" content=\"1 minut\" \/>\n<script type=\"application\/ld+json\" class=\"yoast-schema-graph\">{\"@context\":\"https:\/\/schema.org\",\"@graph\":[{\"@type\":\"WebPage\",\"@id\":\"https:\/\/metaltale.com\/et\/toode\/statsionaarne-valamu-kraan-must-chester-pikk\/\",\"url\":\"https:\/\/metaltale.com\/et\/toode\/statsionaarne-valamu-kraan-must-chester-pikk\/\",\"name\":\"Statsionaarne valamu kraan must CHESTER pikk - MetalTale.com\",\"isPartOf\":{\"@id\":\"https:\/\/metaltale.com\/et\/#website\"},\"primaryImageOfPage\":{\"@id\":\"https:\/\/metaltale.com\/et\/toode\/statsionaarne-valamu-kraan-must-chester-pikk\/#primaryimage\"},\"image\":{\"@id\":\"https:\/\/metaltale.com\/et\/toode\/statsionaarne-valamu-kraan-must-chester-pikk\/#primaryimage\"},\"thumbnailUrl\":\"https:\/\/metaltale.com\/wp-content\/uploads\/2023\/10\/Grindx173-maix161ytuvas-CHESTER-2.jpg\",\"datePublished\":\"2024-02-13T11:47:43+00:00\",\"breadcrumb\":{\"@id\":\"https:\/\/metaltale.com\/et\/toode\/statsionaarne-valamu-kraan-must-chester-pikk\/#breadcrumb\"},\"inLanguage\":\"et\",\"potentialAction\":[{\"@type\":\"ReadAction\",\"target\":[\"https:\/\/metaltale.com\/et\/toode\/statsionaarne-valamu-kraan-must-chester-pikk\/\"]}]},{\"@type\":\"ImageObject\",\"inLanguage\":\"et\",\"@id\":\"https:\/\/metaltale.com\/et\/toode\/statsionaarne-valamu-kraan-must-chester-pikk\/#primaryimage\",\"url\":\"https:\/\/metaltale.com\/wp-content\/uploads\/2023\/10\/Grindx173-maix161ytuvas-CHESTER-2.jpg\",\"contentUrl\":\"https:\/\/metaltale.com\/wp-content\/uploads\/2023\/10\/Grindx173-maix161ytuvas-CHESTER-2.jpg\",\"width\":800,\"height\":800},{\"@type\":\"BreadcrumbList\",\"@id\":\"https:\/\/metaltale.com\/et\/toode\/statsionaarne-valamu-kraan-must-chester-pikk\/#breadcrumb\",\"itemListElement\":[{\"@type\":\"ListItem\",\"position\":1,\"name\":\"Home\",\"item\":\"https:\/\/metaltale.com\/et\/kodu\/\"},{\"@type\":\"ListItem\",\"position\":2,\"name\":\"Kauplus\",\"item\":\"https:\/\/metaltale.com\/et\/shop\/\"},{\"@type\":\"ListItem\",\"position\":3,\"name\":\"Statsionaarne valamu kraan must CHESTER pikk\"}]},{\"@type\":\"WebSite\",\"@id\":\"https:\/\/metaltale.com\/et\/#website\",\"url\":\"https:\/\/metaltale.com\/et\/\",\"name\":\"Metaltale.com\",\"description\":\"\",\"potentialAction\":[{\"@type\":\"SearchAction\",\"target\":{\"@type\":\"EntryPoint\",\"urlTemplate\":\"https:\/\/metaltale.com\/et\/?s={search_term_string}\"},\"query-input\":{\"@type\":\"PropertyValueSpecification\",\"valueRequired\":true,\"valueName\":\"search_term_string\"}}],\"inLanguage\":\"et\"}]}<\/script>\n<!-- \/ Yoast SEO plugin. -->","yoast_head_json":{"title":"Statsionaarne valamu kraan must CHESTER pikk - MetalTale.com","robots":{"index":"index","follow":"follow","max-snippet":"max-snippet:-1","max-image-preview":"max-image-preview:large","max-video-preview":"max-video-preview:-1"},"canonical":"https:\/\/metaltale.com\/et\/toode\/statsionaarne-valamu-kraan-must-chester-pikk\/","og_locale":"et_EE","og_type":"article","og_title":"Statsionaarne valamu kraan must CHESTER pikk - MetalTale.com","og_description":"Mudel WX.8006HB.HIG.BLA Lihtsalt Retro kollektsioon EAN. 5905369900648 Segisti t\u00fc\u00fcp Vabalt seisev V\u00e4ljalaskeava pikkus (cm ) 8,5 Materjal Messing Paigaldusava l\u00e4bim\u00f5\u00f5t","og_url":"https:\/\/metaltale.com\/et\/toode\/statsionaarne-valamu-kraan-must-chester-pikk\/","og_site_name":"MetalTale.com","twitter_card":"summary_large_image","twitter_misc":{"Est. reading time":"1 minut"},"schema":{"@context":"https:\/\/schema.org","@graph":[{"@type":"WebPage","@id":"https:\/\/metaltale.com\/et\/toode\/statsionaarne-valamu-kraan-must-chester-pikk\/","url":"https:\/\/metaltale.com\/et\/toode\/statsionaarne-valamu-kraan-must-chester-pikk\/","name":"Statsionaarne valamu kraan must CHESTER pikk - MetalTale.com","isPartOf":{"@id":"https:\/\/metaltale.com\/et\/#website"},"primaryImageOfPage":{"@id":"https:\/\/metaltale.com\/et\/toode\/statsionaarne-valamu-kraan-must-chester-pikk\/#primaryimage"},"image":{"@id":"https:\/\/metaltale.com\/et\/toode\/statsionaarne-valamu-kraan-must-chester-pikk\/#primaryimage"},"thumbnailUrl":"https:\/\/metaltale.com\/wp-content\/uploads\/2023\/10\/Grindx173-maix161ytuvas-CHESTER-2.jpg","datePublished":"2024-02-13T11:47:43+00:00","breadcrumb":{"@id":"https:\/\/metaltale.com\/et\/toode\/statsionaarne-valamu-kraan-must-chester-pikk\/#breadcrumb"},"inLanguage":"et","potentialAction":[{"@type":"ReadAction","target":["https:\/\/metaltale.com\/et\/toode\/statsionaarne-valamu-kraan-must-chester-pikk\/"]}]},{"@type":"ImageObject","inLanguage":"et","@id":"https:\/\/metaltale.com\/et\/toode\/statsionaarne-valamu-kraan-must-chester-pikk\/#primaryimage","url":"https:\/\/metaltale.com\/wp-content\/uploads\/2023\/10\/Grindx173-maix161ytuvas-CHESTER-2.jpg","contentUrl":"https:\/\/metaltale.com\/wp-content\/uploads\/2023\/10\/Grindx173-maix161ytuvas-CHESTER-2.jpg","width":800,"height":800},{"@type":"BreadcrumbList","@id":"https:\/\/metaltale.com\/et\/toode\/statsionaarne-valamu-kraan-must-chester-pikk\/#breadcrumb","itemListElement":[{"@type":"ListItem","position":1,"name":"Home","item":"https:\/\/metaltale.com\/et\/kodu\/"},{"@type":"ListItem","position":2,"name":"Kauplus","item":"https:\/\/metaltale.com\/et\/shop\/"},{"@type":"ListItem","position":3,"name":"Statsionaarne valamu kraan must CHESTER pikk"}]},{"@type":"WebSite","@id":"https:\/\/metaltale.com\/et\/#website","url":"https:\/\/metaltale.com\/et\/","name":"Metaltale.com","description":"","potentialAction":[{"@type":"SearchAction","target":{"@type":"EntryPoint","urlTemplate":"https:\/\/metaltale.com\/et\/?s={search_term_string}"},"query-input":{"@type":"PropertyValueSpecification","valueRequired":true,"valueName":"search_term_string"}}],"inLanguage":"et"}]}},"_links":{"self":[{"href":"https:\/\/metaltale.com\/et\/wp-json\/wp\/v2\/product\/135067","targetHints":{"allow":["GET"]}}],"collection":[{"href":"https:\/\/metaltale.com\/et\/wp-json\/wp\/v2\/product"}],"about":[{"href":"https:\/\/metaltale.com\/et\/wp-json\/wp\/v2\/types\/product"}],"replies":[{"embeddable":true,"href":"https:\/\/metaltale.com\/et\/wp-json\/wp\/v2\/comments?post=135067"}],"version-history":[{"count":0,"href":"https:\/\/metaltale.com\/et\/wp-json\/wp\/v2\/product\/135067\/revisions"}],"wp:featuredmedia":[{"embeddable":true,"href":"https:\/\/metaltale.com\/et\/wp-json\/wp\/v2\/media\/80346"}],"wp:attachment":[{"href":"https:\/\/metaltale.com\/et\/wp-json\/wp\/v2\/media?parent=135067"}],"wp:term":[{"taxonomy":"product_brand","embeddable":true,"href":"https:\/\/metaltale.com\/et\/wp-json\/wp\/v2\/product_brand?post=135067"},{"taxonomy":"product_cat","embeddable":true,"href":"https:\/\/metaltale.com\/et\/wp-json\/wp\/v2\/product_cat?post=135067"},{"taxonomy":"product_tag","embeddable":true,"href":"https:\/\/metaltale.com\/et\/wp-json\/wp\/v2\/product_tag?post=135067"}],"curies":[{"name":"wp","href":"https:\/\/api.w.org\/{rel}","templated":true}]}}