{"id":135056,"date":"2024-02-13T14:39:55","date_gmt":"2024-02-13T12:39:55","guid":{"rendered":"https:\/\/metaltale.com\/produktas\/ristkulikukujuline-dekoratiivne-kandik-loke\/"},"modified":"2024-02-13T14:39:55","modified_gmt":"2024-02-13T12:39:55","slug":"ristkulikukujuline-dekoratiivne-kandik-loke","status":"publish","type":"product","link":"https:\/\/metaltale.com\/et\/toode\/ristkulikukujuline-dekoratiivne-kandik-loke\/","title":{"rendered":"Ristk\u00fclikukujuline dekoratiivne kandik LOKE"},"content":{"rendered":"<div class=\"prod_data\"><strong>Mudel<\/strong> AF.811.737.60  <br \/><strong>EAN.<\/strong>  5905369927539  <br \/><strong>Materjal<\/strong> Metall  <br \/><strong> [cm]Kogupikkus<\/strong> 13 <strong> <\/strong> <br \/><strong>\u00dcldine k\u00f5rgus (cm)<\/strong> 6  <br \/>\u00dcldine laius (cm) 40 <br \/><strong>V\u00e4rv<\/strong> Must  <\/p>\n<p>Ristk\u00fclikukujuline vintage-taldrik on ese, mida kasutatakse k\u00f6\u00f6gis ja elutoas ning mis v\u00f5ib olla ka originaalne kingitus. Praktiliste k\u00e4epidemete t\u00f5ttu on seda lihtne kanda ja n\u00e4htavad kruvid ei ole mitte ainult konstruktsioonielement, vaid ka dekoratiivne element. Lihtne disain on raske, kriimustused ja rooste r\u00f5hutavad korpuse olemust.<\/p>\n<\/div>\n","protected":false},"excerpt":{"rendered":"<p>Mudel AF.811.737.60 EAN. 5905369927539 Materjal Metall [cm]Kogupikkus 13 \u00dcldine k\u00f5rgus (cm) 6 \u00dcldine laius (cm) 40 V\u00e4rv Must Ristk\u00fclikukujuline vintage-taldrik<\/p>\n","protected":false},"featured_media":88922,"comment_status":"open","ping_status":"closed","template":"","meta":{"_acf_changed":false,"pmpro_default_level":""},"product_brand":[],"product_cat":[24149],"product_tag":[],"class_list":{"0":"post-135056","1":"product","2":"type-product","3":"status-publish","4":"has-post-thumbnail","6":"product_cat-ebatavalised-kaunistused","7":"pmpro-has-access","9":"first","10":"instock","11":"shipping-taxable","12":"purchasable","13":"product-type-simple"},"acf":[],"yoast_head":"<!-- This site is optimized with the Yoast SEO plugin v24.9 - https:\/\/yoast.com\/wordpress\/plugins\/seo\/ -->\n<title>Ristk\u00fclikukujuline dekoratiivne kandik LOKE - MetalTale.com<\/title>\n<meta name=\"robots\" content=\"index, follow, max-snippet:-1, max-image-preview:large, max-video-preview:-1\" \/>\n<link rel=\"canonical\" href=\"https:\/\/metaltale.com\/et\/toode\/ristkulikukujuline-dekoratiivne-kandik-loke\/\" \/>\n<meta property=\"og:locale\" content=\"et_EE\" \/>\n<meta property=\"og:type\" content=\"article\" \/>\n<meta property=\"og:title\" content=\"Ristk\u00fclikukujuline dekoratiivne kandik LOKE - MetalTale.com\" \/>\n<meta property=\"og:description\" content=\"Mudel AF.811.737.60 EAN. 5905369927539 Materjal Metall [cm]Kogupikkus 13 \u00dcldine k\u00f5rgus (cm) 6 \u00dcldine laius (cm) 40 V\u00e4rv Must Ristk\u00fclikukujuline vintage-taldrik\" \/>\n<meta property=\"og:url\" content=\"https:\/\/metaltale.com\/et\/toode\/ristkulikukujuline-dekoratiivne-kandik-loke\/\" \/>\n<meta property=\"og:site_name\" content=\"MetalTale.com\" \/>\n<meta name=\"twitter:card\" content=\"summary_large_image\" \/>\n<script type=\"application\/ld+json\" class=\"yoast-schema-graph\">{\"@context\":\"https:\/\/schema.org\",\"@graph\":[{\"@type\":\"WebPage\",\"@id\":\"https:\/\/metaltale.com\/et\/toode\/ristkulikukujuline-dekoratiivne-kandik-loke\/\",\"url\":\"https:\/\/metaltale.com\/et\/toode\/ristkulikukujuline-dekoratiivne-kandik-loke\/\",\"name\":\"Ristk\u00fclikukujuline dekoratiivne kandik LOKE - MetalTale.com\",\"isPartOf\":{\"@id\":\"https:\/\/metaltale.com\/et\/#website\"},\"primaryImageOfPage\":{\"@id\":\"https:\/\/metaltale.com\/et\/toode\/ristkulikukujuline-dekoratiivne-kandik-loke\/#primaryimage\"},\"image\":{\"@id\":\"https:\/\/metaltale.com\/et\/toode\/ristkulikukujuline-dekoratiivne-kandik-loke\/#primaryimage\"},\"thumbnailUrl\":\"https:\/\/metaltale.com\/wp-content\/uploads\/2023\/10\/Stax10Diakampis-dekoratyvinis-dx117klas-LOKE.jpg\",\"datePublished\":\"2024-02-13T12:39:55+00:00\",\"breadcrumb\":{\"@id\":\"https:\/\/metaltale.com\/et\/toode\/ristkulikukujuline-dekoratiivne-kandik-loke\/#breadcrumb\"},\"inLanguage\":\"et\",\"potentialAction\":[{\"@type\":\"ReadAction\",\"target\":[\"https:\/\/metaltale.com\/et\/toode\/ristkulikukujuline-dekoratiivne-kandik-loke\/\"]}]},{\"@type\":\"ImageObject\",\"inLanguage\":\"et\",\"@id\":\"https:\/\/metaltale.com\/et\/toode\/ristkulikukujuline-dekoratiivne-kandik-loke\/#primaryimage\",\"url\":\"https:\/\/metaltale.com\/wp-content\/uploads\/2023\/10\/Stax10Diakampis-dekoratyvinis-dx117klas-LOKE.jpg\",\"contentUrl\":\"https:\/\/metaltale.com\/wp-content\/uploads\/2023\/10\/Stax10Diakampis-dekoratyvinis-dx117klas-LOKE.jpg\",\"width\":800,\"height\":800},{\"@type\":\"BreadcrumbList\",\"@id\":\"https:\/\/metaltale.com\/et\/toode\/ristkulikukujuline-dekoratiivne-kandik-loke\/#breadcrumb\",\"itemListElement\":[{\"@type\":\"ListItem\",\"position\":1,\"name\":\"Home\",\"item\":\"https:\/\/metaltale.com\/et\/kodu\/\"},{\"@type\":\"ListItem\",\"position\":2,\"name\":\"Kauplus\",\"item\":\"https:\/\/metaltale.com\/et\/shop\/\"},{\"@type\":\"ListItem\",\"position\":3,\"name\":\"Ristk\u00fclikukujuline dekoratiivne kandik LOKE\"}]},{\"@type\":\"WebSite\",\"@id\":\"https:\/\/metaltale.com\/et\/#website\",\"url\":\"https:\/\/metaltale.com\/et\/\",\"name\":\"Metaltale.com\",\"description\":\"\",\"potentialAction\":[{\"@type\":\"SearchAction\",\"target\":{\"@type\":\"EntryPoint\",\"urlTemplate\":\"https:\/\/metaltale.com\/et\/?s={search_term_string}\"},\"query-input\":{\"@type\":\"PropertyValueSpecification\",\"valueRequired\":true,\"valueName\":\"search_term_string\"}}],\"inLanguage\":\"et\"}]}<\/script>\n<!-- \/ Yoast SEO plugin. -->","yoast_head_json":{"title":"Ristk\u00fclikukujuline dekoratiivne kandik LOKE - MetalTale.com","robots":{"index":"index","follow":"follow","max-snippet":"max-snippet:-1","max-image-preview":"max-image-preview:large","max-video-preview":"max-video-preview:-1"},"canonical":"https:\/\/metaltale.com\/et\/toode\/ristkulikukujuline-dekoratiivne-kandik-loke\/","og_locale":"et_EE","og_type":"article","og_title":"Ristk\u00fclikukujuline dekoratiivne kandik LOKE - MetalTale.com","og_description":"Mudel AF.811.737.60 EAN. 5905369927539 Materjal Metall [cm]Kogupikkus 13 \u00dcldine k\u00f5rgus (cm) 6 \u00dcldine laius (cm) 40 V\u00e4rv Must Ristk\u00fclikukujuline vintage-taldrik","og_url":"https:\/\/metaltale.com\/et\/toode\/ristkulikukujuline-dekoratiivne-kandik-loke\/","og_site_name":"MetalTale.com","twitter_card":"summary_large_image","schema":{"@context":"https:\/\/schema.org","@graph":[{"@type":"WebPage","@id":"https:\/\/metaltale.com\/et\/toode\/ristkulikukujuline-dekoratiivne-kandik-loke\/","url":"https:\/\/metaltale.com\/et\/toode\/ristkulikukujuline-dekoratiivne-kandik-loke\/","name":"Ristk\u00fclikukujuline dekoratiivne kandik LOKE - MetalTale.com","isPartOf":{"@id":"https:\/\/metaltale.com\/et\/#website"},"primaryImageOfPage":{"@id":"https:\/\/metaltale.com\/et\/toode\/ristkulikukujuline-dekoratiivne-kandik-loke\/#primaryimage"},"image":{"@id":"https:\/\/metaltale.com\/et\/toode\/ristkulikukujuline-dekoratiivne-kandik-loke\/#primaryimage"},"thumbnailUrl":"https:\/\/metaltale.com\/wp-content\/uploads\/2023\/10\/Stax10Diakampis-dekoratyvinis-dx117klas-LOKE.jpg","datePublished":"2024-02-13T12:39:55+00:00","breadcrumb":{"@id":"https:\/\/metaltale.com\/et\/toode\/ristkulikukujuline-dekoratiivne-kandik-loke\/#breadcrumb"},"inLanguage":"et","potentialAction":[{"@type":"ReadAction","target":["https:\/\/metaltale.com\/et\/toode\/ristkulikukujuline-dekoratiivne-kandik-loke\/"]}]},{"@type":"ImageObject","inLanguage":"et","@id":"https:\/\/metaltale.com\/et\/toode\/ristkulikukujuline-dekoratiivne-kandik-loke\/#primaryimage","url":"https:\/\/metaltale.com\/wp-content\/uploads\/2023\/10\/Stax10Diakampis-dekoratyvinis-dx117klas-LOKE.jpg","contentUrl":"https:\/\/metaltale.com\/wp-content\/uploads\/2023\/10\/Stax10Diakampis-dekoratyvinis-dx117klas-LOKE.jpg","width":800,"height":800},{"@type":"BreadcrumbList","@id":"https:\/\/metaltale.com\/et\/toode\/ristkulikukujuline-dekoratiivne-kandik-loke\/#breadcrumb","itemListElement":[{"@type":"ListItem","position":1,"name":"Home","item":"https:\/\/metaltale.com\/et\/kodu\/"},{"@type":"ListItem","position":2,"name":"Kauplus","item":"https:\/\/metaltale.com\/et\/shop\/"},{"@type":"ListItem","position":3,"name":"Ristk\u00fclikukujuline dekoratiivne kandik LOKE"}]},{"@type":"WebSite","@id":"https:\/\/metaltale.com\/et\/#website","url":"https:\/\/metaltale.com\/et\/","name":"Metaltale.com","description":"","potentialAction":[{"@type":"SearchAction","target":{"@type":"EntryPoint","urlTemplate":"https:\/\/metaltale.com\/et\/?s={search_term_string}"},"query-input":{"@type":"PropertyValueSpecification","valueRequired":true,"valueName":"search_term_string"}}],"inLanguage":"et"}]}},"_links":{"self":[{"href":"https:\/\/metaltale.com\/et\/wp-json\/wp\/v2\/product\/135056","targetHints":{"allow":["GET"]}}],"collection":[{"href":"https:\/\/metaltale.com\/et\/wp-json\/wp\/v2\/product"}],"about":[{"href":"https:\/\/metaltale.com\/et\/wp-json\/wp\/v2\/types\/product"}],"replies":[{"embeddable":true,"href":"https:\/\/metaltale.com\/et\/wp-json\/wp\/v2\/comments?post=135056"}],"version-history":[{"count":0,"href":"https:\/\/metaltale.com\/et\/wp-json\/wp\/v2\/product\/135056\/revisions"}],"wp:featuredmedia":[{"embeddable":true,"href":"https:\/\/metaltale.com\/et\/wp-json\/wp\/v2\/media\/88922"}],"wp:attachment":[{"href":"https:\/\/metaltale.com\/et\/wp-json\/wp\/v2\/media?parent=135056"}],"wp:term":[{"taxonomy":"product_brand","embeddable":true,"href":"https:\/\/metaltale.com\/et\/wp-json\/wp\/v2\/product_brand?post=135056"},{"taxonomy":"product_cat","embeddable":true,"href":"https:\/\/metaltale.com\/et\/wp-json\/wp\/v2\/product_cat?post=135056"},{"taxonomy":"product_tag","embeddable":true,"href":"https:\/\/metaltale.com\/et\/wp-json\/wp\/v2\/product_tag?post=135056"}],"curies":[{"name":"wp","href":"https:\/\/api.w.org\/{rel}","templated":true}]}}