{"id":135052,"date":"2024-01-12T21:08:46","date_gmt":"2024-01-12T19:08:46","guid":{"rendered":"https:\/\/metaltale.com\/produktas\/ristkulikukujuline-porandapeegel-loft-60x160\/"},"modified":"2024-01-12T21:08:46","modified_gmt":"2024-01-12T19:08:46","slug":"ristkulikukujuline-porandapeegel-loft-60x160","status":"publish","type":"product","link":"https:\/\/metaltale.com\/et\/toode\/ristkulikukujuline-porandapeegel-loft-60x160\/","title":{"rendered":"Ristk\u00fclikukujuline p\u00f5randapeegel LOFT 60&#215;160"},"content":{"rendered":"<div class=\"prod_data\">EITI <strong>mudel<\/strong>. MIR.01-PRGR  <br \/><strong>Materjal<\/strong> Metall  <br \/><strong>Paksus (cm<\/strong> ) 2.2  <br \/><strong>Laius (cm)<\/strong> 60,80  <br \/><strong>K\u00f5rgus (cm)<\/strong> 160,180  <br \/><strong>Kujundid Ristk\u00fclikukujuline<\/strong>  <br \/><strong>V\u00e4rv<\/strong> Must  <\/p>\n<p>&#8211; peegel, mida on v\u00f5imalik riputada vertikaalselt v\u00f5i horisontaalselt<br \/>&#8211; Muntin baarid, mis r\u00f5hutavad loft iseloomu<br \/>&#8211; musta raamiga peegel<\/p>\n<hr>\n<p>Lisaks oma peamisele funktsionaalsele funktsioonile on peegel ka ilusaks dekoratiivseks aktsendiks interj\u00f6\u00f6ris. Peegel helendab ja suurendab optiliselt iga ruumi. Kavandatav element sobib ideaalselt loft- ja t\u00f6\u00f6stusstiilide jaoks. Muntini vardad ja peegelraam on pulberv\u00e4rvitud, et tagada turvalisus kriimustuste vastu. Peeglil on ka riputusvahendid vertikaalseks ja horisontaalseks riputamiseks. Mutiivsete varraste kasutamine annab peeglile silmatorkava kujunduse, mis v\u00fcrtsitab iga tuba.<\/p>\n<\/div>\n","protected":false},"excerpt":{"rendered":"<p>EITI mudel. MIR.01-PRGR Materjal Metall Paksus (cm ) 2.2 Laius (cm) 60,80 K\u00f5rgus (cm) 160,180 Kujundid Ristk\u00fclikukujuline V\u00e4rv Must &#8211;<\/p>\n","protected":false},"featured_media":105264,"comment_status":"open","ping_status":"closed","template":"","meta":{"_acf_changed":false,"pmpro_default_level":""},"product_brand":[],"product_cat":[24147],"product_tag":[],"class_list":{"0":"post-135052","1":"product","2":"type-product","3":"status-publish","4":"has-post-thumbnail","6":"product_cat-peeglid","7":"pmpro-has-access","9":"first","10":"outofstock","11":"shipping-taxable","12":"purchasable","13":"product-type-simple"},"acf":[],"yoast_head":"<!-- This site is optimized with the Yoast SEO plugin v24.9 - https:\/\/yoast.com\/wordpress\/plugins\/seo\/ -->\n<title>Ristk\u00fclikukujuline p\u00f5randapeegel LOFT 60x160 - MetalTale.com<\/title>\n<meta name=\"robots\" content=\"index, follow, max-snippet:-1, max-image-preview:large, max-video-preview:-1\" \/>\n<link rel=\"canonical\" href=\"https:\/\/metaltale.com\/et\/toode\/ristkulikukujuline-porandapeegel-loft-60x160\/\" \/>\n<meta property=\"og:locale\" content=\"et_EE\" \/>\n<meta property=\"og:type\" content=\"article\" \/>\n<meta property=\"og:title\" content=\"Ristk\u00fclikukujuline p\u00f5randapeegel LOFT 60x160 - MetalTale.com\" \/>\n<meta property=\"og:description\" content=\"EITI mudel. MIR.01-PRGR Materjal Metall Paksus (cm ) 2.2 Laius (cm) 60,80 K\u00f5rgus (cm) 160,180 Kujundid Ristk\u00fclikukujuline V\u00e4rv Must &#8211;\" \/>\n<meta property=\"og:url\" content=\"https:\/\/metaltale.com\/et\/toode\/ristkulikukujuline-porandapeegel-loft-60x160\/\" \/>\n<meta property=\"og:site_name\" content=\"MetalTale.com\" \/>\n<meta name=\"twitter:card\" content=\"summary_large_image\" \/>\n<meta name=\"twitter:label1\" content=\"Est. reading time\" \/>\n\t<meta name=\"twitter:data1\" content=\"1 minut\" \/>\n<script type=\"application\/ld+json\" class=\"yoast-schema-graph\">{\"@context\":\"https:\/\/schema.org\",\"@graph\":[{\"@type\":\"WebPage\",\"@id\":\"https:\/\/metaltale.com\/et\/toode\/ristkulikukujuline-porandapeegel-loft-60x160\/\",\"url\":\"https:\/\/metaltale.com\/et\/toode\/ristkulikukujuline-porandapeegel-loft-60x160\/\",\"name\":\"Ristk\u00fclikukujuline p\u00f5randapeegel LOFT 60x160 - MetalTale.com\",\"isPartOf\":{\"@id\":\"https:\/\/metaltale.com\/et\/#website\"},\"primaryImageOfPage\":{\"@id\":\"https:\/\/metaltale.com\/et\/toode\/ristkulikukujuline-porandapeegel-loft-60x160\/#primaryimage\"},\"image\":{\"@id\":\"https:\/\/metaltale.com\/et\/toode\/ristkulikukujuline-porandapeegel-loft-60x160\/#primaryimage\"},\"thumbnailUrl\":\"https:\/\/metaltale.com\/wp-content\/uploads\/2023\/11\/ROMANTEKA-stalvirx161is-80x200-x17Ealiava.jpg\",\"datePublished\":\"2024-01-12T19:08:46+00:00\",\"breadcrumb\":{\"@id\":\"https:\/\/metaltale.com\/et\/toode\/ristkulikukujuline-porandapeegel-loft-60x160\/#breadcrumb\"},\"inLanguage\":\"et\",\"potentialAction\":[{\"@type\":\"ReadAction\",\"target\":[\"https:\/\/metaltale.com\/et\/toode\/ristkulikukujuline-porandapeegel-loft-60x160\/\"]}]},{\"@type\":\"ImageObject\",\"inLanguage\":\"et\",\"@id\":\"https:\/\/metaltale.com\/et\/toode\/ristkulikukujuline-porandapeegel-loft-60x160\/#primaryimage\",\"url\":\"https:\/\/metaltale.com\/wp-content\/uploads\/2023\/11\/ROMANTEKA-stalvirx161is-80x200-x17Ealiava.jpg\",\"contentUrl\":\"https:\/\/metaltale.com\/wp-content\/uploads\/2023\/11\/ROMANTEKA-stalvirx161is-80x200-x17Ealiava.jpg\",\"width\":800,\"height\":800},{\"@type\":\"BreadcrumbList\",\"@id\":\"https:\/\/metaltale.com\/et\/toode\/ristkulikukujuline-porandapeegel-loft-60x160\/#breadcrumb\",\"itemListElement\":[{\"@type\":\"ListItem\",\"position\":1,\"name\":\"Home\",\"item\":\"https:\/\/metaltale.com\/et\/kodu\/\"},{\"@type\":\"ListItem\",\"position\":2,\"name\":\"Kauplus\",\"item\":\"https:\/\/metaltale.com\/et\/shop\/\"},{\"@type\":\"ListItem\",\"position\":3,\"name\":\"Ristk\u00fclikukujuline p\u00f5randapeegel LOFT 60&#215;160\"}]},{\"@type\":\"WebSite\",\"@id\":\"https:\/\/metaltale.com\/et\/#website\",\"url\":\"https:\/\/metaltale.com\/et\/\",\"name\":\"Metaltale.com\",\"description\":\"\",\"potentialAction\":[{\"@type\":\"SearchAction\",\"target\":{\"@type\":\"EntryPoint\",\"urlTemplate\":\"https:\/\/metaltale.com\/et\/?s={search_term_string}\"},\"query-input\":{\"@type\":\"PropertyValueSpecification\",\"valueRequired\":true,\"valueName\":\"search_term_string\"}}],\"inLanguage\":\"et\"}]}<\/script>\n<!-- \/ Yoast SEO plugin. -->","yoast_head_json":{"title":"Ristk\u00fclikukujuline p\u00f5randapeegel LOFT 60x160 - MetalTale.com","robots":{"index":"index","follow":"follow","max-snippet":"max-snippet:-1","max-image-preview":"max-image-preview:large","max-video-preview":"max-video-preview:-1"},"canonical":"https:\/\/metaltale.com\/et\/toode\/ristkulikukujuline-porandapeegel-loft-60x160\/","og_locale":"et_EE","og_type":"article","og_title":"Ristk\u00fclikukujuline p\u00f5randapeegel LOFT 60x160 - MetalTale.com","og_description":"EITI mudel. MIR.01-PRGR Materjal Metall Paksus (cm ) 2.2 Laius (cm) 60,80 K\u00f5rgus (cm) 160,180 Kujundid Ristk\u00fclikukujuline V\u00e4rv Must &#8211;","og_url":"https:\/\/metaltale.com\/et\/toode\/ristkulikukujuline-porandapeegel-loft-60x160\/","og_site_name":"MetalTale.com","twitter_card":"summary_large_image","twitter_misc":{"Est. reading time":"1 minut"},"schema":{"@context":"https:\/\/schema.org","@graph":[{"@type":"WebPage","@id":"https:\/\/metaltale.com\/et\/toode\/ristkulikukujuline-porandapeegel-loft-60x160\/","url":"https:\/\/metaltale.com\/et\/toode\/ristkulikukujuline-porandapeegel-loft-60x160\/","name":"Ristk\u00fclikukujuline p\u00f5randapeegel LOFT 60x160 - MetalTale.com","isPartOf":{"@id":"https:\/\/metaltale.com\/et\/#website"},"primaryImageOfPage":{"@id":"https:\/\/metaltale.com\/et\/toode\/ristkulikukujuline-porandapeegel-loft-60x160\/#primaryimage"},"image":{"@id":"https:\/\/metaltale.com\/et\/toode\/ristkulikukujuline-porandapeegel-loft-60x160\/#primaryimage"},"thumbnailUrl":"https:\/\/metaltale.com\/wp-content\/uploads\/2023\/11\/ROMANTEKA-stalvirx161is-80x200-x17Ealiava.jpg","datePublished":"2024-01-12T19:08:46+00:00","breadcrumb":{"@id":"https:\/\/metaltale.com\/et\/toode\/ristkulikukujuline-porandapeegel-loft-60x160\/#breadcrumb"},"inLanguage":"et","potentialAction":[{"@type":"ReadAction","target":["https:\/\/metaltale.com\/et\/toode\/ristkulikukujuline-porandapeegel-loft-60x160\/"]}]},{"@type":"ImageObject","inLanguage":"et","@id":"https:\/\/metaltale.com\/et\/toode\/ristkulikukujuline-porandapeegel-loft-60x160\/#primaryimage","url":"https:\/\/metaltale.com\/wp-content\/uploads\/2023\/11\/ROMANTEKA-stalvirx161is-80x200-x17Ealiava.jpg","contentUrl":"https:\/\/metaltale.com\/wp-content\/uploads\/2023\/11\/ROMANTEKA-stalvirx161is-80x200-x17Ealiava.jpg","width":800,"height":800},{"@type":"BreadcrumbList","@id":"https:\/\/metaltale.com\/et\/toode\/ristkulikukujuline-porandapeegel-loft-60x160\/#breadcrumb","itemListElement":[{"@type":"ListItem","position":1,"name":"Home","item":"https:\/\/metaltale.com\/et\/kodu\/"},{"@type":"ListItem","position":2,"name":"Kauplus","item":"https:\/\/metaltale.com\/et\/shop\/"},{"@type":"ListItem","position":3,"name":"Ristk\u00fclikukujuline p\u00f5randapeegel LOFT 60&#215;160"}]},{"@type":"WebSite","@id":"https:\/\/metaltale.com\/et\/#website","url":"https:\/\/metaltale.com\/et\/","name":"Metaltale.com","description":"","potentialAction":[{"@type":"SearchAction","target":{"@type":"EntryPoint","urlTemplate":"https:\/\/metaltale.com\/et\/?s={search_term_string}"},"query-input":{"@type":"PropertyValueSpecification","valueRequired":true,"valueName":"search_term_string"}}],"inLanguage":"et"}]}},"_links":{"self":[{"href":"https:\/\/metaltale.com\/et\/wp-json\/wp\/v2\/product\/135052","targetHints":{"allow":["GET"]}}],"collection":[{"href":"https:\/\/metaltale.com\/et\/wp-json\/wp\/v2\/product"}],"about":[{"href":"https:\/\/metaltale.com\/et\/wp-json\/wp\/v2\/types\/product"}],"replies":[{"embeddable":true,"href":"https:\/\/metaltale.com\/et\/wp-json\/wp\/v2\/comments?post=135052"}],"version-history":[{"count":0,"href":"https:\/\/metaltale.com\/et\/wp-json\/wp\/v2\/product\/135052\/revisions"}],"wp:featuredmedia":[{"embeddable":true,"href":"https:\/\/metaltale.com\/et\/wp-json\/wp\/v2\/media\/105264"}],"wp:attachment":[{"href":"https:\/\/metaltale.com\/et\/wp-json\/wp\/v2\/media?parent=135052"}],"wp:term":[{"taxonomy":"product_brand","embeddable":true,"href":"https:\/\/metaltale.com\/et\/wp-json\/wp\/v2\/product_brand?post=135052"},{"taxonomy":"product_cat","embeddable":true,"href":"https:\/\/metaltale.com\/et\/wp-json\/wp\/v2\/product_cat?post=135052"},{"taxonomy":"product_tag","embeddable":true,"href":"https:\/\/metaltale.com\/et\/wp-json\/wp\/v2\/product_tag?post=135052"}],"curies":[{"name":"wp","href":"https:\/\/api.w.org\/{rel}","templated":true}]}}