{"id":135042,"date":"2024-02-13T15:05:05","date_gmt":"2024-02-13T13:05:05","guid":{"rendered":"https:\/\/metaltale.com\/produktas\/lukustuskate-rustic-vertikaalne\/"},"modified":"2024-02-13T15:05:05","modified_gmt":"2024-02-13T13:05:05","slug":"lukustuskate-rustic-vertikaalne","status":"publish","type":"product","link":"https:\/\/metaltale.com\/et\/toode\/lukustuskate-rustic-vertikaalne\/","title":{"rendered":"Lukustuskate RUSTIC vertikaalne"},"content":{"rendered":"<div class=\"prod_data\">\n<p><strong>Mudel<\/strong> MD.128.95.PRGR<br \/>\n<strong>Materjal<\/strong> teras<br \/>\n<strong>\u00dcldine k\u00f5rgus (cm)<\/strong> 9,5<br \/>\n<strong>\u00dcldine laius (cm)<\/strong> 3<br \/>\n<strong>Koguprojektsioon (cm)<\/strong> 0,1<br \/>\n<strong>Aukude vahe (cm)<\/strong> 7,6\/2<br \/>\nPaigalduskruvid Ei<br \/>\n<strong>V\u00e4rv<\/strong> Antiik kuld<\/p>\n<p>Toode on valmistatud k\u00f5rgeima kvaliteediga terasest, mis t\u00e4hendab, et see teenib meid pikka aega.<\/p>\n<p>M\u00e4rgid on valmistatud antiikkullast, mis annab sellele elegantsi ja iseloomu.<\/p>\n<p>Tootel on augud, mis h\u00f5lbustavad kokkupanekut<\/p>\n<hr>\n<p>Rustika m\u00f6\u00f6bli tarvikud on suurep\u00e4rane v\u00f5imalus anda meie m\u00f6\u00f6blile retroh\u00f5nguline iseloom, s\u00e4ilitades samas toote funktsionaalsed omadused. Tasub meeles pidada, et pealtn\u00e4ha v\u00e4ikesed ja t\u00e4htsusetud elemendid m\u00f5jutavad sisustuse l\u00f5pptulemust v\u00e4ga suurel m\u00e4\u00e4ral.<\/p>\n<p>Siin n\u00e4idatud Rustic m\u00e4rk n\u00e4eb t\u00e4nu sirgetele joontele ja peentele dekoratiivsetele aktsentidele kerge ja elegantne v\u00e4lja. Valmistatud antiikkullast, mis lisab sellele maal\u00e4hedast iseloomu. Aukude abil on v\u00f5imalik toode kiiresti kokku panna. \u00dcldine t\u00f6\u00f6tlus muudab toote ideaalseks retro- v\u00f5i rustikaalsesse kliimasse.<\/p>\n<\/div>\n","protected":false},"excerpt":{"rendered":"<p>Mudel MD.128.95.PRGR Materjal teras \u00dcldine k\u00f5rgus (cm) 9,5 \u00dcldine laius (cm) 3 Koguprojektsioon (cm) 0,1 Aukude vahe (cm) 7,6\/2 Paigalduskruvid<\/p>\n","protected":false},"featured_media":106764,"comment_status":"open","ping_status":"closed","template":"","meta":{"_acf_changed":false,"pmpro_default_level":""},"product_brand":[],"product_cat":[24177,23836],"product_tag":[],"class_list":{"0":"post-135042","1":"product","2":"type-product","3":"status-publish","4":"has-post-thumbnail","6":"product_cat-keycaps-et","7":"product_cat-moobli-tarvikud","8":"pmpro-has-access","10":"first","11":"instock","12":"shipping-taxable","13":"purchasable","14":"product-type-simple"},"acf":[],"yoast_head":"<!-- This site is optimized with the Yoast SEO plugin v24.9 - https:\/\/yoast.com\/wordpress\/plugins\/seo\/ -->\n<title>Lukustuskate RUSTIC vertikaalne - MetalTale.com<\/title>\n<meta name=\"robots\" content=\"index, follow, max-snippet:-1, max-image-preview:large, max-video-preview:-1\" \/>\n<link rel=\"canonical\" href=\"https:\/\/metaltale.com\/et\/toode\/lukustuskate-rustic-vertikaalne\/\" \/>\n<meta property=\"og:locale\" content=\"et_EE\" \/>\n<meta property=\"og:type\" content=\"article\" \/>\n<meta property=\"og:title\" content=\"Lukustuskate RUSTIC vertikaalne - MetalTale.com\" \/>\n<meta property=\"og:description\" content=\"Mudel MD.128.95.PRGR Materjal teras \u00dcldine k\u00f5rgus (cm) 9,5 \u00dcldine laius (cm) 3 Koguprojektsioon (cm) 0,1 Aukude vahe (cm) 7,6\/2 Paigalduskruvid\" \/>\n<meta property=\"og:url\" content=\"https:\/\/metaltale.com\/et\/toode\/lukustuskate-rustic-vertikaalne\/\" \/>\n<meta property=\"og:site_name\" content=\"MetalTale.com\" \/>\n<meta property=\"og:image\" content=\"https:\/\/metaltale.com\/wp-content\/uploads\/2023\/11\/Baldx173-ix161kaba-RUSTIC-VERTICAL.jpg\" \/>\n\t<meta property=\"og:image:width\" content=\"800\" \/>\n\t<meta property=\"og:image:height\" content=\"800\" \/>\n\t<meta property=\"og:image:type\" content=\"image\/jpeg\" \/>\n<meta name=\"twitter:card\" content=\"summary_large_image\" \/>\n<meta name=\"twitter:label1\" content=\"Est. reading time\" \/>\n\t<meta name=\"twitter:data1\" content=\"1 minut\" \/>\n<script type=\"application\/ld+json\" class=\"yoast-schema-graph\">{\"@context\":\"https:\/\/schema.org\",\"@graph\":[{\"@type\":\"WebPage\",\"@id\":\"https:\/\/metaltale.com\/et\/toode\/lukustuskate-rustic-vertikaalne\/\",\"url\":\"https:\/\/metaltale.com\/et\/toode\/lukustuskate-rustic-vertikaalne\/\",\"name\":\"Lukustuskate RUSTIC vertikaalne - MetalTale.com\",\"isPartOf\":{\"@id\":\"https:\/\/metaltale.com\/et\/#website\"},\"primaryImageOfPage\":{\"@id\":\"https:\/\/metaltale.com\/et\/toode\/lukustuskate-rustic-vertikaalne\/#primaryimage\"},\"image\":{\"@id\":\"https:\/\/metaltale.com\/et\/toode\/lukustuskate-rustic-vertikaalne\/#primaryimage\"},\"thumbnailUrl\":\"https:\/\/metaltale.com\/wp-content\/uploads\/2023\/11\/Baldx173-ix161kaba-RUSTIC-VERTICAL.jpg\",\"datePublished\":\"2024-02-13T13:05:05+00:00\",\"breadcrumb\":{\"@id\":\"https:\/\/metaltale.com\/et\/toode\/lukustuskate-rustic-vertikaalne\/#breadcrumb\"},\"inLanguage\":\"et\",\"potentialAction\":[{\"@type\":\"ReadAction\",\"target\":[\"https:\/\/metaltale.com\/et\/toode\/lukustuskate-rustic-vertikaalne\/\"]}]},{\"@type\":\"ImageObject\",\"inLanguage\":\"et\",\"@id\":\"https:\/\/metaltale.com\/et\/toode\/lukustuskate-rustic-vertikaalne\/#primaryimage\",\"url\":\"https:\/\/metaltale.com\/wp-content\/uploads\/2023\/11\/Baldx173-ix161kaba-RUSTIC-VERTICAL.jpg\",\"contentUrl\":\"https:\/\/metaltale.com\/wp-content\/uploads\/2023\/11\/Baldx173-ix161kaba-RUSTIC-VERTICAL.jpg\",\"width\":800,\"height\":800,\"caption\":\"Lukustuskate RUSTIC vertikaalne\"},{\"@type\":\"BreadcrumbList\",\"@id\":\"https:\/\/metaltale.com\/et\/toode\/lukustuskate-rustic-vertikaalne\/#breadcrumb\",\"itemListElement\":[{\"@type\":\"ListItem\",\"position\":1,\"name\":\"Home\",\"item\":\"https:\/\/metaltale.com\/et\/kodu\/\"},{\"@type\":\"ListItem\",\"position\":2,\"name\":\"Kauplus\",\"item\":\"https:\/\/metaltale.com\/et\/shop\/\"},{\"@type\":\"ListItem\",\"position\":3,\"name\":\"Lukustuskate RUSTIC vertikaalne\"}]},{\"@type\":\"WebSite\",\"@id\":\"https:\/\/metaltale.com\/et\/#website\",\"url\":\"https:\/\/metaltale.com\/et\/\",\"name\":\"Metaltale.com\",\"description\":\"\",\"potentialAction\":[{\"@type\":\"SearchAction\",\"target\":{\"@type\":\"EntryPoint\",\"urlTemplate\":\"https:\/\/metaltale.com\/et\/?s={search_term_string}\"},\"query-input\":{\"@type\":\"PropertyValueSpecification\",\"valueRequired\":true,\"valueName\":\"search_term_string\"}}],\"inLanguage\":\"et\"}]}<\/script>\n<!-- \/ Yoast SEO plugin. -->","yoast_head_json":{"title":"Lukustuskate RUSTIC vertikaalne - MetalTale.com","robots":{"index":"index","follow":"follow","max-snippet":"max-snippet:-1","max-image-preview":"max-image-preview:large","max-video-preview":"max-video-preview:-1"},"canonical":"https:\/\/metaltale.com\/et\/toode\/lukustuskate-rustic-vertikaalne\/","og_locale":"et_EE","og_type":"article","og_title":"Lukustuskate RUSTIC vertikaalne - MetalTale.com","og_description":"Mudel MD.128.95.PRGR Materjal teras \u00dcldine k\u00f5rgus (cm) 9,5 \u00dcldine laius (cm) 3 Koguprojektsioon (cm) 0,1 Aukude vahe (cm) 7,6\/2 Paigalduskruvid","og_url":"https:\/\/metaltale.com\/et\/toode\/lukustuskate-rustic-vertikaalne\/","og_site_name":"MetalTale.com","og_image":[{"width":800,"height":800,"url":"https:\/\/metaltale.com\/wp-content\/uploads\/2023\/11\/Baldx173-ix161kaba-RUSTIC-VERTICAL.jpg","type":"image\/jpeg"}],"twitter_card":"summary_large_image","twitter_misc":{"Est. reading time":"1 minut"},"schema":{"@context":"https:\/\/schema.org","@graph":[{"@type":"WebPage","@id":"https:\/\/metaltale.com\/et\/toode\/lukustuskate-rustic-vertikaalne\/","url":"https:\/\/metaltale.com\/et\/toode\/lukustuskate-rustic-vertikaalne\/","name":"Lukustuskate RUSTIC vertikaalne - MetalTale.com","isPartOf":{"@id":"https:\/\/metaltale.com\/et\/#website"},"primaryImageOfPage":{"@id":"https:\/\/metaltale.com\/et\/toode\/lukustuskate-rustic-vertikaalne\/#primaryimage"},"image":{"@id":"https:\/\/metaltale.com\/et\/toode\/lukustuskate-rustic-vertikaalne\/#primaryimage"},"thumbnailUrl":"https:\/\/metaltale.com\/wp-content\/uploads\/2023\/11\/Baldx173-ix161kaba-RUSTIC-VERTICAL.jpg","datePublished":"2024-02-13T13:05:05+00:00","breadcrumb":{"@id":"https:\/\/metaltale.com\/et\/toode\/lukustuskate-rustic-vertikaalne\/#breadcrumb"},"inLanguage":"et","potentialAction":[{"@type":"ReadAction","target":["https:\/\/metaltale.com\/et\/toode\/lukustuskate-rustic-vertikaalne\/"]}]},{"@type":"ImageObject","inLanguage":"et","@id":"https:\/\/metaltale.com\/et\/toode\/lukustuskate-rustic-vertikaalne\/#primaryimage","url":"https:\/\/metaltale.com\/wp-content\/uploads\/2023\/11\/Baldx173-ix161kaba-RUSTIC-VERTICAL.jpg","contentUrl":"https:\/\/metaltale.com\/wp-content\/uploads\/2023\/11\/Baldx173-ix161kaba-RUSTIC-VERTICAL.jpg","width":800,"height":800,"caption":"Lukustuskate RUSTIC vertikaalne"},{"@type":"BreadcrumbList","@id":"https:\/\/metaltale.com\/et\/toode\/lukustuskate-rustic-vertikaalne\/#breadcrumb","itemListElement":[{"@type":"ListItem","position":1,"name":"Home","item":"https:\/\/metaltale.com\/et\/kodu\/"},{"@type":"ListItem","position":2,"name":"Kauplus","item":"https:\/\/metaltale.com\/et\/shop\/"},{"@type":"ListItem","position":3,"name":"Lukustuskate RUSTIC vertikaalne"}]},{"@type":"WebSite","@id":"https:\/\/metaltale.com\/et\/#website","url":"https:\/\/metaltale.com\/et\/","name":"Metaltale.com","description":"","potentialAction":[{"@type":"SearchAction","target":{"@type":"EntryPoint","urlTemplate":"https:\/\/metaltale.com\/et\/?s={search_term_string}"},"query-input":{"@type":"PropertyValueSpecification","valueRequired":true,"valueName":"search_term_string"}}],"inLanguage":"et"}]}},"_links":{"self":[{"href":"https:\/\/metaltale.com\/et\/wp-json\/wp\/v2\/product\/135042","targetHints":{"allow":["GET"]}}],"collection":[{"href":"https:\/\/metaltale.com\/et\/wp-json\/wp\/v2\/product"}],"about":[{"href":"https:\/\/metaltale.com\/et\/wp-json\/wp\/v2\/types\/product"}],"replies":[{"embeddable":true,"href":"https:\/\/metaltale.com\/et\/wp-json\/wp\/v2\/comments?post=135042"}],"version-history":[{"count":0,"href":"https:\/\/metaltale.com\/et\/wp-json\/wp\/v2\/product\/135042\/revisions"}],"wp:featuredmedia":[{"embeddable":true,"href":"https:\/\/metaltale.com\/et\/wp-json\/wp\/v2\/media\/106764"}],"wp:attachment":[{"href":"https:\/\/metaltale.com\/et\/wp-json\/wp\/v2\/media?parent=135042"}],"wp:term":[{"taxonomy":"product_brand","embeddable":true,"href":"https:\/\/metaltale.com\/et\/wp-json\/wp\/v2\/product_brand?post=135042"},{"taxonomy":"product_cat","embeddable":true,"href":"https:\/\/metaltale.com\/et\/wp-json\/wp\/v2\/product_cat?post=135042"},{"taxonomy":"product_tag","embeddable":true,"href":"https:\/\/metaltale.com\/et\/wp-json\/wp\/v2\/product_tag?post=135042"}],"curies":[{"name":"wp","href":"https:\/\/api.w.org\/{rel}","templated":true}]}}