{"id":135032,"date":"2024-02-13T14:21:04","date_gmt":"2024-02-13T12:21:04","guid":{"rendered":"https:\/\/metaltale.com\/produktas\/takk-pyramid-35x35-mm\/"},"modified":"2024-02-13T14:21:04","modified_gmt":"2024-02-13T12:21:04","slug":"takk-pyramid-35x35-mm","status":"publish","type":"product","link":"https:\/\/metaltale.com\/et\/toode\/takk-pyramid-35x35-mm\/","title":{"rendered":"T\u00e4kk PYRAMID 35&#215;35 mm"},"content":{"rendered":"<div class=\"prod_data\">\n<p><strong>Mudel<\/strong> 70.643D. WAI. XX<br \/>\nMaterjal Metall<br \/>\n<strong>V\u00e4rv<\/strong> teras<br \/>\n<strong>Viimistlemine<\/strong> t\u00f6\u00f6tlemata<br \/>\n<strong>LISATEAVE<\/strong> M\u00f5\u00f5tmed 35&#215;35 mm<\/p>\n<p>N\u00e4idatud <strong>kuppelk\u00fc\u00fcnal<\/strong> on valmistatud k\u00f5ige kogenumatele maal\u00e4hedase sisekujunduse ja m\u00f6\u00f6blikunsti tundjatele. Disain p\u00f5hineb otse Vana-Roomast p\u00e4rit elementidel, kus mitte ainult elementide funktsionaalsus ei m\u00e4nginud suurt rolli, vaid eelk\u00f5ige hinnati k\u00f5rgelt esteetilisi v\u00e4\u00e4rtusi.<\/p>\n<p>Kavandatava naela korpus meenutab p\u00fcramiidi, mille p\u00f5hjas on ruut. Iga sellise n\u00f6\u00f6piga kaunistatud element n\u00e4eb palju vanem v\u00e4lja ja r\u00f5hutab huvitavalt selle maal\u00e4hedast p\u00e4ritolu.<\/p>\n<\/div>\n","protected":false},"excerpt":{"rendered":"<p>Mudel 70.643D. WAI. XX Materjal Metall V\u00e4rv teras Viimistlemine t\u00f6\u00f6tlemata LISATEAVE M\u00f5\u00f5tmed 35&#215;35 mm N\u00e4idatud kuppelk\u00fc\u00fcnal on valmistatud k\u00f5ige kogenumatele<\/p>\n","protected":false},"featured_media":69093,"comment_status":"open","ping_status":"closed","template":"","meta":{"_acf_changed":false,"pmpro_default_level":""},"product_brand":[],"product_cat":[24142,23836],"product_tag":[],"class_list":{"0":"post-135032","1":"product","2":"type-product","3":"status-publish","4":"has-post-thumbnail","6":"product_cat-kuuned-ja-naelad","7":"product_cat-moobli-tarvikud","8":"pmpro-has-access","10":"first","11":"instock","12":"shipping-taxable","13":"purchasable","14":"product-type-simple"},"acf":[],"yoast_head":"<!-- This site is optimized with the Yoast SEO plugin v24.9 - https:\/\/yoast.com\/wordpress\/plugins\/seo\/ -->\n<title>T\u00e4kk PYRAMID 35x35 mm - MetalTale.com<\/title>\n<meta name=\"robots\" content=\"index, follow, max-snippet:-1, max-image-preview:large, max-video-preview:-1\" \/>\n<link rel=\"canonical\" href=\"https:\/\/metaltale.com\/et\/toode\/takk-pyramid-35x35-mm\/\" \/>\n<meta property=\"og:locale\" content=\"et_EE\" \/>\n<meta property=\"og:type\" content=\"article\" \/>\n<meta property=\"og:title\" content=\"T\u00e4kk PYRAMID 35x35 mm - MetalTale.com\" \/>\n<meta property=\"og:description\" content=\"Mudel 70.643D. WAI. XX Materjal Metall V\u00e4rv teras Viimistlemine t\u00f6\u00f6tlemata LISATEAVE M\u00f5\u00f5tmed 35&#215;35 mm N\u00e4idatud kuppelk\u00fc\u00fcnal on valmistatud k\u00f5ige kogenumatele\" \/>\n<meta property=\"og:url\" content=\"https:\/\/metaltale.com\/et\/toode\/takk-pyramid-35x35-mm\/\" \/>\n<meta property=\"og:site_name\" content=\"MetalTale.com\" \/>\n<meta property=\"og:image\" content=\"https:\/\/metaltale.com\/wp-content\/uploads\/2023\/09\/Kupolinis-nagas-25x25mm.jpg\" \/>\n\t<meta property=\"og:image:width\" content=\"800\" \/>\n\t<meta property=\"og:image:height\" content=\"800\" \/>\n\t<meta property=\"og:image:type\" content=\"image\/jpeg\" \/>\n<meta name=\"twitter:card\" content=\"summary_large_image\" \/>\n<script type=\"application\/ld+json\" class=\"yoast-schema-graph\">{\"@context\":\"https:\/\/schema.org\",\"@graph\":[{\"@type\":\"WebPage\",\"@id\":\"https:\/\/metaltale.com\/et\/toode\/takk-pyramid-35x35-mm\/\",\"url\":\"https:\/\/metaltale.com\/et\/toode\/takk-pyramid-35x35-mm\/\",\"name\":\"T\u00e4kk PYRAMID 35x35 mm - MetalTale.com\",\"isPartOf\":{\"@id\":\"https:\/\/metaltale.com\/et\/#website\"},\"primaryImageOfPage\":{\"@id\":\"https:\/\/metaltale.com\/et\/toode\/takk-pyramid-35x35-mm\/#primaryimage\"},\"image\":{\"@id\":\"https:\/\/metaltale.com\/et\/toode\/takk-pyramid-35x35-mm\/#primaryimage\"},\"thumbnailUrl\":\"https:\/\/metaltale.com\/wp-content\/uploads\/2023\/09\/Kupolinis-nagas-25x25mm.jpg\",\"datePublished\":\"2024-02-13T12:21:04+00:00\",\"breadcrumb\":{\"@id\":\"https:\/\/metaltale.com\/et\/toode\/takk-pyramid-35x35-mm\/#breadcrumb\"},\"inLanguage\":\"et\",\"potentialAction\":[{\"@type\":\"ReadAction\",\"target\":[\"https:\/\/metaltale.com\/et\/toode\/takk-pyramid-35x35-mm\/\"]}]},{\"@type\":\"ImageObject\",\"inLanguage\":\"et\",\"@id\":\"https:\/\/metaltale.com\/et\/toode\/takk-pyramid-35x35-mm\/#primaryimage\",\"url\":\"https:\/\/metaltale.com\/wp-content\/uploads\/2023\/09\/Kupolinis-nagas-25x25mm.jpg\",\"contentUrl\":\"https:\/\/metaltale.com\/wp-content\/uploads\/2023\/09\/Kupolinis-nagas-25x25mm.jpg\",\"width\":800,\"height\":800,\"caption\":\"T\u00e4kk PYRAMID 35x35 mm\"},{\"@type\":\"BreadcrumbList\",\"@id\":\"https:\/\/metaltale.com\/et\/toode\/takk-pyramid-35x35-mm\/#breadcrumb\",\"itemListElement\":[{\"@type\":\"ListItem\",\"position\":1,\"name\":\"Home\",\"item\":\"https:\/\/metaltale.com\/et\/kodu\/\"},{\"@type\":\"ListItem\",\"position\":2,\"name\":\"Kauplus\",\"item\":\"https:\/\/metaltale.com\/et\/shop\/\"},{\"@type\":\"ListItem\",\"position\":3,\"name\":\"T\u00e4kk PYRAMID 35&#215;35 mm\"}]},{\"@type\":\"WebSite\",\"@id\":\"https:\/\/metaltale.com\/et\/#website\",\"url\":\"https:\/\/metaltale.com\/et\/\",\"name\":\"Metaltale.com\",\"description\":\"\",\"potentialAction\":[{\"@type\":\"SearchAction\",\"target\":{\"@type\":\"EntryPoint\",\"urlTemplate\":\"https:\/\/metaltale.com\/et\/?s={search_term_string}\"},\"query-input\":{\"@type\":\"PropertyValueSpecification\",\"valueRequired\":true,\"valueName\":\"search_term_string\"}}],\"inLanguage\":\"et\"}]}<\/script>\n<!-- \/ Yoast SEO plugin. -->","yoast_head_json":{"title":"T\u00e4kk PYRAMID 35x35 mm - MetalTale.com","robots":{"index":"index","follow":"follow","max-snippet":"max-snippet:-1","max-image-preview":"max-image-preview:large","max-video-preview":"max-video-preview:-1"},"canonical":"https:\/\/metaltale.com\/et\/toode\/takk-pyramid-35x35-mm\/","og_locale":"et_EE","og_type":"article","og_title":"T\u00e4kk PYRAMID 35x35 mm - MetalTale.com","og_description":"Mudel 70.643D. WAI. XX Materjal Metall V\u00e4rv teras Viimistlemine t\u00f6\u00f6tlemata LISATEAVE M\u00f5\u00f5tmed 35&#215;35 mm N\u00e4idatud kuppelk\u00fc\u00fcnal on valmistatud k\u00f5ige kogenumatele","og_url":"https:\/\/metaltale.com\/et\/toode\/takk-pyramid-35x35-mm\/","og_site_name":"MetalTale.com","og_image":[{"width":800,"height":800,"url":"https:\/\/metaltale.com\/wp-content\/uploads\/2023\/09\/Kupolinis-nagas-25x25mm.jpg","type":"image\/jpeg"}],"twitter_card":"summary_large_image","schema":{"@context":"https:\/\/schema.org","@graph":[{"@type":"WebPage","@id":"https:\/\/metaltale.com\/et\/toode\/takk-pyramid-35x35-mm\/","url":"https:\/\/metaltale.com\/et\/toode\/takk-pyramid-35x35-mm\/","name":"T\u00e4kk PYRAMID 35x35 mm - MetalTale.com","isPartOf":{"@id":"https:\/\/metaltale.com\/et\/#website"},"primaryImageOfPage":{"@id":"https:\/\/metaltale.com\/et\/toode\/takk-pyramid-35x35-mm\/#primaryimage"},"image":{"@id":"https:\/\/metaltale.com\/et\/toode\/takk-pyramid-35x35-mm\/#primaryimage"},"thumbnailUrl":"https:\/\/metaltale.com\/wp-content\/uploads\/2023\/09\/Kupolinis-nagas-25x25mm.jpg","datePublished":"2024-02-13T12:21:04+00:00","breadcrumb":{"@id":"https:\/\/metaltale.com\/et\/toode\/takk-pyramid-35x35-mm\/#breadcrumb"},"inLanguage":"et","potentialAction":[{"@type":"ReadAction","target":["https:\/\/metaltale.com\/et\/toode\/takk-pyramid-35x35-mm\/"]}]},{"@type":"ImageObject","inLanguage":"et","@id":"https:\/\/metaltale.com\/et\/toode\/takk-pyramid-35x35-mm\/#primaryimage","url":"https:\/\/metaltale.com\/wp-content\/uploads\/2023\/09\/Kupolinis-nagas-25x25mm.jpg","contentUrl":"https:\/\/metaltale.com\/wp-content\/uploads\/2023\/09\/Kupolinis-nagas-25x25mm.jpg","width":800,"height":800,"caption":"T\u00e4kk PYRAMID 35x35 mm"},{"@type":"BreadcrumbList","@id":"https:\/\/metaltale.com\/et\/toode\/takk-pyramid-35x35-mm\/#breadcrumb","itemListElement":[{"@type":"ListItem","position":1,"name":"Home","item":"https:\/\/metaltale.com\/et\/kodu\/"},{"@type":"ListItem","position":2,"name":"Kauplus","item":"https:\/\/metaltale.com\/et\/shop\/"},{"@type":"ListItem","position":3,"name":"T\u00e4kk PYRAMID 35&#215;35 mm"}]},{"@type":"WebSite","@id":"https:\/\/metaltale.com\/et\/#website","url":"https:\/\/metaltale.com\/et\/","name":"Metaltale.com","description":"","potentialAction":[{"@type":"SearchAction","target":{"@type":"EntryPoint","urlTemplate":"https:\/\/metaltale.com\/et\/?s={search_term_string}"},"query-input":{"@type":"PropertyValueSpecification","valueRequired":true,"valueName":"search_term_string"}}],"inLanguage":"et"}]}},"_links":{"self":[{"href":"https:\/\/metaltale.com\/et\/wp-json\/wp\/v2\/product\/135032","targetHints":{"allow":["GET"]}}],"collection":[{"href":"https:\/\/metaltale.com\/et\/wp-json\/wp\/v2\/product"}],"about":[{"href":"https:\/\/metaltale.com\/et\/wp-json\/wp\/v2\/types\/product"}],"replies":[{"embeddable":true,"href":"https:\/\/metaltale.com\/et\/wp-json\/wp\/v2\/comments?post=135032"}],"version-history":[{"count":0,"href":"https:\/\/metaltale.com\/et\/wp-json\/wp\/v2\/product\/135032\/revisions"}],"wp:featuredmedia":[{"embeddable":true,"href":"https:\/\/metaltale.com\/et\/wp-json\/wp\/v2\/media\/69093"}],"wp:attachment":[{"href":"https:\/\/metaltale.com\/et\/wp-json\/wp\/v2\/media?parent=135032"}],"wp:term":[{"taxonomy":"product_brand","embeddable":true,"href":"https:\/\/metaltale.com\/et\/wp-json\/wp\/v2\/product_brand?post=135032"},{"taxonomy":"product_cat","embeddable":true,"href":"https:\/\/metaltale.com\/et\/wp-json\/wp\/v2\/product_cat?post=135032"},{"taxonomy":"product_tag","embeddable":true,"href":"https:\/\/metaltale.com\/et\/wp-json\/wp\/v2\/product_tag?post=135032"}],"curies":[{"name":"wp","href":"https:\/\/api.w.org\/{rel}","templated":true}]}}