{"id":135026,"date":"2024-02-13T13:17:48","date_gmt":"2024-02-13T11:17:48","guid":{"rendered":"https:\/\/metaltale.com\/produktas\/pose-3d-scenario-love\/"},"modified":"2024-02-13T13:17:48","modified_gmt":"2024-02-13T11:17:48","slug":"pose-3d-scenario-love","status":"publish","type":"product","link":"https:\/\/metaltale.com\/et\/toode\/pose-3d-scenario-love\/","title":{"rendered":"P\u00f5se 3D SCENARIO LOVE"},"content":{"rendered":"<div class=\"prod_data\">\n<p><strong>Mudel<\/strong> PT. T120714<br \/>\n<strong>EAN.<\/strong>  5907772071960<br \/>\nOrienteerumine Universaalne<br \/>\nMotiiv Muu<br \/>\n<strong>Materjal<\/strong> teras<br \/>\n<strong>Laius (cm)<\/strong> 100<br \/>\n<strong>K\u00f5rgus (cm)<\/strong> 100<br \/>\nS\u00fcgavus (cm) 5<\/p>\n<p>&#8211; ebatavaline kolmem\u00f5\u00f5tmeline kujutis, mis on valmistatud \u00fcmbert\u00f6\u00f6deldud terasest<br \/>\n&#8211; tootel on t\u00f5elised kolmem\u00f5\u00f5tmelised \u00fcleulatused<br \/>\n&#8211; maalitud pildil on ka loomulik v\u00e4rvimuutus ja metalli roostetamine<br \/>\n&#8211; Impregneerimine l\u00e4bipaistva lakiga tagab \u00fcle keskmise v\u00e4rvip\u00fcsivuse.<\/p>\n<hr>\n<p>Metallist 3D-loft-maalid on t\u00f5elised kunstiteosed, unikaalsed ja ainulaadse disainiga. Maitsekalt kombineeritud ringlussev\u00f5etud teraselemendid loovad ruumilise efekti. Lisaks kasutatud v\u00e4rvidele on piltidel lai v\u00e4rvivalik, mis tuleneb looduslikest protsessidest (kulumine, roostetamine jne). K\u00e4sitsi valmistatud viimistlus muudab iga eseme ainulaadseks ja kordumatuks. 3D metallmaalid on sisekujundused, mis murravad vormi. Nende originaalsus muudab need ideaalseks pakkumiseks unustamatuks kingituseks.<\/p>\n<\/div>\n","protected":false},"excerpt":{"rendered":"<p>Mudel PT. T120714 EAN. 5907772071960 Orienteerumine Universaalne Motiiv Muu Materjal teras Laius (cm) 100 K\u00f5rgus (cm) 100 S\u00fcgavus (cm) 5<\/p>\n","protected":false},"featured_media":65250,"comment_status":"open","ping_status":"closed","template":"","meta":{"_acf_changed":false,"pmpro_default_level":""},"product_brand":[],"product_cat":[23913,23895],"product_tag":[],"class_list":{"0":"post-135026","1":"product","2":"type-product","3":"status-publish","4":"has-post-thumbnail","6":"product_cat-3d-paveikslai-et","7":"product_cat-kaunistused","8":"pmpro-has-access","10":"first","11":"instock","12":"shipping-taxable","13":"purchasable","14":"product-type-simple"},"acf":[],"yoast_head":"<!-- This site is optimized with the Yoast SEO plugin v24.9 - https:\/\/yoast.com\/wordpress\/plugins\/seo\/ -->\n<title>P\u00f5se 3D SCENARIO LOVE - MetalTale.com<\/title>\n<meta name=\"robots\" content=\"index, follow, max-snippet:-1, max-image-preview:large, max-video-preview:-1\" \/>\n<link rel=\"canonical\" href=\"https:\/\/metaltale.com\/et\/toode\/pose-3d-scenario-love\/\" \/>\n<meta property=\"og:locale\" content=\"et_EE\" \/>\n<meta property=\"og:type\" content=\"article\" \/>\n<meta property=\"og:title\" content=\"P\u00f5se 3D SCENARIO LOVE - MetalTale.com\" \/>\n<meta property=\"og:description\" content=\"Mudel PT. T120714 EAN. 5907772071960 Orienteerumine Universaalne Motiiv Muu Materjal teras Laius (cm) 100 K\u00f5rgus (cm) 100 S\u00fcgavus (cm) 5\" \/>\n<meta property=\"og:url\" content=\"https:\/\/metaltale.com\/et\/toode\/pose-3d-scenario-love\/\" \/>\n<meta property=\"og:site_name\" content=\"MetalTale.com\" \/>\n<meta property=\"og:image\" content=\"http:\/\/metaltale.com\/wp-content\/uploads\/2023\/09\/Skruostx173-3D-SCENARIJAUS-MEILx116.jpg\" \/>\n\t<meta property=\"og:image:width\" content=\"800\" \/>\n\t<meta property=\"og:image:height\" content=\"800\" \/>\n\t<meta property=\"og:image:type\" content=\"image\/jpeg\" \/>\n<meta name=\"twitter:card\" content=\"summary_large_image\" \/>\n<meta name=\"twitter:label1\" content=\"Est. reading time\" \/>\n\t<meta name=\"twitter:data1\" content=\"1 minut\" \/>\n<script type=\"application\/ld+json\" class=\"yoast-schema-graph\">{\"@context\":\"https:\/\/schema.org\",\"@graph\":[{\"@type\":\"WebPage\",\"@id\":\"https:\/\/metaltale.com\/et\/toode\/pose-3d-scenario-love\/\",\"url\":\"https:\/\/metaltale.com\/et\/toode\/pose-3d-scenario-love\/\",\"name\":\"P\u00f5se 3D SCENARIO LOVE - MetalTale.com\",\"isPartOf\":{\"@id\":\"https:\/\/metaltale.com\/et\/#website\"},\"primaryImageOfPage\":{\"@id\":\"https:\/\/metaltale.com\/et\/toode\/pose-3d-scenario-love\/#primaryimage\"},\"image\":{\"@id\":\"https:\/\/metaltale.com\/et\/toode\/pose-3d-scenario-love\/#primaryimage\"},\"thumbnailUrl\":\"https:\/\/metaltale.com\/wp-content\/uploads\/2023\/09\/Skruostx173-3D-SCENARIJAUS-MEILx116.jpg\",\"datePublished\":\"2024-02-13T11:17:48+00:00\",\"breadcrumb\":{\"@id\":\"https:\/\/metaltale.com\/et\/toode\/pose-3d-scenario-love\/#breadcrumb\"},\"inLanguage\":\"et\",\"potentialAction\":[{\"@type\":\"ReadAction\",\"target\":[\"https:\/\/metaltale.com\/et\/toode\/pose-3d-scenario-love\/\"]}]},{\"@type\":\"ImageObject\",\"inLanguage\":\"et\",\"@id\":\"https:\/\/metaltale.com\/et\/toode\/pose-3d-scenario-love\/#primaryimage\",\"url\":\"https:\/\/metaltale.com\/wp-content\/uploads\/2023\/09\/Skruostx173-3D-SCENARIJAUS-MEILx116.jpg\",\"contentUrl\":\"https:\/\/metaltale.com\/wp-content\/uploads\/2023\/09\/Skruostx173-3D-SCENARIJAUS-MEILx116.jpg\",\"width\":800,\"height\":800},{\"@type\":\"BreadcrumbList\",\"@id\":\"https:\/\/metaltale.com\/et\/toode\/pose-3d-scenario-love\/#breadcrumb\",\"itemListElement\":[{\"@type\":\"ListItem\",\"position\":1,\"name\":\"Home\",\"item\":\"https:\/\/metaltale.com\/et\/kodu\/\"},{\"@type\":\"ListItem\",\"position\":2,\"name\":\"Kauplus\",\"item\":\"https:\/\/metaltale.com\/et\/shop\/\"},{\"@type\":\"ListItem\",\"position\":3,\"name\":\"P\u00f5se 3D SCENARIO LOVE\"}]},{\"@type\":\"WebSite\",\"@id\":\"https:\/\/metaltale.com\/et\/#website\",\"url\":\"https:\/\/metaltale.com\/et\/\",\"name\":\"Metaltale.com\",\"description\":\"\",\"potentialAction\":[{\"@type\":\"SearchAction\",\"target\":{\"@type\":\"EntryPoint\",\"urlTemplate\":\"https:\/\/metaltale.com\/et\/?s={search_term_string}\"},\"query-input\":{\"@type\":\"PropertyValueSpecification\",\"valueRequired\":true,\"valueName\":\"search_term_string\"}}],\"inLanguage\":\"et\"}]}<\/script>\n<!-- \/ Yoast SEO plugin. -->","yoast_head_json":{"title":"P\u00f5se 3D SCENARIO LOVE - MetalTale.com","robots":{"index":"index","follow":"follow","max-snippet":"max-snippet:-1","max-image-preview":"max-image-preview:large","max-video-preview":"max-video-preview:-1"},"canonical":"https:\/\/metaltale.com\/et\/toode\/pose-3d-scenario-love\/","og_locale":"et_EE","og_type":"article","og_title":"P\u00f5se 3D SCENARIO LOVE - MetalTale.com","og_description":"Mudel PT. T120714 EAN. 5907772071960 Orienteerumine Universaalne Motiiv Muu Materjal teras Laius (cm) 100 K\u00f5rgus (cm) 100 S\u00fcgavus (cm) 5","og_url":"https:\/\/metaltale.com\/et\/toode\/pose-3d-scenario-love\/","og_site_name":"MetalTale.com","og_image":[{"width":800,"height":800,"url":"http:\/\/metaltale.com\/wp-content\/uploads\/2023\/09\/Skruostx173-3D-SCENARIJAUS-MEILx116.jpg","type":"image\/jpeg"}],"twitter_card":"summary_large_image","twitter_misc":{"Est. reading time":"1 minut"},"schema":{"@context":"https:\/\/schema.org","@graph":[{"@type":"WebPage","@id":"https:\/\/metaltale.com\/et\/toode\/pose-3d-scenario-love\/","url":"https:\/\/metaltale.com\/et\/toode\/pose-3d-scenario-love\/","name":"P\u00f5se 3D SCENARIO LOVE - MetalTale.com","isPartOf":{"@id":"https:\/\/metaltale.com\/et\/#website"},"primaryImageOfPage":{"@id":"https:\/\/metaltale.com\/et\/toode\/pose-3d-scenario-love\/#primaryimage"},"image":{"@id":"https:\/\/metaltale.com\/et\/toode\/pose-3d-scenario-love\/#primaryimage"},"thumbnailUrl":"https:\/\/metaltale.com\/wp-content\/uploads\/2023\/09\/Skruostx173-3D-SCENARIJAUS-MEILx116.jpg","datePublished":"2024-02-13T11:17:48+00:00","breadcrumb":{"@id":"https:\/\/metaltale.com\/et\/toode\/pose-3d-scenario-love\/#breadcrumb"},"inLanguage":"et","potentialAction":[{"@type":"ReadAction","target":["https:\/\/metaltale.com\/et\/toode\/pose-3d-scenario-love\/"]}]},{"@type":"ImageObject","inLanguage":"et","@id":"https:\/\/metaltale.com\/et\/toode\/pose-3d-scenario-love\/#primaryimage","url":"https:\/\/metaltale.com\/wp-content\/uploads\/2023\/09\/Skruostx173-3D-SCENARIJAUS-MEILx116.jpg","contentUrl":"https:\/\/metaltale.com\/wp-content\/uploads\/2023\/09\/Skruostx173-3D-SCENARIJAUS-MEILx116.jpg","width":800,"height":800},{"@type":"BreadcrumbList","@id":"https:\/\/metaltale.com\/et\/toode\/pose-3d-scenario-love\/#breadcrumb","itemListElement":[{"@type":"ListItem","position":1,"name":"Home","item":"https:\/\/metaltale.com\/et\/kodu\/"},{"@type":"ListItem","position":2,"name":"Kauplus","item":"https:\/\/metaltale.com\/et\/shop\/"},{"@type":"ListItem","position":3,"name":"P\u00f5se 3D SCENARIO LOVE"}]},{"@type":"WebSite","@id":"https:\/\/metaltale.com\/et\/#website","url":"https:\/\/metaltale.com\/et\/","name":"Metaltale.com","description":"","potentialAction":[{"@type":"SearchAction","target":{"@type":"EntryPoint","urlTemplate":"https:\/\/metaltale.com\/et\/?s={search_term_string}"},"query-input":{"@type":"PropertyValueSpecification","valueRequired":true,"valueName":"search_term_string"}}],"inLanguage":"et"}]}},"_links":{"self":[{"href":"https:\/\/metaltale.com\/et\/wp-json\/wp\/v2\/product\/135026","targetHints":{"allow":["GET"]}}],"collection":[{"href":"https:\/\/metaltale.com\/et\/wp-json\/wp\/v2\/product"}],"about":[{"href":"https:\/\/metaltale.com\/et\/wp-json\/wp\/v2\/types\/product"}],"replies":[{"embeddable":true,"href":"https:\/\/metaltale.com\/et\/wp-json\/wp\/v2\/comments?post=135026"}],"version-history":[{"count":0,"href":"https:\/\/metaltale.com\/et\/wp-json\/wp\/v2\/product\/135026\/revisions"}],"wp:featuredmedia":[{"embeddable":true,"href":"https:\/\/metaltale.com\/et\/wp-json\/wp\/v2\/media\/65250"}],"wp:attachment":[{"href":"https:\/\/metaltale.com\/et\/wp-json\/wp\/v2\/media?parent=135026"}],"wp:term":[{"taxonomy":"product_brand","embeddable":true,"href":"https:\/\/metaltale.com\/et\/wp-json\/wp\/v2\/product_brand?post=135026"},{"taxonomy":"product_cat","embeddable":true,"href":"https:\/\/metaltale.com\/et\/wp-json\/wp\/v2\/product_cat?post=135026"},{"taxonomy":"product_tag","embeddable":true,"href":"https:\/\/metaltale.com\/et\/wp-json\/wp\/v2\/product_tag?post=135026"}],"curies":[{"name":"wp","href":"https:\/\/api.w.org\/{rel}","templated":true}]}}