{"id":135007,"date":"2024-02-13T14:43:05","date_gmt":"2024-02-13T12:43:05","guid":{"rendered":"https:\/\/metaltale.com\/produktas\/siphon-valamu-roosa-kuld-varis\/"},"modified":"2024-02-13T14:43:05","modified_gmt":"2024-02-13T12:43:05","slug":"siphon-valamu-roosa-kuld-varis","status":"publish","type":"product","link":"https:\/\/metaltale.com\/et\/toode\/siphon-valamu-roosa-kuld-varis\/","title":{"rendered":"Siphon valamu roosa kuld VARIS"},"content":{"rendered":"<div class=\"prod_data\"><strong>Mudel<\/strong> WX. WD. OZ. RZL  <br \/>Vase kollektsioon <br \/><strong>EAN.<\/strong>  5905369906602  <br \/>Materjal Messing <br \/><strong> [cm]Kogupikkus<\/strong> 36 <strong> <\/strong> <br \/>\u00dcldine k\u00f5rgus (cm) 12 <br \/>V\u00e4rv Roosa kuld <br \/>Viimistlus l\u00e4ikiv <\/p>\n<p>&#8211; messingist kraanikaussi sifoon<br \/>&#8211; dekoratiivse v\u00e4limuse jaoks h\u00e4davajalik kinnituselement<br \/>&#8211; kanalisatsioonitoru ja rosetiga sifoon<br \/>&#8211; sobib vaskkollektsiooni jaoks<\/p>\n<hr>\n<p>Retro valamu sifoon on toode, mida saab paigaldada vajaduse korral eelk\u00f5ige oma esteetiliste omaduste t\u00f5ttu. Dekoratiivse iseloomuga sifoon on ideaalne ettepanek stiilse vannitoa jaoks, kus valamu all on avatud ruum.<\/p>\n<\/div>\n","protected":false},"excerpt":{"rendered":"<p>Mudel WX. WD. OZ. RZL Vase kollektsioon EAN. 5905369906602 Materjal Messing [cm]Kogupikkus 36 \u00dcldine k\u00f5rgus (cm) 12 V\u00e4rv Roosa kuld<\/p>\n","protected":false},"featured_media":90513,"comment_status":"open","ping_status":"closed","template":"","meta":{"_acf_changed":false,"pmpro_default_level":""},"product_brand":[],"product_cat":[24184],"product_tag":[],"class_list":{"0":"post-135007","1":"product","2":"type-product","3":"status-publish","4":"has-post-thumbnail","6":"product_cat-kraanikaussi-puunised","7":"pmpro-has-access","9":"first","10":"instock","11":"shipping-taxable","12":"purchasable","13":"product-type-simple"},"acf":[],"yoast_head":"<!-- This site is optimized with the Yoast SEO plugin v24.9 - https:\/\/yoast.com\/wordpress\/plugins\/seo\/ -->\n<title>Siphon valamu roosa kuld VARIS - MetalTale.com<\/title>\n<meta name=\"robots\" content=\"index, follow, max-snippet:-1, max-image-preview:large, max-video-preview:-1\" \/>\n<link rel=\"canonical\" href=\"https:\/\/metaltale.com\/et\/toode\/siphon-valamu-roosa-kuld-varis\/\" \/>\n<meta property=\"og:locale\" content=\"et_EE\" \/>\n<meta property=\"og:type\" content=\"article\" \/>\n<meta property=\"og:title\" content=\"Siphon valamu roosa kuld VARIS - MetalTale.com\" \/>\n<meta property=\"og:description\" content=\"Mudel WX. WD. OZ. RZL Vase kollektsioon EAN. 5905369906602 Materjal Messing [cm]Kogupikkus 36 \u00dcldine k\u00f5rgus (cm) 12 V\u00e4rv Roosa kuld\" \/>\n<meta property=\"og:url\" content=\"https:\/\/metaltale.com\/et\/toode\/siphon-valamu-roosa-kuld-varis\/\" \/>\n<meta property=\"og:site_name\" content=\"MetalTale.com\" \/>\n<meta name=\"twitter:card\" content=\"summary_large_image\" \/>\n<script type=\"application\/ld+json\" class=\"yoast-schema-graph\">{\"@context\":\"https:\/\/schema.org\",\"@graph\":[{\"@type\":\"WebPage\",\"@id\":\"https:\/\/metaltale.com\/et\/toode\/siphon-valamu-roosa-kuld-varis\/\",\"url\":\"https:\/\/metaltale.com\/et\/toode\/siphon-valamu-roosa-kuld-varis\/\",\"name\":\"Siphon valamu roosa kuld VARIS - MetalTale.com\",\"isPartOf\":{\"@id\":\"https:\/\/metaltale.com\/et\/#website\"},\"primaryImageOfPage\":{\"@id\":\"https:\/\/metaltale.com\/et\/toode\/siphon-valamu-roosa-kuld-varis\/#primaryimage\"},\"image\":{\"@id\":\"https:\/\/metaltale.com\/et\/toode\/siphon-valamu-roosa-kuld-varis\/#primaryimage\"},\"thumbnailUrl\":\"https:\/\/metaltale.com\/wp-content\/uploads\/2023\/10\/Sifono-praustuvas-rox17Einis-auksas-VARIS.jpg\",\"datePublished\":\"2024-02-13T12:43:05+00:00\",\"breadcrumb\":{\"@id\":\"https:\/\/metaltale.com\/et\/toode\/siphon-valamu-roosa-kuld-varis\/#breadcrumb\"},\"inLanguage\":\"et\",\"potentialAction\":[{\"@type\":\"ReadAction\",\"target\":[\"https:\/\/metaltale.com\/et\/toode\/siphon-valamu-roosa-kuld-varis\/\"]}]},{\"@type\":\"ImageObject\",\"inLanguage\":\"et\",\"@id\":\"https:\/\/metaltale.com\/et\/toode\/siphon-valamu-roosa-kuld-varis\/#primaryimage\",\"url\":\"https:\/\/metaltale.com\/wp-content\/uploads\/2023\/10\/Sifono-praustuvas-rox17Einis-auksas-VARIS.jpg\",\"contentUrl\":\"https:\/\/metaltale.com\/wp-content\/uploads\/2023\/10\/Sifono-praustuvas-rox17Einis-auksas-VARIS.jpg\",\"width\":800,\"height\":800},{\"@type\":\"BreadcrumbList\",\"@id\":\"https:\/\/metaltale.com\/et\/toode\/siphon-valamu-roosa-kuld-varis\/#breadcrumb\",\"itemListElement\":[{\"@type\":\"ListItem\",\"position\":1,\"name\":\"Home\",\"item\":\"https:\/\/metaltale.com\/et\/kodu\/\"},{\"@type\":\"ListItem\",\"position\":2,\"name\":\"Kauplus\",\"item\":\"https:\/\/metaltale.com\/et\/shop\/\"},{\"@type\":\"ListItem\",\"position\":3,\"name\":\"Siphon valamu roosa kuld VARIS\"}]},{\"@type\":\"WebSite\",\"@id\":\"https:\/\/metaltale.com\/et\/#website\",\"url\":\"https:\/\/metaltale.com\/et\/\",\"name\":\"Metaltale.com\",\"description\":\"\",\"potentialAction\":[{\"@type\":\"SearchAction\",\"target\":{\"@type\":\"EntryPoint\",\"urlTemplate\":\"https:\/\/metaltale.com\/et\/?s={search_term_string}\"},\"query-input\":{\"@type\":\"PropertyValueSpecification\",\"valueRequired\":true,\"valueName\":\"search_term_string\"}}],\"inLanguage\":\"et\"}]}<\/script>\n<!-- \/ Yoast SEO plugin. -->","yoast_head_json":{"title":"Siphon valamu roosa kuld VARIS - MetalTale.com","robots":{"index":"index","follow":"follow","max-snippet":"max-snippet:-1","max-image-preview":"max-image-preview:large","max-video-preview":"max-video-preview:-1"},"canonical":"https:\/\/metaltale.com\/et\/toode\/siphon-valamu-roosa-kuld-varis\/","og_locale":"et_EE","og_type":"article","og_title":"Siphon valamu roosa kuld VARIS - MetalTale.com","og_description":"Mudel WX. WD. OZ. RZL Vase kollektsioon EAN. 5905369906602 Materjal Messing [cm]Kogupikkus 36 \u00dcldine k\u00f5rgus (cm) 12 V\u00e4rv Roosa kuld","og_url":"https:\/\/metaltale.com\/et\/toode\/siphon-valamu-roosa-kuld-varis\/","og_site_name":"MetalTale.com","twitter_card":"summary_large_image","schema":{"@context":"https:\/\/schema.org","@graph":[{"@type":"WebPage","@id":"https:\/\/metaltale.com\/et\/toode\/siphon-valamu-roosa-kuld-varis\/","url":"https:\/\/metaltale.com\/et\/toode\/siphon-valamu-roosa-kuld-varis\/","name":"Siphon valamu roosa kuld VARIS - MetalTale.com","isPartOf":{"@id":"https:\/\/metaltale.com\/et\/#website"},"primaryImageOfPage":{"@id":"https:\/\/metaltale.com\/et\/toode\/siphon-valamu-roosa-kuld-varis\/#primaryimage"},"image":{"@id":"https:\/\/metaltale.com\/et\/toode\/siphon-valamu-roosa-kuld-varis\/#primaryimage"},"thumbnailUrl":"https:\/\/metaltale.com\/wp-content\/uploads\/2023\/10\/Sifono-praustuvas-rox17Einis-auksas-VARIS.jpg","datePublished":"2024-02-13T12:43:05+00:00","breadcrumb":{"@id":"https:\/\/metaltale.com\/et\/toode\/siphon-valamu-roosa-kuld-varis\/#breadcrumb"},"inLanguage":"et","potentialAction":[{"@type":"ReadAction","target":["https:\/\/metaltale.com\/et\/toode\/siphon-valamu-roosa-kuld-varis\/"]}]},{"@type":"ImageObject","inLanguage":"et","@id":"https:\/\/metaltale.com\/et\/toode\/siphon-valamu-roosa-kuld-varis\/#primaryimage","url":"https:\/\/metaltale.com\/wp-content\/uploads\/2023\/10\/Sifono-praustuvas-rox17Einis-auksas-VARIS.jpg","contentUrl":"https:\/\/metaltale.com\/wp-content\/uploads\/2023\/10\/Sifono-praustuvas-rox17Einis-auksas-VARIS.jpg","width":800,"height":800},{"@type":"BreadcrumbList","@id":"https:\/\/metaltale.com\/et\/toode\/siphon-valamu-roosa-kuld-varis\/#breadcrumb","itemListElement":[{"@type":"ListItem","position":1,"name":"Home","item":"https:\/\/metaltale.com\/et\/kodu\/"},{"@type":"ListItem","position":2,"name":"Kauplus","item":"https:\/\/metaltale.com\/et\/shop\/"},{"@type":"ListItem","position":3,"name":"Siphon valamu roosa kuld VARIS"}]},{"@type":"WebSite","@id":"https:\/\/metaltale.com\/et\/#website","url":"https:\/\/metaltale.com\/et\/","name":"Metaltale.com","description":"","potentialAction":[{"@type":"SearchAction","target":{"@type":"EntryPoint","urlTemplate":"https:\/\/metaltale.com\/et\/?s={search_term_string}"},"query-input":{"@type":"PropertyValueSpecification","valueRequired":true,"valueName":"search_term_string"}}],"inLanguage":"et"}]}},"_links":{"self":[{"href":"https:\/\/metaltale.com\/et\/wp-json\/wp\/v2\/product\/135007","targetHints":{"allow":["GET"]}}],"collection":[{"href":"https:\/\/metaltale.com\/et\/wp-json\/wp\/v2\/product"}],"about":[{"href":"https:\/\/metaltale.com\/et\/wp-json\/wp\/v2\/types\/product"}],"replies":[{"embeddable":true,"href":"https:\/\/metaltale.com\/et\/wp-json\/wp\/v2\/comments?post=135007"}],"version-history":[{"count":0,"href":"https:\/\/metaltale.com\/et\/wp-json\/wp\/v2\/product\/135007\/revisions"}],"wp:featuredmedia":[{"embeddable":true,"href":"https:\/\/metaltale.com\/et\/wp-json\/wp\/v2\/media\/90513"}],"wp:attachment":[{"href":"https:\/\/metaltale.com\/et\/wp-json\/wp\/v2\/media?parent=135007"}],"wp:term":[{"taxonomy":"product_brand","embeddable":true,"href":"https:\/\/metaltale.com\/et\/wp-json\/wp\/v2\/product_brand?post=135007"},{"taxonomy":"product_cat","embeddable":true,"href":"https:\/\/metaltale.com\/et\/wp-json\/wp\/v2\/product_cat?post=135007"},{"taxonomy":"product_tag","embeddable":true,"href":"https:\/\/metaltale.com\/et\/wp-json\/wp\/v2\/product_tag?post=135007"}],"curies":[{"name":"wp","href":"https:\/\/api.w.org\/{rel}","templated":true}]}}