{"id":135005,"date":"2024-02-13T14:05:05","date_gmt":"2024-02-13T12:05:05","guid":{"rendered":"https:\/\/metaltale.com\/produktas\/simple-retro-kraanikaussi-sifoon-must\/"},"modified":"2024-02-13T14:05:05","modified_gmt":"2024-02-13T12:05:05","slug":"simple-retro-kraanikaussi-sifoon-must","status":"publish","type":"product","link":"https:\/\/metaltale.com\/et\/toode\/simple-retro-kraanikaussi-sifoon-must\/","title":{"rendered":"SIMPLE RETRO kraanikaussi sifoon, must"},"content":{"rendered":"<div class=\"prod_data\">\n<p><strong>Mudel<\/strong> WX. XSQ1-8. BLA<br \/>\nLihtsalt Retro <strong>kollektsioon<\/strong><br \/>\n<strong>EAN.<\/strong>  5905369906589<br \/>\n<strong>Materjal<\/strong> teras<br \/>\n<strong> [cm]Kogupikkus<\/strong> 36<strong> <\/strong><br \/>\n<strong>\u00dcldine k\u00f5rgus (cm)<\/strong> 12<br \/>\nV\u00e4rv Must<br \/>\n<strong>Viimistlus<\/strong> Pehme, satiinne efekt<br \/>\n<strong>Lisateave<\/strong> V\u00e4ljundi l\u00e4bim\u00f5\u00f5t 2,8 cm<\/p>\n<p>&#8211; messingist kraanikaussi sifoon<br \/>\n&#8211; dekoratiivse v\u00e4limuse jaoks h\u00e4davajalik kinnituselement<br \/>\n&#8211; kanalisatsioonitoru ja rosetiga sifoon<\/p>\n<hr>\n<p>Sifoon on paigaldus, mis on igas kodus h\u00e4davajalik. \u00dcha populaarsemaks muutuvad kapitaalsed valamud, mis lisaks ilmselgele hoiufunktsioonile peidavad ka sifoonid. Stiilsed sifoonid, millel on praktiline ja esteetiline funktsioon, tulevad siinkohal kasuks. Mustast terasest sifoon roosakuldsete kriimustustega on peene retroh\u00f5ngulise iseloomuga. See sobib suurep\u00e4raselt vintage-, loft- ja modernses stiilis sisustatud vannitubadesse ja tualettidesse.<\/p>\n<\/div>\n","protected":false},"excerpt":{"rendered":"<p>Mudel WX. XSQ1-8. BLA Lihtsalt Retro kollektsioon EAN. 5905369906589 Materjal teras [cm]Kogupikkus 36 \u00dcldine k\u00f5rgus (cm) 12 V\u00e4rv Must Viimistlus<\/p>\n","protected":false},"featured_media":97011,"comment_status":"open","ping_status":"closed","template":"","meta":{"_acf_changed":false,"pmpro_default_level":""},"product_brand":[],"product_cat":[24184,24141],"product_tag":[],"class_list":{"0":"post-135005","1":"product","2":"type-product","3":"status-publish","4":"has-post-thumbnail","6":"product_cat-kraanikaussi-puunised","7":"product_cat-taps-et","8":"pmpro-has-access","10":"first","11":"instock","12":"shipping-taxable","13":"purchasable","14":"product-type-simple"},"acf":[],"yoast_head":"<!-- This site is optimized with the Yoast SEO plugin v24.9 - https:\/\/yoast.com\/wordpress\/plugins\/seo\/ -->\n<title>SIMPLE RETRO kraanikaussi sifoon, must - MetalTale.com<\/title>\n<meta name=\"robots\" content=\"index, follow, max-snippet:-1, max-image-preview:large, max-video-preview:-1\" \/>\n<link rel=\"canonical\" href=\"https:\/\/metaltale.com\/et\/toode\/simple-retro-kraanikaussi-sifoon-must\/\" \/>\n<meta property=\"og:locale\" content=\"et_EE\" \/>\n<meta property=\"og:type\" content=\"article\" \/>\n<meta property=\"og:title\" content=\"SIMPLE RETRO kraanikaussi sifoon, must - MetalTale.com\" \/>\n<meta property=\"og:description\" content=\"Mudel WX. XSQ1-8. BLA Lihtsalt Retro kollektsioon EAN. 5905369906589 Materjal teras [cm]Kogupikkus 36 \u00dcldine k\u00f5rgus (cm) 12 V\u00e4rv Must Viimistlus\" \/>\n<meta property=\"og:url\" content=\"https:\/\/metaltale.com\/et\/toode\/simple-retro-kraanikaussi-sifoon-must\/\" \/>\n<meta property=\"og:site_name\" content=\"MetalTale.com\" \/>\n<meta name=\"twitter:card\" content=\"summary_large_image\" \/>\n<meta name=\"twitter:label1\" content=\"Est. reading time\" \/>\n\t<meta name=\"twitter:data1\" content=\"1 minut\" \/>\n<script type=\"application\/ld+json\" class=\"yoast-schema-graph\">{\"@context\":\"https:\/\/schema.org\",\"@graph\":[{\"@type\":\"WebPage\",\"@id\":\"https:\/\/metaltale.com\/et\/toode\/simple-retro-kraanikaussi-sifoon-must\/\",\"url\":\"https:\/\/metaltale.com\/et\/toode\/simple-retro-kraanikaussi-sifoon-must\/\",\"name\":\"SIMPLE RETRO kraanikaussi sifoon, must - MetalTale.com\",\"isPartOf\":{\"@id\":\"https:\/\/metaltale.com\/et\/#website\"},\"primaryImageOfPage\":{\"@id\":\"https:\/\/metaltale.com\/et\/toode\/simple-retro-kraanikaussi-sifoon-must\/#primaryimage\"},\"image\":{\"@id\":\"https:\/\/metaltale.com\/et\/toode\/simple-retro-kraanikaussi-sifoon-must\/#primaryimage\"},\"thumbnailUrl\":\"https:\/\/metaltale.com\/wp-content\/uploads\/2023\/11\/Sifono-praustuvo-juoda-TIESIOG-RETRO.jpg\",\"datePublished\":\"2024-02-13T12:05:05+00:00\",\"breadcrumb\":{\"@id\":\"https:\/\/metaltale.com\/et\/toode\/simple-retro-kraanikaussi-sifoon-must\/#breadcrumb\"},\"inLanguage\":\"et\",\"potentialAction\":[{\"@type\":\"ReadAction\",\"target\":[\"https:\/\/metaltale.com\/et\/toode\/simple-retro-kraanikaussi-sifoon-must\/\"]}]},{\"@type\":\"ImageObject\",\"inLanguage\":\"et\",\"@id\":\"https:\/\/metaltale.com\/et\/toode\/simple-retro-kraanikaussi-sifoon-must\/#primaryimage\",\"url\":\"https:\/\/metaltale.com\/wp-content\/uploads\/2023\/11\/Sifono-praustuvo-juoda-TIESIOG-RETRO.jpg\",\"contentUrl\":\"https:\/\/metaltale.com\/wp-content\/uploads\/2023\/11\/Sifono-praustuvo-juoda-TIESIOG-RETRO.jpg\",\"width\":800,\"height\":800,\"caption\":\"SIMPLE RETRO kraanikaussi sifoon, must\"},{\"@type\":\"BreadcrumbList\",\"@id\":\"https:\/\/metaltale.com\/et\/toode\/simple-retro-kraanikaussi-sifoon-must\/#breadcrumb\",\"itemListElement\":[{\"@type\":\"ListItem\",\"position\":1,\"name\":\"Home\",\"item\":\"https:\/\/metaltale.com\/et\/kodu\/\"},{\"@type\":\"ListItem\",\"position\":2,\"name\":\"Kauplus\",\"item\":\"https:\/\/metaltale.com\/et\/shop\/\"},{\"@type\":\"ListItem\",\"position\":3,\"name\":\"SIMPLE RETRO kraanikaussi sifoon, must\"}]},{\"@type\":\"WebSite\",\"@id\":\"https:\/\/metaltale.com\/et\/#website\",\"url\":\"https:\/\/metaltale.com\/et\/\",\"name\":\"Metaltale.com\",\"description\":\"\",\"potentialAction\":[{\"@type\":\"SearchAction\",\"target\":{\"@type\":\"EntryPoint\",\"urlTemplate\":\"https:\/\/metaltale.com\/et\/?s={search_term_string}\"},\"query-input\":{\"@type\":\"PropertyValueSpecification\",\"valueRequired\":true,\"valueName\":\"search_term_string\"}}],\"inLanguage\":\"et\"}]}<\/script>\n<!-- \/ Yoast SEO plugin. -->","yoast_head_json":{"title":"SIMPLE RETRO kraanikaussi sifoon, must - MetalTale.com","robots":{"index":"index","follow":"follow","max-snippet":"max-snippet:-1","max-image-preview":"max-image-preview:large","max-video-preview":"max-video-preview:-1"},"canonical":"https:\/\/metaltale.com\/et\/toode\/simple-retro-kraanikaussi-sifoon-must\/","og_locale":"et_EE","og_type":"article","og_title":"SIMPLE RETRO kraanikaussi sifoon, must - MetalTale.com","og_description":"Mudel WX. XSQ1-8. BLA Lihtsalt Retro kollektsioon EAN. 5905369906589 Materjal teras [cm]Kogupikkus 36 \u00dcldine k\u00f5rgus (cm) 12 V\u00e4rv Must Viimistlus","og_url":"https:\/\/metaltale.com\/et\/toode\/simple-retro-kraanikaussi-sifoon-must\/","og_site_name":"MetalTale.com","twitter_card":"summary_large_image","twitter_misc":{"Est. reading time":"1 minut"},"schema":{"@context":"https:\/\/schema.org","@graph":[{"@type":"WebPage","@id":"https:\/\/metaltale.com\/et\/toode\/simple-retro-kraanikaussi-sifoon-must\/","url":"https:\/\/metaltale.com\/et\/toode\/simple-retro-kraanikaussi-sifoon-must\/","name":"SIMPLE RETRO kraanikaussi sifoon, must - MetalTale.com","isPartOf":{"@id":"https:\/\/metaltale.com\/et\/#website"},"primaryImageOfPage":{"@id":"https:\/\/metaltale.com\/et\/toode\/simple-retro-kraanikaussi-sifoon-must\/#primaryimage"},"image":{"@id":"https:\/\/metaltale.com\/et\/toode\/simple-retro-kraanikaussi-sifoon-must\/#primaryimage"},"thumbnailUrl":"https:\/\/metaltale.com\/wp-content\/uploads\/2023\/11\/Sifono-praustuvo-juoda-TIESIOG-RETRO.jpg","datePublished":"2024-02-13T12:05:05+00:00","breadcrumb":{"@id":"https:\/\/metaltale.com\/et\/toode\/simple-retro-kraanikaussi-sifoon-must\/#breadcrumb"},"inLanguage":"et","potentialAction":[{"@type":"ReadAction","target":["https:\/\/metaltale.com\/et\/toode\/simple-retro-kraanikaussi-sifoon-must\/"]}]},{"@type":"ImageObject","inLanguage":"et","@id":"https:\/\/metaltale.com\/et\/toode\/simple-retro-kraanikaussi-sifoon-must\/#primaryimage","url":"https:\/\/metaltale.com\/wp-content\/uploads\/2023\/11\/Sifono-praustuvo-juoda-TIESIOG-RETRO.jpg","contentUrl":"https:\/\/metaltale.com\/wp-content\/uploads\/2023\/11\/Sifono-praustuvo-juoda-TIESIOG-RETRO.jpg","width":800,"height":800,"caption":"SIMPLE RETRO kraanikaussi sifoon, must"},{"@type":"BreadcrumbList","@id":"https:\/\/metaltale.com\/et\/toode\/simple-retro-kraanikaussi-sifoon-must\/#breadcrumb","itemListElement":[{"@type":"ListItem","position":1,"name":"Home","item":"https:\/\/metaltale.com\/et\/kodu\/"},{"@type":"ListItem","position":2,"name":"Kauplus","item":"https:\/\/metaltale.com\/et\/shop\/"},{"@type":"ListItem","position":3,"name":"SIMPLE RETRO kraanikaussi sifoon, must"}]},{"@type":"WebSite","@id":"https:\/\/metaltale.com\/et\/#website","url":"https:\/\/metaltale.com\/et\/","name":"Metaltale.com","description":"","potentialAction":[{"@type":"SearchAction","target":{"@type":"EntryPoint","urlTemplate":"https:\/\/metaltale.com\/et\/?s={search_term_string}"},"query-input":{"@type":"PropertyValueSpecification","valueRequired":true,"valueName":"search_term_string"}}],"inLanguage":"et"}]}},"_links":{"self":[{"href":"https:\/\/metaltale.com\/et\/wp-json\/wp\/v2\/product\/135005","targetHints":{"allow":["GET"]}}],"collection":[{"href":"https:\/\/metaltale.com\/et\/wp-json\/wp\/v2\/product"}],"about":[{"href":"https:\/\/metaltale.com\/et\/wp-json\/wp\/v2\/types\/product"}],"replies":[{"embeddable":true,"href":"https:\/\/metaltale.com\/et\/wp-json\/wp\/v2\/comments?post=135005"}],"version-history":[{"count":0,"href":"https:\/\/metaltale.com\/et\/wp-json\/wp\/v2\/product\/135005\/revisions"}],"wp:featuredmedia":[{"embeddable":true,"href":"https:\/\/metaltale.com\/et\/wp-json\/wp\/v2\/media\/97011"}],"wp:attachment":[{"href":"https:\/\/metaltale.com\/et\/wp-json\/wp\/v2\/media?parent=135005"}],"wp:term":[{"taxonomy":"product_brand","embeddable":true,"href":"https:\/\/metaltale.com\/et\/wp-json\/wp\/v2\/product_brand?post=135005"},{"taxonomy":"product_cat","embeddable":true,"href":"https:\/\/metaltale.com\/et\/wp-json\/wp\/v2\/product_cat?post=135005"},{"taxonomy":"product_tag","embeddable":true,"href":"https:\/\/metaltale.com\/et\/wp-json\/wp\/v2\/product_tag?post=135005"}],"curies":[{"name":"wp","href":"https:\/\/api.w.org\/{rel}","templated":true}]}}