{"id":135003,"date":"2024-02-13T13:51:04","date_gmt":"2024-02-13T11:51:04","guid":{"rendered":"https:\/\/metaltale.com\/produktas\/seinale-paigaldatav-vannitoasegisti-must-watford\/"},"modified":"2024-02-13T13:51:04","modified_gmt":"2024-02-13T11:51:04","slug":"seinale-paigaldatav-vannitoasegisti-must-watford","status":"publish","type":"product","link":"https:\/\/metaltale.com\/et\/toode\/seinale-paigaldatav-vannitoasegisti-must-watford\/","title":{"rendered":"Seinale paigaldatav vannitoasegisti must WATFORD"},"content":{"rendered":"<div class=\"prod_data\"><strong>Mudel<\/strong> WX. XT.389.BLA.1  <br \/><strong>Kogumisanumad<\/strong>  <br \/><strong>EAN.<\/strong>  5905369901140  <br \/><strong>V\u00e4ljalaskeava pikkus (cm<\/strong> ) 21  <br \/>Materjal Messing <br \/>\u00dcldine k\u00f5rgus (cm) 20 <br \/>Du\u0161ipea l\u00e4bim\u00f5\u00f5t (cm) 8 <br \/>Du\u0161ipea pikkus (cm) 24 <br \/>Vooliku pikkus (cm ) 150 <br \/>Kraanide vaheline kaugus (cm) 15 <br \/>Perlator (\u00f5hutaja) Jah <br \/>P\u00f6\u00f6rlev v\u00e4ljalaskeava Jah <br \/>Anti-Calc (lubjavastane) Jah <br \/><strong>V\u00e4rv<\/strong> Must  <br \/><strong>Viimistlus<\/strong> Matte  <br \/><strong>Lisainformatsioon<\/strong> \u00dchendus S 1\/2&#8243; x 3\/4&#8243;  <\/p>\n<p>&#8211; messingist vannitoa kraan<br \/>&#8211; Komplekt: vanniotsik, du\u0161ikomplekt<br \/>&#8211; keraamiline pea &#8211; element, mis tagab vee n\u00f5uetekohase jaotumise<br \/>&#8211; Anti-Calc &#8211; katlakivivastane s\u00fcsteem du\u0161isarvele<br \/>&#8211; lihtne hooldus &#8211; soe vesi ja PH-neutraalne seep<br \/>&#8211; vaata teisi torude kollektsiooni mudeleid<\/p>\n<hr>\n<p>Pipe Collection&#8217;i liitmikud on ainulaadsed t\u00e4nu oma toorele, t\u00f6\u00f6stuslikule iseloomule ja h\u00fcdraulilist muhvi meenutavale otsakule. Lihtsus ja mustad v\u00e4rvid sobivad h\u00e4sti loft- ja moodsates vannitubades. Minimaalne kaunistus muudab \u00fcmmargused kraanid ja \u00fcleulatuvad vanniotsad dekoratiivseteks elementideks. Vanni- ja du\u0161isegisti, millel on praktiline hoidik du\u0161ikomplekti ja pika vooliku jaoks, on eriti mugav lahendus. Keraamiline pea ja Anti-Calc-s\u00fcsteem kinnitavad samuti kraani tippkvaliteeti.<\/p>\n<\/div>\n","protected":false},"excerpt":{"rendered":"<p>Mudel WX. XT.389.BLA.1 Kogumisanumad EAN. 5905369901140 V\u00e4ljalaskeava pikkus (cm ) 21 Materjal Messing \u00dcldine k\u00f5rgus (cm) 20 Du\u0161ipea l\u00e4bim\u00f5\u00f5t (cm)<\/p>\n","protected":false},"featured_media":81327,"comment_status":"open","ping_status":"closed","template":"","meta":{"_acf_changed":false,"pmpro_default_level":""},"product_brand":[],"product_cat":[24154],"product_tag":[],"class_list":{"0":"post-135003","1":"product","2":"type-product","3":"status-publish","4":"has-post-thumbnail","6":"product_cat-vannitoa-kraanid","7":"pmpro-has-access","9":"first","10":"instock","11":"shipping-taxable","12":"purchasable","13":"product-type-simple"},"acf":[],"yoast_head":"<!-- This site is optimized with the Yoast SEO plugin v24.9 - https:\/\/yoast.com\/wordpress\/plugins\/seo\/ -->\n<title>Seinale paigaldatav vannitoasegisti must WATFORD - MetalTale.com<\/title>\n<meta name=\"robots\" content=\"index, follow, max-snippet:-1, max-image-preview:large, max-video-preview:-1\" \/>\n<link rel=\"canonical\" href=\"https:\/\/metaltale.com\/et\/toode\/seinale-paigaldatav-vannitoasegisti-must-watford\/\" \/>\n<meta property=\"og:locale\" content=\"et_EE\" \/>\n<meta property=\"og:type\" content=\"article\" \/>\n<meta property=\"og:title\" content=\"Seinale paigaldatav vannitoasegisti must WATFORD - MetalTale.com\" \/>\n<meta property=\"og:description\" content=\"Mudel WX. XT.389.BLA.1 Kogumisanumad EAN. 5905369901140 V\u00e4ljalaskeava pikkus (cm ) 21 Materjal Messing \u00dcldine k\u00f5rgus (cm) 20 Du\u0161ipea l\u00e4bim\u00f5\u00f5t (cm)\" \/>\n<meta property=\"og:url\" content=\"https:\/\/metaltale.com\/et\/toode\/seinale-paigaldatav-vannitoasegisti-must-watford\/\" \/>\n<meta property=\"og:site_name\" content=\"MetalTale.com\" \/>\n<meta name=\"twitter:card\" content=\"summary_large_image\" \/>\n<meta name=\"twitter:label1\" content=\"Est. reading time\" \/>\n\t<meta name=\"twitter:data1\" content=\"1 minut\" \/>\n<script type=\"application\/ld+json\" class=\"yoast-schema-graph\">{\"@context\":\"https:\/\/schema.org\",\"@graph\":[{\"@type\":\"WebPage\",\"@id\":\"https:\/\/metaltale.com\/et\/toode\/seinale-paigaldatav-vannitoasegisti-must-watford\/\",\"url\":\"https:\/\/metaltale.com\/et\/toode\/seinale-paigaldatav-vannitoasegisti-must-watford\/\",\"name\":\"Seinale paigaldatav vannitoasegisti must WATFORD - MetalTale.com\",\"isPartOf\":{\"@id\":\"https:\/\/metaltale.com\/et\/#website\"},\"primaryImageOfPage\":{\"@id\":\"https:\/\/metaltale.com\/et\/toode\/seinale-paigaldatav-vannitoasegisti-must-watford\/#primaryimage\"},\"image\":{\"@id\":\"https:\/\/metaltale.com\/et\/toode\/seinale-paigaldatav-vannitoasegisti-must-watford\/#primaryimage\"},\"thumbnailUrl\":\"https:\/\/metaltale.com\/wp-content\/uploads\/2023\/10\/Vonios-maix161ytuvas-WATFORD.jpg\",\"datePublished\":\"2024-02-13T11:51:04+00:00\",\"breadcrumb\":{\"@id\":\"https:\/\/metaltale.com\/et\/toode\/seinale-paigaldatav-vannitoasegisti-must-watford\/#breadcrumb\"},\"inLanguage\":\"et\",\"potentialAction\":[{\"@type\":\"ReadAction\",\"target\":[\"https:\/\/metaltale.com\/et\/toode\/seinale-paigaldatav-vannitoasegisti-must-watford\/\"]}]},{\"@type\":\"ImageObject\",\"inLanguage\":\"et\",\"@id\":\"https:\/\/metaltale.com\/et\/toode\/seinale-paigaldatav-vannitoasegisti-must-watford\/#primaryimage\",\"url\":\"https:\/\/metaltale.com\/wp-content\/uploads\/2023\/10\/Vonios-maix161ytuvas-WATFORD.jpg\",\"contentUrl\":\"https:\/\/metaltale.com\/wp-content\/uploads\/2023\/10\/Vonios-maix161ytuvas-WATFORD.jpg\",\"width\":800,\"height\":800},{\"@type\":\"BreadcrumbList\",\"@id\":\"https:\/\/metaltale.com\/et\/toode\/seinale-paigaldatav-vannitoasegisti-must-watford\/#breadcrumb\",\"itemListElement\":[{\"@type\":\"ListItem\",\"position\":1,\"name\":\"Home\",\"item\":\"https:\/\/metaltale.com\/et\/kodu\/\"},{\"@type\":\"ListItem\",\"position\":2,\"name\":\"Kauplus\",\"item\":\"https:\/\/metaltale.com\/et\/shop\/\"},{\"@type\":\"ListItem\",\"position\":3,\"name\":\"Seinale paigaldatav vannitoasegisti must WATFORD\"}]},{\"@type\":\"WebSite\",\"@id\":\"https:\/\/metaltale.com\/et\/#website\",\"url\":\"https:\/\/metaltale.com\/et\/\",\"name\":\"Metaltale.com\",\"description\":\"\",\"potentialAction\":[{\"@type\":\"SearchAction\",\"target\":{\"@type\":\"EntryPoint\",\"urlTemplate\":\"https:\/\/metaltale.com\/et\/?s={search_term_string}\"},\"query-input\":{\"@type\":\"PropertyValueSpecification\",\"valueRequired\":true,\"valueName\":\"search_term_string\"}}],\"inLanguage\":\"et\"}]}<\/script>\n<!-- \/ Yoast SEO plugin. -->","yoast_head_json":{"title":"Seinale paigaldatav vannitoasegisti must WATFORD - MetalTale.com","robots":{"index":"index","follow":"follow","max-snippet":"max-snippet:-1","max-image-preview":"max-image-preview:large","max-video-preview":"max-video-preview:-1"},"canonical":"https:\/\/metaltale.com\/et\/toode\/seinale-paigaldatav-vannitoasegisti-must-watford\/","og_locale":"et_EE","og_type":"article","og_title":"Seinale paigaldatav vannitoasegisti must WATFORD - MetalTale.com","og_description":"Mudel WX. XT.389.BLA.1 Kogumisanumad EAN. 5905369901140 V\u00e4ljalaskeava pikkus (cm ) 21 Materjal Messing \u00dcldine k\u00f5rgus (cm) 20 Du\u0161ipea l\u00e4bim\u00f5\u00f5t (cm)","og_url":"https:\/\/metaltale.com\/et\/toode\/seinale-paigaldatav-vannitoasegisti-must-watford\/","og_site_name":"MetalTale.com","twitter_card":"summary_large_image","twitter_misc":{"Est. reading time":"1 minut"},"schema":{"@context":"https:\/\/schema.org","@graph":[{"@type":"WebPage","@id":"https:\/\/metaltale.com\/et\/toode\/seinale-paigaldatav-vannitoasegisti-must-watford\/","url":"https:\/\/metaltale.com\/et\/toode\/seinale-paigaldatav-vannitoasegisti-must-watford\/","name":"Seinale paigaldatav vannitoasegisti must WATFORD - MetalTale.com","isPartOf":{"@id":"https:\/\/metaltale.com\/et\/#website"},"primaryImageOfPage":{"@id":"https:\/\/metaltale.com\/et\/toode\/seinale-paigaldatav-vannitoasegisti-must-watford\/#primaryimage"},"image":{"@id":"https:\/\/metaltale.com\/et\/toode\/seinale-paigaldatav-vannitoasegisti-must-watford\/#primaryimage"},"thumbnailUrl":"https:\/\/metaltale.com\/wp-content\/uploads\/2023\/10\/Vonios-maix161ytuvas-WATFORD.jpg","datePublished":"2024-02-13T11:51:04+00:00","breadcrumb":{"@id":"https:\/\/metaltale.com\/et\/toode\/seinale-paigaldatav-vannitoasegisti-must-watford\/#breadcrumb"},"inLanguage":"et","potentialAction":[{"@type":"ReadAction","target":["https:\/\/metaltale.com\/et\/toode\/seinale-paigaldatav-vannitoasegisti-must-watford\/"]}]},{"@type":"ImageObject","inLanguage":"et","@id":"https:\/\/metaltale.com\/et\/toode\/seinale-paigaldatav-vannitoasegisti-must-watford\/#primaryimage","url":"https:\/\/metaltale.com\/wp-content\/uploads\/2023\/10\/Vonios-maix161ytuvas-WATFORD.jpg","contentUrl":"https:\/\/metaltale.com\/wp-content\/uploads\/2023\/10\/Vonios-maix161ytuvas-WATFORD.jpg","width":800,"height":800},{"@type":"BreadcrumbList","@id":"https:\/\/metaltale.com\/et\/toode\/seinale-paigaldatav-vannitoasegisti-must-watford\/#breadcrumb","itemListElement":[{"@type":"ListItem","position":1,"name":"Home","item":"https:\/\/metaltale.com\/et\/kodu\/"},{"@type":"ListItem","position":2,"name":"Kauplus","item":"https:\/\/metaltale.com\/et\/shop\/"},{"@type":"ListItem","position":3,"name":"Seinale paigaldatav vannitoasegisti must WATFORD"}]},{"@type":"WebSite","@id":"https:\/\/metaltale.com\/et\/#website","url":"https:\/\/metaltale.com\/et\/","name":"Metaltale.com","description":"","potentialAction":[{"@type":"SearchAction","target":{"@type":"EntryPoint","urlTemplate":"https:\/\/metaltale.com\/et\/?s={search_term_string}"},"query-input":{"@type":"PropertyValueSpecification","valueRequired":true,"valueName":"search_term_string"}}],"inLanguage":"et"}]}},"_links":{"self":[{"href":"https:\/\/metaltale.com\/et\/wp-json\/wp\/v2\/product\/135003","targetHints":{"allow":["GET"]}}],"collection":[{"href":"https:\/\/metaltale.com\/et\/wp-json\/wp\/v2\/product"}],"about":[{"href":"https:\/\/metaltale.com\/et\/wp-json\/wp\/v2\/types\/product"}],"replies":[{"embeddable":true,"href":"https:\/\/metaltale.com\/et\/wp-json\/wp\/v2\/comments?post=135003"}],"version-history":[{"count":0,"href":"https:\/\/metaltale.com\/et\/wp-json\/wp\/v2\/product\/135003\/revisions"}],"wp:featuredmedia":[{"embeddable":true,"href":"https:\/\/metaltale.com\/et\/wp-json\/wp\/v2\/media\/81327"}],"wp:attachment":[{"href":"https:\/\/metaltale.com\/et\/wp-json\/wp\/v2\/media?parent=135003"}],"wp:term":[{"taxonomy":"product_brand","embeddable":true,"href":"https:\/\/metaltale.com\/et\/wp-json\/wp\/v2\/product_brand?post=135003"},{"taxonomy":"product_cat","embeddable":true,"href":"https:\/\/metaltale.com\/et\/wp-json\/wp\/v2\/product_cat?post=135003"},{"taxonomy":"product_tag","embeddable":true,"href":"https:\/\/metaltale.com\/et\/wp-json\/wp\/v2\/product_tag?post=135003"}],"curies":[{"name":"wp","href":"https:\/\/api.w.org\/{rel}","templated":true}]}}