{"id":134999,"date":"2024-02-13T14:41:05","date_gmt":"2024-02-13T12:41:05","guid":{"rendered":"https:\/\/metaltale.com\/produktas\/roosakas-kuldne-vannitoa-seinasegisti-copper-2\/"},"modified":"2024-02-13T14:41:05","modified_gmt":"2024-02-13T12:41:05","slug":"roosakas-kuldne-vannitoa-seinasegisti-copper-2","status":"publish","type":"product","link":"https:\/\/metaltale.com\/et\/toode\/roosakas-kuldne-vannitoa-seinasegisti-copper-2\/","title":{"rendered":"Roosakas kuldne vannitoa seinasegisti COPPER 2"},"content":{"rendered":"<div class=\"prod_data\"><strong>Mudel<\/strong> WX.CO. BW2. RZL  <br \/>Vase kollektsioon <br \/><strong>EAN.<\/strong>  5905369901089  <br \/>V\u00e4ljalaskeava pikkus (cm) 11 <br \/>Materjal Messing <br \/>\u00dcldine k\u00f5rgus (cm) 31 <br \/>Du\u0161ipea l\u00e4bim\u00f5\u00f5t (cm) 5 <br \/><strong>Du\u0161ipea pikkus (cm)<\/strong> 18  <br \/>Vooliku pikkus (cm ) 150 <br \/>Kraanide vaheline kaugus (cm) 15 <br \/>Perlator (\u00f5hutaja) Jah <br \/>P\u00f6\u00f6rlev v\u00e4ljalaskeava Jah <br \/>V\u00e4rv Roosa kuld <br \/>Viimistlus l\u00e4ikiv <br \/><strong>Lisainformatsioon<\/strong> \u00dchendus S 1\/2&#8243; x 3\/4&#8243;  <\/p>\n<p>&#8211; messingist vannitoa kraan<br \/>&#8211; Komplekt: p\u00f6\u00f6rlev vanniotsik koos \u00f5hupuhastiga, du\u0161ik\u00e4epide<br \/>&#8211; keraamiline pea &#8211; element, mis tagab vee n\u00f5uetekohase jaotumise<br \/>&#8211; lihtne hooldus &#8211; soe vesi ja PH-neutraalne seep<br \/>&#8211; vaata teisi mudeleid Copper kollektsioonist<\/p>\n<hr>\n<p>Kui unistate sellest, et teie vannituba meenutab eksklusiivset suplusruumi, on vaskne vannitoa kraan see element, mis vastab ka k\u00f5ige n\u00f5udlikumate tarbijate ootustele. Messingist kraanid on rikastatud valgete keraamiliste k\u00e4epidemetega, mis annavad tootele juhusliku v\u00e4limuse. Du\u0161itelefoni kuju omakorda meenutab elegantses v\u00e4ljaandes vintage&#8217;i detaile.<\/p>\n<\/div>\n","protected":false},"excerpt":{"rendered":"<p>Mudel WX.CO. BW2. RZL Vase kollektsioon EAN. 5905369901089 V\u00e4ljalaskeava pikkus (cm) 11 Materjal Messing \u00dcldine k\u00f5rgus (cm) 31 Du\u0161ipea l\u00e4bim\u00f5\u00f5t<\/p>\n","protected":false},"featured_media":89355,"comment_status":"open","ping_status":"closed","template":"","meta":{"_acf_changed":false,"pmpro_default_level":""},"product_brand":[],"product_cat":[24166],"product_tag":[],"class_list":{"0":"post-134999","1":"product","2":"type-product","3":"status-publish","4":"has-post-thumbnail","6":"product_cat-vannitoa-kraanid-et","7":"pmpro-has-access","9":"first","10":"instock","11":"shipping-taxable","12":"purchasable","13":"product-type-simple"},"acf":[],"yoast_head":"<!-- This site is optimized with the Yoast SEO plugin v24.9 - https:\/\/yoast.com\/wordpress\/plugins\/seo\/ -->\n<title>Roosakas kuldne vannitoa seinasegisti COPPER 2 - MetalTale.com<\/title>\n<meta name=\"robots\" content=\"index, follow, max-snippet:-1, max-image-preview:large, max-video-preview:-1\" \/>\n<link rel=\"canonical\" href=\"https:\/\/metaltale.com\/et\/toode\/roosakas-kuldne-vannitoa-seinasegisti-copper-2\/\" \/>\n<meta property=\"og:locale\" content=\"et_EE\" \/>\n<meta property=\"og:type\" content=\"article\" \/>\n<meta property=\"og:title\" content=\"Roosakas kuldne vannitoa seinasegisti COPPER 2 - MetalTale.com\" \/>\n<meta property=\"og:description\" content=\"Mudel WX.CO. BW2. RZL Vase kollektsioon EAN. 5905369901089 V\u00e4ljalaskeava pikkus (cm) 11 Materjal Messing \u00dcldine k\u00f5rgus (cm) 31 Du\u0161ipea l\u00e4bim\u00f5\u00f5t\" \/>\n<meta property=\"og:url\" content=\"https:\/\/metaltale.com\/et\/toode\/roosakas-kuldne-vannitoa-seinasegisti-copper-2\/\" \/>\n<meta property=\"og:site_name\" content=\"MetalTale.com\" \/>\n<meta name=\"twitter:card\" content=\"summary_large_image\" \/>\n<meta name=\"twitter:label1\" content=\"Est. reading time\" \/>\n\t<meta name=\"twitter:data1\" content=\"1 minut\" \/>\n<script type=\"application\/ld+json\" class=\"yoast-schema-graph\">{\"@context\":\"https:\/\/schema.org\",\"@graph\":[{\"@type\":\"WebPage\",\"@id\":\"https:\/\/metaltale.com\/et\/toode\/roosakas-kuldne-vannitoa-seinasegisti-copper-2\/\",\"url\":\"https:\/\/metaltale.com\/et\/toode\/roosakas-kuldne-vannitoa-seinasegisti-copper-2\/\",\"name\":\"Roosakas kuldne vannitoa seinasegisti COPPER 2 - MetalTale.com\",\"isPartOf\":{\"@id\":\"https:\/\/metaltale.com\/et\/#website\"},\"primaryImageOfPage\":{\"@id\":\"https:\/\/metaltale.com\/et\/toode\/roosakas-kuldne-vannitoa-seinasegisti-copper-2\/#primaryimage\"},\"image\":{\"@id\":\"https:\/\/metaltale.com\/et\/toode\/roosakas-kuldne-vannitoa-seinasegisti-copper-2\/#primaryimage\"},\"thumbnailUrl\":\"https:\/\/metaltale.com\/wp-content\/uploads\/2023\/10\/Sieninis-vonios-maix161ytuvas-COPPER-2.jpg\",\"datePublished\":\"2024-02-13T12:41:05+00:00\",\"breadcrumb\":{\"@id\":\"https:\/\/metaltale.com\/et\/toode\/roosakas-kuldne-vannitoa-seinasegisti-copper-2\/#breadcrumb\"},\"inLanguage\":\"et\",\"potentialAction\":[{\"@type\":\"ReadAction\",\"target\":[\"https:\/\/metaltale.com\/et\/toode\/roosakas-kuldne-vannitoa-seinasegisti-copper-2\/\"]}]},{\"@type\":\"ImageObject\",\"inLanguage\":\"et\",\"@id\":\"https:\/\/metaltale.com\/et\/toode\/roosakas-kuldne-vannitoa-seinasegisti-copper-2\/#primaryimage\",\"url\":\"https:\/\/metaltale.com\/wp-content\/uploads\/2023\/10\/Sieninis-vonios-maix161ytuvas-COPPER-2.jpg\",\"contentUrl\":\"https:\/\/metaltale.com\/wp-content\/uploads\/2023\/10\/Sieninis-vonios-maix161ytuvas-COPPER-2.jpg\",\"width\":800,\"height\":800},{\"@type\":\"BreadcrumbList\",\"@id\":\"https:\/\/metaltale.com\/et\/toode\/roosakas-kuldne-vannitoa-seinasegisti-copper-2\/#breadcrumb\",\"itemListElement\":[{\"@type\":\"ListItem\",\"position\":1,\"name\":\"Home\",\"item\":\"https:\/\/metaltale.com\/et\/kodu\/\"},{\"@type\":\"ListItem\",\"position\":2,\"name\":\"Kauplus\",\"item\":\"https:\/\/metaltale.com\/et\/shop\/\"},{\"@type\":\"ListItem\",\"position\":3,\"name\":\"Roosakas kuldne vannitoa seinasegisti COPPER 2\"}]},{\"@type\":\"WebSite\",\"@id\":\"https:\/\/metaltale.com\/et\/#website\",\"url\":\"https:\/\/metaltale.com\/et\/\",\"name\":\"Metaltale.com\",\"description\":\"\",\"potentialAction\":[{\"@type\":\"SearchAction\",\"target\":{\"@type\":\"EntryPoint\",\"urlTemplate\":\"https:\/\/metaltale.com\/et\/?s={search_term_string}\"},\"query-input\":{\"@type\":\"PropertyValueSpecification\",\"valueRequired\":true,\"valueName\":\"search_term_string\"}}],\"inLanguage\":\"et\"}]}<\/script>\n<!-- \/ Yoast SEO plugin. -->","yoast_head_json":{"title":"Roosakas kuldne vannitoa seinasegisti COPPER 2 - MetalTale.com","robots":{"index":"index","follow":"follow","max-snippet":"max-snippet:-1","max-image-preview":"max-image-preview:large","max-video-preview":"max-video-preview:-1"},"canonical":"https:\/\/metaltale.com\/et\/toode\/roosakas-kuldne-vannitoa-seinasegisti-copper-2\/","og_locale":"et_EE","og_type":"article","og_title":"Roosakas kuldne vannitoa seinasegisti COPPER 2 - MetalTale.com","og_description":"Mudel WX.CO. BW2. RZL Vase kollektsioon EAN. 5905369901089 V\u00e4ljalaskeava pikkus (cm) 11 Materjal Messing \u00dcldine k\u00f5rgus (cm) 31 Du\u0161ipea l\u00e4bim\u00f5\u00f5t","og_url":"https:\/\/metaltale.com\/et\/toode\/roosakas-kuldne-vannitoa-seinasegisti-copper-2\/","og_site_name":"MetalTale.com","twitter_card":"summary_large_image","twitter_misc":{"Est. reading time":"1 minut"},"schema":{"@context":"https:\/\/schema.org","@graph":[{"@type":"WebPage","@id":"https:\/\/metaltale.com\/et\/toode\/roosakas-kuldne-vannitoa-seinasegisti-copper-2\/","url":"https:\/\/metaltale.com\/et\/toode\/roosakas-kuldne-vannitoa-seinasegisti-copper-2\/","name":"Roosakas kuldne vannitoa seinasegisti COPPER 2 - MetalTale.com","isPartOf":{"@id":"https:\/\/metaltale.com\/et\/#website"},"primaryImageOfPage":{"@id":"https:\/\/metaltale.com\/et\/toode\/roosakas-kuldne-vannitoa-seinasegisti-copper-2\/#primaryimage"},"image":{"@id":"https:\/\/metaltale.com\/et\/toode\/roosakas-kuldne-vannitoa-seinasegisti-copper-2\/#primaryimage"},"thumbnailUrl":"https:\/\/metaltale.com\/wp-content\/uploads\/2023\/10\/Sieninis-vonios-maix161ytuvas-COPPER-2.jpg","datePublished":"2024-02-13T12:41:05+00:00","breadcrumb":{"@id":"https:\/\/metaltale.com\/et\/toode\/roosakas-kuldne-vannitoa-seinasegisti-copper-2\/#breadcrumb"},"inLanguage":"et","potentialAction":[{"@type":"ReadAction","target":["https:\/\/metaltale.com\/et\/toode\/roosakas-kuldne-vannitoa-seinasegisti-copper-2\/"]}]},{"@type":"ImageObject","inLanguage":"et","@id":"https:\/\/metaltale.com\/et\/toode\/roosakas-kuldne-vannitoa-seinasegisti-copper-2\/#primaryimage","url":"https:\/\/metaltale.com\/wp-content\/uploads\/2023\/10\/Sieninis-vonios-maix161ytuvas-COPPER-2.jpg","contentUrl":"https:\/\/metaltale.com\/wp-content\/uploads\/2023\/10\/Sieninis-vonios-maix161ytuvas-COPPER-2.jpg","width":800,"height":800},{"@type":"BreadcrumbList","@id":"https:\/\/metaltale.com\/et\/toode\/roosakas-kuldne-vannitoa-seinasegisti-copper-2\/#breadcrumb","itemListElement":[{"@type":"ListItem","position":1,"name":"Home","item":"https:\/\/metaltale.com\/et\/kodu\/"},{"@type":"ListItem","position":2,"name":"Kauplus","item":"https:\/\/metaltale.com\/et\/shop\/"},{"@type":"ListItem","position":3,"name":"Roosakas kuldne vannitoa seinasegisti COPPER 2"}]},{"@type":"WebSite","@id":"https:\/\/metaltale.com\/et\/#website","url":"https:\/\/metaltale.com\/et\/","name":"Metaltale.com","description":"","potentialAction":[{"@type":"SearchAction","target":{"@type":"EntryPoint","urlTemplate":"https:\/\/metaltale.com\/et\/?s={search_term_string}"},"query-input":{"@type":"PropertyValueSpecification","valueRequired":true,"valueName":"search_term_string"}}],"inLanguage":"et"}]}},"_links":{"self":[{"href":"https:\/\/metaltale.com\/et\/wp-json\/wp\/v2\/product\/134999","targetHints":{"allow":["GET"]}}],"collection":[{"href":"https:\/\/metaltale.com\/et\/wp-json\/wp\/v2\/product"}],"about":[{"href":"https:\/\/metaltale.com\/et\/wp-json\/wp\/v2\/types\/product"}],"replies":[{"embeddable":true,"href":"https:\/\/metaltale.com\/et\/wp-json\/wp\/v2\/comments?post=134999"}],"version-history":[{"count":0,"href":"https:\/\/metaltale.com\/et\/wp-json\/wp\/v2\/product\/134999\/revisions"}],"wp:featuredmedia":[{"embeddable":true,"href":"https:\/\/metaltale.com\/et\/wp-json\/wp\/v2\/media\/89355"}],"wp:attachment":[{"href":"https:\/\/metaltale.com\/et\/wp-json\/wp\/v2\/media?parent=134999"}],"wp:term":[{"taxonomy":"product_brand","embeddable":true,"href":"https:\/\/metaltale.com\/et\/wp-json\/wp\/v2\/product_brand?post=134999"},{"taxonomy":"product_cat","embeddable":true,"href":"https:\/\/metaltale.com\/et\/wp-json\/wp\/v2\/product_cat?post=134999"},{"taxonomy":"product_tag","embeddable":true,"href":"https:\/\/metaltale.com\/et\/wp-json\/wp\/v2\/product_tag?post=134999"}],"curies":[{"name":"wp","href":"https:\/\/api.w.org\/{rel}","templated":true}]}}