{"id":134997,"date":"2024-02-13T14:41:05","date_gmt":"2024-02-13T12:41:05","guid":{"rendered":"https:\/\/metaltale.com\/produktas\/seinale-paigaldatav-segisti-roosakas-kuldne-kuper-1-korge\/"},"modified":"2024-02-13T14:41:05","modified_gmt":"2024-02-13T12:41:05","slug":"seinale-paigaldatav-segisti-roosakas-kuldne-kuper-1-korge","status":"publish","type":"product","link":"https:\/\/metaltale.com\/et\/toode\/seinale-paigaldatav-segisti-roosakas-kuldne-kuper-1-korge\/","title":{"rendered":"Seinale paigaldatav segisti roosakas kuldne KUPER 1 K\u00d5RGE"},"content":{"rendered":"<div class=\"prod_data\"><strong>Mudel<\/strong> WX.CO. B1. HIG. RZL  <br \/>Vase kollektsioon <br \/><strong>EAN.<\/strong>  5905369900471  <br \/>Kraani t\u00fc\u00fcp Seinale paigaldatav <br \/><strong>V\u00e4ljalaskeava pikkus (cm<\/strong> ) 18,5  <br \/>Materjal Messing <br \/><strong>\u00dcldk\u00f5rgus (cm)<\/strong> 26,5  <br \/>Kraanide vaheline kaugus (cm) 15 <br \/>Perlator (\u00f5hutaja) Jah <br \/>P\u00f6\u00f6rlev v\u00e4ljalaskeava Jah <br \/>V\u00e4rv Roosa kuld <br \/>Viimistlus l\u00e4ikiv <br \/><strong>Lisainformatsioon<\/strong> \u00dchendus S 1\/2&#8243; x 3\/4&#8243;  <\/p>\n<p>&#8211; messingist vannitoa v\u00f5i k\u00f6\u00f6gi seinasegisti<br \/>&#8211; p\u00f6\u00f6rlev v\u00e4ljalaskeava<br \/>&#8211; keraamiline pea &#8211; element, mis tagab vee n\u00f5uetekohase jaotumise<br \/>&#8211; Aerator &#8211; \u00f5hutaja, mis v\u00e4hendab veekulu<br \/>&#8211; h\u00fcdroliitmikku katva roseti l\u00e4bim\u00f5\u00f5t on 6 cm.<br \/>&#8211; lihtne hooldus &#8211; soe vesi ja PH-neutraalne seep<br \/>&#8211; vaata teisi Copper seeria mudeleid<\/p>\n<hr>\n<p>Kitsas t\u00f6\u00f6pind k\u00f6\u00f6gis v\u00f5i vannitoas? V\u00f5i \u00e4kki otsite lihtsalt puhkust t\u00fc\u00fcpilistest t\u00f6\u00f6laua segistitest? &#8220;Cooperi seinasegisti on alternatiiv, mida tasub kaaluda. P\u00f6\u00f6rlev otsik suurendab kasutusmugavust ja v\u00f5imaldab suuremaid n\u00f5usid probleemideta pesta. Seinale paigaldatava segisti unikaalsed v\u00e4rvid rikastavad iga ruumi ja muudavad selle \u00fclimalt kaunistavaks. T\u00e4nu v\u00e4ga lihtsatele hooldusreeglitele n\u00e4eb seinasegisti alati laitmatu v\u00e4lja.<\/p>\n<\/div>\n","protected":false},"excerpt":{"rendered":"<p>Mudel WX.CO. B1. HIG. RZL Vase kollektsioon EAN. 5905369900471 Kraani t\u00fc\u00fcp Seinale paigaldatav V\u00e4ljalaskeava pikkus (cm ) 18,5 Materjal Messing<\/p>\n","protected":false},"featured_media":89298,"comment_status":"open","ping_status":"closed","template":"","meta":{"_acf_changed":false,"pmpro_default_level":""},"product_brand":[],"product_cat":[24180],"product_tag":[],"class_list":{"0":"post-134997","1":"product","2":"type-product","3":"status-publish","4":"has-post-thumbnail","6":"product_cat-seinale-paigaldatavad-koogisegistid","7":"pmpro-has-access","9":"first","10":"instock","11":"shipping-taxable","12":"purchasable","13":"product-type-simple"},"acf":[],"yoast_head":"<!-- This site is optimized with the Yoast SEO plugin v24.9 - https:\/\/yoast.com\/wordpress\/plugins\/seo\/ -->\n<title>Seinale paigaldatav segisti roosakas kuldne KUPER 1 K\u00d5RGE - MetalTale.com<\/title>\n<meta name=\"robots\" content=\"index, follow, max-snippet:-1, max-image-preview:large, max-video-preview:-1\" \/>\n<link rel=\"canonical\" href=\"https:\/\/metaltale.com\/et\/toode\/seinale-paigaldatav-segisti-roosakas-kuldne-kuper-1-korge\/\" \/>\n<meta property=\"og:locale\" content=\"et_EE\" \/>\n<meta property=\"og:type\" content=\"article\" \/>\n<meta property=\"og:title\" content=\"Seinale paigaldatav segisti roosakas kuldne KUPER 1 K\u00d5RGE - MetalTale.com\" \/>\n<meta property=\"og:description\" content=\"Mudel WX.CO. B1. HIG. RZL Vase kollektsioon EAN. 5905369900471 Kraani t\u00fc\u00fcp Seinale paigaldatav V\u00e4ljalaskeava pikkus (cm ) 18,5 Materjal Messing\" \/>\n<meta property=\"og:url\" content=\"https:\/\/metaltale.com\/et\/toode\/seinale-paigaldatav-segisti-roosakas-kuldne-kuper-1-korge\/\" \/>\n<meta property=\"og:site_name\" content=\"MetalTale.com\" \/>\n<meta name=\"twitter:card\" content=\"summary_large_image\" \/>\n<meta name=\"twitter:label1\" content=\"Est. reading time\" \/>\n\t<meta name=\"twitter:data1\" content=\"1 minut\" \/>\n<script type=\"application\/ld+json\" class=\"yoast-schema-graph\">{\"@context\":\"https:\/\/schema.org\",\"@graph\":[{\"@type\":\"WebPage\",\"@id\":\"https:\/\/metaltale.com\/et\/toode\/seinale-paigaldatav-segisti-roosakas-kuldne-kuper-1-korge\/\",\"url\":\"https:\/\/metaltale.com\/et\/toode\/seinale-paigaldatav-segisti-roosakas-kuldne-kuper-1-korge\/\",\"name\":\"Seinale paigaldatav segisti roosakas kuldne KUPER 1 K\u00d5RGE - MetalTale.com\",\"isPartOf\":{\"@id\":\"https:\/\/metaltale.com\/et\/#website\"},\"primaryImageOfPage\":{\"@id\":\"https:\/\/metaltale.com\/et\/toode\/seinale-paigaldatav-segisti-roosakas-kuldne-kuper-1-korge\/#primaryimage\"},\"image\":{\"@id\":\"https:\/\/metaltale.com\/et\/toode\/seinale-paigaldatav-segisti-roosakas-kuldne-kuper-1-korge\/#primaryimage\"},\"thumbnailUrl\":\"https:\/\/metaltale.com\/wp-content\/uploads\/2023\/10\/Sieninis-maix161ytuvas-rox17Einis-auksas-VARIS-1-AUKx160TAS.jpg\",\"datePublished\":\"2024-02-13T12:41:05+00:00\",\"breadcrumb\":{\"@id\":\"https:\/\/metaltale.com\/et\/toode\/seinale-paigaldatav-segisti-roosakas-kuldne-kuper-1-korge\/#breadcrumb\"},\"inLanguage\":\"et\",\"potentialAction\":[{\"@type\":\"ReadAction\",\"target\":[\"https:\/\/metaltale.com\/et\/toode\/seinale-paigaldatav-segisti-roosakas-kuldne-kuper-1-korge\/\"]}]},{\"@type\":\"ImageObject\",\"inLanguage\":\"et\",\"@id\":\"https:\/\/metaltale.com\/et\/toode\/seinale-paigaldatav-segisti-roosakas-kuldne-kuper-1-korge\/#primaryimage\",\"url\":\"https:\/\/metaltale.com\/wp-content\/uploads\/2023\/10\/Sieninis-maix161ytuvas-rox17Einis-auksas-VARIS-1-AUKx160TAS.jpg\",\"contentUrl\":\"https:\/\/metaltale.com\/wp-content\/uploads\/2023\/10\/Sieninis-maix161ytuvas-rox17Einis-auksas-VARIS-1-AUKx160TAS.jpg\",\"width\":800,\"height\":800},{\"@type\":\"BreadcrumbList\",\"@id\":\"https:\/\/metaltale.com\/et\/toode\/seinale-paigaldatav-segisti-roosakas-kuldne-kuper-1-korge\/#breadcrumb\",\"itemListElement\":[{\"@type\":\"ListItem\",\"position\":1,\"name\":\"Home\",\"item\":\"https:\/\/metaltale.com\/et\/kodu\/\"},{\"@type\":\"ListItem\",\"position\":2,\"name\":\"Kauplus\",\"item\":\"https:\/\/metaltale.com\/et\/shop\/\"},{\"@type\":\"ListItem\",\"position\":3,\"name\":\"Seinale paigaldatav segisti roosakas kuldne KUPER 1 K\u00d5RGE\"}]},{\"@type\":\"WebSite\",\"@id\":\"https:\/\/metaltale.com\/et\/#website\",\"url\":\"https:\/\/metaltale.com\/et\/\",\"name\":\"Metaltale.com\",\"description\":\"\",\"potentialAction\":[{\"@type\":\"SearchAction\",\"target\":{\"@type\":\"EntryPoint\",\"urlTemplate\":\"https:\/\/metaltale.com\/et\/?s={search_term_string}\"},\"query-input\":{\"@type\":\"PropertyValueSpecification\",\"valueRequired\":true,\"valueName\":\"search_term_string\"}}],\"inLanguage\":\"et\"}]}<\/script>\n<!-- \/ Yoast SEO plugin. -->","yoast_head_json":{"title":"Seinale paigaldatav segisti roosakas kuldne KUPER 1 K\u00d5RGE - MetalTale.com","robots":{"index":"index","follow":"follow","max-snippet":"max-snippet:-1","max-image-preview":"max-image-preview:large","max-video-preview":"max-video-preview:-1"},"canonical":"https:\/\/metaltale.com\/et\/toode\/seinale-paigaldatav-segisti-roosakas-kuldne-kuper-1-korge\/","og_locale":"et_EE","og_type":"article","og_title":"Seinale paigaldatav segisti roosakas kuldne KUPER 1 K\u00d5RGE - MetalTale.com","og_description":"Mudel WX.CO. B1. HIG. RZL Vase kollektsioon EAN. 5905369900471 Kraani t\u00fc\u00fcp Seinale paigaldatav V\u00e4ljalaskeava pikkus (cm ) 18,5 Materjal Messing","og_url":"https:\/\/metaltale.com\/et\/toode\/seinale-paigaldatav-segisti-roosakas-kuldne-kuper-1-korge\/","og_site_name":"MetalTale.com","twitter_card":"summary_large_image","twitter_misc":{"Est. reading time":"1 minut"},"schema":{"@context":"https:\/\/schema.org","@graph":[{"@type":"WebPage","@id":"https:\/\/metaltale.com\/et\/toode\/seinale-paigaldatav-segisti-roosakas-kuldne-kuper-1-korge\/","url":"https:\/\/metaltale.com\/et\/toode\/seinale-paigaldatav-segisti-roosakas-kuldne-kuper-1-korge\/","name":"Seinale paigaldatav segisti roosakas kuldne KUPER 1 K\u00d5RGE - MetalTale.com","isPartOf":{"@id":"https:\/\/metaltale.com\/et\/#website"},"primaryImageOfPage":{"@id":"https:\/\/metaltale.com\/et\/toode\/seinale-paigaldatav-segisti-roosakas-kuldne-kuper-1-korge\/#primaryimage"},"image":{"@id":"https:\/\/metaltale.com\/et\/toode\/seinale-paigaldatav-segisti-roosakas-kuldne-kuper-1-korge\/#primaryimage"},"thumbnailUrl":"https:\/\/metaltale.com\/wp-content\/uploads\/2023\/10\/Sieninis-maix161ytuvas-rox17Einis-auksas-VARIS-1-AUKx160TAS.jpg","datePublished":"2024-02-13T12:41:05+00:00","breadcrumb":{"@id":"https:\/\/metaltale.com\/et\/toode\/seinale-paigaldatav-segisti-roosakas-kuldne-kuper-1-korge\/#breadcrumb"},"inLanguage":"et","potentialAction":[{"@type":"ReadAction","target":["https:\/\/metaltale.com\/et\/toode\/seinale-paigaldatav-segisti-roosakas-kuldne-kuper-1-korge\/"]}]},{"@type":"ImageObject","inLanguage":"et","@id":"https:\/\/metaltale.com\/et\/toode\/seinale-paigaldatav-segisti-roosakas-kuldne-kuper-1-korge\/#primaryimage","url":"https:\/\/metaltale.com\/wp-content\/uploads\/2023\/10\/Sieninis-maix161ytuvas-rox17Einis-auksas-VARIS-1-AUKx160TAS.jpg","contentUrl":"https:\/\/metaltale.com\/wp-content\/uploads\/2023\/10\/Sieninis-maix161ytuvas-rox17Einis-auksas-VARIS-1-AUKx160TAS.jpg","width":800,"height":800},{"@type":"BreadcrumbList","@id":"https:\/\/metaltale.com\/et\/toode\/seinale-paigaldatav-segisti-roosakas-kuldne-kuper-1-korge\/#breadcrumb","itemListElement":[{"@type":"ListItem","position":1,"name":"Home","item":"https:\/\/metaltale.com\/et\/kodu\/"},{"@type":"ListItem","position":2,"name":"Kauplus","item":"https:\/\/metaltale.com\/et\/shop\/"},{"@type":"ListItem","position":3,"name":"Seinale paigaldatav segisti roosakas kuldne KUPER 1 K\u00d5RGE"}]},{"@type":"WebSite","@id":"https:\/\/metaltale.com\/et\/#website","url":"https:\/\/metaltale.com\/et\/","name":"Metaltale.com","description":"","potentialAction":[{"@type":"SearchAction","target":{"@type":"EntryPoint","urlTemplate":"https:\/\/metaltale.com\/et\/?s={search_term_string}"},"query-input":{"@type":"PropertyValueSpecification","valueRequired":true,"valueName":"search_term_string"}}],"inLanguage":"et"}]}},"_links":{"self":[{"href":"https:\/\/metaltale.com\/et\/wp-json\/wp\/v2\/product\/134997","targetHints":{"allow":["GET"]}}],"collection":[{"href":"https:\/\/metaltale.com\/et\/wp-json\/wp\/v2\/product"}],"about":[{"href":"https:\/\/metaltale.com\/et\/wp-json\/wp\/v2\/types\/product"}],"replies":[{"embeddable":true,"href":"https:\/\/metaltale.com\/et\/wp-json\/wp\/v2\/comments?post=134997"}],"version-history":[{"count":0,"href":"https:\/\/metaltale.com\/et\/wp-json\/wp\/v2\/product\/134997\/revisions"}],"wp:featuredmedia":[{"embeddable":true,"href":"https:\/\/metaltale.com\/et\/wp-json\/wp\/v2\/media\/89298"}],"wp:attachment":[{"href":"https:\/\/metaltale.com\/et\/wp-json\/wp\/v2\/media?parent=134997"}],"wp:term":[{"taxonomy":"product_brand","embeddable":true,"href":"https:\/\/metaltale.com\/et\/wp-json\/wp\/v2\/product_brand?post=134997"},{"taxonomy":"product_cat","embeddable":true,"href":"https:\/\/metaltale.com\/et\/wp-json\/wp\/v2\/product_cat?post=134997"},{"taxonomy":"product_tag","embeddable":true,"href":"https:\/\/metaltale.com\/et\/wp-json\/wp\/v2\/product_tag?post=134997"}],"curies":[{"name":"wp","href":"https:\/\/api.w.org\/{rel}","templated":true}]}}