{"id":134991,"date":"2024-02-13T14:41:05","date_gmt":"2024-02-13T12:41:05","guid":{"rendered":"https:\/\/metaltale.com\/produktas\/seinasegisti-roosakas-kuldne-copper-2-low\/"},"modified":"2025-10-09T07:59:24","modified_gmt":"2025-10-09T05:59:24","slug":"seinasegisti-roosakas-kuldne-copper-2-low","status":"publish","type":"product","link":"https:\/\/metaltale.com\/et\/toode\/seinasegisti-roosakas-kuldne-copper-2-low\/","title":{"rendered":"Seinasegisti roosakas kuldne COPPER 2 LOW"},"content":{"rendered":"<div class=\"prod_data\"><strong>Mudel<\/strong> WX.CO. B2. HIG. RZL  <br \/>Vase kollektsioon <br \/><strong>EAN.<\/strong>  5905369900488  <br \/>Kraani t\u00fc\u00fcp Seinale paigaldatav <br \/><strong>V\u00e4ljalaskeava pikkus (cm)<\/strong> 15  <br \/>Materjal Messing <br \/><strong>\u00dcldine k\u00f5rgus (cm)<\/strong> 17  <br \/>Kraanide vaheline kaugus (cm) 15 <br \/>Perlator (\u00f5hutaja) Jah <br \/>P\u00f6\u00f6rlev v\u00e4ljalaskeava Jah <br \/>V\u00e4rv Roosa kuld <br \/>Viimistlus l\u00e4ikiv <br \/><strong>Lisainformatsioon<\/strong> \u00dchendus S 1\/2&#8243; x 3\/4&#8243;  <\/p>\n<p>&#8211; messingist vannitoa v\u00f5i k\u00f6\u00f6gi seinasegisti<br \/>&#8211; p\u00f6\u00f6rlev v\u00e4ljalaskeava<br \/>&#8211; keraamiline pea &#8211; element, mis tagab vee n\u00f5uetekohase jaotumise<br \/>&#8211; Aerator &#8211; \u00f5hutaja, mis v\u00e4hendab veekulu<br \/>&#8211; H\u00fcdraulilist \u00fchendust katva roseti l\u00e4bim\u00f5\u00f5t: 6cm<br \/>&#8211; lihtne hooldus &#8211; soe vesi ja PH-neutraalne seep<br \/>&#8211; vaata teisi Copper seeria mudeleid<\/p>\n<hr>\n<p>Rose Gold Wall Faucet on mudel, mis sobib suurep\u00e4raselt k\u00f6\u00f6kidesse, vannitubadesse ning vintage- ja rustikaalsetele tualettidele. Vananemise efekt r\u00f5hutab segisti retroh\u00f5ngulist iseloomu. K\u00f5rge, p\u00f6\u00f6rlev otsik ja vanaaegsed keraamilised k\u00e4epidemed vee juhtimiseks on eriti praktilised stiilse k\u00f6\u00f6gi puhul. Vananenud, harjatud messingist valmistatud kraani pind n\u00e4eb koos valge s\u00fcvistatud valamuga lookai stiilis eriline v\u00e4lja. Seinale paigaldatav segisti on samuti stiilne alternatiiv traditsioonilistele vabalt seisvatele valamusegistitele.<\/p>\n<\/div>\n","protected":false},"excerpt":{"rendered":"<p>Mudel WX.CO. B2. HIG. RZL Vase kollektsioon EAN. 5905369900488 Kraani t\u00fc\u00fcp Seinale paigaldatav V\u00e4ljalaskeava pikkus (cm) 15 Materjal Messing \u00dcldine<\/p>\n","protected":false},"featured_media":102405,"comment_status":"open","ping_status":"closed","template":"","meta":{"_acf_changed":false,"pmpro_default_level":""},"product_brand":[],"product_cat":[24180],"product_tag":[],"class_list":{"0":"post-134991","1":"product","2":"type-product","3":"status-publish","4":"has-post-thumbnail","6":"product_cat-seinale-paigaldatavad-koogisegistid","7":"pmpro-has-access","9":"first","10":"instock","11":"shipping-taxable","12":"purchasable","13":"product-type-simple"},"acf":[],"yoast_head":"<!-- This site is optimized with the Yoast SEO plugin v24.9 - https:\/\/yoast.com\/wordpress\/plugins\/seo\/ -->\n<title>Seinasegisti roosakas kuldne COPPER 2 LOW - MetalTale.com<\/title>\n<meta name=\"robots\" content=\"index, follow, max-snippet:-1, max-image-preview:large, max-video-preview:-1\" \/>\n<link rel=\"canonical\" href=\"https:\/\/metaltale.com\/et\/toode\/seinasegisti-roosakas-kuldne-copper-2-low\/\" \/>\n<meta property=\"og:locale\" content=\"et_EE\" \/>\n<meta property=\"og:type\" content=\"article\" \/>\n<meta property=\"og:title\" content=\"Seinasegisti roosakas kuldne COPPER 2 LOW - MetalTale.com\" \/>\n<meta property=\"og:description\" content=\"Mudel WX.CO. B2. HIG. RZL Vase kollektsioon EAN. 5905369900488 Kraani t\u00fc\u00fcp Seinale paigaldatav V\u00e4ljalaskeava pikkus (cm) 15 Materjal Messing \u00dcldine\" \/>\n<meta property=\"og:url\" content=\"https:\/\/metaltale.com\/et\/toode\/seinasegisti-roosakas-kuldne-copper-2-low\/\" \/>\n<meta property=\"og:site_name\" content=\"MetalTale.com\" \/>\n<meta property=\"article:modified_time\" content=\"2025-10-09T05:59:24+00:00\" \/>\n<meta name=\"twitter:card\" content=\"summary_large_image\" \/>\n<meta name=\"twitter:label1\" content=\"Est. reading time\" \/>\n\t<meta name=\"twitter:data1\" content=\"1 minut\" \/>\n<script type=\"application\/ld+json\" class=\"yoast-schema-graph\">{\"@context\":\"https:\/\/schema.org\",\"@graph\":[{\"@type\":\"WebPage\",\"@id\":\"https:\/\/metaltale.com\/et\/toode\/seinasegisti-roosakas-kuldne-copper-2-low\/\",\"url\":\"https:\/\/metaltale.com\/et\/toode\/seinasegisti-roosakas-kuldne-copper-2-low\/\",\"name\":\"Seinasegisti roosakas kuldne COPPER 2 LOW - MetalTale.com\",\"isPartOf\":{\"@id\":\"https:\/\/metaltale.com\/et\/#website\"},\"primaryImageOfPage\":{\"@id\":\"https:\/\/metaltale.com\/et\/toode\/seinasegisti-roosakas-kuldne-copper-2-low\/#primaryimage\"},\"image\":{\"@id\":\"https:\/\/metaltale.com\/et\/toode\/seinasegisti-roosakas-kuldne-copper-2-low\/#primaryimage\"},\"thumbnailUrl\":\"https:\/\/metaltale.com\/wp-content\/uploads\/2023\/11\/Sieninis-maix161ytuvas-rox17Einis-auksas-COPPER-2-LOW.jpg\",\"datePublished\":\"2024-02-13T12:41:05+00:00\",\"dateModified\":\"2025-10-09T05:59:24+00:00\",\"breadcrumb\":{\"@id\":\"https:\/\/metaltale.com\/et\/toode\/seinasegisti-roosakas-kuldne-copper-2-low\/#breadcrumb\"},\"inLanguage\":\"et\",\"potentialAction\":[{\"@type\":\"ReadAction\",\"target\":[\"https:\/\/metaltale.com\/et\/toode\/seinasegisti-roosakas-kuldne-copper-2-low\/\"]}]},{\"@type\":\"ImageObject\",\"inLanguage\":\"et\",\"@id\":\"https:\/\/metaltale.com\/et\/toode\/seinasegisti-roosakas-kuldne-copper-2-low\/#primaryimage\",\"url\":\"https:\/\/metaltale.com\/wp-content\/uploads\/2023\/11\/Sieninis-maix161ytuvas-rox17Einis-auksas-COPPER-2-LOW.jpg\",\"contentUrl\":\"https:\/\/metaltale.com\/wp-content\/uploads\/2023\/11\/Sieninis-maix161ytuvas-rox17Einis-auksas-COPPER-2-LOW.jpg\",\"width\":800,\"height\":800},{\"@type\":\"BreadcrumbList\",\"@id\":\"https:\/\/metaltale.com\/et\/toode\/seinasegisti-roosakas-kuldne-copper-2-low\/#breadcrumb\",\"itemListElement\":[{\"@type\":\"ListItem\",\"position\":1,\"name\":\"Home\",\"item\":\"https:\/\/metaltale.com\/et\/kodu\/\"},{\"@type\":\"ListItem\",\"position\":2,\"name\":\"Kauplus\",\"item\":\"https:\/\/metaltale.com\/et\/shop\/\"},{\"@type\":\"ListItem\",\"position\":3,\"name\":\"Seinasegisti roosakas kuldne COPPER 2 LOW\"}]},{\"@type\":\"WebSite\",\"@id\":\"https:\/\/metaltale.com\/et\/#website\",\"url\":\"https:\/\/metaltale.com\/et\/\",\"name\":\"Metaltale.com\",\"description\":\"\",\"potentialAction\":[{\"@type\":\"SearchAction\",\"target\":{\"@type\":\"EntryPoint\",\"urlTemplate\":\"https:\/\/metaltale.com\/et\/?s={search_term_string}\"},\"query-input\":{\"@type\":\"PropertyValueSpecification\",\"valueRequired\":true,\"valueName\":\"search_term_string\"}}],\"inLanguage\":\"et\"}]}<\/script>\n<!-- \/ Yoast SEO plugin. -->","yoast_head_json":{"title":"Seinasegisti roosakas kuldne COPPER 2 LOW - MetalTale.com","robots":{"index":"index","follow":"follow","max-snippet":"max-snippet:-1","max-image-preview":"max-image-preview:large","max-video-preview":"max-video-preview:-1"},"canonical":"https:\/\/metaltale.com\/et\/toode\/seinasegisti-roosakas-kuldne-copper-2-low\/","og_locale":"et_EE","og_type":"article","og_title":"Seinasegisti roosakas kuldne COPPER 2 LOW - MetalTale.com","og_description":"Mudel WX.CO. B2. HIG. RZL Vase kollektsioon EAN. 5905369900488 Kraani t\u00fc\u00fcp Seinale paigaldatav V\u00e4ljalaskeava pikkus (cm) 15 Materjal Messing \u00dcldine","og_url":"https:\/\/metaltale.com\/et\/toode\/seinasegisti-roosakas-kuldne-copper-2-low\/","og_site_name":"MetalTale.com","article_modified_time":"2025-10-09T05:59:24+00:00","twitter_card":"summary_large_image","twitter_misc":{"Est. reading time":"1 minut"},"schema":{"@context":"https:\/\/schema.org","@graph":[{"@type":"WebPage","@id":"https:\/\/metaltale.com\/et\/toode\/seinasegisti-roosakas-kuldne-copper-2-low\/","url":"https:\/\/metaltale.com\/et\/toode\/seinasegisti-roosakas-kuldne-copper-2-low\/","name":"Seinasegisti roosakas kuldne COPPER 2 LOW - MetalTale.com","isPartOf":{"@id":"https:\/\/metaltale.com\/et\/#website"},"primaryImageOfPage":{"@id":"https:\/\/metaltale.com\/et\/toode\/seinasegisti-roosakas-kuldne-copper-2-low\/#primaryimage"},"image":{"@id":"https:\/\/metaltale.com\/et\/toode\/seinasegisti-roosakas-kuldne-copper-2-low\/#primaryimage"},"thumbnailUrl":"https:\/\/metaltale.com\/wp-content\/uploads\/2023\/11\/Sieninis-maix161ytuvas-rox17Einis-auksas-COPPER-2-LOW.jpg","datePublished":"2024-02-13T12:41:05+00:00","dateModified":"2025-10-09T05:59:24+00:00","breadcrumb":{"@id":"https:\/\/metaltale.com\/et\/toode\/seinasegisti-roosakas-kuldne-copper-2-low\/#breadcrumb"},"inLanguage":"et","potentialAction":[{"@type":"ReadAction","target":["https:\/\/metaltale.com\/et\/toode\/seinasegisti-roosakas-kuldne-copper-2-low\/"]}]},{"@type":"ImageObject","inLanguage":"et","@id":"https:\/\/metaltale.com\/et\/toode\/seinasegisti-roosakas-kuldne-copper-2-low\/#primaryimage","url":"https:\/\/metaltale.com\/wp-content\/uploads\/2023\/11\/Sieninis-maix161ytuvas-rox17Einis-auksas-COPPER-2-LOW.jpg","contentUrl":"https:\/\/metaltale.com\/wp-content\/uploads\/2023\/11\/Sieninis-maix161ytuvas-rox17Einis-auksas-COPPER-2-LOW.jpg","width":800,"height":800},{"@type":"BreadcrumbList","@id":"https:\/\/metaltale.com\/et\/toode\/seinasegisti-roosakas-kuldne-copper-2-low\/#breadcrumb","itemListElement":[{"@type":"ListItem","position":1,"name":"Home","item":"https:\/\/metaltale.com\/et\/kodu\/"},{"@type":"ListItem","position":2,"name":"Kauplus","item":"https:\/\/metaltale.com\/et\/shop\/"},{"@type":"ListItem","position":3,"name":"Seinasegisti roosakas kuldne COPPER 2 LOW"}]},{"@type":"WebSite","@id":"https:\/\/metaltale.com\/et\/#website","url":"https:\/\/metaltale.com\/et\/","name":"Metaltale.com","description":"","potentialAction":[{"@type":"SearchAction","target":{"@type":"EntryPoint","urlTemplate":"https:\/\/metaltale.com\/et\/?s={search_term_string}"},"query-input":{"@type":"PropertyValueSpecification","valueRequired":true,"valueName":"search_term_string"}}],"inLanguage":"et"}]}},"_links":{"self":[{"href":"https:\/\/metaltale.com\/et\/wp-json\/wp\/v2\/product\/134991","targetHints":{"allow":["GET"]}}],"collection":[{"href":"https:\/\/metaltale.com\/et\/wp-json\/wp\/v2\/product"}],"about":[{"href":"https:\/\/metaltale.com\/et\/wp-json\/wp\/v2\/types\/product"}],"replies":[{"embeddable":true,"href":"https:\/\/metaltale.com\/et\/wp-json\/wp\/v2\/comments?post=134991"}],"version-history":[{"count":0,"href":"https:\/\/metaltale.com\/et\/wp-json\/wp\/v2\/product\/134991\/revisions"}],"wp:featuredmedia":[{"embeddable":true,"href":"https:\/\/metaltale.com\/et\/wp-json\/wp\/v2\/media\/102405"}],"wp:attachment":[{"href":"https:\/\/metaltale.com\/et\/wp-json\/wp\/v2\/media?parent=134991"}],"wp:term":[{"taxonomy":"product_brand","embeddable":true,"href":"https:\/\/metaltale.com\/et\/wp-json\/wp\/v2\/product_brand?post=134991"},{"taxonomy":"product_cat","embeddable":true,"href":"https:\/\/metaltale.com\/et\/wp-json\/wp\/v2\/product_cat?post=134991"},{"taxonomy":"product_tag","embeddable":true,"href":"https:\/\/metaltale.com\/et\/wp-json\/wp\/v2\/product_tag?post=134991"}],"curies":[{"name":"wp","href":"https:\/\/api.w.org\/{rel}","templated":true}]}}