{"id":134990,"date":"2024-02-13T13:51:04","date_gmt":"2024-02-13T11:51:04","guid":{"rendered":"https:\/\/metaltale.com\/produktas\/roosakas-kuldne-seinakraan-copper-1-low\/"},"modified":"2024-02-13T13:51:04","modified_gmt":"2024-02-13T11:51:04","slug":"roosakas-kuldne-seinakraan-copper-1-low","status":"publish","type":"product","link":"https:\/\/metaltale.com\/et\/toode\/roosakas-kuldne-seinakraan-copper-1-low\/","title":{"rendered":"Roosakas kuldne seinakraan COPPER 1 low"},"content":{"rendered":"<div class=\"prod_data\"><strong>Mudel<\/strong> WX. XT119  <br \/>Vase kollektsioon <br \/><strong>EAN.<\/strong>  5905369900464  <br \/>Kraani t\u00fc\u00fcp Seinale paigaldatav <br \/><strong>V\u00e4ljalaskeava pikkus (cm)<\/strong> 15  <br \/>Materjal Messing <br \/><strong>\u00dcldine k\u00f5rgus (cm)<\/strong> 17  <br \/>Kraanide vaheline kaugus (cm) 15 <br \/>Perlator (\u00f5hutaja) Jah <br \/>P\u00f6\u00f6rlev v\u00e4ljalaskeava Jah <br \/>V\u00e4rv Roosa kuld <br \/>Viimistlus l\u00e4ikiv <br \/><strong>Lisainformatsioon<\/strong> \u00dchendus S 1\/2&#8243; x 3\/4&#8243;  <br \/>\u00dcldine laius (cm) 20 <br \/>Koguprojektsioon (cm) 24 <\/p>\n<p>&#8211; messingist vannitoa v\u00f5i k\u00f6\u00f6gi seinasegisti<br \/>&#8211; p\u00f6\u00f6rlev v\u00e4ljalaskeava<br \/>&#8211; keraamiline pea &#8211; element, mis tagab vee n\u00f5uetekohase jaotumise<br \/>&#8211; Aerator &#8211; \u00f5hutaja, mis v\u00e4hendab veekulu<br \/>&#8211; h\u00fcdroliitmikku katva roseti l\u00e4bim\u00f5\u00f5t on 6 cm.<br \/>&#8211; lihtne hooldus &#8211; soe vesi ja PH-neutraalne seep<br \/>&#8211; vaata teisi Copper seeria mudeleid<\/p>\n<hr>\n<p dir=\"ltr\"><span>Otsid originaalset retro-alternatiivi t\u00f6\u00f6laua segistile? Valige seinale paigaldatav segisti! Kaunis retroh\u00f5nguline seinasegisti on praktiline ja stiilne lisa vannitoa v\u00f5i k\u00f6\u00f6gi sisekujundusele. Huvitav roosakas kuldne v\u00e4rv ja pintslij\u00e4ljed sobivad v\u00e4ga h\u00e4sti rustikaalsete, t\u00f6\u00f6stuslike ja vintage interj\u00f6\u00f6ride juurde. Treipingi, profileeritud kraanikaussi ja iseloomulikud kraanid muudavad segisti eriti h\u00f5lpsasti kasutatavaks ja stiilseks.  <\/span><\/p>\n<hr>\n<p dir=\"ltr\">\n<\/p>\n<\/div>\n","protected":false},"excerpt":{"rendered":"<p>Mudel WX. XT119 Vase kollektsioon EAN. 5905369900464 Kraani t\u00fc\u00fcp Seinale paigaldatav V\u00e4ljalaskeava pikkus (cm) 15 Materjal Messing \u00dcldine k\u00f5rgus (cm)<\/p>\n","protected":false},"featured_media":100889,"comment_status":"open","ping_status":"closed","template":"","meta":{"_acf_changed":false,"pmpro_default_level":""},"product_brand":[],"product_cat":[24180],"product_tag":[],"class_list":{"0":"post-134990","1":"product","2":"type-product","3":"status-publish","4":"has-post-thumbnail","6":"product_cat-seinale-paigaldatavad-koogisegistid","7":"pmpro-has-access","9":"first","10":"instock","11":"shipping-taxable","12":"purchasable","13":"product-type-simple"},"acf":[],"yoast_head":"<!-- This site is optimized with the Yoast SEO plugin v24.9 - https:\/\/yoast.com\/wordpress\/plugins\/seo\/ -->\n<title>Roosakas kuldne seinakraan COPPER 1 low - MetalTale.com<\/title>\n<meta name=\"robots\" content=\"index, follow, max-snippet:-1, max-image-preview:large, max-video-preview:-1\" \/>\n<link rel=\"canonical\" href=\"https:\/\/metaltale.com\/et\/toode\/roosakas-kuldne-seinakraan-copper-1-low\/\" \/>\n<meta property=\"og:locale\" content=\"et_EE\" \/>\n<meta property=\"og:type\" content=\"article\" \/>\n<meta property=\"og:title\" content=\"Roosakas kuldne seinakraan COPPER 1 low - MetalTale.com\" \/>\n<meta property=\"og:description\" content=\"Mudel WX. XT119 Vase kollektsioon EAN. 5905369900464 Kraani t\u00fc\u00fcp Seinale paigaldatav V\u00e4ljalaskeava pikkus (cm) 15 Materjal Messing \u00dcldine k\u00f5rgus (cm)\" \/>\n<meta property=\"og:url\" content=\"https:\/\/metaltale.com\/et\/toode\/roosakas-kuldne-seinakraan-copper-1-low\/\" \/>\n<meta property=\"og:site_name\" content=\"MetalTale.com\" \/>\n<meta name=\"twitter:card\" content=\"summary_large_image\" \/>\n<meta name=\"twitter:label1\" content=\"Est. reading time\" \/>\n\t<meta name=\"twitter:data1\" content=\"1 minut\" \/>\n<script type=\"application\/ld+json\" class=\"yoast-schema-graph\">{\"@context\":\"https:\/\/schema.org\",\"@graph\":[{\"@type\":\"WebPage\",\"@id\":\"https:\/\/metaltale.com\/et\/toode\/roosakas-kuldne-seinakraan-copper-1-low\/\",\"url\":\"https:\/\/metaltale.com\/et\/toode\/roosakas-kuldne-seinakraan-copper-1-low\/\",\"name\":\"Roosakas kuldne seinakraan COPPER 1 low - MetalTale.com\",\"isPartOf\":{\"@id\":\"https:\/\/metaltale.com\/et\/#website\"},\"primaryImageOfPage\":{\"@id\":\"https:\/\/metaltale.com\/et\/toode\/roosakas-kuldne-seinakraan-copper-1-low\/#primaryimage\"},\"image\":{\"@id\":\"https:\/\/metaltale.com\/et\/toode\/roosakas-kuldne-seinakraan-copper-1-low\/#primaryimage\"},\"thumbnailUrl\":\"https:\/\/metaltale.com\/wp-content\/uploads\/2023\/11\/COPPER-1-sieninis-maix161ytuvas.jpg\",\"datePublished\":\"2024-02-13T11:51:04+00:00\",\"breadcrumb\":{\"@id\":\"https:\/\/metaltale.com\/et\/toode\/roosakas-kuldne-seinakraan-copper-1-low\/#breadcrumb\"},\"inLanguage\":\"et\",\"potentialAction\":[{\"@type\":\"ReadAction\",\"target\":[\"https:\/\/metaltale.com\/et\/toode\/roosakas-kuldne-seinakraan-copper-1-low\/\"]}]},{\"@type\":\"ImageObject\",\"inLanguage\":\"et\",\"@id\":\"https:\/\/metaltale.com\/et\/toode\/roosakas-kuldne-seinakraan-copper-1-low\/#primaryimage\",\"url\":\"https:\/\/metaltale.com\/wp-content\/uploads\/2023\/11\/COPPER-1-sieninis-maix161ytuvas.jpg\",\"contentUrl\":\"https:\/\/metaltale.com\/wp-content\/uploads\/2023\/11\/COPPER-1-sieninis-maix161ytuvas.jpg\",\"width\":800,\"height\":800},{\"@type\":\"BreadcrumbList\",\"@id\":\"https:\/\/metaltale.com\/et\/toode\/roosakas-kuldne-seinakraan-copper-1-low\/#breadcrumb\",\"itemListElement\":[{\"@type\":\"ListItem\",\"position\":1,\"name\":\"Home\",\"item\":\"https:\/\/metaltale.com\/et\/kodu\/\"},{\"@type\":\"ListItem\",\"position\":2,\"name\":\"Kauplus\",\"item\":\"https:\/\/metaltale.com\/et\/shop\/\"},{\"@type\":\"ListItem\",\"position\":3,\"name\":\"Roosakas kuldne seinakraan COPPER 1 low\"}]},{\"@type\":\"WebSite\",\"@id\":\"https:\/\/metaltale.com\/et\/#website\",\"url\":\"https:\/\/metaltale.com\/et\/\",\"name\":\"Metaltale.com\",\"description\":\"\",\"potentialAction\":[{\"@type\":\"SearchAction\",\"target\":{\"@type\":\"EntryPoint\",\"urlTemplate\":\"https:\/\/metaltale.com\/et\/?s={search_term_string}\"},\"query-input\":{\"@type\":\"PropertyValueSpecification\",\"valueRequired\":true,\"valueName\":\"search_term_string\"}}],\"inLanguage\":\"et\"}]}<\/script>\n<!-- \/ Yoast SEO plugin. -->","yoast_head_json":{"title":"Roosakas kuldne seinakraan COPPER 1 low - MetalTale.com","robots":{"index":"index","follow":"follow","max-snippet":"max-snippet:-1","max-image-preview":"max-image-preview:large","max-video-preview":"max-video-preview:-1"},"canonical":"https:\/\/metaltale.com\/et\/toode\/roosakas-kuldne-seinakraan-copper-1-low\/","og_locale":"et_EE","og_type":"article","og_title":"Roosakas kuldne seinakraan COPPER 1 low - MetalTale.com","og_description":"Mudel WX. XT119 Vase kollektsioon EAN. 5905369900464 Kraani t\u00fc\u00fcp Seinale paigaldatav V\u00e4ljalaskeava pikkus (cm) 15 Materjal Messing \u00dcldine k\u00f5rgus (cm)","og_url":"https:\/\/metaltale.com\/et\/toode\/roosakas-kuldne-seinakraan-copper-1-low\/","og_site_name":"MetalTale.com","twitter_card":"summary_large_image","twitter_misc":{"Est. reading time":"1 minut"},"schema":{"@context":"https:\/\/schema.org","@graph":[{"@type":"WebPage","@id":"https:\/\/metaltale.com\/et\/toode\/roosakas-kuldne-seinakraan-copper-1-low\/","url":"https:\/\/metaltale.com\/et\/toode\/roosakas-kuldne-seinakraan-copper-1-low\/","name":"Roosakas kuldne seinakraan COPPER 1 low - MetalTale.com","isPartOf":{"@id":"https:\/\/metaltale.com\/et\/#website"},"primaryImageOfPage":{"@id":"https:\/\/metaltale.com\/et\/toode\/roosakas-kuldne-seinakraan-copper-1-low\/#primaryimage"},"image":{"@id":"https:\/\/metaltale.com\/et\/toode\/roosakas-kuldne-seinakraan-copper-1-low\/#primaryimage"},"thumbnailUrl":"https:\/\/metaltale.com\/wp-content\/uploads\/2023\/11\/COPPER-1-sieninis-maix161ytuvas.jpg","datePublished":"2024-02-13T11:51:04+00:00","breadcrumb":{"@id":"https:\/\/metaltale.com\/et\/toode\/roosakas-kuldne-seinakraan-copper-1-low\/#breadcrumb"},"inLanguage":"et","potentialAction":[{"@type":"ReadAction","target":["https:\/\/metaltale.com\/et\/toode\/roosakas-kuldne-seinakraan-copper-1-low\/"]}]},{"@type":"ImageObject","inLanguage":"et","@id":"https:\/\/metaltale.com\/et\/toode\/roosakas-kuldne-seinakraan-copper-1-low\/#primaryimage","url":"https:\/\/metaltale.com\/wp-content\/uploads\/2023\/11\/COPPER-1-sieninis-maix161ytuvas.jpg","contentUrl":"https:\/\/metaltale.com\/wp-content\/uploads\/2023\/11\/COPPER-1-sieninis-maix161ytuvas.jpg","width":800,"height":800},{"@type":"BreadcrumbList","@id":"https:\/\/metaltale.com\/et\/toode\/roosakas-kuldne-seinakraan-copper-1-low\/#breadcrumb","itemListElement":[{"@type":"ListItem","position":1,"name":"Home","item":"https:\/\/metaltale.com\/et\/kodu\/"},{"@type":"ListItem","position":2,"name":"Kauplus","item":"https:\/\/metaltale.com\/et\/shop\/"},{"@type":"ListItem","position":3,"name":"Roosakas kuldne seinakraan COPPER 1 low"}]},{"@type":"WebSite","@id":"https:\/\/metaltale.com\/et\/#website","url":"https:\/\/metaltale.com\/et\/","name":"Metaltale.com","description":"","potentialAction":[{"@type":"SearchAction","target":{"@type":"EntryPoint","urlTemplate":"https:\/\/metaltale.com\/et\/?s={search_term_string}"},"query-input":{"@type":"PropertyValueSpecification","valueRequired":true,"valueName":"search_term_string"}}],"inLanguage":"et"}]}},"_links":{"self":[{"href":"https:\/\/metaltale.com\/et\/wp-json\/wp\/v2\/product\/134990","targetHints":{"allow":["GET"]}}],"collection":[{"href":"https:\/\/metaltale.com\/et\/wp-json\/wp\/v2\/product"}],"about":[{"href":"https:\/\/metaltale.com\/et\/wp-json\/wp\/v2\/types\/product"}],"replies":[{"embeddable":true,"href":"https:\/\/metaltale.com\/et\/wp-json\/wp\/v2\/comments?post=134990"}],"version-history":[{"count":0,"href":"https:\/\/metaltale.com\/et\/wp-json\/wp\/v2\/product\/134990\/revisions"}],"wp:featuredmedia":[{"embeddable":true,"href":"https:\/\/metaltale.com\/et\/wp-json\/wp\/v2\/media\/100889"}],"wp:attachment":[{"href":"https:\/\/metaltale.com\/et\/wp-json\/wp\/v2\/media?parent=134990"}],"wp:term":[{"taxonomy":"product_brand","embeddable":true,"href":"https:\/\/metaltale.com\/et\/wp-json\/wp\/v2\/product_brand?post=134990"},{"taxonomy":"product_cat","embeddable":true,"href":"https:\/\/metaltale.com\/et\/wp-json\/wp\/v2\/product_cat?post=134990"},{"taxonomy":"product_tag","embeddable":true,"href":"https:\/\/metaltale.com\/et\/wp-json\/wp\/v2\/product_tag?post=134990"}],"curies":[{"name":"wp","href":"https:\/\/api.w.org\/{rel}","templated":true}]}}