{"id":134978,"date":"2024-02-13T13:51:04","date_gmt":"2024-02-13T11:51:04","guid":{"rendered":"https:\/\/metaltale.com\/produktas\/seinale-paigaldatav-segisti-must-york-2-porandale\/"},"modified":"2024-02-13T13:51:04","modified_gmt":"2024-02-13T11:51:04","slug":"seinale-paigaldatav-segisti-must-york-2-porandale","status":"publish","type":"product","link":"https:\/\/metaltale.com\/et\/toode\/seinale-paigaldatav-segisti-must-york-2-porandale\/","title":{"rendered":"Seinale paigaldatav segisti must YORK 2 p\u00f5randale"},"content":{"rendered":"<div class=\"prod_data\"><strong>Mudel<\/strong> WX. B3215. HIG. BLA  <br \/>Yorki <strong>kollektsioon<\/strong>  <br \/><strong>EAN.<\/strong>  5905369900440  <br \/>Kraani t\u00fc\u00fcp Seinale paigaldatav <br \/>V\u00e4ljalaskeava pikkus (cm ) 18 <br \/>Materjal Messing <br \/><strong>\u00dcldine k\u00f5rgus (cm)<\/strong> 25,5  <br \/>Kraanide vaheline kaugus (cm) 15 <br \/>Perlator (\u00f5hutaja) Jah <br \/>P\u00f6\u00f6rlev v\u00e4ljalaskeava Jah <br \/><strong>V\u00e4rv<\/strong> Must  <br \/>Viimistlus Pehme, satiinne efekt <br \/><strong>Lisainformatsioon<\/strong> \u00dchendus S 1\/2&#8243; x 3\/4&#8243;  <br \/>\u00dcldine laius (cm) 20 <br \/>Koguprojektsioon (cm) 26 <\/p>\n<p>&#8211; messingist vannitoa v\u00f5i k\u00f6\u00f6gi seinasegisti<br \/>&#8211; p\u00f6\u00f6rlev v\u00e4ljalaskeava<br \/>&#8211; keraamiline pea &#8211; element, mis tagab vee n\u00f5uetekohase jaotumise<br \/>&#8211; Aerator &#8211; \u00f5hutaja, mis v\u00e4hendab veekulu<br \/>&#8211; H\u00fcdraulilist \u00fchendust katva roseti l\u00e4bim\u00f5\u00f5t: 6cm<br \/>&#8211; lihtne hooldus &#8211; soe vesi ja PH-neutraalne seep<br \/>&#8211; vaata teisi Simply Retro kollektsiooni mudeleid<\/p>\n<hr>\n<p>Klassikaline retroh\u00f5nguline seinasegisti on lahendus, mis sobib nii valamusegisti kui ka valamu segisti. Messingist kraan on poolmatt ja antiikmusta v\u00e4rvi on rikastatud stiilsete kriimustustega. V\u00e4ga lihtne, reljeefne seinasegisti kuju sobib ideaalselt vanade tehastega seotud retroh\u00f5ngulistesse p\u00f6\u00f6ningukujundustesse. Traditsioonilistel kraanidel on eriline panus kraanide stiili. P\u00f6\u00f6ratav k\u00f5rge kraanikaussi on ideaalne lahendus k\u00f6\u00f6ki. Messingist seinakraanil on k\u00f5rge kvaliteet ja disainerlik v\u00e4limus. See on valmistatud kaasaegsete standardite kohaselt &#8211; \u00f5hutaja, keraamiline pea, kvaliteetne messing. Kuni detailideni viimistletud seinasegisti vastab ka k\u00f5ige n\u00f5udlikumate tarbijate ootustele.  <\/p>\n<hr>\n<\/div>\n","protected":false},"excerpt":{"rendered":"<p>Mudel WX. B3215. HIG. BLA Yorki kollektsioon EAN. 5905369900440 Kraani t\u00fc\u00fcp Seinale paigaldatav V\u00e4ljalaskeava pikkus (cm ) 18 Materjal Messing<\/p>\n","protected":false},"featured_media":81252,"comment_status":"open","ping_status":"closed","template":"","meta":{"_acf_changed":false,"pmpro_default_level":""},"product_brand":[],"product_cat":[24180],"product_tag":[],"class_list":{"0":"post-134978","1":"product","2":"type-product","3":"status-publish","4":"has-post-thumbnail","6":"product_cat-seinale-paigaldatavad-koogisegistid","7":"pmpro-has-access","9":"first","10":"instock","11":"shipping-taxable","12":"purchasable","13":"product-type-simple"},"acf":[],"yoast_head":"<!-- This site is optimized with the Yoast SEO plugin v24.9 - https:\/\/yoast.com\/wordpress\/plugins\/seo\/ -->\n<title>Seinale paigaldatav segisti must YORK 2 p\u00f5randale - MetalTale.com<\/title>\n<meta name=\"robots\" content=\"index, follow, max-snippet:-1, max-image-preview:large, max-video-preview:-1\" \/>\n<link rel=\"canonical\" href=\"https:\/\/metaltale.com\/et\/toode\/seinale-paigaldatav-segisti-must-york-2-porandale\/\" \/>\n<meta property=\"og:locale\" content=\"et_EE\" \/>\n<meta property=\"og:type\" content=\"article\" \/>\n<meta property=\"og:title\" content=\"Seinale paigaldatav segisti must YORK 2 p\u00f5randale - MetalTale.com\" \/>\n<meta property=\"og:description\" content=\"Mudel WX. B3215. HIG. BLA Yorki kollektsioon EAN. 5905369900440 Kraani t\u00fc\u00fcp Seinale paigaldatav V\u00e4ljalaskeava pikkus (cm ) 18 Materjal Messing\" \/>\n<meta property=\"og:url\" content=\"https:\/\/metaltale.com\/et\/toode\/seinale-paigaldatav-segisti-must-york-2-porandale\/\" \/>\n<meta property=\"og:site_name\" content=\"MetalTale.com\" \/>\n<meta name=\"twitter:card\" content=\"summary_large_image\" \/>\n<meta name=\"twitter:label1\" content=\"Est. reading time\" \/>\n\t<meta name=\"twitter:data1\" content=\"1 minut\" \/>\n<script type=\"application\/ld+json\" class=\"yoast-schema-graph\">{\"@context\":\"https:\/\/schema.org\",\"@graph\":[{\"@type\":\"WebPage\",\"@id\":\"https:\/\/metaltale.com\/et\/toode\/seinale-paigaldatav-segisti-must-york-2-porandale\/\",\"url\":\"https:\/\/metaltale.com\/et\/toode\/seinale-paigaldatav-segisti-must-york-2-porandale\/\",\"name\":\"Seinale paigaldatav segisti must YORK 2 p\u00f5randale - MetalTale.com\",\"isPartOf\":{\"@id\":\"https:\/\/metaltale.com\/et\/#website\"},\"primaryImageOfPage\":{\"@id\":\"https:\/\/metaltale.com\/et\/toode\/seinale-paigaldatav-segisti-must-york-2-porandale\/#primaryimage\"},\"image\":{\"@id\":\"https:\/\/metaltale.com\/et\/toode\/seinale-paigaldatav-segisti-must-york-2-porandale\/#primaryimage\"},\"thumbnailUrl\":\"https:\/\/metaltale.com\/wp-content\/uploads\/2023\/10\/Bateria-x15Bcienna-YORK-2.jpg\",\"datePublished\":\"2024-02-13T11:51:04+00:00\",\"breadcrumb\":{\"@id\":\"https:\/\/metaltale.com\/et\/toode\/seinale-paigaldatav-segisti-must-york-2-porandale\/#breadcrumb\"},\"inLanguage\":\"et\",\"potentialAction\":[{\"@type\":\"ReadAction\",\"target\":[\"https:\/\/metaltale.com\/et\/toode\/seinale-paigaldatav-segisti-must-york-2-porandale\/\"]}]},{\"@type\":\"ImageObject\",\"inLanguage\":\"et\",\"@id\":\"https:\/\/metaltale.com\/et\/toode\/seinale-paigaldatav-segisti-must-york-2-porandale\/#primaryimage\",\"url\":\"https:\/\/metaltale.com\/wp-content\/uploads\/2023\/10\/Bateria-x15Bcienna-YORK-2.jpg\",\"contentUrl\":\"https:\/\/metaltale.com\/wp-content\/uploads\/2023\/10\/Bateria-x15Bcienna-YORK-2.jpg\",\"width\":800,\"height\":800},{\"@type\":\"BreadcrumbList\",\"@id\":\"https:\/\/metaltale.com\/et\/toode\/seinale-paigaldatav-segisti-must-york-2-porandale\/#breadcrumb\",\"itemListElement\":[{\"@type\":\"ListItem\",\"position\":1,\"name\":\"Home\",\"item\":\"https:\/\/metaltale.com\/et\/kodu\/\"},{\"@type\":\"ListItem\",\"position\":2,\"name\":\"Kauplus\",\"item\":\"https:\/\/metaltale.com\/et\/shop\/\"},{\"@type\":\"ListItem\",\"position\":3,\"name\":\"Seinale paigaldatav segisti must YORK 2 p\u00f5randale\"}]},{\"@type\":\"WebSite\",\"@id\":\"https:\/\/metaltale.com\/et\/#website\",\"url\":\"https:\/\/metaltale.com\/et\/\",\"name\":\"Metaltale.com\",\"description\":\"\",\"potentialAction\":[{\"@type\":\"SearchAction\",\"target\":{\"@type\":\"EntryPoint\",\"urlTemplate\":\"https:\/\/metaltale.com\/et\/?s={search_term_string}\"},\"query-input\":{\"@type\":\"PropertyValueSpecification\",\"valueRequired\":true,\"valueName\":\"search_term_string\"}}],\"inLanguage\":\"et\"}]}<\/script>\n<!-- \/ Yoast SEO plugin. -->","yoast_head_json":{"title":"Seinale paigaldatav segisti must YORK 2 p\u00f5randale - MetalTale.com","robots":{"index":"index","follow":"follow","max-snippet":"max-snippet:-1","max-image-preview":"max-image-preview:large","max-video-preview":"max-video-preview:-1"},"canonical":"https:\/\/metaltale.com\/et\/toode\/seinale-paigaldatav-segisti-must-york-2-porandale\/","og_locale":"et_EE","og_type":"article","og_title":"Seinale paigaldatav segisti must YORK 2 p\u00f5randale - MetalTale.com","og_description":"Mudel WX. B3215. HIG. BLA Yorki kollektsioon EAN. 5905369900440 Kraani t\u00fc\u00fcp Seinale paigaldatav V\u00e4ljalaskeava pikkus (cm ) 18 Materjal Messing","og_url":"https:\/\/metaltale.com\/et\/toode\/seinale-paigaldatav-segisti-must-york-2-porandale\/","og_site_name":"MetalTale.com","twitter_card":"summary_large_image","twitter_misc":{"Est. reading time":"1 minut"},"schema":{"@context":"https:\/\/schema.org","@graph":[{"@type":"WebPage","@id":"https:\/\/metaltale.com\/et\/toode\/seinale-paigaldatav-segisti-must-york-2-porandale\/","url":"https:\/\/metaltale.com\/et\/toode\/seinale-paigaldatav-segisti-must-york-2-porandale\/","name":"Seinale paigaldatav segisti must YORK 2 p\u00f5randale - MetalTale.com","isPartOf":{"@id":"https:\/\/metaltale.com\/et\/#website"},"primaryImageOfPage":{"@id":"https:\/\/metaltale.com\/et\/toode\/seinale-paigaldatav-segisti-must-york-2-porandale\/#primaryimage"},"image":{"@id":"https:\/\/metaltale.com\/et\/toode\/seinale-paigaldatav-segisti-must-york-2-porandale\/#primaryimage"},"thumbnailUrl":"https:\/\/metaltale.com\/wp-content\/uploads\/2023\/10\/Bateria-x15Bcienna-YORK-2.jpg","datePublished":"2024-02-13T11:51:04+00:00","breadcrumb":{"@id":"https:\/\/metaltale.com\/et\/toode\/seinale-paigaldatav-segisti-must-york-2-porandale\/#breadcrumb"},"inLanguage":"et","potentialAction":[{"@type":"ReadAction","target":["https:\/\/metaltale.com\/et\/toode\/seinale-paigaldatav-segisti-must-york-2-porandale\/"]}]},{"@type":"ImageObject","inLanguage":"et","@id":"https:\/\/metaltale.com\/et\/toode\/seinale-paigaldatav-segisti-must-york-2-porandale\/#primaryimage","url":"https:\/\/metaltale.com\/wp-content\/uploads\/2023\/10\/Bateria-x15Bcienna-YORK-2.jpg","contentUrl":"https:\/\/metaltale.com\/wp-content\/uploads\/2023\/10\/Bateria-x15Bcienna-YORK-2.jpg","width":800,"height":800},{"@type":"BreadcrumbList","@id":"https:\/\/metaltale.com\/et\/toode\/seinale-paigaldatav-segisti-must-york-2-porandale\/#breadcrumb","itemListElement":[{"@type":"ListItem","position":1,"name":"Home","item":"https:\/\/metaltale.com\/et\/kodu\/"},{"@type":"ListItem","position":2,"name":"Kauplus","item":"https:\/\/metaltale.com\/et\/shop\/"},{"@type":"ListItem","position":3,"name":"Seinale paigaldatav segisti must YORK 2 p\u00f5randale"}]},{"@type":"WebSite","@id":"https:\/\/metaltale.com\/et\/#website","url":"https:\/\/metaltale.com\/et\/","name":"Metaltale.com","description":"","potentialAction":[{"@type":"SearchAction","target":{"@type":"EntryPoint","urlTemplate":"https:\/\/metaltale.com\/et\/?s={search_term_string}"},"query-input":{"@type":"PropertyValueSpecification","valueRequired":true,"valueName":"search_term_string"}}],"inLanguage":"et"}]}},"_links":{"self":[{"href":"https:\/\/metaltale.com\/et\/wp-json\/wp\/v2\/product\/134978","targetHints":{"allow":["GET"]}}],"collection":[{"href":"https:\/\/metaltale.com\/et\/wp-json\/wp\/v2\/product"}],"about":[{"href":"https:\/\/metaltale.com\/et\/wp-json\/wp\/v2\/types\/product"}],"replies":[{"embeddable":true,"href":"https:\/\/metaltale.com\/et\/wp-json\/wp\/v2\/comments?post=134978"}],"version-history":[{"count":0,"href":"https:\/\/metaltale.com\/et\/wp-json\/wp\/v2\/product\/134978\/revisions"}],"wp:featuredmedia":[{"embeddable":true,"href":"https:\/\/metaltale.com\/et\/wp-json\/wp\/v2\/media\/81252"}],"wp:attachment":[{"href":"https:\/\/metaltale.com\/et\/wp-json\/wp\/v2\/media?parent=134978"}],"wp:term":[{"taxonomy":"product_brand","embeddable":true,"href":"https:\/\/metaltale.com\/et\/wp-json\/wp\/v2\/product_brand?post=134978"},{"taxonomy":"product_cat","embeddable":true,"href":"https:\/\/metaltale.com\/et\/wp-json\/wp\/v2\/product_cat?post=134978"},{"taxonomy":"product_tag","embeddable":true,"href":"https:\/\/metaltale.com\/et\/wp-json\/wp\/v2\/product_tag?post=134978"}],"curies":[{"name":"wp","href":"https:\/\/api.w.org\/{rel}","templated":true}]}}