{"id":134967,"date":"2024-02-13T13:17:48","date_gmt":"2024-02-13T11:17:48","guid":{"rendered":"https:\/\/metaltale.com\/produktas\/roostevabast-terasest-seinale-paigaldatav-juhik-roka-uksikuksele-riputuskinnitusel\/"},"modified":"2024-02-13T13:17:48","modified_gmt":"2024-02-13T11:17:48","slug":"roostevabast-terasest-seinale-paigaldatav-juhik-roka-uksikuksele-riputuskinnitusel","status":"publish","type":"product","link":"https:\/\/metaltale.com\/et\/toode\/roostevabast-terasest-seinale-paigaldatav-juhik-roka-uksikuksele-riputuskinnitusel\/","title":{"rendered":"Roostevabast terasest seinale paigaldatav juhik ROKA \u00fcksikuksele riputuskinnitusel"},"content":{"rendered":"<div class=\"prod_data\">\n<p><strong>Mudel<\/strong> PATS. Q05SS-ST<br \/>\n<strong>EAN.<\/strong>  5905369906282<br \/>\n<strong>Materjal<\/strong> Roostevaba teras<br \/>\n<strong> [cm]Kogupikkus<\/strong> 200<strong> <\/strong><br \/>\nSeinale <strong>paigaldamine<\/strong><br \/>\n<strong>V\u00e4rv<\/strong> H\u00f5bedane, terasest<br \/>\nS\u00fcsteem <strong>on<\/strong> m\u00f5eldud ustele, mille paksus on 35 mm v\u00f5i rohkem, ilma teraskarkassita.<\/p>\n<p><strong>Komplekti kuuluvad:<\/strong><\/p>\n<p>metallkangas 200 cm (2&#215;100 cm)<\/p>\n<p>dekoratiivsed rullid (2 tk)<\/p>\n<p>tihendid (5 tk)<\/p>\n<p>Horisontaalsed (2tk) ja vertikaalsed (2tk) stopperid<\/p>\n<p>P\u00f5randajuht (1)<\/p>\n<p>Kinnituskomplekt: kruvid, poldid ja seibid<\/p>\n<p><strong>Toote omadused:<\/strong><\/p>\n<p>Pakkumine sisaldab libisevat s\u00fcsteemi \u00fchepoolsetele ustele, seinakinnitust<\/p>\n<p>Mudel on ette n\u00e4htud puidust l\u00fckandustele, mis on valmistatud paneelidest ja terasraamidest, mille kaal ei \u00fcleta 130 kg ja mille paksus on 30-45 mm.<\/p>\n<p>Passiivne koormus (200 kg) ja d\u00fcnaamiline (130 kg) testid kinnitasid k\u00f5rgeimat kvaliteeti ja ohutust.<\/p>\n<p>Rull-laager kergeks ja vaikseks s\u00f5iduks<\/p>\n<p>Horisontaalsed peatused r\u00f6\u00f6baste otstes, alumises ketis ja vertikaalsed peatused r\u00f6\u00f6baste all stabiliseerivad ust ja takistavad selle kukkumist r\u00f6\u00f6bastelt.<\/p>\n<p>Sisaldab alumist ketti, p\u00f5randale paigaldatud katet koos l\u00f5ikuriga v\u00f5i ilma selleta.<\/p>\n<p>Viis kinnituspunkti tagavad s\u00fcsteemi stabiilsuse, turvalisuse ja vastupidavuse.<\/p>\n<p>Sisaldab kruvisid paigaldamiseks nii puitkonstruktsioonidele kui ka m\u00fc\u00fcritud seintele.<\/p>\n<p>S\u00fcsteemi paigaldamine on v\u00e4ga lihtne ja intuitiivne.<\/p>\n<hr>\n<p><span style=\"color: #000000;\">Harjatud roostevabast terasest ROKA ON HANGER on rohkem kui lihtsalt libisev s\u00fcsteem. See on ainulaadne loft. Roostevabast, harjatud terasest valmistatud toode on ainulaadse h\u00f5bedase varjundiga, milles on peene helekuldse seguga. See ainulaadne kombinatsioon sobib suurep\u00e4raselt lilla, sinise v\u00f5i bee\u017ei tooniga. Juhendi katkendlikud v\u00e4rvid sobivad h\u00e4sti kokku h\u00f5bedaste v\u00f5i kuldsete detailidega. <span style=\"color: #000000;\">ROKA ON HANGER<\/span> s\u00fcsteem ja naturaalsed puituksed on ainulaadne ja pilkup\u00fc\u00fcdev kombinatsioon. Juhend ei ole m\u00f5eldud mitte ainult industriaal- ja loftstiili, vaid ka kaasaegse disaini austajatele. Tootes on \u00fchendatud <span style=\"color: #000000;\">ROKA kollektsiooni ANT PAKABOS<\/span> mudelite stabiilsus, originaalne harjatud viimistlus ja lihtne konstruktsioon. See juhend ei ole m\u00f5eldud ainult neile, kes otsivad praktilist rakendust l\u00fckandukses\u00fcsteemile.<\/span><\/p>\n<hr>\n<\/div>\n","protected":false},"excerpt":{"rendered":"<p>Mudel PATS. Q05SS-ST EAN. 5905369906282 Materjal Roostevaba teras [cm]Kogupikkus 200 Seinale paigaldamine V\u00e4rv H\u00f5bedane, terasest S\u00fcsteem on m\u00f5eldud ustele, mille<\/p>\n","protected":false},"featured_media":65367,"comment_status":"open","ping_status":"closed","template":"","meta":{"_acf_changed":false,"pmpro_default_level":""},"product_brand":[],"product_cat":[24140,24170],"product_tag":[],"class_list":{"0":"post-134967","1":"product","2":"type-product","3":"status-publish","4":"has-post-thumbnail","6":"product_cat-liuguksesusteemid","7":"product_cat-lukanduste-juhikud","8":"pmpro-has-access","10":"first","11":"instock","12":"shipping-taxable","13":"purchasable","14":"product-type-simple"},"acf":[],"yoast_head":"<!-- This site is optimized with the Yoast SEO plugin v24.9 - https:\/\/yoast.com\/wordpress\/plugins\/seo\/ -->\n<title>Roostevabast terasest seinale paigaldatav juhik ROKA \u00fcksikuksele riputuskinnitusel - MetalTale.com<\/title>\n<meta name=\"robots\" content=\"index, follow, max-snippet:-1, max-image-preview:large, max-video-preview:-1\" \/>\n<link rel=\"canonical\" href=\"https:\/\/metaltale.com\/et\/toode\/roostevabast-terasest-seinale-paigaldatav-juhik-roka-uksikuksele-riputuskinnitusel\/\" \/>\n<meta property=\"og:locale\" content=\"et_EE\" \/>\n<meta property=\"og:type\" content=\"article\" \/>\n<meta property=\"og:title\" content=\"Roostevabast terasest seinale paigaldatav juhik ROKA \u00fcksikuksele riputuskinnitusel - MetalTale.com\" \/>\n<meta property=\"og:description\" content=\"Mudel PATS. Q05SS-ST EAN. 5905369906282 Materjal Roostevaba teras [cm]Kogupikkus 200 Seinale paigaldamine V\u00e4rv H\u00f5bedane, terasest S\u00fcsteem on m\u00f5eldud ustele, mille\" \/>\n<meta property=\"og:url\" content=\"https:\/\/metaltale.com\/et\/toode\/roostevabast-terasest-seinale-paigaldatav-juhik-roka-uksikuksele-riputuskinnitusel\/\" \/>\n<meta property=\"og:site_name\" content=\"MetalTale.com\" \/>\n<meta property=\"og:image\" content=\"http:\/\/metaltale.com\/wp-content\/uploads\/2023\/09\/Prowadnica-ROKA-NA-WIESZAKU-NIERDZEWNA.jpg\" \/>\n\t<meta property=\"og:image:width\" content=\"800\" \/>\n\t<meta property=\"og:image:height\" content=\"800\" \/>\n\t<meta property=\"og:image:type\" content=\"image\/jpeg\" \/>\n<meta name=\"twitter:card\" content=\"summary_large_image\" \/>\n<meta name=\"twitter:label1\" content=\"Est. reading time\" \/>\n\t<meta name=\"twitter:data1\" content=\"1 minut\" \/>\n<script type=\"application\/ld+json\" class=\"yoast-schema-graph\">{\"@context\":\"https:\/\/schema.org\",\"@graph\":[{\"@type\":\"WebPage\",\"@id\":\"https:\/\/metaltale.com\/et\/toode\/roostevabast-terasest-seinale-paigaldatav-juhik-roka-uksikuksele-riputuskinnitusel\/\",\"url\":\"https:\/\/metaltale.com\/et\/toode\/roostevabast-terasest-seinale-paigaldatav-juhik-roka-uksikuksele-riputuskinnitusel\/\",\"name\":\"Roostevabast terasest seinale paigaldatav juhik ROKA \u00fcksikuksele riputuskinnitusel - MetalTale.com\",\"isPartOf\":{\"@id\":\"https:\/\/metaltale.com\/et\/#website\"},\"primaryImageOfPage\":{\"@id\":\"https:\/\/metaltale.com\/et\/toode\/roostevabast-terasest-seinale-paigaldatav-juhik-roka-uksikuksele-riputuskinnitusel\/#primaryimage\"},\"image\":{\"@id\":\"https:\/\/metaltale.com\/et\/toode\/roostevabast-terasest-seinale-paigaldatav-juhik-roka-uksikuksele-riputuskinnitusel\/#primaryimage\"},\"thumbnailUrl\":\"https:\/\/metaltale.com\/wp-content\/uploads\/2023\/09\/Prowadnica-ROKA-NA-WIESZAKU-NIERDZEWNA.jpg\",\"datePublished\":\"2024-02-13T11:17:48+00:00\",\"breadcrumb\":{\"@id\":\"https:\/\/metaltale.com\/et\/toode\/roostevabast-terasest-seinale-paigaldatav-juhik-roka-uksikuksele-riputuskinnitusel\/#breadcrumb\"},\"inLanguage\":\"et\",\"potentialAction\":[{\"@type\":\"ReadAction\",\"target\":[\"https:\/\/metaltale.com\/et\/toode\/roostevabast-terasest-seinale-paigaldatav-juhik-roka-uksikuksele-riputuskinnitusel\/\"]}]},{\"@type\":\"ImageObject\",\"inLanguage\":\"et\",\"@id\":\"https:\/\/metaltale.com\/et\/toode\/roostevabast-terasest-seinale-paigaldatav-juhik-roka-uksikuksele-riputuskinnitusel\/#primaryimage\",\"url\":\"https:\/\/metaltale.com\/wp-content\/uploads\/2023\/09\/Prowadnica-ROKA-NA-WIESZAKU-NIERDZEWNA.jpg\",\"contentUrl\":\"https:\/\/metaltale.com\/wp-content\/uploads\/2023\/09\/Prowadnica-ROKA-NA-WIESZAKU-NIERDZEWNA.jpg\",\"width\":800,\"height\":800,\"caption\":\"Roostevabast terasest seinale paigaldatav juhik ROKA \u00fcksikuksele riputuskinnitusel\"},{\"@type\":\"BreadcrumbList\",\"@id\":\"https:\/\/metaltale.com\/et\/toode\/roostevabast-terasest-seinale-paigaldatav-juhik-roka-uksikuksele-riputuskinnitusel\/#breadcrumb\",\"itemListElement\":[{\"@type\":\"ListItem\",\"position\":1,\"name\":\"Home\",\"item\":\"https:\/\/metaltale.com\/et\/kodu\/\"},{\"@type\":\"ListItem\",\"position\":2,\"name\":\"Kauplus\",\"item\":\"https:\/\/metaltale.com\/et\/shop\/\"},{\"@type\":\"ListItem\",\"position\":3,\"name\":\"Roostevabast terasest seinale paigaldatav juhik ROKA \u00fcksikuksele riputuskinnitusel\"}]},{\"@type\":\"WebSite\",\"@id\":\"https:\/\/metaltale.com\/et\/#website\",\"url\":\"https:\/\/metaltale.com\/et\/\",\"name\":\"Metaltale.com\",\"description\":\"\",\"potentialAction\":[{\"@type\":\"SearchAction\",\"target\":{\"@type\":\"EntryPoint\",\"urlTemplate\":\"https:\/\/metaltale.com\/et\/?s={search_term_string}\"},\"query-input\":{\"@type\":\"PropertyValueSpecification\",\"valueRequired\":true,\"valueName\":\"search_term_string\"}}],\"inLanguage\":\"et\"}]}<\/script>\n<!-- \/ Yoast SEO plugin. -->","yoast_head_json":{"title":"Roostevabast terasest seinale paigaldatav juhik ROKA \u00fcksikuksele riputuskinnitusel - MetalTale.com","robots":{"index":"index","follow":"follow","max-snippet":"max-snippet:-1","max-image-preview":"max-image-preview:large","max-video-preview":"max-video-preview:-1"},"canonical":"https:\/\/metaltale.com\/et\/toode\/roostevabast-terasest-seinale-paigaldatav-juhik-roka-uksikuksele-riputuskinnitusel\/","og_locale":"et_EE","og_type":"article","og_title":"Roostevabast terasest seinale paigaldatav juhik ROKA \u00fcksikuksele riputuskinnitusel - MetalTale.com","og_description":"Mudel PATS. Q05SS-ST EAN. 5905369906282 Materjal Roostevaba teras [cm]Kogupikkus 200 Seinale paigaldamine V\u00e4rv H\u00f5bedane, terasest S\u00fcsteem on m\u00f5eldud ustele, mille","og_url":"https:\/\/metaltale.com\/et\/toode\/roostevabast-terasest-seinale-paigaldatav-juhik-roka-uksikuksele-riputuskinnitusel\/","og_site_name":"MetalTale.com","og_image":[{"width":800,"height":800,"url":"http:\/\/metaltale.com\/wp-content\/uploads\/2023\/09\/Prowadnica-ROKA-NA-WIESZAKU-NIERDZEWNA.jpg","type":"image\/jpeg"}],"twitter_card":"summary_large_image","twitter_misc":{"Est. reading time":"1 minut"},"schema":{"@context":"https:\/\/schema.org","@graph":[{"@type":"WebPage","@id":"https:\/\/metaltale.com\/et\/toode\/roostevabast-terasest-seinale-paigaldatav-juhik-roka-uksikuksele-riputuskinnitusel\/","url":"https:\/\/metaltale.com\/et\/toode\/roostevabast-terasest-seinale-paigaldatav-juhik-roka-uksikuksele-riputuskinnitusel\/","name":"Roostevabast terasest seinale paigaldatav juhik ROKA \u00fcksikuksele riputuskinnitusel - MetalTale.com","isPartOf":{"@id":"https:\/\/metaltale.com\/et\/#website"},"primaryImageOfPage":{"@id":"https:\/\/metaltale.com\/et\/toode\/roostevabast-terasest-seinale-paigaldatav-juhik-roka-uksikuksele-riputuskinnitusel\/#primaryimage"},"image":{"@id":"https:\/\/metaltale.com\/et\/toode\/roostevabast-terasest-seinale-paigaldatav-juhik-roka-uksikuksele-riputuskinnitusel\/#primaryimage"},"thumbnailUrl":"https:\/\/metaltale.com\/wp-content\/uploads\/2023\/09\/Prowadnica-ROKA-NA-WIESZAKU-NIERDZEWNA.jpg","datePublished":"2024-02-13T11:17:48+00:00","breadcrumb":{"@id":"https:\/\/metaltale.com\/et\/toode\/roostevabast-terasest-seinale-paigaldatav-juhik-roka-uksikuksele-riputuskinnitusel\/#breadcrumb"},"inLanguage":"et","potentialAction":[{"@type":"ReadAction","target":["https:\/\/metaltale.com\/et\/toode\/roostevabast-terasest-seinale-paigaldatav-juhik-roka-uksikuksele-riputuskinnitusel\/"]}]},{"@type":"ImageObject","inLanguage":"et","@id":"https:\/\/metaltale.com\/et\/toode\/roostevabast-terasest-seinale-paigaldatav-juhik-roka-uksikuksele-riputuskinnitusel\/#primaryimage","url":"https:\/\/metaltale.com\/wp-content\/uploads\/2023\/09\/Prowadnica-ROKA-NA-WIESZAKU-NIERDZEWNA.jpg","contentUrl":"https:\/\/metaltale.com\/wp-content\/uploads\/2023\/09\/Prowadnica-ROKA-NA-WIESZAKU-NIERDZEWNA.jpg","width":800,"height":800,"caption":"Roostevabast terasest seinale paigaldatav juhik ROKA \u00fcksikuksele riputuskinnitusel"},{"@type":"BreadcrumbList","@id":"https:\/\/metaltale.com\/et\/toode\/roostevabast-terasest-seinale-paigaldatav-juhik-roka-uksikuksele-riputuskinnitusel\/#breadcrumb","itemListElement":[{"@type":"ListItem","position":1,"name":"Home","item":"https:\/\/metaltale.com\/et\/kodu\/"},{"@type":"ListItem","position":2,"name":"Kauplus","item":"https:\/\/metaltale.com\/et\/shop\/"},{"@type":"ListItem","position":3,"name":"Roostevabast terasest seinale paigaldatav juhik ROKA \u00fcksikuksele riputuskinnitusel"}]},{"@type":"WebSite","@id":"https:\/\/metaltale.com\/et\/#website","url":"https:\/\/metaltale.com\/et\/","name":"Metaltale.com","description":"","potentialAction":[{"@type":"SearchAction","target":{"@type":"EntryPoint","urlTemplate":"https:\/\/metaltale.com\/et\/?s={search_term_string}"},"query-input":{"@type":"PropertyValueSpecification","valueRequired":true,"valueName":"search_term_string"}}],"inLanguage":"et"}]}},"_links":{"self":[{"href":"https:\/\/metaltale.com\/et\/wp-json\/wp\/v2\/product\/134967","targetHints":{"allow":["GET"]}}],"collection":[{"href":"https:\/\/metaltale.com\/et\/wp-json\/wp\/v2\/product"}],"about":[{"href":"https:\/\/metaltale.com\/et\/wp-json\/wp\/v2\/types\/product"}],"replies":[{"embeddable":true,"href":"https:\/\/metaltale.com\/et\/wp-json\/wp\/v2\/comments?post=134967"}],"version-history":[{"count":0,"href":"https:\/\/metaltale.com\/et\/wp-json\/wp\/v2\/product\/134967\/revisions"}],"wp:featuredmedia":[{"embeddable":true,"href":"https:\/\/metaltale.com\/et\/wp-json\/wp\/v2\/media\/65367"}],"wp:attachment":[{"href":"https:\/\/metaltale.com\/et\/wp-json\/wp\/v2\/media?parent=134967"}],"wp:term":[{"taxonomy":"product_brand","embeddable":true,"href":"https:\/\/metaltale.com\/et\/wp-json\/wp\/v2\/product_brand?post=134967"},{"taxonomy":"product_cat","embeddable":true,"href":"https:\/\/metaltale.com\/et\/wp-json\/wp\/v2\/product_cat?post=134967"},{"taxonomy":"product_tag","embeddable":true,"href":"https:\/\/metaltale.com\/et\/wp-json\/wp\/v2\/product_tag?post=134967"}],"curies":[{"name":"wp","href":"https:\/\/api.w.org\/{rel}","templated":true}]}}