{"id":134966,"date":"2024-02-13T13:17:08","date_gmt":"2024-02-13T11:17:08","guid":{"rendered":"https:\/\/metaltale.com\/produktas\/seinajuhik-uhepoolsetele-ustele-roostevabast-terasest-old-glassed\/"},"modified":"2024-02-13T13:17:08","modified_gmt":"2024-02-13T11:17:08","slug":"seinajuhik-uhepoolsetele-ustele-roostevabast-terasest-old-glassed","status":"publish","type":"product","link":"https:\/\/metaltale.com\/et\/toode\/seinajuhik-uhepoolsetele-ustele-roostevabast-terasest-old-glassed\/","title":{"rendered":"Seinajuhik \u00fchepoolsetele ustele roostevabast terasest OLD GLASSED"},"content":{"rendered":"<div class=\"prod_data\"><strong>Mudel<\/strong> SE.A01.SS  <br \/><strong>EAN.<\/strong>  5905369906299  <br \/><strong>Materjal<\/strong> Roostevaba teras  <br \/><strong> [cm]Kogupikkus<\/strong> 200 <strong> <\/strong> <br \/>Seinale <strong>paigaldamine<\/strong>  <br \/>V\u00e4rv teras <br \/>MATYTI <strong>juhend<\/strong>  <br \/><strong>Paigaldusjuhised<\/strong> Lae alla  <\/p>\n<p><strong>Komplekti kuuluvad:<\/strong><\/p>\n<p>metallkangas 200 cm (2&#215;100 cm)<\/p>\n<p>dekoratiivsed rullid (2 tk)<\/p>\n<p>tihendid (5 tk)<\/p>\n<p>Horisontaalsed (2tk) ja vertikaalsed (2tk) stopperid<\/p>\n<p>P\u00f5randajuht (1)<\/p>\n<p>Kinnituskomplekt: kruvid, poldid ja seibid<\/p>\n<p><strong>Toote omadused:<\/strong><\/p>\n<p>Pakkumine sisaldab libisevat s\u00fcsteemi \u00fchepoolsetele ustele, seinakinnitust<\/p>\n<p>  Mudel on ette n\u00e4htud puidust l\u00fckandustele, mis on valmistatud paneelidest ja terasraamidest, mille kaal ei \u00fcleta 130 kg ja mille paksus on 30-45 mm.<\/p>\n<p>Passiivne koormus (200 kg) ja d\u00fcnaamiline (130 kg) testid kinnitasid k\u00f5rgeimat kvaliteeti ja ohutust.<\/p>\n<p>Rull-laager kergeks ja vaikseks s\u00f5iduks<\/p>\n<p>Horisontaalsed peatused r\u00f6\u00f6baste otstes, alumises ketis ja vertikaalsed peatused r\u00f6\u00f6baste all stabiliseerivad ust ja takistavad selle kukkumist r\u00f6\u00f6bastelt.<\/p>\n<p>Sisaldab alumist ketti, p\u00f5randale paigaldatud katet koos l\u00f5ikuriga v\u00f5i ilma selleta.<\/p>\n<p>Viis kinnituspunkti tagavad s\u00fcsteemi stabiilsuse, turvalisuse ja vastupidavuse.<\/p>\n<p>Sisaldab kruvisid paigaldamiseks nii puitkonstruktsioonidele kui ka m\u00fc\u00fcritud seintele.<\/p>\n<p>S\u00fcsteemi paigaldamine on v\u00e4ga lihtne ja intuitiivne.<\/p>\n<p>P\u00f5hjalik tarnekontroll ja k\u00f5rgeima kvaliteediga pakend tagavad rahulolu.<\/p>\n<hr>\n<p>Harjatud roostevabast terasest SENAS-juhik on midagi enamat kui lihtsalt libisev s\u00fcsteem. See on ainulaadne tegelane p\u00f6\u00f6ningul. Roostevabast, harjatud terasest valmistatud toode on ainulaadse h\u00f5bedase varjundiga, milles on peene helekuldse seguga. See ainulaadne kombinatsioon sobib suurep\u00e4raselt lilla, sinise v\u00f5i bee\u017ei tooniga. Juhendi katkendlikud v\u00e4rvid sobivad h\u00e4sti kokku h\u00f5bedaste v\u00f5i kuldsete detailidega. OLD-s\u00fcsteem ja naturaalse puidu v\u00e4rvi uksed on ainulaadne ja pilkup\u00fc\u00fcdev kombinatsioon. Juhend ei ole m\u00f5eldud mitte ainult industriaal- ja loftstiili, vaid ka kaasaegse disaini austajatele. Toode \u00fchendab endas stabiilsuse ja originaalse harjatud viimistluse OLD kollektsiooni lihtsa disainiga. See juhend ei ole m\u00f5eldud ainult neile, kes otsivad liugukses\u00fcsteemi praktilist rakendust.<\/p>\n<hr>\n<\/div>\n","protected":false},"excerpt":{"rendered":"<p>Mudel SE.A01.SS EAN. 5905369906299 Materjal Roostevaba teras [cm]Kogupikkus 200 Seinale paigaldamine V\u00e4rv teras MATYTI juhend Paigaldusjuhised Lae alla Komplekti kuuluvad:<\/p>\n","protected":false},"featured_media":64896,"comment_status":"open","ping_status":"closed","template":"","meta":{"_acf_changed":false,"pmpro_default_level":""},"product_brand":[],"product_cat":[24140,24170],"product_tag":[],"class_list":{"0":"post-134966","1":"product","2":"type-product","3":"status-publish","4":"has-post-thumbnail","6":"product_cat-liuguksesusteemid","7":"product_cat-lukanduste-juhikud","8":"pmpro-has-access","10":"first","11":"instock","12":"shipping-taxable","13":"purchasable","14":"product-type-simple"},"acf":[],"yoast_head":"<!-- This site is optimized with the Yoast SEO plugin v24.9 - https:\/\/yoast.com\/wordpress\/plugins\/seo\/ -->\n<title>Seinajuhik \u00fchepoolsetele ustele roostevabast terasest OLD GLASSED - MetalTale.com<\/title>\n<meta name=\"robots\" content=\"index, follow, max-snippet:-1, max-image-preview:large, max-video-preview:-1\" \/>\n<link rel=\"canonical\" href=\"https:\/\/metaltale.com\/et\/toode\/seinajuhik-uhepoolsetele-ustele-roostevabast-terasest-old-glassed\/\" \/>\n<meta property=\"og:locale\" content=\"et_EE\" \/>\n<meta property=\"og:type\" content=\"article\" \/>\n<meta property=\"og:title\" content=\"Seinajuhik \u00fchepoolsetele ustele roostevabast terasest OLD GLASSED - MetalTale.com\" \/>\n<meta property=\"og:description\" content=\"Mudel SE.A01.SS EAN. 5905369906299 Materjal Roostevaba teras [cm]Kogupikkus 200 Seinale paigaldamine V\u00e4rv teras MATYTI juhend Paigaldusjuhised Lae alla Komplekti kuuluvad:\" \/>\n<meta property=\"og:url\" content=\"https:\/\/metaltale.com\/et\/toode\/seinajuhik-uhepoolsetele-ustele-roostevabast-terasest-old-glassed\/\" \/>\n<meta property=\"og:site_name\" content=\"MetalTale.com\" \/>\n<meta property=\"og:image\" content=\"http:\/\/metaltale.com\/wp-content\/uploads\/2023\/09\/Prowadnica-SENOJI-NIERDZEWNA.jpg\" \/>\n\t<meta property=\"og:image:width\" content=\"800\" \/>\n\t<meta property=\"og:image:height\" content=\"800\" \/>\n\t<meta property=\"og:image:type\" content=\"image\/jpeg\" \/>\n<meta name=\"twitter:card\" content=\"summary_large_image\" \/>\n<meta name=\"twitter:label1\" content=\"Est. reading time\" \/>\n\t<meta name=\"twitter:data1\" content=\"1 minut\" \/>\n<script type=\"application\/ld+json\" class=\"yoast-schema-graph\">{\"@context\":\"https:\/\/schema.org\",\"@graph\":[{\"@type\":\"WebPage\",\"@id\":\"https:\/\/metaltale.com\/et\/toode\/seinajuhik-uhepoolsetele-ustele-roostevabast-terasest-old-glassed\/\",\"url\":\"https:\/\/metaltale.com\/et\/toode\/seinajuhik-uhepoolsetele-ustele-roostevabast-terasest-old-glassed\/\",\"name\":\"Seinajuhik \u00fchepoolsetele ustele roostevabast terasest OLD GLASSED - MetalTale.com\",\"isPartOf\":{\"@id\":\"https:\/\/metaltale.com\/et\/#website\"},\"primaryImageOfPage\":{\"@id\":\"https:\/\/metaltale.com\/et\/toode\/seinajuhik-uhepoolsetele-ustele-roostevabast-terasest-old-glassed\/#primaryimage\"},\"image\":{\"@id\":\"https:\/\/metaltale.com\/et\/toode\/seinajuhik-uhepoolsetele-ustele-roostevabast-terasest-old-glassed\/#primaryimage\"},\"thumbnailUrl\":\"https:\/\/metaltale.com\/wp-content\/uploads\/2023\/09\/Prowadnica-SENOJI-NIERDZEWNA.jpg\",\"datePublished\":\"2024-02-13T11:17:08+00:00\",\"breadcrumb\":{\"@id\":\"https:\/\/metaltale.com\/et\/toode\/seinajuhik-uhepoolsetele-ustele-roostevabast-terasest-old-glassed\/#breadcrumb\"},\"inLanguage\":\"et\",\"potentialAction\":[{\"@type\":\"ReadAction\",\"target\":[\"https:\/\/metaltale.com\/et\/toode\/seinajuhik-uhepoolsetele-ustele-roostevabast-terasest-old-glassed\/\"]}]},{\"@type\":\"ImageObject\",\"inLanguage\":\"et\",\"@id\":\"https:\/\/metaltale.com\/et\/toode\/seinajuhik-uhepoolsetele-ustele-roostevabast-terasest-old-glassed\/#primaryimage\",\"url\":\"https:\/\/metaltale.com\/wp-content\/uploads\/2023\/09\/Prowadnica-SENOJI-NIERDZEWNA.jpg\",\"contentUrl\":\"https:\/\/metaltale.com\/wp-content\/uploads\/2023\/09\/Prowadnica-SENOJI-NIERDZEWNA.jpg\",\"width\":800,\"height\":800,\"caption\":\"Stumdom\u0173 dur\u0173 sistema OLD GLASSED\"},{\"@type\":\"BreadcrumbList\",\"@id\":\"https:\/\/metaltale.com\/et\/toode\/seinajuhik-uhepoolsetele-ustele-roostevabast-terasest-old-glassed\/#breadcrumb\",\"itemListElement\":[{\"@type\":\"ListItem\",\"position\":1,\"name\":\"Home\",\"item\":\"https:\/\/metaltale.com\/et\/kodu\/\"},{\"@type\":\"ListItem\",\"position\":2,\"name\":\"Kauplus\",\"item\":\"https:\/\/metaltale.com\/et\/shop\/\"},{\"@type\":\"ListItem\",\"position\":3,\"name\":\"Seinajuhik \u00fchepoolsetele ustele roostevabast terasest OLD GLASSED\"}]},{\"@type\":\"WebSite\",\"@id\":\"https:\/\/metaltale.com\/et\/#website\",\"url\":\"https:\/\/metaltale.com\/et\/\",\"name\":\"Metaltale.com\",\"description\":\"\",\"potentialAction\":[{\"@type\":\"SearchAction\",\"target\":{\"@type\":\"EntryPoint\",\"urlTemplate\":\"https:\/\/metaltale.com\/et\/?s={search_term_string}\"},\"query-input\":{\"@type\":\"PropertyValueSpecification\",\"valueRequired\":true,\"valueName\":\"search_term_string\"}}],\"inLanguage\":\"et\"}]}<\/script>\n<!-- \/ Yoast SEO plugin. -->","yoast_head_json":{"title":"Seinajuhik \u00fchepoolsetele ustele roostevabast terasest OLD GLASSED - MetalTale.com","robots":{"index":"index","follow":"follow","max-snippet":"max-snippet:-1","max-image-preview":"max-image-preview:large","max-video-preview":"max-video-preview:-1"},"canonical":"https:\/\/metaltale.com\/et\/toode\/seinajuhik-uhepoolsetele-ustele-roostevabast-terasest-old-glassed\/","og_locale":"et_EE","og_type":"article","og_title":"Seinajuhik \u00fchepoolsetele ustele roostevabast terasest OLD GLASSED - MetalTale.com","og_description":"Mudel SE.A01.SS EAN. 5905369906299 Materjal Roostevaba teras [cm]Kogupikkus 200 Seinale paigaldamine V\u00e4rv teras MATYTI juhend Paigaldusjuhised Lae alla Komplekti kuuluvad:","og_url":"https:\/\/metaltale.com\/et\/toode\/seinajuhik-uhepoolsetele-ustele-roostevabast-terasest-old-glassed\/","og_site_name":"MetalTale.com","og_image":[{"width":800,"height":800,"url":"http:\/\/metaltale.com\/wp-content\/uploads\/2023\/09\/Prowadnica-SENOJI-NIERDZEWNA.jpg","type":"image\/jpeg"}],"twitter_card":"summary_large_image","twitter_misc":{"Est. reading time":"1 minut"},"schema":{"@context":"https:\/\/schema.org","@graph":[{"@type":"WebPage","@id":"https:\/\/metaltale.com\/et\/toode\/seinajuhik-uhepoolsetele-ustele-roostevabast-terasest-old-glassed\/","url":"https:\/\/metaltale.com\/et\/toode\/seinajuhik-uhepoolsetele-ustele-roostevabast-terasest-old-glassed\/","name":"Seinajuhik \u00fchepoolsetele ustele roostevabast terasest OLD GLASSED - MetalTale.com","isPartOf":{"@id":"https:\/\/metaltale.com\/et\/#website"},"primaryImageOfPage":{"@id":"https:\/\/metaltale.com\/et\/toode\/seinajuhik-uhepoolsetele-ustele-roostevabast-terasest-old-glassed\/#primaryimage"},"image":{"@id":"https:\/\/metaltale.com\/et\/toode\/seinajuhik-uhepoolsetele-ustele-roostevabast-terasest-old-glassed\/#primaryimage"},"thumbnailUrl":"https:\/\/metaltale.com\/wp-content\/uploads\/2023\/09\/Prowadnica-SENOJI-NIERDZEWNA.jpg","datePublished":"2024-02-13T11:17:08+00:00","breadcrumb":{"@id":"https:\/\/metaltale.com\/et\/toode\/seinajuhik-uhepoolsetele-ustele-roostevabast-terasest-old-glassed\/#breadcrumb"},"inLanguage":"et","potentialAction":[{"@type":"ReadAction","target":["https:\/\/metaltale.com\/et\/toode\/seinajuhik-uhepoolsetele-ustele-roostevabast-terasest-old-glassed\/"]}]},{"@type":"ImageObject","inLanguage":"et","@id":"https:\/\/metaltale.com\/et\/toode\/seinajuhik-uhepoolsetele-ustele-roostevabast-terasest-old-glassed\/#primaryimage","url":"https:\/\/metaltale.com\/wp-content\/uploads\/2023\/09\/Prowadnica-SENOJI-NIERDZEWNA.jpg","contentUrl":"https:\/\/metaltale.com\/wp-content\/uploads\/2023\/09\/Prowadnica-SENOJI-NIERDZEWNA.jpg","width":800,"height":800,"caption":"Stumdom\u0173 dur\u0173 sistema OLD GLASSED"},{"@type":"BreadcrumbList","@id":"https:\/\/metaltale.com\/et\/toode\/seinajuhik-uhepoolsetele-ustele-roostevabast-terasest-old-glassed\/#breadcrumb","itemListElement":[{"@type":"ListItem","position":1,"name":"Home","item":"https:\/\/metaltale.com\/et\/kodu\/"},{"@type":"ListItem","position":2,"name":"Kauplus","item":"https:\/\/metaltale.com\/et\/shop\/"},{"@type":"ListItem","position":3,"name":"Seinajuhik \u00fchepoolsetele ustele roostevabast terasest OLD GLASSED"}]},{"@type":"WebSite","@id":"https:\/\/metaltale.com\/et\/#website","url":"https:\/\/metaltale.com\/et\/","name":"Metaltale.com","description":"","potentialAction":[{"@type":"SearchAction","target":{"@type":"EntryPoint","urlTemplate":"https:\/\/metaltale.com\/et\/?s={search_term_string}"},"query-input":{"@type":"PropertyValueSpecification","valueRequired":true,"valueName":"search_term_string"}}],"inLanguage":"et"}]}},"_links":{"self":[{"href":"https:\/\/metaltale.com\/et\/wp-json\/wp\/v2\/product\/134966","targetHints":{"allow":["GET"]}}],"collection":[{"href":"https:\/\/metaltale.com\/et\/wp-json\/wp\/v2\/product"}],"about":[{"href":"https:\/\/metaltale.com\/et\/wp-json\/wp\/v2\/types\/product"}],"replies":[{"embeddable":true,"href":"https:\/\/metaltale.com\/et\/wp-json\/wp\/v2\/comments?post=134966"}],"version-history":[{"count":0,"href":"https:\/\/metaltale.com\/et\/wp-json\/wp\/v2\/product\/134966\/revisions"}],"wp:featuredmedia":[{"embeddable":true,"href":"https:\/\/metaltale.com\/et\/wp-json\/wp\/v2\/media\/64896"}],"wp:attachment":[{"href":"https:\/\/metaltale.com\/et\/wp-json\/wp\/v2\/media?parent=134966"}],"wp:term":[{"taxonomy":"product_brand","embeddable":true,"href":"https:\/\/metaltale.com\/et\/wp-json\/wp\/v2\/product_brand?post=134966"},{"taxonomy":"product_cat","embeddable":true,"href":"https:\/\/metaltale.com\/et\/wp-json\/wp\/v2\/product_cat?post=134966"},{"taxonomy":"product_tag","embeddable":true,"href":"https:\/\/metaltale.com\/et\/wp-json\/wp\/v2\/product_tag?post=134966"}],"curies":[{"name":"wp","href":"https:\/\/api.w.org\/{rel}","templated":true}]}}