{"id":134961,"date":"2024-02-13T13:17:48","date_gmt":"2024-02-13T11:17:48","guid":{"rendered":"https:\/\/metaltale.com\/produktas\/seinajuhik-uhepoolsetele-ustele-terasest-grafiit-loft\/"},"modified":"2024-02-13T13:17:48","modified_gmt":"2024-02-13T11:17:48","slug":"seinajuhik-uhepoolsetele-ustele-terasest-grafiit-loft","status":"publish","type":"product","link":"https:\/\/metaltale.com\/et\/toode\/seinajuhik-uhepoolsetele-ustele-terasest-grafiit-loft\/","title":{"rendered":"Seinajuhik \u00fchepoolsetele ustele terasest grafiit LOFT"},"content":{"rendered":"<div class=\"prod_data\"><strong>Mudel<\/strong> ZA. PRO-S10-2000  <br \/><strong>EAN.<\/strong>  5907772071274  <br \/><strong>Materjal<\/strong> teras  <br \/><strong> [cm]Kogupikkus<\/strong> 200 <strong> <\/strong> <br \/><strong>Paigalduskruvid<\/strong> Jah  <br \/>Seinale <strong>paigaldamine<\/strong>  <br \/>V\u00e4rv teras <br \/>MATYTI <strong>juhend<\/strong>  <\/p>\n<p><strong>Komplekti kuuluvad:<\/strong><\/p>\n<p>metallkangas 200 cm (2&#215;100 cm)<\/p>\n<p>dekoratiivsed rullid (2 tk)<\/p>\n<p>Tihendid (4 tk)<\/p>\n<p>Horisontaalsed (2 \u00fchikut) ja vertikaalsed (1 \u00fchik) peatused<\/p>\n<p>P\u00f5randajuht (1)<\/p>\n<p>Kinnituskomplekt: kruvid, poldid ja seibid<\/p>\n<p><strong>Toote omadused:<\/strong><\/p>\n<p>Pakkumine sisaldab libisevat s\u00fcsteemi \u00fchepoolsetele ustele, seinakinnitust<\/p>\n<p>Sisaldab 8 mm paksust riba, et muuta see koormuskindlaks.<\/p>\n<p>  N\u00e4idatud mudel on ette n\u00e4htud puidust l\u00fckanduste jaoks, mis on valmistatud paneelist ja teraskarkassist, mille kaal ei \u00fcleta 130 kg ja mille paksus on 35-45 mm.<\/p>\n<p>Passiivne koormus (200 kg) ja d\u00fcnaamiline (130 kg) testid kinnitasid k\u00f5rgeimat kvaliteeti ja ohutust.<\/p>\n<p>Rull-laager kergeks ja vaikseks s\u00f5iduks<\/p>\n<p>Horisontaalsed peatused r\u00f6\u00f6baste otstes, alumises ketis ja vertikaalsed peatused r\u00f6\u00f6baste all stabiliseerivad ust ja takistavad selle kukkumist r\u00f6\u00f6bastelt.<\/p>\n<p>Sisaldab alumist ketti, p\u00f5randale paigaldatud katet koos l\u00f5ikuriga v\u00f5i ilma selleta.<\/p>\n<p>Viis kinnituspunkti tagavad s\u00fcsteemi stabiilsuse, turvalisuse ja vastupidavuse.<\/p>\n<p>Sisaldab kruvisid paigaldamiseks nii puitkonstruktsioonidele kui ka m\u00fc\u00fcritud seintele.<\/p>\n<p>S\u00fcsteemi paigaldamine on v\u00e4ga lihtne ja intuitiivne.<\/p>\n<p>P\u00f5hjalik tarnekontroll ja k\u00f5rgeima kvaliteediga pakend tagavad rahulolu.<\/p>\n<hr>\n<p>LOFT liugukses\u00fcsteem &#8211; tuntud ka kui laudauks &#8211; on ideaalne lahendus inimestele, kes soovivad r\u00f5hutada kujundatud ruumi t\u00f6\u00f6stuslikku atmosf\u00e4\u00e4ri. T\u00f6\u00f6tlemata teras kerge patina, kriimustuste ja \u00f5ige kujuga detailide puhul tundub, et see on k\u00f5ige ihaldusv\u00e4\u00e4rsem efekt. Juhik on valmistatud lakitud terasest.<\/p>\n<hr>\n<\/div>\n","protected":false},"excerpt":{"rendered":"<p>Mudel ZA. PRO-S10-2000 EAN. 5907772071274 Materjal teras [cm]Kogupikkus 200 Paigalduskruvid Jah Seinale paigaldamine V\u00e4rv teras MATYTI juhend Komplekti kuuluvad: metallkangas<\/p>\n","protected":false},"featured_media":65493,"comment_status":"open","ping_status":"closed","template":"","meta":{"_acf_changed":false,"pmpro_default_level":""},"product_brand":[],"product_cat":[24140],"product_tag":[],"class_list":{"0":"post-134961","1":"product","2":"type-product","3":"status-publish","4":"has-post-thumbnail","6":"product_cat-liuguksesusteemid","7":"pmpro-has-access","9":"first","10":"instock","11":"shipping-taxable","12":"purchasable","13":"product-type-simple"},"acf":[],"yoast_head":"<!-- This site is optimized with the Yoast SEO plugin v24.9 - https:\/\/yoast.com\/wordpress\/plugins\/seo\/ -->\n<title>Seinajuhik \u00fchepoolsetele ustele terasest grafiit LOFT - MetalTale.com<\/title>\n<meta name=\"robots\" content=\"index, follow, max-snippet:-1, max-image-preview:large, max-video-preview:-1\" \/>\n<link rel=\"canonical\" href=\"https:\/\/metaltale.com\/et\/toode\/seinajuhik-uhepoolsetele-ustele-terasest-grafiit-loft\/\" \/>\n<meta property=\"og:locale\" content=\"et_EE\" \/>\n<meta property=\"og:type\" content=\"article\" \/>\n<meta property=\"og:title\" content=\"Seinajuhik \u00fchepoolsetele ustele terasest grafiit LOFT - MetalTale.com\" \/>\n<meta property=\"og:description\" content=\"Mudel ZA. PRO-S10-2000 EAN. 5907772071274 Materjal teras [cm]Kogupikkus 200 Paigalduskruvid Jah Seinale paigaldamine V\u00e4rv teras MATYTI juhend Komplekti kuuluvad: metallkangas\" \/>\n<meta property=\"og:url\" content=\"https:\/\/metaltale.com\/et\/toode\/seinajuhik-uhepoolsetele-ustele-terasest-grafiit-loft\/\" \/>\n<meta property=\"og:site_name\" content=\"MetalTale.com\" \/>\n<meta name=\"twitter:card\" content=\"summary_large_image\" \/>\n<meta name=\"twitter:label1\" content=\"Est. reading time\" \/>\n\t<meta name=\"twitter:data1\" content=\"1 minut\" \/>\n<script type=\"application\/ld+json\" class=\"yoast-schema-graph\">{\"@context\":\"https:\/\/schema.org\",\"@graph\":[{\"@type\":\"WebPage\",\"@id\":\"https:\/\/metaltale.com\/et\/toode\/seinajuhik-uhepoolsetele-ustele-terasest-grafiit-loft\/\",\"url\":\"https:\/\/metaltale.com\/et\/toode\/seinajuhik-uhepoolsetele-ustele-terasest-grafiit-loft\/\",\"name\":\"Seinajuhik \u00fchepoolsetele ustele terasest grafiit LOFT - MetalTale.com\",\"isPartOf\":{\"@id\":\"https:\/\/metaltale.com\/et\/#website\"},\"primaryImageOfPage\":{\"@id\":\"https:\/\/metaltale.com\/et\/toode\/seinajuhik-uhepoolsetele-ustele-terasest-grafiit-loft\/#primaryimage\"},\"image\":{\"@id\":\"https:\/\/metaltale.com\/et\/toode\/seinajuhik-uhepoolsetele-ustele-terasest-grafiit-loft\/#primaryimage\"},\"thumbnailUrl\":\"https:\/\/metaltale.com\/wp-content\/uploads\/2023\/09\/Prowadnica-LOFT-STAL-GRAFITAS.jpg\",\"datePublished\":\"2024-02-13T11:17:48+00:00\",\"breadcrumb\":{\"@id\":\"https:\/\/metaltale.com\/et\/toode\/seinajuhik-uhepoolsetele-ustele-terasest-grafiit-loft\/#breadcrumb\"},\"inLanguage\":\"et\",\"potentialAction\":[{\"@type\":\"ReadAction\",\"target\":[\"https:\/\/metaltale.com\/et\/toode\/seinajuhik-uhepoolsetele-ustele-terasest-grafiit-loft\/\"]}]},{\"@type\":\"ImageObject\",\"inLanguage\":\"et\",\"@id\":\"https:\/\/metaltale.com\/et\/toode\/seinajuhik-uhepoolsetele-ustele-terasest-grafiit-loft\/#primaryimage\",\"url\":\"https:\/\/metaltale.com\/wp-content\/uploads\/2023\/09\/Prowadnica-LOFT-STAL-GRAFITAS.jpg\",\"contentUrl\":\"https:\/\/metaltale.com\/wp-content\/uploads\/2023\/09\/Prowadnica-LOFT-STAL-GRAFITAS.jpg\",\"width\":800,\"height\":800},{\"@type\":\"BreadcrumbList\",\"@id\":\"https:\/\/metaltale.com\/et\/toode\/seinajuhik-uhepoolsetele-ustele-terasest-grafiit-loft\/#breadcrumb\",\"itemListElement\":[{\"@type\":\"ListItem\",\"position\":1,\"name\":\"Home\",\"item\":\"https:\/\/metaltale.com\/et\/kodu\/\"},{\"@type\":\"ListItem\",\"position\":2,\"name\":\"Kauplus\",\"item\":\"https:\/\/metaltale.com\/et\/shop\/\"},{\"@type\":\"ListItem\",\"position\":3,\"name\":\"Seinajuhik \u00fchepoolsetele ustele terasest grafiit LOFT\"}]},{\"@type\":\"WebSite\",\"@id\":\"https:\/\/metaltale.com\/et\/#website\",\"url\":\"https:\/\/metaltale.com\/et\/\",\"name\":\"Metaltale.com\",\"description\":\"\",\"potentialAction\":[{\"@type\":\"SearchAction\",\"target\":{\"@type\":\"EntryPoint\",\"urlTemplate\":\"https:\/\/metaltale.com\/et\/?s={search_term_string}\"},\"query-input\":{\"@type\":\"PropertyValueSpecification\",\"valueRequired\":true,\"valueName\":\"search_term_string\"}}],\"inLanguage\":\"et\"}]}<\/script>\n<!-- \/ Yoast SEO plugin. -->","yoast_head_json":{"title":"Seinajuhik \u00fchepoolsetele ustele terasest grafiit LOFT - MetalTale.com","robots":{"index":"index","follow":"follow","max-snippet":"max-snippet:-1","max-image-preview":"max-image-preview:large","max-video-preview":"max-video-preview:-1"},"canonical":"https:\/\/metaltale.com\/et\/toode\/seinajuhik-uhepoolsetele-ustele-terasest-grafiit-loft\/","og_locale":"et_EE","og_type":"article","og_title":"Seinajuhik \u00fchepoolsetele ustele terasest grafiit LOFT - MetalTale.com","og_description":"Mudel ZA. PRO-S10-2000 EAN. 5907772071274 Materjal teras [cm]Kogupikkus 200 Paigalduskruvid Jah Seinale paigaldamine V\u00e4rv teras MATYTI juhend Komplekti kuuluvad: metallkangas","og_url":"https:\/\/metaltale.com\/et\/toode\/seinajuhik-uhepoolsetele-ustele-terasest-grafiit-loft\/","og_site_name":"MetalTale.com","twitter_card":"summary_large_image","twitter_misc":{"Est. reading time":"1 minut"},"schema":{"@context":"https:\/\/schema.org","@graph":[{"@type":"WebPage","@id":"https:\/\/metaltale.com\/et\/toode\/seinajuhik-uhepoolsetele-ustele-terasest-grafiit-loft\/","url":"https:\/\/metaltale.com\/et\/toode\/seinajuhik-uhepoolsetele-ustele-terasest-grafiit-loft\/","name":"Seinajuhik \u00fchepoolsetele ustele terasest grafiit LOFT - MetalTale.com","isPartOf":{"@id":"https:\/\/metaltale.com\/et\/#website"},"primaryImageOfPage":{"@id":"https:\/\/metaltale.com\/et\/toode\/seinajuhik-uhepoolsetele-ustele-terasest-grafiit-loft\/#primaryimage"},"image":{"@id":"https:\/\/metaltale.com\/et\/toode\/seinajuhik-uhepoolsetele-ustele-terasest-grafiit-loft\/#primaryimage"},"thumbnailUrl":"https:\/\/metaltale.com\/wp-content\/uploads\/2023\/09\/Prowadnica-LOFT-STAL-GRAFITAS.jpg","datePublished":"2024-02-13T11:17:48+00:00","breadcrumb":{"@id":"https:\/\/metaltale.com\/et\/toode\/seinajuhik-uhepoolsetele-ustele-terasest-grafiit-loft\/#breadcrumb"},"inLanguage":"et","potentialAction":[{"@type":"ReadAction","target":["https:\/\/metaltale.com\/et\/toode\/seinajuhik-uhepoolsetele-ustele-terasest-grafiit-loft\/"]}]},{"@type":"ImageObject","inLanguage":"et","@id":"https:\/\/metaltale.com\/et\/toode\/seinajuhik-uhepoolsetele-ustele-terasest-grafiit-loft\/#primaryimage","url":"https:\/\/metaltale.com\/wp-content\/uploads\/2023\/09\/Prowadnica-LOFT-STAL-GRAFITAS.jpg","contentUrl":"https:\/\/metaltale.com\/wp-content\/uploads\/2023\/09\/Prowadnica-LOFT-STAL-GRAFITAS.jpg","width":800,"height":800},{"@type":"BreadcrumbList","@id":"https:\/\/metaltale.com\/et\/toode\/seinajuhik-uhepoolsetele-ustele-terasest-grafiit-loft\/#breadcrumb","itemListElement":[{"@type":"ListItem","position":1,"name":"Home","item":"https:\/\/metaltale.com\/et\/kodu\/"},{"@type":"ListItem","position":2,"name":"Kauplus","item":"https:\/\/metaltale.com\/et\/shop\/"},{"@type":"ListItem","position":3,"name":"Seinajuhik \u00fchepoolsetele ustele terasest grafiit LOFT"}]},{"@type":"WebSite","@id":"https:\/\/metaltale.com\/et\/#website","url":"https:\/\/metaltale.com\/et\/","name":"Metaltale.com","description":"","potentialAction":[{"@type":"SearchAction","target":{"@type":"EntryPoint","urlTemplate":"https:\/\/metaltale.com\/et\/?s={search_term_string}"},"query-input":{"@type":"PropertyValueSpecification","valueRequired":true,"valueName":"search_term_string"}}],"inLanguage":"et"}]}},"_links":{"self":[{"href":"https:\/\/metaltale.com\/et\/wp-json\/wp\/v2\/product\/134961","targetHints":{"allow":["GET"]}}],"collection":[{"href":"https:\/\/metaltale.com\/et\/wp-json\/wp\/v2\/product"}],"about":[{"href":"https:\/\/metaltale.com\/et\/wp-json\/wp\/v2\/types\/product"}],"replies":[{"embeddable":true,"href":"https:\/\/metaltale.com\/et\/wp-json\/wp\/v2\/comments?post=134961"}],"version-history":[{"count":0,"href":"https:\/\/metaltale.com\/et\/wp-json\/wp\/v2\/product\/134961\/revisions"}],"wp:featuredmedia":[{"embeddable":true,"href":"https:\/\/metaltale.com\/et\/wp-json\/wp\/v2\/media\/65493"}],"wp:attachment":[{"href":"https:\/\/metaltale.com\/et\/wp-json\/wp\/v2\/media?parent=134961"}],"wp:term":[{"taxonomy":"product_brand","embeddable":true,"href":"https:\/\/metaltale.com\/et\/wp-json\/wp\/v2\/product_brand?post=134961"},{"taxonomy":"product_cat","embeddable":true,"href":"https:\/\/metaltale.com\/et\/wp-json\/wp\/v2\/product_cat?post=134961"},{"taxonomy":"product_tag","embeddable":true,"href":"https:\/\/metaltale.com\/et\/wp-json\/wp\/v2\/product_tag?post=134961"}],"curies":[{"name":"wp","href":"https:\/\/api.w.org\/{rel}","templated":true}]}}