{"id":134952,"date":"2024-02-13T14:03:04","date_gmt":"2024-02-13T12:03:04","guid":{"rendered":"https:\/\/metaltale.com\/produktas\/salford-must-nurgavoolikuhanake\/"},"modified":"2024-02-13T14:03:04","modified_gmt":"2024-02-13T12:03:04","slug":"salford-must-nurgavoolikuhanake","status":"publish","type":"product","link":"https:\/\/metaltale.com\/et\/toode\/salford-must-nurgavoolikuhanake\/","title":{"rendered":"SALFORD must nurgavoolikuhanake"},"content":{"rendered":"<div class=\"prod_data\"><strong>Mudel<\/strong> WX.8152B.BLA  <br \/><strong>Kogumisanumad<\/strong>  <br \/><strong>EAN.<\/strong>  5905369904387  <br \/><strong>V\u00e4ljalaskeava pikkus (cm<\/strong> ) 1,5  <br \/>\u00dcldine k\u00f5rgus (cm) 4 <br \/><strong>V\u00e4rv<\/strong> Must  <br \/><strong>Viimistlus<\/strong> Matte  <br \/><strong>LISATEAVE<\/strong> Voolik ei kuulu komplekti  <\/p>\n<p>&#8211; Messingist, korrosioonikindel nurgakraan pesumasinale v\u00f5i WC-le<br \/>&#8211; t\u00e4iuslikuks tihendamiseks keraamiline pea<br \/>&#8211; Keskmisest pikem kasutusiga, mis on tagatud k\u00f5rgeimate tootmisstandarditega<br \/>&#8211; lihtne hooldus &#8211; soe vesi ja PH-neutraalne seep<br \/>&#8211; vaata teisi torude kollektsiooni mudeleid<\/p>\n<hr>\n<p>Voolikukraan on iga kodu h\u00e4davajalik vannitoa sisustuse osa. Selle lihtne, h\u00fcdrauliline konstruktsioon ja k\u00f5rge kvaliteet on selle suurimad tugevused. Valmistatud messingist, p\u00fcsivad liitmikud usaldusv\u00e4\u00e4rselt aastaid. Kavandatav mudel on osa Tubes-kollektsioonist, mis h\u00f5lmab ka k\u00f6\u00f6gikraanid, kraanikaussid, vannikraanid ja du\u0161ikomplektid.<\/p>\n<hr>\n<\/div>\n","protected":false},"excerpt":{"rendered":"<p>Mudel WX.8152B.BLA Kogumisanumad EAN. 5905369904387 V\u00e4ljalaskeava pikkus (cm ) 1,5 \u00dcldine k\u00f5rgus (cm) 4 V\u00e4rv Must Viimistlus Matte LISATEAVE Voolik<\/p>\n","protected":false},"featured_media":84825,"comment_status":"open","ping_status":"closed","template":"","meta":{"_acf_changed":false,"pmpro_default_level":""},"product_brand":[],"product_cat":[24193],"product_tag":[],"class_list":{"0":"post-134952","1":"product","2":"type-product","3":"status-publish","4":"has-post-thumbnail","6":"product_cat-veekraanid-ja-ventiilid","7":"pmpro-has-access","9":"first","10":"instock","11":"shipping-taxable","12":"purchasable","13":"product-type-simple"},"acf":[],"yoast_head":"<!-- This site is optimized with the Yoast SEO plugin v24.9 - https:\/\/yoast.com\/wordpress\/plugins\/seo\/ -->\n<title>SALFORD must nurgavoolikuhanake - MetalTale.com<\/title>\n<meta name=\"robots\" content=\"index, follow, max-snippet:-1, max-image-preview:large, max-video-preview:-1\" \/>\n<link rel=\"canonical\" href=\"https:\/\/metaltale.com\/et\/toode\/salford-must-nurgavoolikuhanake\/\" \/>\n<meta property=\"og:locale\" content=\"et_EE\" \/>\n<meta property=\"og:type\" content=\"article\" \/>\n<meta property=\"og:title\" content=\"SALFORD must nurgavoolikuhanake - MetalTale.com\" \/>\n<meta property=\"og:description\" content=\"Mudel WX.8152B.BLA Kogumisanumad EAN. 5905369904387 V\u00e4ljalaskeava pikkus (cm ) 1,5 \u00dcldine k\u00f5rgus (cm) 4 V\u00e4rv Must Viimistlus Matte LISATEAVE Voolik\" \/>\n<meta property=\"og:url\" content=\"https:\/\/metaltale.com\/et\/toode\/salford-must-nurgavoolikuhanake\/\" \/>\n<meta property=\"og:site_name\" content=\"MetalTale.com\" \/>\n<meta name=\"twitter:card\" content=\"summary_large_image\" \/>\n<meta name=\"twitter:label1\" content=\"Est. reading time\" \/>\n\t<meta name=\"twitter:data1\" content=\"1 minut\" \/>\n<script type=\"application\/ld+json\" class=\"yoast-schema-graph\">{\"@context\":\"https:\/\/schema.org\",\"@graph\":[{\"@type\":\"WebPage\",\"@id\":\"https:\/\/metaltale.com\/et\/toode\/salford-must-nurgavoolikuhanake\/\",\"url\":\"https:\/\/metaltale.com\/et\/toode\/salford-must-nurgavoolikuhanake\/\",\"name\":\"SALFORD must nurgavoolikuhanake - MetalTale.com\",\"isPartOf\":{\"@id\":\"https:\/\/metaltale.com\/et\/#website\"},\"primaryImageOfPage\":{\"@id\":\"https:\/\/metaltale.com\/et\/toode\/salford-must-nurgavoolikuhanake\/#primaryimage\"},\"image\":{\"@id\":\"https:\/\/metaltale.com\/et\/toode\/salford-must-nurgavoolikuhanake\/#primaryimage\"},\"thumbnailUrl\":\"https:\/\/metaltale.com\/wp-content\/uploads\/2023\/10\/Kranikas-SALFORDAS.jpg\",\"datePublished\":\"2024-02-13T12:03:04+00:00\",\"breadcrumb\":{\"@id\":\"https:\/\/metaltale.com\/et\/toode\/salford-must-nurgavoolikuhanake\/#breadcrumb\"},\"inLanguage\":\"et\",\"potentialAction\":[{\"@type\":\"ReadAction\",\"target\":[\"https:\/\/metaltale.com\/et\/toode\/salford-must-nurgavoolikuhanake\/\"]}]},{\"@type\":\"ImageObject\",\"inLanguage\":\"et\",\"@id\":\"https:\/\/metaltale.com\/et\/toode\/salford-must-nurgavoolikuhanake\/#primaryimage\",\"url\":\"https:\/\/metaltale.com\/wp-content\/uploads\/2023\/10\/Kranikas-SALFORDAS.jpg\",\"contentUrl\":\"https:\/\/metaltale.com\/wp-content\/uploads\/2023\/10\/Kranikas-SALFORDAS.jpg\",\"width\":800,\"height\":800},{\"@type\":\"BreadcrumbList\",\"@id\":\"https:\/\/metaltale.com\/et\/toode\/salford-must-nurgavoolikuhanake\/#breadcrumb\",\"itemListElement\":[{\"@type\":\"ListItem\",\"position\":1,\"name\":\"Home\",\"item\":\"https:\/\/metaltale.com\/et\/kodu\/\"},{\"@type\":\"ListItem\",\"position\":2,\"name\":\"Kauplus\",\"item\":\"https:\/\/metaltale.com\/et\/shop\/\"},{\"@type\":\"ListItem\",\"position\":3,\"name\":\"SALFORD must nurgavoolikuhanake\"}]},{\"@type\":\"WebSite\",\"@id\":\"https:\/\/metaltale.com\/et\/#website\",\"url\":\"https:\/\/metaltale.com\/et\/\",\"name\":\"Metaltale.com\",\"description\":\"\",\"potentialAction\":[{\"@type\":\"SearchAction\",\"target\":{\"@type\":\"EntryPoint\",\"urlTemplate\":\"https:\/\/metaltale.com\/et\/?s={search_term_string}\"},\"query-input\":{\"@type\":\"PropertyValueSpecification\",\"valueRequired\":true,\"valueName\":\"search_term_string\"}}],\"inLanguage\":\"et\"}]}<\/script>\n<!-- \/ Yoast SEO plugin. -->","yoast_head_json":{"title":"SALFORD must nurgavoolikuhanake - MetalTale.com","robots":{"index":"index","follow":"follow","max-snippet":"max-snippet:-1","max-image-preview":"max-image-preview:large","max-video-preview":"max-video-preview:-1"},"canonical":"https:\/\/metaltale.com\/et\/toode\/salford-must-nurgavoolikuhanake\/","og_locale":"et_EE","og_type":"article","og_title":"SALFORD must nurgavoolikuhanake - MetalTale.com","og_description":"Mudel WX.8152B.BLA Kogumisanumad EAN. 5905369904387 V\u00e4ljalaskeava pikkus (cm ) 1,5 \u00dcldine k\u00f5rgus (cm) 4 V\u00e4rv Must Viimistlus Matte LISATEAVE Voolik","og_url":"https:\/\/metaltale.com\/et\/toode\/salford-must-nurgavoolikuhanake\/","og_site_name":"MetalTale.com","twitter_card":"summary_large_image","twitter_misc":{"Est. reading time":"1 minut"},"schema":{"@context":"https:\/\/schema.org","@graph":[{"@type":"WebPage","@id":"https:\/\/metaltale.com\/et\/toode\/salford-must-nurgavoolikuhanake\/","url":"https:\/\/metaltale.com\/et\/toode\/salford-must-nurgavoolikuhanake\/","name":"SALFORD must nurgavoolikuhanake - MetalTale.com","isPartOf":{"@id":"https:\/\/metaltale.com\/et\/#website"},"primaryImageOfPage":{"@id":"https:\/\/metaltale.com\/et\/toode\/salford-must-nurgavoolikuhanake\/#primaryimage"},"image":{"@id":"https:\/\/metaltale.com\/et\/toode\/salford-must-nurgavoolikuhanake\/#primaryimage"},"thumbnailUrl":"https:\/\/metaltale.com\/wp-content\/uploads\/2023\/10\/Kranikas-SALFORDAS.jpg","datePublished":"2024-02-13T12:03:04+00:00","breadcrumb":{"@id":"https:\/\/metaltale.com\/et\/toode\/salford-must-nurgavoolikuhanake\/#breadcrumb"},"inLanguage":"et","potentialAction":[{"@type":"ReadAction","target":["https:\/\/metaltale.com\/et\/toode\/salford-must-nurgavoolikuhanake\/"]}]},{"@type":"ImageObject","inLanguage":"et","@id":"https:\/\/metaltale.com\/et\/toode\/salford-must-nurgavoolikuhanake\/#primaryimage","url":"https:\/\/metaltale.com\/wp-content\/uploads\/2023\/10\/Kranikas-SALFORDAS.jpg","contentUrl":"https:\/\/metaltale.com\/wp-content\/uploads\/2023\/10\/Kranikas-SALFORDAS.jpg","width":800,"height":800},{"@type":"BreadcrumbList","@id":"https:\/\/metaltale.com\/et\/toode\/salford-must-nurgavoolikuhanake\/#breadcrumb","itemListElement":[{"@type":"ListItem","position":1,"name":"Home","item":"https:\/\/metaltale.com\/et\/kodu\/"},{"@type":"ListItem","position":2,"name":"Kauplus","item":"https:\/\/metaltale.com\/et\/shop\/"},{"@type":"ListItem","position":3,"name":"SALFORD must nurgavoolikuhanake"}]},{"@type":"WebSite","@id":"https:\/\/metaltale.com\/et\/#website","url":"https:\/\/metaltale.com\/et\/","name":"Metaltale.com","description":"","potentialAction":[{"@type":"SearchAction","target":{"@type":"EntryPoint","urlTemplate":"https:\/\/metaltale.com\/et\/?s={search_term_string}"},"query-input":{"@type":"PropertyValueSpecification","valueRequired":true,"valueName":"search_term_string"}}],"inLanguage":"et"}]}},"_links":{"self":[{"href":"https:\/\/metaltale.com\/et\/wp-json\/wp\/v2\/product\/134952","targetHints":{"allow":["GET"]}}],"collection":[{"href":"https:\/\/metaltale.com\/et\/wp-json\/wp\/v2\/product"}],"about":[{"href":"https:\/\/metaltale.com\/et\/wp-json\/wp\/v2\/types\/product"}],"replies":[{"embeddable":true,"href":"https:\/\/metaltale.com\/et\/wp-json\/wp\/v2\/comments?post=134952"}],"version-history":[{"count":0,"href":"https:\/\/metaltale.com\/et\/wp-json\/wp\/v2\/product\/134952\/revisions"}],"wp:featuredmedia":[{"embeddable":true,"href":"https:\/\/metaltale.com\/et\/wp-json\/wp\/v2\/media\/84825"}],"wp:attachment":[{"href":"https:\/\/metaltale.com\/et\/wp-json\/wp\/v2\/media?parent=134952"}],"wp:term":[{"taxonomy":"product_brand","embeddable":true,"href":"https:\/\/metaltale.com\/et\/wp-json\/wp\/v2\/product_brand?post=134952"},{"taxonomy":"product_cat","embeddable":true,"href":"https:\/\/metaltale.com\/et\/wp-json\/wp\/v2\/product_cat?post=134952"},{"taxonomy":"product_tag","embeddable":true,"href":"https:\/\/metaltale.com\/et\/wp-json\/wp\/v2\/product_tag?post=134952"}],"curies":[{"name":"wp","href":"https:\/\/api.w.org\/{rel}","templated":true}]}}