{"id":134943,"date":"2024-02-13T13:25:05","date_gmt":"2024-02-13T11:25:05","guid":{"rendered":"https:\/\/metaltale.com\/produktas\/sajana-katusealuse-klaasist-lukanduksed-2\/"},"modified":"2024-02-13T13:25:05","modified_gmt":"2024-02-13T11:25:05","slug":"sajana-katusealuse-klaasist-lukanduksed-2","status":"publish","type":"product","link":"https:\/\/metaltale.com\/et\/toode\/sajana-katusealuse-klaasist-lukanduksed-2\/","title":{"rendered":"SAJANA katusealuse klaasist l\u00fckanduksed"},"content":{"rendered":"<div class=\"prod_data\"><strong>SAVE-mudel<\/strong>. GD.029.PRGR  <br \/><strong>Materjal<\/strong> Alumiinium, klaas  <br \/><strong>Paksus (cm)<\/strong> 3  <br \/>\u00dcldine k\u00f5rgus (cm) 210 <br \/><strong>Klaasi t\u00fc\u00fcp<\/strong> Karastatud klaas  <br \/><strong>Raami v\u00e4rv<\/strong> Must  <br \/><strong>Klaasi paksus (cm)<\/strong> 0,8  <br \/><strong>Klaasi v\u00e4rvus<\/strong> Selge \/ piimjas  <br \/><strong>Tarnet\u00fc\u00fcp<\/strong> Minikomplektidest valmistatud toode  <br \/>LISATEAVE Pakkumine kehtib ainult \u00fche ukselaua kohta ja ei sisalda libisevuss\u00fcsteemi ega muid lisaseadmeid. <\/p>\n<hr>\n<p>&#8211; Alumiiniumi ja klaasi kombinatsioonist valmistatud uksed<br \/>&#8211; Raam on valmistatud kvaliteetsest, \u00fclikergest alumiiniumist, mis tagab stabiilsuse ja kasutusmugavuse.<br \/>&#8211; Karastatud 8 mm paksune klaas tagab t\u00e4ieliku ohutuse<br \/>&#8211; pulberv\u00e4rvitud viimistlus v\u00f5imaldab uksi kasutada niiskusega kokkupuutuvates ruumides<br \/>&#8211; kaasaegne v\u00e4rvimistehnoloogia koos kvaliteetsete lakkidega, mis tagavad kauakestva v\u00e4rvi ja kriimustuskindluse.<br \/>&#8211; Seda uksemudelit iseloomustab horisontaalsete klaasliistude ja \u00fche vertikaalse liistu kasutamine.<br \/>&#8211; mitmek\u00fclgne disain, mis sobib ideaalselt mis tahes stiilis <span class=\"hiddenSpellError\">loft<\/span> ja <span class=\"hiddenGrammarError\">kaasaegse<\/span> interj\u00f6\u00f6riga<\/p>\n<hr>\n<p><span class=\"hiddenSpellError\">SAJANA<\/span> on eksklusiivne, silmatorkav ja pilkup\u00fc\u00fcdev klaasist l\u00fckanduks alumiiniumraamiga. Nad on t\u00f5elised teemandid. Kerge konstruktsioon ja karastatud 8 mm klaas tagavad t\u00e4ieliku ohutuse ja mugavuse. Uste iseloomustab t\u00e4psus ja t\u00e4helepanu detailidele, mis tagab lihtsa ja intuitiivse paigalduse. T\u00e4iuslikult sobitatud komponendid ja k\u00f5rgeima kvaliteediga materjalid moodustavad t\u00f5eliselt muljetavaldava ukse. Eespool mainitud pulberv\u00e4rvitud alumiiniumraam v\u00f5imaldab kasutada ust mitte ainult elutoas v\u00f5i magamistoas, vaid ka vannitoas v\u00f5i k\u00f6\u00f6gis. See sobib ideaalselt libisevate s\u00fcsteemide jaoks, mille rullid on paigaldatud ukse \u00fcla- v\u00f5i esik\u00fcljele, ning sobib suurep\u00e4raselt nii tagasihoidlike, minimalistlike liuguste kui ka julgete, <span class=\"hiddenSpellError\">loft-taoliste<\/span> disainilahenduste juurde. <span class=\"hiddenSpellError\">SAJANA<\/span> on kahtlemata see mudel, mis<\/p>\n<hr>\n<p>*<span> Kahepoolse liugukses\u00fcsteemi puhul tuleb kasutada <\/span> ainult<span class=\"hiddenGrammarError\">hinget\u00fc\u00fcpi<\/span><span> juhtseadmeid <\/span>.  <\/p>\n<\/div>\n","protected":false},"excerpt":{"rendered":"<p>SAVE-mudel. GD.029.PRGR Materjal Alumiinium, klaas Paksus (cm) 3 \u00dcldine k\u00f5rgus (cm) 210 Klaasi t\u00fc\u00fcp Karastatud klaas Raami v\u00e4rv Must Klaasi<\/p>\n","protected":false},"featured_media":97614,"comment_status":"open","ping_status":"closed","template":"","meta":{"_acf_changed":false,"pmpro_default_level":""},"product_brand":[],"product_cat":[24146],"product_tag":[],"class_list":{"0":"post-134943","1":"product","2":"type-product","3":"status-publish","4":"has-post-thumbnail","6":"product_cat-klaasist-lukanduksed","7":"pmpro-has-access","9":"first","10":"outofstock","11":"shipping-taxable","12":"purchasable","13":"product-type-simple"},"acf":[],"yoast_head":"<!-- This site is optimized with the Yoast SEO plugin v24.9 - https:\/\/yoast.com\/wordpress\/plugins\/seo\/ -->\n<title>SAJANA katusealuse klaasist l\u00fckanduksed - MetalTale.com<\/title>\n<meta name=\"robots\" content=\"index, follow, max-snippet:-1, max-image-preview:large, max-video-preview:-1\" \/>\n<link rel=\"canonical\" href=\"https:\/\/metaltale.com\/et\/toode\/sajana-katusealuse-klaasist-lukanduksed-2\/\" \/>\n<meta property=\"og:locale\" content=\"et_EE\" \/>\n<meta property=\"og:type\" content=\"article\" \/>\n<meta property=\"og:title\" content=\"SAJANA katusealuse klaasist l\u00fckanduksed - MetalTale.com\" \/>\n<meta property=\"og:description\" content=\"SAVE-mudel. GD.029.PRGR Materjal Alumiinium, klaas Paksus (cm) 3 \u00dcldine k\u00f5rgus (cm) 210 Klaasi t\u00fc\u00fcp Karastatud klaas Raami v\u00e4rv Must Klaasi\" \/>\n<meta property=\"og:url\" content=\"https:\/\/metaltale.com\/et\/toode\/sajana-katusealuse-klaasist-lukanduksed-2\/\" \/>\n<meta property=\"og:site_name\" content=\"MetalTale.com\" \/>\n<meta name=\"twitter:card\" content=\"summary_large_image\" \/>\n<meta name=\"twitter:label1\" content=\"Est. reading time\" \/>\n\t<meta name=\"twitter:data1\" content=\"1 minut\" \/>\n<script type=\"application\/ld+json\" class=\"yoast-schema-graph\">{\"@context\":\"https:\/\/schema.org\",\"@graph\":[{\"@type\":\"WebPage\",\"@id\":\"https:\/\/metaltale.com\/et\/toode\/sajana-katusealuse-klaasist-lukanduksed-2\/\",\"url\":\"https:\/\/metaltale.com\/et\/toode\/sajana-katusealuse-klaasist-lukanduksed-2\/\",\"name\":\"SAJANA katusealuse klaasist l\u00fckanduksed - MetalTale.com\",\"isPartOf\":{\"@id\":\"https:\/\/metaltale.com\/et\/#website\"},\"primaryImageOfPage\":{\"@id\":\"https:\/\/metaltale.com\/et\/toode\/sajana-katusealuse-klaasist-lukanduksed-2\/#primaryimage\"},\"image\":{\"@id\":\"https:\/\/metaltale.com\/et\/toode\/sajana-katusealuse-klaasist-lukanduksed-2\/#primaryimage\"},\"thumbnailUrl\":\"https:\/\/metaltale.com\/wp-content\/uploads\/2023\/11\/SAJANA-durys-90x210-skaidrios.jpg\",\"datePublished\":\"2024-02-13T11:25:05+00:00\",\"breadcrumb\":{\"@id\":\"https:\/\/metaltale.com\/et\/toode\/sajana-katusealuse-klaasist-lukanduksed-2\/#breadcrumb\"},\"inLanguage\":\"et\",\"potentialAction\":[{\"@type\":\"ReadAction\",\"target\":[\"https:\/\/metaltale.com\/et\/toode\/sajana-katusealuse-klaasist-lukanduksed-2\/\"]}]},{\"@type\":\"ImageObject\",\"inLanguage\":\"et\",\"@id\":\"https:\/\/metaltale.com\/et\/toode\/sajana-katusealuse-klaasist-lukanduksed-2\/#primaryimage\",\"url\":\"https:\/\/metaltale.com\/wp-content\/uploads\/2023\/11\/SAJANA-durys-90x210-skaidrios.jpg\",\"contentUrl\":\"https:\/\/metaltale.com\/wp-content\/uploads\/2023\/11\/SAJANA-durys-90x210-skaidrios.jpg\",\"width\":800,\"height\":800,\"caption\":\"Stumdomos stiklin\u0117s durys SAJANA 90x210 skaidrus\"},{\"@type\":\"BreadcrumbList\",\"@id\":\"https:\/\/metaltale.com\/et\/toode\/sajana-katusealuse-klaasist-lukanduksed-2\/#breadcrumb\",\"itemListElement\":[{\"@type\":\"ListItem\",\"position\":1,\"name\":\"Home\",\"item\":\"https:\/\/metaltale.com\/et\/kodu\/\"},{\"@type\":\"ListItem\",\"position\":2,\"name\":\"Kauplus\",\"item\":\"https:\/\/metaltale.com\/et\/shop\/\"},{\"@type\":\"ListItem\",\"position\":3,\"name\":\"SAJANA katusealuse klaasist l\u00fckanduksed\"}]},{\"@type\":\"WebSite\",\"@id\":\"https:\/\/metaltale.com\/et\/#website\",\"url\":\"https:\/\/metaltale.com\/et\/\",\"name\":\"Metaltale.com\",\"description\":\"\",\"potentialAction\":[{\"@type\":\"SearchAction\",\"target\":{\"@type\":\"EntryPoint\",\"urlTemplate\":\"https:\/\/metaltale.com\/et\/?s={search_term_string}\"},\"query-input\":{\"@type\":\"PropertyValueSpecification\",\"valueRequired\":true,\"valueName\":\"search_term_string\"}}],\"inLanguage\":\"et\"}]}<\/script>\n<!-- \/ Yoast SEO plugin. -->","yoast_head_json":{"title":"SAJANA katusealuse klaasist l\u00fckanduksed - MetalTale.com","robots":{"index":"index","follow":"follow","max-snippet":"max-snippet:-1","max-image-preview":"max-image-preview:large","max-video-preview":"max-video-preview:-1"},"canonical":"https:\/\/metaltale.com\/et\/toode\/sajana-katusealuse-klaasist-lukanduksed-2\/","og_locale":"et_EE","og_type":"article","og_title":"SAJANA katusealuse klaasist l\u00fckanduksed - MetalTale.com","og_description":"SAVE-mudel. GD.029.PRGR Materjal Alumiinium, klaas Paksus (cm) 3 \u00dcldine k\u00f5rgus (cm) 210 Klaasi t\u00fc\u00fcp Karastatud klaas Raami v\u00e4rv Must Klaasi","og_url":"https:\/\/metaltale.com\/et\/toode\/sajana-katusealuse-klaasist-lukanduksed-2\/","og_site_name":"MetalTale.com","twitter_card":"summary_large_image","twitter_misc":{"Est. reading time":"1 minut"},"schema":{"@context":"https:\/\/schema.org","@graph":[{"@type":"WebPage","@id":"https:\/\/metaltale.com\/et\/toode\/sajana-katusealuse-klaasist-lukanduksed-2\/","url":"https:\/\/metaltale.com\/et\/toode\/sajana-katusealuse-klaasist-lukanduksed-2\/","name":"SAJANA katusealuse klaasist l\u00fckanduksed - MetalTale.com","isPartOf":{"@id":"https:\/\/metaltale.com\/et\/#website"},"primaryImageOfPage":{"@id":"https:\/\/metaltale.com\/et\/toode\/sajana-katusealuse-klaasist-lukanduksed-2\/#primaryimage"},"image":{"@id":"https:\/\/metaltale.com\/et\/toode\/sajana-katusealuse-klaasist-lukanduksed-2\/#primaryimage"},"thumbnailUrl":"https:\/\/metaltale.com\/wp-content\/uploads\/2023\/11\/SAJANA-durys-90x210-skaidrios.jpg","datePublished":"2024-02-13T11:25:05+00:00","breadcrumb":{"@id":"https:\/\/metaltale.com\/et\/toode\/sajana-katusealuse-klaasist-lukanduksed-2\/#breadcrumb"},"inLanguage":"et","potentialAction":[{"@type":"ReadAction","target":["https:\/\/metaltale.com\/et\/toode\/sajana-katusealuse-klaasist-lukanduksed-2\/"]}]},{"@type":"ImageObject","inLanguage":"et","@id":"https:\/\/metaltale.com\/et\/toode\/sajana-katusealuse-klaasist-lukanduksed-2\/#primaryimage","url":"https:\/\/metaltale.com\/wp-content\/uploads\/2023\/11\/SAJANA-durys-90x210-skaidrios.jpg","contentUrl":"https:\/\/metaltale.com\/wp-content\/uploads\/2023\/11\/SAJANA-durys-90x210-skaidrios.jpg","width":800,"height":800,"caption":"Stumdomos stiklin\u0117s durys SAJANA 90x210 skaidrus"},{"@type":"BreadcrumbList","@id":"https:\/\/metaltale.com\/et\/toode\/sajana-katusealuse-klaasist-lukanduksed-2\/#breadcrumb","itemListElement":[{"@type":"ListItem","position":1,"name":"Home","item":"https:\/\/metaltale.com\/et\/kodu\/"},{"@type":"ListItem","position":2,"name":"Kauplus","item":"https:\/\/metaltale.com\/et\/shop\/"},{"@type":"ListItem","position":3,"name":"SAJANA katusealuse klaasist l\u00fckanduksed"}]},{"@type":"WebSite","@id":"https:\/\/metaltale.com\/et\/#website","url":"https:\/\/metaltale.com\/et\/","name":"Metaltale.com","description":"","potentialAction":[{"@type":"SearchAction","target":{"@type":"EntryPoint","urlTemplate":"https:\/\/metaltale.com\/et\/?s={search_term_string}"},"query-input":{"@type":"PropertyValueSpecification","valueRequired":true,"valueName":"search_term_string"}}],"inLanguage":"et"}]}},"_links":{"self":[{"href":"https:\/\/metaltale.com\/et\/wp-json\/wp\/v2\/product\/134943","targetHints":{"allow":["GET"]}}],"collection":[{"href":"https:\/\/metaltale.com\/et\/wp-json\/wp\/v2\/product"}],"about":[{"href":"https:\/\/metaltale.com\/et\/wp-json\/wp\/v2\/types\/product"}],"replies":[{"embeddable":true,"href":"https:\/\/metaltale.com\/et\/wp-json\/wp\/v2\/comments?post=134943"}],"version-history":[{"count":0,"href":"https:\/\/metaltale.com\/et\/wp-json\/wp\/v2\/product\/134943\/revisions"}],"wp:featuredmedia":[{"embeddable":true,"href":"https:\/\/metaltale.com\/et\/wp-json\/wp\/v2\/media\/97614"}],"wp:attachment":[{"href":"https:\/\/metaltale.com\/et\/wp-json\/wp\/v2\/media?parent=134943"}],"wp:term":[{"taxonomy":"product_brand","embeddable":true,"href":"https:\/\/metaltale.com\/et\/wp-json\/wp\/v2\/product_brand?post=134943"},{"taxonomy":"product_cat","embeddable":true,"href":"https:\/\/metaltale.com\/et\/wp-json\/wp\/v2\/product_cat?post=134943"},{"taxonomy":"product_tag","embeddable":true,"href":"https:\/\/metaltale.com\/et\/wp-json\/wp\/v2\/product_tag?post=134943"}],"curies":[{"name":"wp","href":"https:\/\/api.w.org\/{rel}","templated":true}]}}