{"id":134936,"date":"2024-02-13T14:05:41","date_gmt":"2024-02-13T12:05:41","guid":{"rendered":"https:\/\/metaltale.com\/produktas\/roosett-mooblinupule-decorative-50x130mm\/"},"modified":"2024-02-13T14:05:41","modified_gmt":"2024-02-13T12:05:41","slug":"roosett-mooblinupule-decorative-50x130mm","status":"publish","type":"product","link":"https:\/\/metaltale.com\/et\/toode\/roosett-mooblinupule-decorative-50x130mm\/","title":{"rendered":"Roosett m\u00f6\u00f6blinupule DECORATIVE 50x130mm"},"content":{"rendered":"<div class=\"prod_data\">\n<p><strong>Mudel<\/strong> 49.089F. AI.75<br \/>\n<strong>EAN.<\/strong>  5905369919695<br \/>\nMaterjal Ketus<br \/>\n<strong>Paksus (cm<\/strong> ) 0,4<br \/>\n<strong>\u00dcldine k\u00f5rgus (cm)<\/strong> 5<br \/>\n<strong>\u00dcldine laius (cm)<\/strong> 13<br \/>\n<strong>Paigalduskruvid<\/strong> Kruvi<br \/>\n<strong>V\u00e4rv<\/strong> teras<br \/>\n<strong>Trim<\/strong> Waxed<\/p>\n<p>&#8211; toode on valmistatud k\u00f5rgeima kvaliteediga malmist, mis tagab rosetile vastupidavuse ja tugevuse.<br \/>\n&#8211; Roseti mitmek\u00fclgsus v\u00f5imaldab seda kombineerida mis tahes m\u00f6\u00f6bli k\u00e4epidemega.<br \/>\n&#8211; kinnitusaugud v\u00f5imaldavad kiiret ja probleemivaba montaa\u017ei<\/p>\n<hr>\n<p>Dekoratiivne malmist rosett m\u00f6\u00f6blik\u00e4epidemete all on element, mida saab kombineerida mis tahes m\u00f6\u00f6bliesemetega. See n\u00e4eb suurep\u00e4raselt v\u00e4lja heledate keraamiliste ja valatud terasest k\u00e4epidemetega. Esimesel juhul on rosetil tume taust, mis r\u00f5hutab suurep\u00e4raselt m\u00f6\u00f6blinupu ilu. Teine omakorda on harmooniline t\u00e4iendus disainile. Rosett on mitmek\u00fclgne ja seda saab paigaldada nii vertikaalselt kui ka horisontaalselt, mis on m\u00f6\u00f6bli puhul lisav\u00e4\u00e4rtuseks. Seda kasutatakse nii sahtlite kui ka vanade kapiuste, riidekappide, vitriinide ja \u00f6\u00f6kappide uste puhul. See annab igale m\u00f6\u00f6bliesemele ainulaadse iseloomu.<\/p>\n<\/div>\n","protected":false},"excerpt":{"rendered":"<p>Mudel 49.089F. AI.75 EAN. 5905369919695 Materjal Ketus Paksus (cm ) 0,4 \u00dcldine k\u00f5rgus (cm) 5 \u00dcldine laius (cm) 13 Paigalduskruvid<\/p>\n","protected":false},"featured_media":85470,"comment_status":"open","ping_status":"closed","template":"","meta":{"_acf_changed":false,"pmpro_default_level":""},"product_brand":[],"product_cat":[23880,23836,23873],"product_tag":[],"class_list":{"0":"post-134936","1":"product","2":"type-product","3":"status-publish","4":"has-post-thumbnail","6":"product_cat-baldu-rankeneles-et","7":"product_cat-moobli-tarvikud","8":"product_cat-rankeneles-et","9":"pmpro-has-access","11":"first","12":"instock","13":"shipping-taxable","14":"purchasable","15":"product-type-simple"},"acf":[],"yoast_head":"<!-- This site is optimized with the Yoast SEO plugin v24.9 - https:\/\/yoast.com\/wordpress\/plugins\/seo\/ -->\n<title>Roosett m\u00f6\u00f6blinupule DECORATIVE 50x130mm - MetalTale.com<\/title>\n<meta name=\"robots\" content=\"index, follow, max-snippet:-1, max-image-preview:large, max-video-preview:-1\" \/>\n<link rel=\"canonical\" href=\"https:\/\/metaltale.com\/et\/toode\/roosett-mooblinupule-decorative-50x130mm\/\" \/>\n<meta property=\"og:locale\" content=\"et_EE\" \/>\n<meta property=\"og:type\" content=\"article\" \/>\n<meta property=\"og:title\" content=\"Roosett m\u00f6\u00f6blinupule DECORATIVE 50x130mm - MetalTale.com\" \/>\n<meta property=\"og:description\" content=\"Mudel 49.089F. AI.75 EAN. 5905369919695 Materjal Ketus Paksus (cm ) 0,4 \u00dcldine k\u00f5rgus (cm) 5 \u00dcldine laius (cm) 13 Paigalduskruvid\" \/>\n<meta property=\"og:url\" content=\"https:\/\/metaltale.com\/et\/toode\/roosett-mooblinupule-decorative-50x130mm\/\" \/>\n<meta property=\"og:site_name\" content=\"MetalTale.com\" \/>\n<meta name=\"twitter:card\" content=\"summary_large_image\" \/>\n<meta name=\"twitter:label1\" content=\"Est. reading time\" \/>\n\t<meta name=\"twitter:data1\" content=\"1 minut\" \/>\n<script type=\"application\/ld+json\" class=\"yoast-schema-graph\">{\"@context\":\"https:\/\/schema.org\",\"@graph\":[{\"@type\":\"WebPage\",\"@id\":\"https:\/\/metaltale.com\/et\/toode\/roosett-mooblinupule-decorative-50x130mm\/\",\"url\":\"https:\/\/metaltale.com\/et\/toode\/roosett-mooblinupule-decorative-50x130mm\/\",\"name\":\"Roosett m\u00f6\u00f6blinupule DECORATIVE 50x130mm - MetalTale.com\",\"isPartOf\":{\"@id\":\"https:\/\/metaltale.com\/et\/#website\"},\"primaryImageOfPage\":{\"@id\":\"https:\/\/metaltale.com\/et\/toode\/roosett-mooblinupule-decorative-50x130mm\/#primaryimage\"},\"image\":{\"@id\":\"https:\/\/metaltale.com\/et\/toode\/roosett-mooblinupule-decorative-50x130mm\/#primaryimage\"},\"thumbnailUrl\":\"https:\/\/metaltale.com\/wp-content\/uploads\/2023\/10\/Dekoratyvinx117-rozetx117-50x130-plienas-scaled.jpg\",\"datePublished\":\"2024-02-13T12:05:41+00:00\",\"breadcrumb\":{\"@id\":\"https:\/\/metaltale.com\/et\/toode\/roosett-mooblinupule-decorative-50x130mm\/#breadcrumb\"},\"inLanguage\":\"et\",\"potentialAction\":[{\"@type\":\"ReadAction\",\"target\":[\"https:\/\/metaltale.com\/et\/toode\/roosett-mooblinupule-decorative-50x130mm\/\"]}]},{\"@type\":\"ImageObject\",\"inLanguage\":\"et\",\"@id\":\"https:\/\/metaltale.com\/et\/toode\/roosett-mooblinupule-decorative-50x130mm\/#primaryimage\",\"url\":\"https:\/\/metaltale.com\/wp-content\/uploads\/2023\/10\/Dekoratyvinx117-rozetx117-50x130-plienas-scaled.jpg\",\"contentUrl\":\"https:\/\/metaltale.com\/wp-content\/uploads\/2023\/10\/Dekoratyvinx117-rozetx117-50x130-plienas-scaled.jpg\",\"width\":2560,\"height\":2560,\"caption\":\"Roosett m\u00f6\u00f6blinupule DECORATIVE 50x130mm\"},{\"@type\":\"BreadcrumbList\",\"@id\":\"https:\/\/metaltale.com\/et\/toode\/roosett-mooblinupule-decorative-50x130mm\/#breadcrumb\",\"itemListElement\":[{\"@type\":\"ListItem\",\"position\":1,\"name\":\"Home\",\"item\":\"https:\/\/metaltale.com\/et\/kodu\/\"},{\"@type\":\"ListItem\",\"position\":2,\"name\":\"Kauplus\",\"item\":\"https:\/\/metaltale.com\/et\/shop\/\"},{\"@type\":\"ListItem\",\"position\":3,\"name\":\"Roosett m\u00f6\u00f6blinupule DECORATIVE 50x130mm\"}]},{\"@type\":\"WebSite\",\"@id\":\"https:\/\/metaltale.com\/et\/#website\",\"url\":\"https:\/\/metaltale.com\/et\/\",\"name\":\"Metaltale.com\",\"description\":\"\",\"potentialAction\":[{\"@type\":\"SearchAction\",\"target\":{\"@type\":\"EntryPoint\",\"urlTemplate\":\"https:\/\/metaltale.com\/et\/?s={search_term_string}\"},\"query-input\":{\"@type\":\"PropertyValueSpecification\",\"valueRequired\":true,\"valueName\":\"search_term_string\"}}],\"inLanguage\":\"et\"}]}<\/script>\n<!-- \/ Yoast SEO plugin. -->","yoast_head_json":{"title":"Roosett m\u00f6\u00f6blinupule DECORATIVE 50x130mm - MetalTale.com","robots":{"index":"index","follow":"follow","max-snippet":"max-snippet:-1","max-image-preview":"max-image-preview:large","max-video-preview":"max-video-preview:-1"},"canonical":"https:\/\/metaltale.com\/et\/toode\/roosett-mooblinupule-decorative-50x130mm\/","og_locale":"et_EE","og_type":"article","og_title":"Roosett m\u00f6\u00f6blinupule DECORATIVE 50x130mm - MetalTale.com","og_description":"Mudel 49.089F. AI.75 EAN. 5905369919695 Materjal Ketus Paksus (cm ) 0,4 \u00dcldine k\u00f5rgus (cm) 5 \u00dcldine laius (cm) 13 Paigalduskruvid","og_url":"https:\/\/metaltale.com\/et\/toode\/roosett-mooblinupule-decorative-50x130mm\/","og_site_name":"MetalTale.com","twitter_card":"summary_large_image","twitter_misc":{"Est. reading time":"1 minut"},"schema":{"@context":"https:\/\/schema.org","@graph":[{"@type":"WebPage","@id":"https:\/\/metaltale.com\/et\/toode\/roosett-mooblinupule-decorative-50x130mm\/","url":"https:\/\/metaltale.com\/et\/toode\/roosett-mooblinupule-decorative-50x130mm\/","name":"Roosett m\u00f6\u00f6blinupule DECORATIVE 50x130mm - MetalTale.com","isPartOf":{"@id":"https:\/\/metaltale.com\/et\/#website"},"primaryImageOfPage":{"@id":"https:\/\/metaltale.com\/et\/toode\/roosett-mooblinupule-decorative-50x130mm\/#primaryimage"},"image":{"@id":"https:\/\/metaltale.com\/et\/toode\/roosett-mooblinupule-decorative-50x130mm\/#primaryimage"},"thumbnailUrl":"https:\/\/metaltale.com\/wp-content\/uploads\/2023\/10\/Dekoratyvinx117-rozetx117-50x130-plienas-scaled.jpg","datePublished":"2024-02-13T12:05:41+00:00","breadcrumb":{"@id":"https:\/\/metaltale.com\/et\/toode\/roosett-mooblinupule-decorative-50x130mm\/#breadcrumb"},"inLanguage":"et","potentialAction":[{"@type":"ReadAction","target":["https:\/\/metaltale.com\/et\/toode\/roosett-mooblinupule-decorative-50x130mm\/"]}]},{"@type":"ImageObject","inLanguage":"et","@id":"https:\/\/metaltale.com\/et\/toode\/roosett-mooblinupule-decorative-50x130mm\/#primaryimage","url":"https:\/\/metaltale.com\/wp-content\/uploads\/2023\/10\/Dekoratyvinx117-rozetx117-50x130-plienas-scaled.jpg","contentUrl":"https:\/\/metaltale.com\/wp-content\/uploads\/2023\/10\/Dekoratyvinx117-rozetx117-50x130-plienas-scaled.jpg","width":2560,"height":2560,"caption":"Roosett m\u00f6\u00f6blinupule DECORATIVE 50x130mm"},{"@type":"BreadcrumbList","@id":"https:\/\/metaltale.com\/et\/toode\/roosett-mooblinupule-decorative-50x130mm\/#breadcrumb","itemListElement":[{"@type":"ListItem","position":1,"name":"Home","item":"https:\/\/metaltale.com\/et\/kodu\/"},{"@type":"ListItem","position":2,"name":"Kauplus","item":"https:\/\/metaltale.com\/et\/shop\/"},{"@type":"ListItem","position":3,"name":"Roosett m\u00f6\u00f6blinupule DECORATIVE 50x130mm"}]},{"@type":"WebSite","@id":"https:\/\/metaltale.com\/et\/#website","url":"https:\/\/metaltale.com\/et\/","name":"Metaltale.com","description":"","potentialAction":[{"@type":"SearchAction","target":{"@type":"EntryPoint","urlTemplate":"https:\/\/metaltale.com\/et\/?s={search_term_string}"},"query-input":{"@type":"PropertyValueSpecification","valueRequired":true,"valueName":"search_term_string"}}],"inLanguage":"et"}]}},"_links":{"self":[{"href":"https:\/\/metaltale.com\/et\/wp-json\/wp\/v2\/product\/134936","targetHints":{"allow":["GET"]}}],"collection":[{"href":"https:\/\/metaltale.com\/et\/wp-json\/wp\/v2\/product"}],"about":[{"href":"https:\/\/metaltale.com\/et\/wp-json\/wp\/v2\/types\/product"}],"replies":[{"embeddable":true,"href":"https:\/\/metaltale.com\/et\/wp-json\/wp\/v2\/comments?post=134936"}],"version-history":[{"count":0,"href":"https:\/\/metaltale.com\/et\/wp-json\/wp\/v2\/product\/134936\/revisions"}],"wp:featuredmedia":[{"embeddable":true,"href":"https:\/\/metaltale.com\/et\/wp-json\/wp\/v2\/media\/85470"}],"wp:attachment":[{"href":"https:\/\/metaltale.com\/et\/wp-json\/wp\/v2\/media?parent=134936"}],"wp:term":[{"taxonomy":"product_brand","embeddable":true,"href":"https:\/\/metaltale.com\/et\/wp-json\/wp\/v2\/product_brand?post=134936"},{"taxonomy":"product_cat","embeddable":true,"href":"https:\/\/metaltale.com\/et\/wp-json\/wp\/v2\/product_cat?post=134936"},{"taxonomy":"product_tag","embeddable":true,"href":"https:\/\/metaltale.com\/et\/wp-json\/wp\/v2\/product_tag?post=134936"}],"curies":[{"name":"wp","href":"https:\/\/api.w.org\/{rel}","templated":true}]}}