{"id":134930,"date":"2024-02-13T13:39:42","date_gmt":"2024-02-13T11:39:42","guid":{"rendered":"https:\/\/metaltale.com\/produktas\/kaaridega-spiraal-ketaus-jiutiga\/"},"modified":"2024-02-13T13:39:42","modified_gmt":"2024-02-13T11:39:42","slug":"kaaridega-spiraal-ketaus-jiutiga","status":"publish","type":"product","link":"https:\/\/metaltale.com\/et\/toode\/kaaridega-spiraal-ketaus-jiutiga\/","title":{"rendered":"K\u00e4\u00e4ridega spiraal KETAUS JIUTiga"},"content":{"rendered":"<div class=\"prod_data\"><strong>Mudel<\/strong> AF.794.591.60  <br \/><strong>EAN.<\/strong>  5905369923692  <br \/><strong>Materjal<\/strong> Ketus  <br \/><strong> [cm]Kogupikkus<\/strong> 10 <strong> <\/strong> <br \/>\u00dcldine k\u00f5rgus (cm) 25 <br \/><strong>\u00dcldine laius (cm)<\/strong> 18  <br \/>V\u00e4rv teras <\/p>\n<p>\u00d5mble maal\u00e4hedane k\u00e4\u00e4ridega valuraua alusele.<\/p>\n<p>Komplekti kuuluvad: malmist rull, d\u017euut ja l\u00f5ikeraua k\u00e4\u00e4rid.  <\/p>\n<p>Pikaajaline kokkupuude niiskusega v\u00f5ib p\u00f5hjustada k\u00e4\u00e4ride patineerumist.  <\/p>\n<p>K\u00e4\u00e4ride suurus: 12&#215;6,5cm.<\/p>\n<div class=\"orbitvu-viewer\" style=\"width: 100%;height: 100%;\">\n<div id=\"ovContent-AxRPmX6Xn5fXQ9Ac5eBjTH\"><\/div>\n<\/div>\n<\/div>\n","protected":false},"excerpt":{"rendered":"<p>Mudel AF.794.591.60 EAN. 5905369923692 Materjal Ketus [cm]Kogupikkus 10 \u00dcldine k\u00f5rgus (cm) 25 \u00dcldine laius (cm) 18 V\u00e4rv teras \u00d5mble maal\u00e4hedane<\/p>\n","protected":false},"featured_media":79542,"comment_status":"open","ping_status":"closed","template":"","meta":{"_acf_changed":false,"pmpro_default_level":""},"product_brand":[],"product_cat":[24149],"product_tag":[],"class_list":{"0":"post-134930","1":"product","2":"type-product","3":"status-publish","4":"has-post-thumbnail","6":"product_cat-ebatavalised-kaunistused","7":"pmpro-has-access","9":"first","10":"instock","11":"shipping-taxable","12":"purchasable","13":"product-type-simple"},"acf":[],"yoast_head":"<!-- This site is optimized with the Yoast SEO plugin v24.9 - https:\/\/yoast.com\/wordpress\/plugins\/seo\/ -->\n<title>K\u00e4\u00e4ridega spiraal KETAUS JIUTiga - MetalTale.com<\/title>\n<meta name=\"robots\" content=\"index, follow, max-snippet:-1, max-image-preview:large, max-video-preview:-1\" \/>\n<link rel=\"canonical\" href=\"https:\/\/metaltale.com\/et\/toode\/kaaridega-spiraal-ketaus-jiutiga\/\" \/>\n<meta property=\"og:locale\" content=\"et_EE\" \/>\n<meta property=\"og:type\" content=\"article\" \/>\n<meta property=\"og:title\" content=\"K\u00e4\u00e4ridega spiraal KETAUS JIUTiga - MetalTale.com\" \/>\n<meta property=\"og:description\" content=\"Mudel AF.794.591.60 EAN. 5905369923692 Materjal Ketus [cm]Kogupikkus 10 \u00dcldine k\u00f5rgus (cm) 25 \u00dcldine laius (cm) 18 V\u00e4rv teras \u00d5mble maal\u00e4hedane\" \/>\n<meta property=\"og:url\" content=\"https:\/\/metaltale.com\/et\/toode\/kaaridega-spiraal-ketaus-jiutiga\/\" \/>\n<meta property=\"og:site_name\" content=\"MetalTale.com\" \/>\n<meta name=\"twitter:card\" content=\"summary_large_image\" \/>\n<script type=\"application\/ld+json\" class=\"yoast-schema-graph\">{\"@context\":\"https:\/\/schema.org\",\"@graph\":[{\"@type\":\"WebPage\",\"@id\":\"https:\/\/metaltale.com\/et\/toode\/kaaridega-spiraal-ketaus-jiutiga\/\",\"url\":\"https:\/\/metaltale.com\/et\/toode\/kaaridega-spiraal-ketaus-jiutiga\/\",\"name\":\"K\u00e4\u00e4ridega spiraal KETAUS JIUTiga - MetalTale.com\",\"isPartOf\":{\"@id\":\"https:\/\/metaltale.com\/et\/#website\"},\"primaryImageOfPage\":{\"@id\":\"https:\/\/metaltale.com\/et\/toode\/kaaridega-spiraal-ketaus-jiutiga\/#primaryimage\"},\"image\":{\"@id\":\"https:\/\/metaltale.com\/et\/toode\/kaaridega-spiraal-ketaus-jiutiga\/#primaryimage\"},\"thumbnailUrl\":\"https:\/\/metaltale.com\/wp-content\/uploads\/2023\/10\/Ritx117-su-x17Eirklx117mis-KETAUS-SU-Dx17DIUTU.jpg\",\"datePublished\":\"2024-02-13T11:39:42+00:00\",\"breadcrumb\":{\"@id\":\"https:\/\/metaltale.com\/et\/toode\/kaaridega-spiraal-ketaus-jiutiga\/#breadcrumb\"},\"inLanguage\":\"et\",\"potentialAction\":[{\"@type\":\"ReadAction\",\"target\":[\"https:\/\/metaltale.com\/et\/toode\/kaaridega-spiraal-ketaus-jiutiga\/\"]}]},{\"@type\":\"ImageObject\",\"inLanguage\":\"et\",\"@id\":\"https:\/\/metaltale.com\/et\/toode\/kaaridega-spiraal-ketaus-jiutiga\/#primaryimage\",\"url\":\"https:\/\/metaltale.com\/wp-content\/uploads\/2023\/10\/Ritx117-su-x17Eirklx117mis-KETAUS-SU-Dx17DIUTU.jpg\",\"contentUrl\":\"https:\/\/metaltale.com\/wp-content\/uploads\/2023\/10\/Ritx117-su-x17Eirklx117mis-KETAUS-SU-Dx17DIUTU.jpg\",\"width\":800,\"height\":800},{\"@type\":\"BreadcrumbList\",\"@id\":\"https:\/\/metaltale.com\/et\/toode\/kaaridega-spiraal-ketaus-jiutiga\/#breadcrumb\",\"itemListElement\":[{\"@type\":\"ListItem\",\"position\":1,\"name\":\"Home\",\"item\":\"https:\/\/metaltale.com\/et\/kodu\/\"},{\"@type\":\"ListItem\",\"position\":2,\"name\":\"Kauplus\",\"item\":\"https:\/\/metaltale.com\/et\/shop\/\"},{\"@type\":\"ListItem\",\"position\":3,\"name\":\"K\u00e4\u00e4ridega spiraal KETAUS JIUTiga\"}]},{\"@type\":\"WebSite\",\"@id\":\"https:\/\/metaltale.com\/et\/#website\",\"url\":\"https:\/\/metaltale.com\/et\/\",\"name\":\"Metaltale.com\",\"description\":\"\",\"potentialAction\":[{\"@type\":\"SearchAction\",\"target\":{\"@type\":\"EntryPoint\",\"urlTemplate\":\"https:\/\/metaltale.com\/et\/?s={search_term_string}\"},\"query-input\":{\"@type\":\"PropertyValueSpecification\",\"valueRequired\":true,\"valueName\":\"search_term_string\"}}],\"inLanguage\":\"et\"}]}<\/script>\n<!-- \/ Yoast SEO plugin. -->","yoast_head_json":{"title":"K\u00e4\u00e4ridega spiraal KETAUS JIUTiga - MetalTale.com","robots":{"index":"index","follow":"follow","max-snippet":"max-snippet:-1","max-image-preview":"max-image-preview:large","max-video-preview":"max-video-preview:-1"},"canonical":"https:\/\/metaltale.com\/et\/toode\/kaaridega-spiraal-ketaus-jiutiga\/","og_locale":"et_EE","og_type":"article","og_title":"K\u00e4\u00e4ridega spiraal KETAUS JIUTiga - MetalTale.com","og_description":"Mudel AF.794.591.60 EAN. 5905369923692 Materjal Ketus [cm]Kogupikkus 10 \u00dcldine k\u00f5rgus (cm) 25 \u00dcldine laius (cm) 18 V\u00e4rv teras \u00d5mble maal\u00e4hedane","og_url":"https:\/\/metaltale.com\/et\/toode\/kaaridega-spiraal-ketaus-jiutiga\/","og_site_name":"MetalTale.com","twitter_card":"summary_large_image","schema":{"@context":"https:\/\/schema.org","@graph":[{"@type":"WebPage","@id":"https:\/\/metaltale.com\/et\/toode\/kaaridega-spiraal-ketaus-jiutiga\/","url":"https:\/\/metaltale.com\/et\/toode\/kaaridega-spiraal-ketaus-jiutiga\/","name":"K\u00e4\u00e4ridega spiraal KETAUS JIUTiga - MetalTale.com","isPartOf":{"@id":"https:\/\/metaltale.com\/et\/#website"},"primaryImageOfPage":{"@id":"https:\/\/metaltale.com\/et\/toode\/kaaridega-spiraal-ketaus-jiutiga\/#primaryimage"},"image":{"@id":"https:\/\/metaltale.com\/et\/toode\/kaaridega-spiraal-ketaus-jiutiga\/#primaryimage"},"thumbnailUrl":"https:\/\/metaltale.com\/wp-content\/uploads\/2023\/10\/Ritx117-su-x17Eirklx117mis-KETAUS-SU-Dx17DIUTU.jpg","datePublished":"2024-02-13T11:39:42+00:00","breadcrumb":{"@id":"https:\/\/metaltale.com\/et\/toode\/kaaridega-spiraal-ketaus-jiutiga\/#breadcrumb"},"inLanguage":"et","potentialAction":[{"@type":"ReadAction","target":["https:\/\/metaltale.com\/et\/toode\/kaaridega-spiraal-ketaus-jiutiga\/"]}]},{"@type":"ImageObject","inLanguage":"et","@id":"https:\/\/metaltale.com\/et\/toode\/kaaridega-spiraal-ketaus-jiutiga\/#primaryimage","url":"https:\/\/metaltale.com\/wp-content\/uploads\/2023\/10\/Ritx117-su-x17Eirklx117mis-KETAUS-SU-Dx17DIUTU.jpg","contentUrl":"https:\/\/metaltale.com\/wp-content\/uploads\/2023\/10\/Ritx117-su-x17Eirklx117mis-KETAUS-SU-Dx17DIUTU.jpg","width":800,"height":800},{"@type":"BreadcrumbList","@id":"https:\/\/metaltale.com\/et\/toode\/kaaridega-spiraal-ketaus-jiutiga\/#breadcrumb","itemListElement":[{"@type":"ListItem","position":1,"name":"Home","item":"https:\/\/metaltale.com\/et\/kodu\/"},{"@type":"ListItem","position":2,"name":"Kauplus","item":"https:\/\/metaltale.com\/et\/shop\/"},{"@type":"ListItem","position":3,"name":"K\u00e4\u00e4ridega spiraal KETAUS JIUTiga"}]},{"@type":"WebSite","@id":"https:\/\/metaltale.com\/et\/#website","url":"https:\/\/metaltale.com\/et\/","name":"Metaltale.com","description":"","potentialAction":[{"@type":"SearchAction","target":{"@type":"EntryPoint","urlTemplate":"https:\/\/metaltale.com\/et\/?s={search_term_string}"},"query-input":{"@type":"PropertyValueSpecification","valueRequired":true,"valueName":"search_term_string"}}],"inLanguage":"et"}]}},"_links":{"self":[{"href":"https:\/\/metaltale.com\/et\/wp-json\/wp\/v2\/product\/134930","targetHints":{"allow":["GET"]}}],"collection":[{"href":"https:\/\/metaltale.com\/et\/wp-json\/wp\/v2\/product"}],"about":[{"href":"https:\/\/metaltale.com\/et\/wp-json\/wp\/v2\/types\/product"}],"replies":[{"embeddable":true,"href":"https:\/\/metaltale.com\/et\/wp-json\/wp\/v2\/comments?post=134930"}],"version-history":[{"count":0,"href":"https:\/\/metaltale.com\/et\/wp-json\/wp\/v2\/product\/134930\/revisions"}],"wp:featuredmedia":[{"embeddable":true,"href":"https:\/\/metaltale.com\/et\/wp-json\/wp\/v2\/media\/79542"}],"wp:attachment":[{"href":"https:\/\/metaltale.com\/et\/wp-json\/wp\/v2\/media?parent=134930"}],"wp:term":[{"taxonomy":"product_brand","embeddable":true,"href":"https:\/\/metaltale.com\/et\/wp-json\/wp\/v2\/product_brand?post=134930"},{"taxonomy":"product_cat","embeddable":true,"href":"https:\/\/metaltale.com\/et\/wp-json\/wp\/v2\/product_cat?post=134930"},{"taxonomy":"product_tag","embeddable":true,"href":"https:\/\/metaltale.com\/et\/wp-json\/wp\/v2\/product_tag?post=134930"}],"curies":[{"name":"wp","href":"https:\/\/api.w.org\/{rel}","templated":true}]}}