{"id":134918,"date":"2024-02-13T13:41:39","date_gmt":"2024-02-13T11:41:39","guid":{"rendered":"https:\/\/metaltale.com\/produktas\/rig-koogiroopa-konks\/"},"modified":"2024-02-13T13:41:39","modified_gmt":"2024-02-13T11:41:39","slug":"rig-koogiroopa-konks","status":"publish","type":"product","link":"https:\/\/metaltale.com\/et\/toode\/rig-koogiroopa-konks\/","title":{"rendered":"RIG k\u00f6\u00f6gir\u00f6\u00f6pa konks"},"content":{"rendered":"<div class=\"prod_data\">\n<p><strong>Mudel<\/strong> 70.497S. AI.75<br \/>\n<strong>EAN.<\/strong>  5905369917370<br \/>\nMaterjal Ketus<br \/>\n<strong>\u00dcldine k\u00f5rgus (cm)<\/strong> 7,5<br \/>\n\u00dcldine laius (cm) 4,5<br \/>\n<strong>Koguprojektsioon (cm)<\/strong> 4,5<br \/>\n<strong>T\u00fc\u00fcp<\/strong> Muu<br \/>\n<strong>V\u00e4rv<\/strong> teras<br \/>\n<strong>LISATEAVE<\/strong> Konksu silmasuurus on 15 mm.<\/p>\n<p>Kavandatav <strong>riputuskonks<\/strong> on iga <strong>k\u00f6\u00f6giriiuli<\/strong> oluline element. Selle disain t\u00e4hendab traditsioonilist konksu v\u00e4limust, mille ots on veidi terav, mis v\u00f5imaldab teil k\u00f6\u00f6gitarbeid ohutult \u00fcles riputada. Teine aasaga ots tagab konksu probleemivaba ja stabiilse kinnituse teie valitud k\u00e4sipuu k\u00fclge, mist\u00f5ttu on neid lihtne kasutada.<\/p>\n<p>Valmistatud \u00fclima hoolikusega kvaliteetsest malmist, v\u00f5imaldab see sobitada mis tahes k\u00e4sipuu meie tootevalikusse.<\/p>\n<p>Tere tulemast meie maal\u00e4hedaste k\u00e4epidemete poe pealehele, kus saate tutvuda meie m\u00f6\u00f6blitarvikute, m\u00f6\u00f6blik\u00e4epidemete ja m\u00f6\u00f6blivarustuse pakkumisega.<\/p>\n<\/div>\n","protected":false},"excerpt":{"rendered":"<p>Mudel 70.497S. AI.75 EAN. 5905369917370 Materjal Ketus \u00dcldine k\u00f5rgus (cm) 7,5 \u00dcldine laius (cm) 4,5 Koguprojektsioon (cm) 4,5 T\u00fc\u00fcp Muu<\/p>\n","protected":false},"featured_media":100350,"comment_status":"open","ping_status":"closed","template":"","meta":{"_acf_changed":false,"pmpro_default_level":""},"product_brand":[],"product_cat":[24150,24206,23895],"product_tag":[],"class_list":{"0":"post-134918","1":"product","2":"type-product","3":"status-publish","4":"has-post-thumbnail","6":"product_cat-koogi-kaunistused","7":"product_cat-riputused-ja-roopad","8":"product_cat-kaunistused","9":"pmpro-has-access","11":"first","12":"instock","13":"shipping-taxable","14":"purchasable","15":"product-type-simple"},"acf":[],"yoast_head":"<!-- This site is optimized with the Yoast SEO plugin v24.9 - https:\/\/yoast.com\/wordpress\/plugins\/seo\/ -->\n<title>RIG k\u00f6\u00f6gir\u00f6\u00f6pa konks - MetalTale.com<\/title>\n<meta name=\"robots\" content=\"index, follow, max-snippet:-1, max-image-preview:large, max-video-preview:-1\" \/>\n<link rel=\"canonical\" href=\"https:\/\/metaltale.com\/et\/toode\/rig-koogiroopa-konks\/\" \/>\n<meta property=\"og:locale\" content=\"et_EE\" \/>\n<meta property=\"og:type\" content=\"article\" \/>\n<meta property=\"og:title\" content=\"RIG k\u00f6\u00f6gir\u00f6\u00f6pa konks - MetalTale.com\" \/>\n<meta property=\"og:description\" content=\"Mudel 70.497S. AI.75 EAN. 5905369917370 Materjal Ketus \u00dcldine k\u00f5rgus (cm) 7,5 \u00dcldine laius (cm) 4,5 Koguprojektsioon (cm) 4,5 T\u00fc\u00fcp Muu\" \/>\n<meta property=\"og:url\" content=\"https:\/\/metaltale.com\/et\/toode\/rig-koogiroopa-konks\/\" \/>\n<meta property=\"og:site_name\" content=\"MetalTale.com\" \/>\n<meta property=\"og:image\" content=\"https:\/\/metaltale.com\/wp-content\/uploads\/2023\/11\/Hak-do-relingu-RIG.jpg\" \/>\n\t<meta property=\"og:image:width\" content=\"800\" \/>\n\t<meta property=\"og:image:height\" content=\"800\" \/>\n\t<meta property=\"og:image:type\" content=\"image\/jpeg\" \/>\n<meta name=\"twitter:card\" content=\"summary_large_image\" \/>\n<meta name=\"twitter:label1\" content=\"Est. reading time\" \/>\n\t<meta name=\"twitter:data1\" content=\"1 minut\" \/>\n<script type=\"application\/ld+json\" class=\"yoast-schema-graph\">{\"@context\":\"https:\/\/schema.org\",\"@graph\":[{\"@type\":\"WebPage\",\"@id\":\"https:\/\/metaltale.com\/et\/toode\/rig-koogiroopa-konks\/\",\"url\":\"https:\/\/metaltale.com\/et\/toode\/rig-koogiroopa-konks\/\",\"name\":\"RIG k\u00f6\u00f6gir\u00f6\u00f6pa konks - MetalTale.com\",\"isPartOf\":{\"@id\":\"https:\/\/metaltale.com\/et\/#website\"},\"primaryImageOfPage\":{\"@id\":\"https:\/\/metaltale.com\/et\/toode\/rig-koogiroopa-konks\/#primaryimage\"},\"image\":{\"@id\":\"https:\/\/metaltale.com\/et\/toode\/rig-koogiroopa-konks\/#primaryimage\"},\"thumbnailUrl\":\"https:\/\/metaltale.com\/wp-content\/uploads\/2023\/11\/Hak-do-relingu-RIG.jpg\",\"datePublished\":\"2024-02-13T11:41:39+00:00\",\"breadcrumb\":{\"@id\":\"https:\/\/metaltale.com\/et\/toode\/rig-koogiroopa-konks\/#breadcrumb\"},\"inLanguage\":\"et\",\"potentialAction\":[{\"@type\":\"ReadAction\",\"target\":[\"https:\/\/metaltale.com\/et\/toode\/rig-koogiroopa-konks\/\"]}]},{\"@type\":\"ImageObject\",\"inLanguage\":\"et\",\"@id\":\"https:\/\/metaltale.com\/et\/toode\/rig-koogiroopa-konks\/#primaryimage\",\"url\":\"https:\/\/metaltale.com\/wp-content\/uploads\/2023\/11\/Hak-do-relingu-RIG.jpg\",\"contentUrl\":\"https:\/\/metaltale.com\/wp-content\/uploads\/2023\/11\/Hak-do-relingu-RIG.jpg\",\"width\":800,\"height\":800},{\"@type\":\"BreadcrumbList\",\"@id\":\"https:\/\/metaltale.com\/et\/toode\/rig-koogiroopa-konks\/#breadcrumb\",\"itemListElement\":[{\"@type\":\"ListItem\",\"position\":1,\"name\":\"Home\",\"item\":\"https:\/\/metaltale.com\/et\/kodu\/\"},{\"@type\":\"ListItem\",\"position\":2,\"name\":\"Kauplus\",\"item\":\"https:\/\/metaltale.com\/et\/shop\/\"},{\"@type\":\"ListItem\",\"position\":3,\"name\":\"RIG k\u00f6\u00f6gir\u00f6\u00f6pa konks\"}]},{\"@type\":\"WebSite\",\"@id\":\"https:\/\/metaltale.com\/et\/#website\",\"url\":\"https:\/\/metaltale.com\/et\/\",\"name\":\"Metaltale.com\",\"description\":\"\",\"potentialAction\":[{\"@type\":\"SearchAction\",\"target\":{\"@type\":\"EntryPoint\",\"urlTemplate\":\"https:\/\/metaltale.com\/et\/?s={search_term_string}\"},\"query-input\":{\"@type\":\"PropertyValueSpecification\",\"valueRequired\":true,\"valueName\":\"search_term_string\"}}],\"inLanguage\":\"et\"}]}<\/script>\n<!-- \/ Yoast SEO plugin. -->","yoast_head_json":{"title":"RIG k\u00f6\u00f6gir\u00f6\u00f6pa konks - MetalTale.com","robots":{"index":"index","follow":"follow","max-snippet":"max-snippet:-1","max-image-preview":"max-image-preview:large","max-video-preview":"max-video-preview:-1"},"canonical":"https:\/\/metaltale.com\/et\/toode\/rig-koogiroopa-konks\/","og_locale":"et_EE","og_type":"article","og_title":"RIG k\u00f6\u00f6gir\u00f6\u00f6pa konks - MetalTale.com","og_description":"Mudel 70.497S. AI.75 EAN. 5905369917370 Materjal Ketus \u00dcldine k\u00f5rgus (cm) 7,5 \u00dcldine laius (cm) 4,5 Koguprojektsioon (cm) 4,5 T\u00fc\u00fcp Muu","og_url":"https:\/\/metaltale.com\/et\/toode\/rig-koogiroopa-konks\/","og_site_name":"MetalTale.com","og_image":[{"width":800,"height":800,"url":"https:\/\/metaltale.com\/wp-content\/uploads\/2023\/11\/Hak-do-relingu-RIG.jpg","type":"image\/jpeg"}],"twitter_card":"summary_large_image","twitter_misc":{"Est. reading time":"1 minut"},"schema":{"@context":"https:\/\/schema.org","@graph":[{"@type":"WebPage","@id":"https:\/\/metaltale.com\/et\/toode\/rig-koogiroopa-konks\/","url":"https:\/\/metaltale.com\/et\/toode\/rig-koogiroopa-konks\/","name":"RIG k\u00f6\u00f6gir\u00f6\u00f6pa konks - MetalTale.com","isPartOf":{"@id":"https:\/\/metaltale.com\/et\/#website"},"primaryImageOfPage":{"@id":"https:\/\/metaltale.com\/et\/toode\/rig-koogiroopa-konks\/#primaryimage"},"image":{"@id":"https:\/\/metaltale.com\/et\/toode\/rig-koogiroopa-konks\/#primaryimage"},"thumbnailUrl":"https:\/\/metaltale.com\/wp-content\/uploads\/2023\/11\/Hak-do-relingu-RIG.jpg","datePublished":"2024-02-13T11:41:39+00:00","breadcrumb":{"@id":"https:\/\/metaltale.com\/et\/toode\/rig-koogiroopa-konks\/#breadcrumb"},"inLanguage":"et","potentialAction":[{"@type":"ReadAction","target":["https:\/\/metaltale.com\/et\/toode\/rig-koogiroopa-konks\/"]}]},{"@type":"ImageObject","inLanguage":"et","@id":"https:\/\/metaltale.com\/et\/toode\/rig-koogiroopa-konks\/#primaryimage","url":"https:\/\/metaltale.com\/wp-content\/uploads\/2023\/11\/Hak-do-relingu-RIG.jpg","contentUrl":"https:\/\/metaltale.com\/wp-content\/uploads\/2023\/11\/Hak-do-relingu-RIG.jpg","width":800,"height":800},{"@type":"BreadcrumbList","@id":"https:\/\/metaltale.com\/et\/toode\/rig-koogiroopa-konks\/#breadcrumb","itemListElement":[{"@type":"ListItem","position":1,"name":"Home","item":"https:\/\/metaltale.com\/et\/kodu\/"},{"@type":"ListItem","position":2,"name":"Kauplus","item":"https:\/\/metaltale.com\/et\/shop\/"},{"@type":"ListItem","position":3,"name":"RIG k\u00f6\u00f6gir\u00f6\u00f6pa konks"}]},{"@type":"WebSite","@id":"https:\/\/metaltale.com\/et\/#website","url":"https:\/\/metaltale.com\/et\/","name":"Metaltale.com","description":"","potentialAction":[{"@type":"SearchAction","target":{"@type":"EntryPoint","urlTemplate":"https:\/\/metaltale.com\/et\/?s={search_term_string}"},"query-input":{"@type":"PropertyValueSpecification","valueRequired":true,"valueName":"search_term_string"}}],"inLanguage":"et"}]}},"_links":{"self":[{"href":"https:\/\/metaltale.com\/et\/wp-json\/wp\/v2\/product\/134918","targetHints":{"allow":["GET"]}}],"collection":[{"href":"https:\/\/metaltale.com\/et\/wp-json\/wp\/v2\/product"}],"about":[{"href":"https:\/\/metaltale.com\/et\/wp-json\/wp\/v2\/types\/product"}],"replies":[{"embeddable":true,"href":"https:\/\/metaltale.com\/et\/wp-json\/wp\/v2\/comments?post=134918"}],"version-history":[{"count":0,"href":"https:\/\/metaltale.com\/et\/wp-json\/wp\/v2\/product\/134918\/revisions"}],"wp:featuredmedia":[{"embeddable":true,"href":"https:\/\/metaltale.com\/et\/wp-json\/wp\/v2\/media\/100350"}],"wp:attachment":[{"href":"https:\/\/metaltale.com\/et\/wp-json\/wp\/v2\/media?parent=134918"}],"wp:term":[{"taxonomy":"product_brand","embeddable":true,"href":"https:\/\/metaltale.com\/et\/wp-json\/wp\/v2\/product_brand?post=134918"},{"taxonomy":"product_cat","embeddable":true,"href":"https:\/\/metaltale.com\/et\/wp-json\/wp\/v2\/product_cat?post=134918"},{"taxonomy":"product_tag","embeddable":true,"href":"https:\/\/metaltale.com\/et\/wp-json\/wp\/v2\/product_tag?post=134918"}],"curies":[{"name":"wp","href":"https:\/\/api.w.org\/{rel}","templated":true}]}}