{"id":134900,"date":"2024-02-13T13:25:43","date_gmt":"2024-02-13T11:25:43","guid":{"rendered":"https:\/\/metaltale.com\/produktas\/pahklipuust-lauaplaat-porsa-lauale-9\/"},"modified":"2024-02-13T13:25:43","modified_gmt":"2024-02-13T11:25:43","slug":"pahklipuust-lauaplaat-porsa-lauale-9","status":"publish","type":"product","link":"https:\/\/metaltale.com\/et\/toode\/pahklipuust-lauaplaat-porsa-lauale-9\/","title":{"rendered":"P\u00e4hklipuust lauaplaat PORSA lauale"},"content":{"rendered":"<div class=\"prod_data\"><strong>Mudel<\/strong> SE.BLT.SE-PRGR  <br \/><strong>Materjal<\/strong> Puit p\u00e4hkelpuu  <br \/><strong>Materjali paksus (cm<\/strong> ) 3,8  <br \/><strong>V\u00e4rv<\/strong> Puit &#8211; naturaalne \u00f5li  <br \/><strong>Viimistlemine<\/strong> \u00f5liriidega  <br \/><strong>Kogus komplekti kohta<\/strong> 1 tk.  <\/p>\n<table align=\"center\" border=\"0\" style=\"width: 100%;\">\n<tbody>\n<tr>\n<td><\/td>\n<td><\/td>\n<td><\/td>\n<\/tr>\n<\/tbody>\n<\/table>\n<p>&#8211; p\u00e4hklipuust \u00fclemine osa, vormistatud (k\u00f5ik servad l\u00f5igatud t\u00e4isnurga all)<br \/>&#8211; \u00fclemine pind on kaitstud \u00f5liga  <br \/>&#8211; \u00dchepoolne &#8211; pealmine k\u00fclg n\u00e4itab viimistluse kvaliteeti ja servade peent \u00fcmardamist.<br \/>&#8211; s\u00e4ilib p\u00e4hklipuu looduslik arhitektuur, v\u00e4rvimuutused ja erinevad mustrid.<br \/>&#8211; ei ole pragusid ega rebenemisi<br \/>&#8211; pakkumine piirdub t\u00f6\u00f6pinnaga ja ei h\u00f5lma m\u00f6\u00f6bli jalgu.<\/p>\n<hr>\n<p><span class=\"hiddenSpellError\">Porsa<\/span><span>t\u00f6\u00f6pinnad <\/span> <span>  on t\u00f5eline looduse meistriteos. Neid iseloomustab p\u00e4hklipuu eriline, segunev tekstuur, mille toonid varieeruvad tumepruunist intensiivse mee ja pehme \u00f5lgpuu vahel. Toodet iseloomustavad \u00f5rnad, ebatasased servad.  <\/span><span class=\"hiddenSpellError\">Porsa<\/span><span> t\u00f6\u00f6pinnad <\/span> &#8211;<span>  See on t\u00e4iuslikult avatud puit, mida on r\u00f5hutatud looduslike \u00f5lidega. Selline immutamine mitte ainult ei s\u00e4ilita puidu loomulikku struktuuri, vaid toob ka selle t\u00e4ieliku ilu esile. T\u00f6\u00f6pinnal on \u00fclemine ja alumine pool, mida saab eristada nii viimistluse kui ka serva t\u00fc\u00fcbi j\u00e4rgi &#8211; \u00fclemine pool on kergelt \u00fcmardatud.<\/span><\/p>\n<\/div>\n","protected":false},"excerpt":{"rendered":"<p>Mudel SE.BLT.SE-PRGR Materjal Puit p\u00e4hkelpuu Materjali paksus (cm ) 3,8 V\u00e4rv Puit &#8211; naturaalne \u00f5li Viimistlemine \u00f5liriidega Kogus komplekti kohta<\/p>\n","protected":false},"featured_media":99033,"comment_status":"open","ping_status":"closed","template":"","meta":{"_acf_changed":false,"pmpro_default_level":""},"product_brand":[],"product_cat":[24139],"product_tag":[],"class_list":{"0":"post-134900","1":"product","2":"type-product","3":"status-publish","4":"has-post-thumbnail","6":"product_cat-puidust-tootasapinnad","7":"pmpro-has-access","9":"first","10":"instock","11":"shipping-taxable","12":"purchasable","13":"product-type-simple"},"acf":[],"yoast_head":"<!-- This site is optimized with the Yoast SEO plugin v24.9 - https:\/\/yoast.com\/wordpress\/plugins\/seo\/ -->\n<title>P\u00e4hklipuust lauaplaat PORSA lauale - MetalTale.com<\/title>\n<meta name=\"robots\" content=\"index, follow, max-snippet:-1, max-image-preview:large, max-video-preview:-1\" \/>\n<link rel=\"canonical\" href=\"https:\/\/metaltale.com\/et\/toode\/pahklipuust-lauaplaat-porsa-lauale-9\/\" \/>\n<meta property=\"og:locale\" content=\"et_EE\" \/>\n<meta property=\"og:type\" content=\"article\" \/>\n<meta property=\"og:title\" content=\"P\u00e4hklipuust lauaplaat PORSA lauale - MetalTale.com\" \/>\n<meta property=\"og:description\" content=\"Mudel SE.BLT.SE-PRGR Materjal Puit p\u00e4hkelpuu Materjali paksus (cm ) 3,8 V\u00e4rv Puit &#8211; naturaalne \u00f5li Viimistlemine \u00f5liriidega Kogus komplekti kohta\" \/>\n<meta property=\"og:url\" content=\"https:\/\/metaltale.com\/et\/toode\/pahklipuust-lauaplaat-porsa-lauale-9\/\" \/>\n<meta property=\"og:site_name\" content=\"MetalTale.com\" \/>\n<meta name=\"twitter:card\" content=\"summary_large_image\" \/>\n<meta name=\"twitter:label1\" content=\"Est. reading time\" \/>\n\t<meta name=\"twitter:data1\" content=\"1 minut\" \/>\n<script type=\"application\/ld+json\" class=\"yoast-schema-graph\">{\"@context\":\"https:\/\/schema.org\",\"@graph\":[{\"@type\":\"WebPage\",\"@id\":\"https:\/\/metaltale.com\/et\/toode\/pahklipuust-lauaplaat-porsa-lauale-9\/\",\"url\":\"https:\/\/metaltale.com\/et\/toode\/pahklipuust-lauaplaat-porsa-lauale-9\/\",\"name\":\"P\u00e4hklipuust lauaplaat PORSA lauale - MetalTale.com\",\"isPartOf\":{\"@id\":\"https:\/\/metaltale.com\/et\/#website\"},\"primaryImageOfPage\":{\"@id\":\"https:\/\/metaltale.com\/et\/toode\/pahklipuust-lauaplaat-porsa-lauale-9\/#primaryimage\"},\"image\":{\"@id\":\"https:\/\/metaltale.com\/et\/toode\/pahklipuust-lauaplaat-porsa-lauale-9\/#primaryimage\"},\"thumbnailUrl\":\"https:\/\/metaltale.com\/wp-content\/uploads\/2023\/11\/Stalvirx161is-ANTIQUE-80x180-raw.jpg\",\"datePublished\":\"2024-02-13T11:25:43+00:00\",\"breadcrumb\":{\"@id\":\"https:\/\/metaltale.com\/et\/toode\/pahklipuust-lauaplaat-porsa-lauale-9\/#breadcrumb\"},\"inLanguage\":\"et\",\"potentialAction\":[{\"@type\":\"ReadAction\",\"target\":[\"https:\/\/metaltale.com\/et\/toode\/pahklipuust-lauaplaat-porsa-lauale-9\/\"]}]},{\"@type\":\"ImageObject\",\"inLanguage\":\"et\",\"@id\":\"https:\/\/metaltale.com\/et\/toode\/pahklipuust-lauaplaat-porsa-lauale-9\/#primaryimage\",\"url\":\"https:\/\/metaltale.com\/wp-content\/uploads\/2023\/11\/Stalvirx161is-ANTIQUE-80x180-raw.jpg\",\"contentUrl\":\"https:\/\/metaltale.com\/wp-content\/uploads\/2023\/11\/Stalvirx161is-ANTIQUE-80x180-raw.jpg\",\"width\":800,\"height\":800},{\"@type\":\"BreadcrumbList\",\"@id\":\"https:\/\/metaltale.com\/et\/toode\/pahklipuust-lauaplaat-porsa-lauale-9\/#breadcrumb\",\"itemListElement\":[{\"@type\":\"ListItem\",\"position\":1,\"name\":\"Home\",\"item\":\"https:\/\/metaltale.com\/et\/kodu\/\"},{\"@type\":\"ListItem\",\"position\":2,\"name\":\"Kauplus\",\"item\":\"https:\/\/metaltale.com\/et\/shop\/\"},{\"@type\":\"ListItem\",\"position\":3,\"name\":\"P\u00e4hklipuust lauaplaat PORSA lauale\"}]},{\"@type\":\"WebSite\",\"@id\":\"https:\/\/metaltale.com\/et\/#website\",\"url\":\"https:\/\/metaltale.com\/et\/\",\"name\":\"Metaltale.com\",\"description\":\"\",\"potentialAction\":[{\"@type\":\"SearchAction\",\"target\":{\"@type\":\"EntryPoint\",\"urlTemplate\":\"https:\/\/metaltale.com\/et\/?s={search_term_string}\"},\"query-input\":{\"@type\":\"PropertyValueSpecification\",\"valueRequired\":true,\"valueName\":\"search_term_string\"}}],\"inLanguage\":\"et\"}]}<\/script>\n<!-- \/ Yoast SEO plugin. -->","yoast_head_json":{"title":"P\u00e4hklipuust lauaplaat PORSA lauale - MetalTale.com","robots":{"index":"index","follow":"follow","max-snippet":"max-snippet:-1","max-image-preview":"max-image-preview:large","max-video-preview":"max-video-preview:-1"},"canonical":"https:\/\/metaltale.com\/et\/toode\/pahklipuust-lauaplaat-porsa-lauale-9\/","og_locale":"et_EE","og_type":"article","og_title":"P\u00e4hklipuust lauaplaat PORSA lauale - MetalTale.com","og_description":"Mudel SE.BLT.SE-PRGR Materjal Puit p\u00e4hkelpuu Materjali paksus (cm ) 3,8 V\u00e4rv Puit &#8211; naturaalne \u00f5li Viimistlemine \u00f5liriidega Kogus komplekti kohta","og_url":"https:\/\/metaltale.com\/et\/toode\/pahklipuust-lauaplaat-porsa-lauale-9\/","og_site_name":"MetalTale.com","twitter_card":"summary_large_image","twitter_misc":{"Est. reading time":"1 minut"},"schema":{"@context":"https:\/\/schema.org","@graph":[{"@type":"WebPage","@id":"https:\/\/metaltale.com\/et\/toode\/pahklipuust-lauaplaat-porsa-lauale-9\/","url":"https:\/\/metaltale.com\/et\/toode\/pahklipuust-lauaplaat-porsa-lauale-9\/","name":"P\u00e4hklipuust lauaplaat PORSA lauale - MetalTale.com","isPartOf":{"@id":"https:\/\/metaltale.com\/et\/#website"},"primaryImageOfPage":{"@id":"https:\/\/metaltale.com\/et\/toode\/pahklipuust-lauaplaat-porsa-lauale-9\/#primaryimage"},"image":{"@id":"https:\/\/metaltale.com\/et\/toode\/pahklipuust-lauaplaat-porsa-lauale-9\/#primaryimage"},"thumbnailUrl":"https:\/\/metaltale.com\/wp-content\/uploads\/2023\/11\/Stalvirx161is-ANTIQUE-80x180-raw.jpg","datePublished":"2024-02-13T11:25:43+00:00","breadcrumb":{"@id":"https:\/\/metaltale.com\/et\/toode\/pahklipuust-lauaplaat-porsa-lauale-9\/#breadcrumb"},"inLanguage":"et","potentialAction":[{"@type":"ReadAction","target":["https:\/\/metaltale.com\/et\/toode\/pahklipuust-lauaplaat-porsa-lauale-9\/"]}]},{"@type":"ImageObject","inLanguage":"et","@id":"https:\/\/metaltale.com\/et\/toode\/pahklipuust-lauaplaat-porsa-lauale-9\/#primaryimage","url":"https:\/\/metaltale.com\/wp-content\/uploads\/2023\/11\/Stalvirx161is-ANTIQUE-80x180-raw.jpg","contentUrl":"https:\/\/metaltale.com\/wp-content\/uploads\/2023\/11\/Stalvirx161is-ANTIQUE-80x180-raw.jpg","width":800,"height":800},{"@type":"BreadcrumbList","@id":"https:\/\/metaltale.com\/et\/toode\/pahklipuust-lauaplaat-porsa-lauale-9\/#breadcrumb","itemListElement":[{"@type":"ListItem","position":1,"name":"Home","item":"https:\/\/metaltale.com\/et\/kodu\/"},{"@type":"ListItem","position":2,"name":"Kauplus","item":"https:\/\/metaltale.com\/et\/shop\/"},{"@type":"ListItem","position":3,"name":"P\u00e4hklipuust lauaplaat PORSA lauale"}]},{"@type":"WebSite","@id":"https:\/\/metaltale.com\/et\/#website","url":"https:\/\/metaltale.com\/et\/","name":"Metaltale.com","description":"","potentialAction":[{"@type":"SearchAction","target":{"@type":"EntryPoint","urlTemplate":"https:\/\/metaltale.com\/et\/?s={search_term_string}"},"query-input":{"@type":"PropertyValueSpecification","valueRequired":true,"valueName":"search_term_string"}}],"inLanguage":"et"}]}},"_links":{"self":[{"href":"https:\/\/metaltale.com\/et\/wp-json\/wp\/v2\/product\/134900","targetHints":{"allow":["GET"]}}],"collection":[{"href":"https:\/\/metaltale.com\/et\/wp-json\/wp\/v2\/product"}],"about":[{"href":"https:\/\/metaltale.com\/et\/wp-json\/wp\/v2\/types\/product"}],"replies":[{"embeddable":true,"href":"https:\/\/metaltale.com\/et\/wp-json\/wp\/v2\/comments?post=134900"}],"version-history":[{"count":0,"href":"https:\/\/metaltale.com\/et\/wp-json\/wp\/v2\/product\/134900\/revisions"}],"wp:featuredmedia":[{"embeddable":true,"href":"https:\/\/metaltale.com\/et\/wp-json\/wp\/v2\/media\/99033"}],"wp:attachment":[{"href":"https:\/\/metaltale.com\/et\/wp-json\/wp\/v2\/media?parent=134900"}],"wp:term":[{"taxonomy":"product_brand","embeddable":true,"href":"https:\/\/metaltale.com\/et\/wp-json\/wp\/v2\/product_brand?post=134900"},{"taxonomy":"product_cat","embeddable":true,"href":"https:\/\/metaltale.com\/et\/wp-json\/wp\/v2\/product_cat?post=134900"},{"taxonomy":"product_tag","embeddable":true,"href":"https:\/\/metaltale.com\/et\/wp-json\/wp\/v2\/product_tag?post=134900"}],"curies":[{"name":"wp","href":"https:\/\/api.w.org\/{rel}","templated":true}]}}