{"id":134814,"date":"2024-02-13T14:11:05","date_gmt":"2024-02-13T12:11:05","guid":{"rendered":"https:\/\/metaltale.com\/produktas\/retro-uksekaepide-barcelona-90-mm-koos-lukuga\/"},"modified":"2024-02-13T14:11:05","modified_gmt":"2024-02-13T12:11:05","slug":"retro-uksekaepide-barcelona-90-mm-koos-lukuga","status":"publish","type":"product","link":"https:\/\/metaltale.com\/et\/toode\/retro-uksekaepide-barcelona-90-mm-koos-lukuga\/","title":{"rendered":"Retro uksek\u00e4epide BARCELONA 90 mm koos lukuga"},"content":{"rendered":"<div class=\"prod_data\">\n<p><strong>Mudel<\/strong> AG.100P.PRGR<br \/>\n<strong>Materjal<\/strong> teras<br \/>\n\u00dcldine k\u00f5rgus (cm) 28<br \/>\n<strong>\u00dcldine laius (cm<\/strong> ) 12,5<br \/>\n<strong>Koguprojektsioon (cm)<\/strong> 7,5<br \/>\n<strong>Aluse m\u00f5\u00f5tmed (cm<\/strong> ) 4,5&#215;28<br \/>\n<strong>K\u00e4epideme ja v\u00f5tmeava vaheline kaugus (mm)<\/strong> 90 mm<br \/>\n<strong>Toetus<\/strong> Jah<br \/>\nPaigalduskruvid Jah<br \/>\nV\u00e4rv Must<br \/>\nPinna t\u00fc\u00fcp Ebatasane<br \/>\n<strong>Kogus komplekti kohta<\/strong> 2 x k\u00e4epide\/k\u00e4epide + s\u00fcdamik + kinnituskruvid<\/p>\n<p>&#8211; Sisaldab kahte k\u00e4epidet (kuni 1 ukseleht), s\u00fcdamikku ja paigalduselemendid.<br \/>\n&#8211; k\u00e4epideme tagasil\u00f6\u00f6gimehhanism<\/p>\n<hr>\n<p>Eriti iseloomulik ja meeldej\u00e4\u00e4v uksek\u00e4epide on suurep\u00e4rane viis tavalise puidust siseukse elavdamiseks. Mudel on saadaval kas m\u00e4rgi v\u00f5i rosetiga. N\u00e4htavad haamrij\u00e4ljed ja ainulaadne k\u00e4epideme kuju \u00fchendamiseks, mis on eriti ilusad retrostiilis kaunistatud interj\u00f6\u00f6rides.<\/p>\n<hr>\n<\/div>\n","protected":false},"excerpt":{"rendered":"<p>Mudel AG.100P.PRGR Materjal teras \u00dcldine k\u00f5rgus (cm) 28 \u00dcldine laius (cm ) 12,5 Koguprojektsioon (cm) 7,5 Aluse m\u00f5\u00f5tmed (cm )<\/p>\n","protected":false},"featured_media":86627,"comment_status":"open","ping_status":"closed","template":"","meta":{"_acf_changed":false,"pmpro_default_level":""},"product_brand":[],"product_cat":[24162,23882,23836],"product_tag":[],"class_list":{"0":"post-134814","1":"product","2":"type-product","3":"status-publish","4":"has-post-thumbnail","6":"product_cat-kaepidemed","7":"product_cat-duru-rankenos-duru-rankenos-et","8":"product_cat-moobli-tarvikud","9":"pmpro-has-access","11":"first","12":"instock","13":"shipping-taxable","14":"purchasable","15":"product-type-simple"},"acf":[],"yoast_head":"<!-- This site is optimized with the Yoast SEO plugin v24.9 - https:\/\/yoast.com\/wordpress\/plugins\/seo\/ -->\n<title>Retro uksek\u00e4epide BARCELONA 90 mm koos lukuga - MetalTale.com<\/title>\n<meta name=\"robots\" content=\"index, follow, max-snippet:-1, max-image-preview:large, max-video-preview:-1\" \/>\n<link rel=\"canonical\" href=\"https:\/\/metaltale.com\/et\/toode\/retro-uksekaepide-barcelona-90-mm-koos-lukuga\/\" \/>\n<meta property=\"og:locale\" content=\"et_EE\" \/>\n<meta property=\"og:type\" content=\"article\" \/>\n<meta property=\"og:title\" content=\"Retro uksek\u00e4epide BARCELONA 90 mm koos lukuga - MetalTale.com\" \/>\n<meta property=\"og:description\" content=\"Mudel AG.100P.PRGR Materjal teras \u00dcldine k\u00f5rgus (cm) 28 \u00dcldine laius (cm ) 12,5 Koguprojektsioon (cm) 7,5 Aluse m\u00f5\u00f5tmed (cm )\" \/>\n<meta property=\"og:url\" content=\"https:\/\/metaltale.com\/et\/toode\/retro-uksekaepide-barcelona-90-mm-koos-lukuga\/\" \/>\n<meta property=\"og:site_name\" content=\"MetalTale.com\" \/>\n<meta property=\"og:image\" content=\"https:\/\/metaltale.com\/wp-content\/uploads\/2023\/10\/BARSELONOS-rankena-su-dekoratyvine-ix161kaba.jpg\" \/>\n\t<meta property=\"og:image:width\" content=\"800\" \/>\n\t<meta property=\"og:image:height\" content=\"800\" \/>\n\t<meta property=\"og:image:type\" content=\"image\/jpeg\" \/>\n<meta name=\"twitter:card\" content=\"summary_large_image\" \/>\n<meta name=\"twitter:label1\" content=\"Est. reading time\" \/>\n\t<meta name=\"twitter:data1\" content=\"1 minut\" \/>\n<script type=\"application\/ld+json\" class=\"yoast-schema-graph\">{\"@context\":\"https:\/\/schema.org\",\"@graph\":[{\"@type\":\"WebPage\",\"@id\":\"https:\/\/metaltale.com\/et\/toode\/retro-uksekaepide-barcelona-90-mm-koos-lukuga\/\",\"url\":\"https:\/\/metaltale.com\/et\/toode\/retro-uksekaepide-barcelona-90-mm-koos-lukuga\/\",\"name\":\"Retro uksek\u00e4epide BARCELONA 90 mm koos lukuga - MetalTale.com\",\"isPartOf\":{\"@id\":\"https:\/\/metaltale.com\/et\/#website\"},\"primaryImageOfPage\":{\"@id\":\"https:\/\/metaltale.com\/et\/toode\/retro-uksekaepide-barcelona-90-mm-koos-lukuga\/#primaryimage\"},\"image\":{\"@id\":\"https:\/\/metaltale.com\/et\/toode\/retro-uksekaepide-barcelona-90-mm-koos-lukuga\/#primaryimage\"},\"thumbnailUrl\":\"https:\/\/metaltale.com\/wp-content\/uploads\/2023\/10\/BARSELONOS-rankena-su-dekoratyvine-ix161kaba.jpg\",\"datePublished\":\"2024-02-13T12:11:05+00:00\",\"breadcrumb\":{\"@id\":\"https:\/\/metaltale.com\/et\/toode\/retro-uksekaepide-barcelona-90-mm-koos-lukuga\/#breadcrumb\"},\"inLanguage\":\"et\",\"potentialAction\":[{\"@type\":\"ReadAction\",\"target\":[\"https:\/\/metaltale.com\/et\/toode\/retro-uksekaepide-barcelona-90-mm-koos-lukuga\/\"]}]},{\"@type\":\"ImageObject\",\"inLanguage\":\"et\",\"@id\":\"https:\/\/metaltale.com\/et\/toode\/retro-uksekaepide-barcelona-90-mm-koos-lukuga\/#primaryimage\",\"url\":\"https:\/\/metaltale.com\/wp-content\/uploads\/2023\/10\/BARSELONOS-rankena-su-dekoratyvine-ix161kaba.jpg\",\"contentUrl\":\"https:\/\/metaltale.com\/wp-content\/uploads\/2023\/10\/BARSELONOS-rankena-su-dekoratyvine-ix161kaba.jpg\",\"width\":800,\"height\":800,\"caption\":\"Retro uksek\u00e4epidemed BARCELONA 72 mm koos lukuga\"},{\"@type\":\"BreadcrumbList\",\"@id\":\"https:\/\/metaltale.com\/et\/toode\/retro-uksekaepide-barcelona-90-mm-koos-lukuga\/#breadcrumb\",\"itemListElement\":[{\"@type\":\"ListItem\",\"position\":1,\"name\":\"Home\",\"item\":\"https:\/\/metaltale.com\/et\/kodu\/\"},{\"@type\":\"ListItem\",\"position\":2,\"name\":\"Kauplus\",\"item\":\"https:\/\/metaltale.com\/et\/shop\/\"},{\"@type\":\"ListItem\",\"position\":3,\"name\":\"Retro uksek\u00e4epide BARCELONA 90 mm koos lukuga\"}]},{\"@type\":\"WebSite\",\"@id\":\"https:\/\/metaltale.com\/et\/#website\",\"url\":\"https:\/\/metaltale.com\/et\/\",\"name\":\"Metaltale.com\",\"description\":\"\",\"potentialAction\":[{\"@type\":\"SearchAction\",\"target\":{\"@type\":\"EntryPoint\",\"urlTemplate\":\"https:\/\/metaltale.com\/et\/?s={search_term_string}\"},\"query-input\":{\"@type\":\"PropertyValueSpecification\",\"valueRequired\":true,\"valueName\":\"search_term_string\"}}],\"inLanguage\":\"et\"}]}<\/script>\n<!-- \/ Yoast SEO plugin. -->","yoast_head_json":{"title":"Retro uksek\u00e4epide BARCELONA 90 mm koos lukuga - MetalTale.com","robots":{"index":"index","follow":"follow","max-snippet":"max-snippet:-1","max-image-preview":"max-image-preview:large","max-video-preview":"max-video-preview:-1"},"canonical":"https:\/\/metaltale.com\/et\/toode\/retro-uksekaepide-barcelona-90-mm-koos-lukuga\/","og_locale":"et_EE","og_type":"article","og_title":"Retro uksek\u00e4epide BARCELONA 90 mm koos lukuga - MetalTale.com","og_description":"Mudel AG.100P.PRGR Materjal teras \u00dcldine k\u00f5rgus (cm) 28 \u00dcldine laius (cm ) 12,5 Koguprojektsioon (cm) 7,5 Aluse m\u00f5\u00f5tmed (cm )","og_url":"https:\/\/metaltale.com\/et\/toode\/retro-uksekaepide-barcelona-90-mm-koos-lukuga\/","og_site_name":"MetalTale.com","og_image":[{"width":800,"height":800,"url":"https:\/\/metaltale.com\/wp-content\/uploads\/2023\/10\/BARSELONOS-rankena-su-dekoratyvine-ix161kaba.jpg","type":"image\/jpeg"}],"twitter_card":"summary_large_image","twitter_misc":{"Est. reading time":"1 minut"},"schema":{"@context":"https:\/\/schema.org","@graph":[{"@type":"WebPage","@id":"https:\/\/metaltale.com\/et\/toode\/retro-uksekaepide-barcelona-90-mm-koos-lukuga\/","url":"https:\/\/metaltale.com\/et\/toode\/retro-uksekaepide-barcelona-90-mm-koos-lukuga\/","name":"Retro uksek\u00e4epide BARCELONA 90 mm koos lukuga - MetalTale.com","isPartOf":{"@id":"https:\/\/metaltale.com\/et\/#website"},"primaryImageOfPage":{"@id":"https:\/\/metaltale.com\/et\/toode\/retro-uksekaepide-barcelona-90-mm-koos-lukuga\/#primaryimage"},"image":{"@id":"https:\/\/metaltale.com\/et\/toode\/retro-uksekaepide-barcelona-90-mm-koos-lukuga\/#primaryimage"},"thumbnailUrl":"https:\/\/metaltale.com\/wp-content\/uploads\/2023\/10\/BARSELONOS-rankena-su-dekoratyvine-ix161kaba.jpg","datePublished":"2024-02-13T12:11:05+00:00","breadcrumb":{"@id":"https:\/\/metaltale.com\/et\/toode\/retro-uksekaepide-barcelona-90-mm-koos-lukuga\/#breadcrumb"},"inLanguage":"et","potentialAction":[{"@type":"ReadAction","target":["https:\/\/metaltale.com\/et\/toode\/retro-uksekaepide-barcelona-90-mm-koos-lukuga\/"]}]},{"@type":"ImageObject","inLanguage":"et","@id":"https:\/\/metaltale.com\/et\/toode\/retro-uksekaepide-barcelona-90-mm-koos-lukuga\/#primaryimage","url":"https:\/\/metaltale.com\/wp-content\/uploads\/2023\/10\/BARSELONOS-rankena-su-dekoratyvine-ix161kaba.jpg","contentUrl":"https:\/\/metaltale.com\/wp-content\/uploads\/2023\/10\/BARSELONOS-rankena-su-dekoratyvine-ix161kaba.jpg","width":800,"height":800,"caption":"Retro uksek\u00e4epidemed BARCELONA 72 mm koos lukuga"},{"@type":"BreadcrumbList","@id":"https:\/\/metaltale.com\/et\/toode\/retro-uksekaepide-barcelona-90-mm-koos-lukuga\/#breadcrumb","itemListElement":[{"@type":"ListItem","position":1,"name":"Home","item":"https:\/\/metaltale.com\/et\/kodu\/"},{"@type":"ListItem","position":2,"name":"Kauplus","item":"https:\/\/metaltale.com\/et\/shop\/"},{"@type":"ListItem","position":3,"name":"Retro uksek\u00e4epide BARCELONA 90 mm koos lukuga"}]},{"@type":"WebSite","@id":"https:\/\/metaltale.com\/et\/#website","url":"https:\/\/metaltale.com\/et\/","name":"Metaltale.com","description":"","potentialAction":[{"@type":"SearchAction","target":{"@type":"EntryPoint","urlTemplate":"https:\/\/metaltale.com\/et\/?s={search_term_string}"},"query-input":{"@type":"PropertyValueSpecification","valueRequired":true,"valueName":"search_term_string"}}],"inLanguage":"et"}]}},"_links":{"self":[{"href":"https:\/\/metaltale.com\/et\/wp-json\/wp\/v2\/product\/134814","targetHints":{"allow":["GET"]}}],"collection":[{"href":"https:\/\/metaltale.com\/et\/wp-json\/wp\/v2\/product"}],"about":[{"href":"https:\/\/metaltale.com\/et\/wp-json\/wp\/v2\/types\/product"}],"replies":[{"embeddable":true,"href":"https:\/\/metaltale.com\/et\/wp-json\/wp\/v2\/comments?post=134814"}],"version-history":[{"count":0,"href":"https:\/\/metaltale.com\/et\/wp-json\/wp\/v2\/product\/134814\/revisions"}],"wp:featuredmedia":[{"embeddable":true,"href":"https:\/\/metaltale.com\/et\/wp-json\/wp\/v2\/media\/86627"}],"wp:attachment":[{"href":"https:\/\/metaltale.com\/et\/wp-json\/wp\/v2\/media?parent=134814"}],"wp:term":[{"taxonomy":"product_brand","embeddable":true,"href":"https:\/\/metaltale.com\/et\/wp-json\/wp\/v2\/product_brand?post=134814"},{"taxonomy":"product_cat","embeddable":true,"href":"https:\/\/metaltale.com\/et\/wp-json\/wp\/v2\/product_cat?post=134814"},{"taxonomy":"product_tag","embeddable":true,"href":"https:\/\/metaltale.com\/et\/wp-json\/wp\/v2\/product_tag?post=134814"}],"curies":[{"name":"wp","href":"https:\/\/api.w.org\/{rel}","templated":true}]}}