{"id":134763,"date":"2024-02-13T15:13:05","date_gmt":"2024-02-13T13:13:05","guid":{"rendered":"https:\/\/metaltale.com\/produktas\/dekoratiivne-metallplaat-saugokites-drakono\/"},"modified":"2024-02-13T15:13:05","modified_gmt":"2024-02-13T13:13:05","slug":"dekoratiivne-metallplaat-saugokites-drakono","status":"publish","type":"product","link":"https:\/\/metaltale.com\/et\/toode\/dekoratiivne-metallplaat-saugokites-drakono\/","title":{"rendered":"Dekoratiivne metallplaat SAUGOKIT\u0116S DRAKONO"},"content":{"rendered":"<div class=\"prod_data\"><strong>Mudel<\/strong> IN.60252  <br \/><strong>EAN.<\/strong>  5905369929960  <br \/><strong>Orienteerimine<\/strong> Vertikaalne  <br \/><strong>Tuba<\/strong> Baar, restoran, teismeliste tuba  <br \/><strong>Motiiv<\/strong> huumor, informatiivne  <br \/><strong>Materjal<\/strong> teras  <br \/><strong>Laius (cm)<\/strong> 20  <br \/><strong>K\u00f5rgus (cm)<\/strong> 30  <br \/><strong>Kujundid Ristk\u00fclikukujuline<\/strong>  <\/p>\n<p>Dekoratiivne ristk\u00fclikukujuline paneel. Plakat on valmistatud k\u00f5rgekvaliteedilisest terasest ja k\u00f5rge kulumiskindlusega v\u00e4rvist. T\u00e4iendava kaitse kriimustuste vastu annab paneeli kinnitamiseks kasutatav lakk. M\u00e4rk on j\u00e4etud hoiatusv\u00e4rvides, kasutades kollast v\u00e4rvi. Pinnal n\u00e4htav v\u00e4rvimuutus r\u00f5hutab veelgi paneeli retroh\u00f5ngulist iseloomu.<\/p>\n<p>Plakatil on hoiatus &#8220;HOIATUS DRAGONIDE eest&#8221;.<\/p>\n<p>Metallist poster sobib ideaalselt vintage- ja retrointerj\u00f6\u00f6ridesse. See on ka suurep\u00e4rane kingiidee.<\/p>\n<\/div>\n","protected":false},"excerpt":{"rendered":"<p>Mudel IN.60252 EAN. 5905369929960 Orienteerimine Vertikaalne Tuba Baar, restoran, teismeliste tuba Motiiv huumor, informatiivne Materjal teras Laius (cm) 20 K\u00f5rgus<\/p>\n","protected":false},"featured_media":94338,"comment_status":"open","ping_status":"closed","template":"","meta":{"_acf_changed":false,"pmpro_default_level":""},"product_brand":[],"product_cat":[24165],"product_tag":[],"class_list":{"0":"post-134763","1":"product","2":"type-product","3":"status-publish","4":"has-post-thumbnail","6":"product_cat-metallist-dekoratiivsed-tahvlid","7":"pmpro-has-access","9":"first","10":"instock","11":"shipping-taxable","12":"purchasable","13":"product-type-simple"},"acf":[],"yoast_head":"<!-- This site is optimized with the Yoast SEO plugin v24.9 - https:\/\/yoast.com\/wordpress\/plugins\/seo\/ -->\n<title>Dekoratiivne metallplaat SAUGOKIT\u0116S DRAKONO - MetalTale.com<\/title>\n<meta name=\"robots\" content=\"index, follow, max-snippet:-1, max-image-preview:large, max-video-preview:-1\" \/>\n<link rel=\"canonical\" href=\"https:\/\/metaltale.com\/et\/toode\/dekoratiivne-metallplaat-saugokites-drakono\/\" \/>\n<meta property=\"og:locale\" content=\"et_EE\" \/>\n<meta property=\"og:type\" content=\"article\" \/>\n<meta property=\"og:title\" content=\"Dekoratiivne metallplaat SAUGOKIT\u0116S DRAKONO - MetalTale.com\" \/>\n<meta property=\"og:description\" content=\"Mudel IN.60252 EAN. 5905369929960 Orienteerimine Vertikaalne Tuba Baar, restoran, teismeliste tuba Motiiv huumor, informatiivne Materjal teras Laius (cm) 20 K\u00f5rgus\" \/>\n<meta property=\"og:url\" content=\"https:\/\/metaltale.com\/et\/toode\/dekoratiivne-metallplaat-saugokites-drakono\/\" \/>\n<meta property=\"og:site_name\" content=\"MetalTale.com\" \/>\n<meta name=\"twitter:card\" content=\"summary_large_image\" \/>\n<script type=\"application\/ld+json\" class=\"yoast-schema-graph\">{\"@context\":\"https:\/\/schema.org\",\"@graph\":[{\"@type\":\"WebPage\",\"@id\":\"https:\/\/metaltale.com\/et\/toode\/dekoratiivne-metallplaat-saugokites-drakono\/\",\"url\":\"https:\/\/metaltale.com\/et\/toode\/dekoratiivne-metallplaat-saugokites-drakono\/\",\"name\":\"Dekoratiivne metallplaat SAUGOKIT\u0116S DRAKONO - MetalTale.com\",\"isPartOf\":{\"@id\":\"https:\/\/metaltale.com\/et\/#website\"},\"primaryImageOfPage\":{\"@id\":\"https:\/\/metaltale.com\/et\/toode\/dekoratiivne-metallplaat-saugokites-drakono\/#primaryimage\"},\"image\":{\"@id\":\"https:\/\/metaltale.com\/et\/toode\/dekoratiivne-metallplaat-saugokites-drakono\/#primaryimage\"},\"thumbnailUrl\":\"https:\/\/metaltale.com\/wp-content\/uploads\/2023\/10\/Tabliczka-dekoracyjna-metalowa-SAUGOKITx116S-DRAKONO.jpg\",\"datePublished\":\"2024-02-13T13:13:05+00:00\",\"breadcrumb\":{\"@id\":\"https:\/\/metaltale.com\/et\/toode\/dekoratiivne-metallplaat-saugokites-drakono\/#breadcrumb\"},\"inLanguage\":\"et\",\"potentialAction\":[{\"@type\":\"ReadAction\",\"target\":[\"https:\/\/metaltale.com\/et\/toode\/dekoratiivne-metallplaat-saugokites-drakono\/\"]}]},{\"@type\":\"ImageObject\",\"inLanguage\":\"et\",\"@id\":\"https:\/\/metaltale.com\/et\/toode\/dekoratiivne-metallplaat-saugokites-drakono\/#primaryimage\",\"url\":\"https:\/\/metaltale.com\/wp-content\/uploads\/2023\/10\/Tabliczka-dekoracyjna-metalowa-SAUGOKITx116S-DRAKONO.jpg\",\"contentUrl\":\"https:\/\/metaltale.com\/wp-content\/uploads\/2023\/10\/Tabliczka-dekoracyjna-metalowa-SAUGOKITx116S-DRAKONO.jpg\",\"width\":800,\"height\":800},{\"@type\":\"BreadcrumbList\",\"@id\":\"https:\/\/metaltale.com\/et\/toode\/dekoratiivne-metallplaat-saugokites-drakono\/#breadcrumb\",\"itemListElement\":[{\"@type\":\"ListItem\",\"position\":1,\"name\":\"Home\",\"item\":\"https:\/\/metaltale.com\/et\/kodu\/\"},{\"@type\":\"ListItem\",\"position\":2,\"name\":\"Kauplus\",\"item\":\"https:\/\/metaltale.com\/et\/shop\/\"},{\"@type\":\"ListItem\",\"position\":3,\"name\":\"Dekoratiivne metallplaat SAUGOKIT\u0116S DRAKONO\"}]},{\"@type\":\"WebSite\",\"@id\":\"https:\/\/metaltale.com\/et\/#website\",\"url\":\"https:\/\/metaltale.com\/et\/\",\"name\":\"Metaltale.com\",\"description\":\"\",\"potentialAction\":[{\"@type\":\"SearchAction\",\"target\":{\"@type\":\"EntryPoint\",\"urlTemplate\":\"https:\/\/metaltale.com\/et\/?s={search_term_string}\"},\"query-input\":{\"@type\":\"PropertyValueSpecification\",\"valueRequired\":true,\"valueName\":\"search_term_string\"}}],\"inLanguage\":\"et\"}]}<\/script>\n<!-- \/ Yoast SEO plugin. -->","yoast_head_json":{"title":"Dekoratiivne metallplaat SAUGOKIT\u0116S DRAKONO - MetalTale.com","robots":{"index":"index","follow":"follow","max-snippet":"max-snippet:-1","max-image-preview":"max-image-preview:large","max-video-preview":"max-video-preview:-1"},"canonical":"https:\/\/metaltale.com\/et\/toode\/dekoratiivne-metallplaat-saugokites-drakono\/","og_locale":"et_EE","og_type":"article","og_title":"Dekoratiivne metallplaat SAUGOKIT\u0116S DRAKONO - MetalTale.com","og_description":"Mudel IN.60252 EAN. 5905369929960 Orienteerimine Vertikaalne Tuba Baar, restoran, teismeliste tuba Motiiv huumor, informatiivne Materjal teras Laius (cm) 20 K\u00f5rgus","og_url":"https:\/\/metaltale.com\/et\/toode\/dekoratiivne-metallplaat-saugokites-drakono\/","og_site_name":"MetalTale.com","twitter_card":"summary_large_image","schema":{"@context":"https:\/\/schema.org","@graph":[{"@type":"WebPage","@id":"https:\/\/metaltale.com\/et\/toode\/dekoratiivne-metallplaat-saugokites-drakono\/","url":"https:\/\/metaltale.com\/et\/toode\/dekoratiivne-metallplaat-saugokites-drakono\/","name":"Dekoratiivne metallplaat SAUGOKIT\u0116S DRAKONO - MetalTale.com","isPartOf":{"@id":"https:\/\/metaltale.com\/et\/#website"},"primaryImageOfPage":{"@id":"https:\/\/metaltale.com\/et\/toode\/dekoratiivne-metallplaat-saugokites-drakono\/#primaryimage"},"image":{"@id":"https:\/\/metaltale.com\/et\/toode\/dekoratiivne-metallplaat-saugokites-drakono\/#primaryimage"},"thumbnailUrl":"https:\/\/metaltale.com\/wp-content\/uploads\/2023\/10\/Tabliczka-dekoracyjna-metalowa-SAUGOKITx116S-DRAKONO.jpg","datePublished":"2024-02-13T13:13:05+00:00","breadcrumb":{"@id":"https:\/\/metaltale.com\/et\/toode\/dekoratiivne-metallplaat-saugokites-drakono\/#breadcrumb"},"inLanguage":"et","potentialAction":[{"@type":"ReadAction","target":["https:\/\/metaltale.com\/et\/toode\/dekoratiivne-metallplaat-saugokites-drakono\/"]}]},{"@type":"ImageObject","inLanguage":"et","@id":"https:\/\/metaltale.com\/et\/toode\/dekoratiivne-metallplaat-saugokites-drakono\/#primaryimage","url":"https:\/\/metaltale.com\/wp-content\/uploads\/2023\/10\/Tabliczka-dekoracyjna-metalowa-SAUGOKITx116S-DRAKONO.jpg","contentUrl":"https:\/\/metaltale.com\/wp-content\/uploads\/2023\/10\/Tabliczka-dekoracyjna-metalowa-SAUGOKITx116S-DRAKONO.jpg","width":800,"height":800},{"@type":"BreadcrumbList","@id":"https:\/\/metaltale.com\/et\/toode\/dekoratiivne-metallplaat-saugokites-drakono\/#breadcrumb","itemListElement":[{"@type":"ListItem","position":1,"name":"Home","item":"https:\/\/metaltale.com\/et\/kodu\/"},{"@type":"ListItem","position":2,"name":"Kauplus","item":"https:\/\/metaltale.com\/et\/shop\/"},{"@type":"ListItem","position":3,"name":"Dekoratiivne metallplaat SAUGOKIT\u0116S DRAKONO"}]},{"@type":"WebSite","@id":"https:\/\/metaltale.com\/et\/#website","url":"https:\/\/metaltale.com\/et\/","name":"Metaltale.com","description":"","potentialAction":[{"@type":"SearchAction","target":{"@type":"EntryPoint","urlTemplate":"https:\/\/metaltale.com\/et\/?s={search_term_string}"},"query-input":{"@type":"PropertyValueSpecification","valueRequired":true,"valueName":"search_term_string"}}],"inLanguage":"et"}]}},"_links":{"self":[{"href":"https:\/\/metaltale.com\/et\/wp-json\/wp\/v2\/product\/134763","targetHints":{"allow":["GET"]}}],"collection":[{"href":"https:\/\/metaltale.com\/et\/wp-json\/wp\/v2\/product"}],"about":[{"href":"https:\/\/metaltale.com\/et\/wp-json\/wp\/v2\/types\/product"}],"replies":[{"embeddable":true,"href":"https:\/\/metaltale.com\/et\/wp-json\/wp\/v2\/comments?post=134763"}],"version-history":[{"count":0,"href":"https:\/\/metaltale.com\/et\/wp-json\/wp\/v2\/product\/134763\/revisions"}],"wp:featuredmedia":[{"embeddable":true,"href":"https:\/\/metaltale.com\/et\/wp-json\/wp\/v2\/media\/94338"}],"wp:attachment":[{"href":"https:\/\/metaltale.com\/et\/wp-json\/wp\/v2\/media?parent=134763"}],"wp:term":[{"taxonomy":"product_brand","embeddable":true,"href":"https:\/\/metaltale.com\/et\/wp-json\/wp\/v2\/product_brand?post=134763"},{"taxonomy":"product_cat","embeddable":true,"href":"https:\/\/metaltale.com\/et\/wp-json\/wp\/v2\/product_cat?post=134763"},{"taxonomy":"product_tag","embeddable":true,"href":"https:\/\/metaltale.com\/et\/wp-json\/wp\/v2\/product_tag?post=134763"}],"curies":[{"name":"wp","href":"https:\/\/api.w.org\/{rel}","templated":true}]}}