{"id":134695,"date":"2024-02-13T13:19:04","date_gmt":"2024-02-13T11:19:04","guid":{"rendered":"https:\/\/metaltale.com\/produktas\/ukse-liugkaepidemed-toru-2\/"},"modified":"2024-02-13T13:19:04","modified_gmt":"2024-02-13T11:19:04","slug":"ukse-liugkaepidemed-toru-2","status":"publish","type":"product","link":"https:\/\/metaltale.com\/et\/toode\/ukse-liugkaepidemed-toru-2\/","title":{"rendered":"Ukse liugk\u00e4epidemed Toru"},"content":{"rendered":"<div class=\"prod_data\"><strong>Mudel<\/strong> ZA.215XX  <br \/><strong>Materjal<\/strong> teras  <br \/><strong>\u00dcldine k\u00f5rgus (cm)<\/strong> 21,5  <br \/>\u00dcldine laius (cm) 2,5 <br \/><strong>\u00dcldl\u00e4bim\u00f5\u00f5t (cm)<\/strong> 2  <br \/>Aukude <strong>vahe (cm)<\/strong> 18,5  <br \/><strong>V\u00e4rv<\/strong> Must, teras  <\/p>\n<hr>\n<p>&#8211; Kvaliteetsest terasest valmistatud k\u00e4epide tagab kasutuskindluse<br \/>&#8211; Pulbriline pinnakate tagab keskmisest suurema vastupidavuse<br \/>&#8211; t\u00f6\u00f6 t\u00e4psus ja t\u00e4helepanu igale detailile on t\u00e4ieliku mugavuse garantii.<br \/>&#8211; K\u00e4epideme universaalne olemus v\u00f5imaldab paigaldada liuguksed, m\u00f6\u00f6bliuksed ja sahtlifronti.<br \/>&#8211; toodet saab edukalt kasutada praktilise v\u00e4ravahoidjana<br \/>&#8211; k\u00e4sipuude lihtsa arhitektuuri t\u00f5ttu sobivad need ideaalselt igasse interj\u00f6\u00f6ri, olenemata stiilist.<\/p>\n<hr>\n<p>Rustykalneuchwyty.pl lai valik l\u00fckanduste k\u00e4epidemeid h\u00f5lmab nii lihtsat arhitektuuri kui ka kaunistatud, originaalseid disainilahendusi. Meie poolt pakutavate liuguste k\u00e4epidemed on valmistatud detailidele t\u00e4helepanu p\u00f6\u00f6rates, tagades mugava ja usaldusv\u00e4\u00e4rse kasutamise. Selle kategooria tooted r\u00f5hutavad kogu libiseva s\u00fcsteemi iseloomu ja ilu. Kahe erineva k\u00e4sipuu paigaldamine samale uksemudelile v\u00f5ib disaini radikaalselt muuta. S\u00f5ltuvalt mudelist annavad meie pakutavad k\u00e4epidemed tugeva v\u00f5i pehme aktsendi kaasaegsetele, retro- ja loft-interj\u00f6\u00f6ridele.<\/p>\n<\/div>\n","protected":false},"excerpt":{"rendered":"<p>Mudel ZA.215XX Materjal teras \u00dcldine k\u00f5rgus (cm) 21,5 \u00dcldine laius (cm) 2,5 \u00dcldl\u00e4bim\u00f5\u00f5t (cm) 2 Aukude vahe (cm) 18,5 V\u00e4rv<\/p>\n","protected":false},"featured_media":75888,"comment_status":"open","ping_status":"closed","template":"","meta":{"_acf_changed":false,"pmpro_default_level":""},"product_brand":[],"product_cat":[24144],"product_tag":[],"class_list":{"0":"post-134695","1":"product","2":"type-product","3":"status-publish","4":"has-post-thumbnail","6":"product_cat-ukse-liugkaepidemed","7":"pmpro-has-access","9":"first","10":"instock","11":"shipping-taxable","12":"purchasable","13":"product-type-simple"},"acf":[],"yoast_head":"<!-- This site is optimized with the Yoast SEO plugin v24.9 - https:\/\/yoast.com\/wordpress\/plugins\/seo\/ -->\n<title>Ukse liugk\u00e4epidemed Toru - MetalTale.com<\/title>\n<meta name=\"robots\" content=\"index, follow, max-snippet:-1, max-image-preview:large, max-video-preview:-1\" \/>\n<link rel=\"canonical\" href=\"https:\/\/metaltale.com\/et\/toode\/ukse-liugkaepidemed-toru-2\/\" \/>\n<meta property=\"og:locale\" content=\"et_EE\" \/>\n<meta property=\"og:type\" content=\"article\" \/>\n<meta property=\"og:title\" content=\"Ukse liugk\u00e4epidemed Toru - MetalTale.com\" \/>\n<meta property=\"og:description\" content=\"Mudel ZA.215XX Materjal teras \u00dcldine k\u00f5rgus (cm) 21,5 \u00dcldine laius (cm) 2,5 \u00dcldl\u00e4bim\u00f5\u00f5t (cm) 2 Aukude vahe (cm) 18,5 V\u00e4rv\" \/>\n<meta property=\"og:url\" content=\"https:\/\/metaltale.com\/et\/toode\/ukse-liugkaepidemed-toru-2\/\" \/>\n<meta property=\"og:site_name\" content=\"MetalTale.com\" \/>\n<meta name=\"twitter:card\" content=\"summary_large_image\" \/>\n<meta name=\"twitter:label1\" content=\"Est. reading time\" \/>\n\t<meta name=\"twitter:data1\" content=\"1 minut\" \/>\n<script type=\"application\/ld+json\" class=\"yoast-schema-graph\">{\"@context\":\"https:\/\/schema.org\",\"@graph\":[{\"@type\":\"WebPage\",\"@id\":\"https:\/\/metaltale.com\/et\/toode\/ukse-liugkaepidemed-toru-2\/\",\"url\":\"https:\/\/metaltale.com\/et\/toode\/ukse-liugkaepidemed-toru-2\/\",\"name\":\"Ukse liugk\u00e4epidemed Toru - MetalTale.com\",\"isPartOf\":{\"@id\":\"https:\/\/metaltale.com\/et\/#website\"},\"primaryImageOfPage\":{\"@id\":\"https:\/\/metaltale.com\/et\/toode\/ukse-liugkaepidemed-toru-2\/#primaryimage\"},\"image\":{\"@id\":\"https:\/\/metaltale.com\/et\/toode\/ukse-liugkaepidemed-toru-2\/#primaryimage\"},\"thumbnailUrl\":\"https:\/\/metaltale.com\/wp-content\/uploads\/2023\/10\/Rankena-PLIENINIS-VAMZDIS.jpg\",\"datePublished\":\"2024-02-13T11:19:04+00:00\",\"breadcrumb\":{\"@id\":\"https:\/\/metaltale.com\/et\/toode\/ukse-liugkaepidemed-toru-2\/#breadcrumb\"},\"inLanguage\":\"et\",\"potentialAction\":[{\"@type\":\"ReadAction\",\"target\":[\"https:\/\/metaltale.com\/et\/toode\/ukse-liugkaepidemed-toru-2\/\"]}]},{\"@type\":\"ImageObject\",\"inLanguage\":\"et\",\"@id\":\"https:\/\/metaltale.com\/et\/toode\/ukse-liugkaepidemed-toru-2\/#primaryimage\",\"url\":\"https:\/\/metaltale.com\/wp-content\/uploads\/2023\/10\/Rankena-PLIENINIS-VAMZDIS.jpg\",\"contentUrl\":\"https:\/\/metaltale.com\/wp-content\/uploads\/2023\/10\/Rankena-PLIENINIS-VAMZDIS.jpg\",\"width\":800,\"height\":800},{\"@type\":\"BreadcrumbList\",\"@id\":\"https:\/\/metaltale.com\/et\/toode\/ukse-liugkaepidemed-toru-2\/#breadcrumb\",\"itemListElement\":[{\"@type\":\"ListItem\",\"position\":1,\"name\":\"Home\",\"item\":\"https:\/\/metaltale.com\/et\/kodu\/\"},{\"@type\":\"ListItem\",\"position\":2,\"name\":\"Kauplus\",\"item\":\"https:\/\/metaltale.com\/et\/shop\/\"},{\"@type\":\"ListItem\",\"position\":3,\"name\":\"Ukse liugk\u00e4epidemed Toru\"}]},{\"@type\":\"WebSite\",\"@id\":\"https:\/\/metaltale.com\/et\/#website\",\"url\":\"https:\/\/metaltale.com\/et\/\",\"name\":\"Metaltale.com\",\"description\":\"\",\"potentialAction\":[{\"@type\":\"SearchAction\",\"target\":{\"@type\":\"EntryPoint\",\"urlTemplate\":\"https:\/\/metaltale.com\/et\/?s={search_term_string}\"},\"query-input\":{\"@type\":\"PropertyValueSpecification\",\"valueRequired\":true,\"valueName\":\"search_term_string\"}}],\"inLanguage\":\"et\"}]}<\/script>\n<!-- \/ Yoast SEO plugin. -->","yoast_head_json":{"title":"Ukse liugk\u00e4epidemed Toru - MetalTale.com","robots":{"index":"index","follow":"follow","max-snippet":"max-snippet:-1","max-image-preview":"max-image-preview:large","max-video-preview":"max-video-preview:-1"},"canonical":"https:\/\/metaltale.com\/et\/toode\/ukse-liugkaepidemed-toru-2\/","og_locale":"et_EE","og_type":"article","og_title":"Ukse liugk\u00e4epidemed Toru - MetalTale.com","og_description":"Mudel ZA.215XX Materjal teras \u00dcldine k\u00f5rgus (cm) 21,5 \u00dcldine laius (cm) 2,5 \u00dcldl\u00e4bim\u00f5\u00f5t (cm) 2 Aukude vahe (cm) 18,5 V\u00e4rv","og_url":"https:\/\/metaltale.com\/et\/toode\/ukse-liugkaepidemed-toru-2\/","og_site_name":"MetalTale.com","twitter_card":"summary_large_image","twitter_misc":{"Est. reading time":"1 minut"},"schema":{"@context":"https:\/\/schema.org","@graph":[{"@type":"WebPage","@id":"https:\/\/metaltale.com\/et\/toode\/ukse-liugkaepidemed-toru-2\/","url":"https:\/\/metaltale.com\/et\/toode\/ukse-liugkaepidemed-toru-2\/","name":"Ukse liugk\u00e4epidemed Toru - MetalTale.com","isPartOf":{"@id":"https:\/\/metaltale.com\/et\/#website"},"primaryImageOfPage":{"@id":"https:\/\/metaltale.com\/et\/toode\/ukse-liugkaepidemed-toru-2\/#primaryimage"},"image":{"@id":"https:\/\/metaltale.com\/et\/toode\/ukse-liugkaepidemed-toru-2\/#primaryimage"},"thumbnailUrl":"https:\/\/metaltale.com\/wp-content\/uploads\/2023\/10\/Rankena-PLIENINIS-VAMZDIS.jpg","datePublished":"2024-02-13T11:19:04+00:00","breadcrumb":{"@id":"https:\/\/metaltale.com\/et\/toode\/ukse-liugkaepidemed-toru-2\/#breadcrumb"},"inLanguage":"et","potentialAction":[{"@type":"ReadAction","target":["https:\/\/metaltale.com\/et\/toode\/ukse-liugkaepidemed-toru-2\/"]}]},{"@type":"ImageObject","inLanguage":"et","@id":"https:\/\/metaltale.com\/et\/toode\/ukse-liugkaepidemed-toru-2\/#primaryimage","url":"https:\/\/metaltale.com\/wp-content\/uploads\/2023\/10\/Rankena-PLIENINIS-VAMZDIS.jpg","contentUrl":"https:\/\/metaltale.com\/wp-content\/uploads\/2023\/10\/Rankena-PLIENINIS-VAMZDIS.jpg","width":800,"height":800},{"@type":"BreadcrumbList","@id":"https:\/\/metaltale.com\/et\/toode\/ukse-liugkaepidemed-toru-2\/#breadcrumb","itemListElement":[{"@type":"ListItem","position":1,"name":"Home","item":"https:\/\/metaltale.com\/et\/kodu\/"},{"@type":"ListItem","position":2,"name":"Kauplus","item":"https:\/\/metaltale.com\/et\/shop\/"},{"@type":"ListItem","position":3,"name":"Ukse liugk\u00e4epidemed Toru"}]},{"@type":"WebSite","@id":"https:\/\/metaltale.com\/et\/#website","url":"https:\/\/metaltale.com\/et\/","name":"Metaltale.com","description":"","potentialAction":[{"@type":"SearchAction","target":{"@type":"EntryPoint","urlTemplate":"https:\/\/metaltale.com\/et\/?s={search_term_string}"},"query-input":{"@type":"PropertyValueSpecification","valueRequired":true,"valueName":"search_term_string"}}],"inLanguage":"et"}]}},"_links":{"self":[{"href":"https:\/\/metaltale.com\/et\/wp-json\/wp\/v2\/product\/134695","targetHints":{"allow":["GET"]}}],"collection":[{"href":"https:\/\/metaltale.com\/et\/wp-json\/wp\/v2\/product"}],"about":[{"href":"https:\/\/metaltale.com\/et\/wp-json\/wp\/v2\/types\/product"}],"replies":[{"embeddable":true,"href":"https:\/\/metaltale.com\/et\/wp-json\/wp\/v2\/comments?post=134695"}],"version-history":[{"count":0,"href":"https:\/\/metaltale.com\/et\/wp-json\/wp\/v2\/product\/134695\/revisions"}],"wp:featuredmedia":[{"embeddable":true,"href":"https:\/\/metaltale.com\/et\/wp-json\/wp\/v2\/media\/75888"}],"wp:attachment":[{"href":"https:\/\/metaltale.com\/et\/wp-json\/wp\/v2\/media?parent=134695"}],"wp:term":[{"taxonomy":"product_brand","embeddable":true,"href":"https:\/\/metaltale.com\/et\/wp-json\/wp\/v2\/product_brand?post=134695"},{"taxonomy":"product_cat","embeddable":true,"href":"https:\/\/metaltale.com\/et\/wp-json\/wp\/v2\/product_cat?post=134695"},{"taxonomy":"product_tag","embeddable":true,"href":"https:\/\/metaltale.com\/et\/wp-json\/wp\/v2\/product_tag?post=134695"}],"curies":[{"name":"wp","href":"https:\/\/api.w.org\/{rel}","templated":true}]}}