{"id":134681,"date":"2024-02-13T13:19:42","date_gmt":"2024-02-13T11:19:42","guid":{"rendered":"https:\/\/metaltale.com\/produktas\/liuguksesulgur-double-03\/"},"modified":"2024-02-13T13:19:42","modified_gmt":"2024-02-13T11:19:42","slug":"liuguksesulgur-double-03","status":"publish","type":"product","link":"https:\/\/metaltale.com\/et\/toode\/liuguksesulgur-double-03\/","title":{"rendered":"Liuguksesulgur DOUBLE 03"},"content":{"rendered":"<div class=\"prod_data\">\n<p><strong>SAVE-mudel<\/strong>. SCS. PR 03<br \/>\n<strong>EAN.<\/strong>  5907772071465<br \/>\n<strong>Materjal<\/strong> Pol\u00fcmeer<br \/>\nV\u00e4rv Must<br \/>\nPaigaldusjuhised Lae alla<\/p>\n<p>&#8211; paigaldamine r\u00f6\u00f6pmelise seina k\u00fclge, mitteinvasiivne &#8211; ei vaja puurimist<br \/>\n&#8211; Komplekti kuuluvad: vasak ja parem retarder, 2 riba uksele kinnitamiseks, 2 komplekti kinnituskruvisid.<br \/>\n&#8211; juhtsiin peab olema lame riba<br \/>\n&#8211; Ukselehe maksimaalne kaal: 120kg<br \/>\n&#8211; kavandatav mudel <strong>ei \u00fchildu<\/strong> suurte rulljuhtidega (RATAS ON PAKK, MAINSAIL, RATAS)<\/p>\n<hr>\n<p>Pakkumine sisaldab automaatset kahekordset isesulgemisautomaati liugustele. Ainult \u00fche tervikliku s\u00fcsteemi kasutamine v\u00f5ib viia mitme tehnilise valikuni:<\/p>\n<p>&#8211; aeglustus- ja sulgemiss\u00fcsteem \u00fche ukseklambri sulgemisasendi jaoks (kasutades ainult \u00fchte aeglustit)<br \/>\n&#8211; aeglustus- ja sulgemiss\u00fcsteem \u00fche ukse klambrite jaoks, mis t\u00f6\u00f6tab m\u00f5lemas suunas: avatud ja suletud (kasutades kahte komplekti kuuluvat aeglustit).<br \/>\n&#8211; aeglustus- ja sulgemiss\u00fcsteem topeltkontaktiga liugustele, mis on m\u00f5eldud sulgemiseks v\u00f5i avamiseks,<br \/>\n&#8211; kaheleheliste uste aeglustus- ja sulgemiss\u00fcsteem suletud asendis<\/p>\n<hr>\n<\/div>\n","protected":false},"excerpt":{"rendered":"<p>SAVE-mudel. SCS. PR 03 EAN. 5907772071465 Materjal Pol\u00fcmeer V\u00e4rv Must Paigaldusjuhised Lae alla &#8211; paigaldamine r\u00f6\u00f6pmelise seina k\u00fclge, mitteinvasiivne &#8211;<\/p>\n","protected":false},"featured_media":65700,"comment_status":"open","ping_status":"closed","template":"","meta":{"_acf_changed":false,"pmpro_default_level":""},"product_brand":[],"product_cat":[24140,24205],"product_tag":[],"class_list":{"0":"post-134681","1":"product","2":"type-product","3":"status-publish","4":"has-post-thumbnail","6":"product_cat-liuguksesusteemid","7":"product_cat-liuguste-uste-tarvikud","8":"pmpro-has-access","10":"first","11":"instock","12":"shipping-taxable","13":"purchasable","14":"product-type-simple"},"acf":[],"yoast_head":"<!-- This site is optimized with the Yoast SEO plugin v24.9 - https:\/\/yoast.com\/wordpress\/plugins\/seo\/ -->\n<title>Liuguksesulgur DOUBLE 03 - MetalTale.com<\/title>\n<meta name=\"robots\" content=\"index, follow, max-snippet:-1, max-image-preview:large, max-video-preview:-1\" \/>\n<link rel=\"canonical\" href=\"https:\/\/metaltale.com\/et\/toode\/liuguksesulgur-double-03\/\" \/>\n<meta property=\"og:locale\" content=\"et_EE\" \/>\n<meta property=\"og:type\" content=\"article\" \/>\n<meta property=\"og:title\" content=\"Liuguksesulgur DOUBLE 03 - MetalTale.com\" \/>\n<meta property=\"og:description\" content=\"SAVE-mudel. SCS. PR 03 EAN. 5907772071465 Materjal Pol\u00fcmeer V\u00e4rv Must Paigaldusjuhised Lae alla &#8211; paigaldamine r\u00f6\u00f6pmelise seina k\u00fclge, mitteinvasiivne &#8211;\" \/>\n<meta property=\"og:url\" content=\"https:\/\/metaltale.com\/et\/toode\/liuguksesulgur-double-03\/\" \/>\n<meta property=\"og:site_name\" content=\"MetalTale.com\" \/>\n<meta property=\"og:image\" content=\"http:\/\/metaltale.com\/wp-content\/uploads\/2023\/09\/Savaime-ux17Esidaranti-max161ina-DOUBLE-03.jpg\" \/>\n\t<meta property=\"og:image:width\" content=\"800\" \/>\n\t<meta property=\"og:image:height\" content=\"800\" \/>\n\t<meta property=\"og:image:type\" content=\"image\/jpeg\" \/>\n<meta name=\"twitter:card\" content=\"summary_large_image\" \/>\n<meta name=\"twitter:label1\" content=\"Est. reading time\" \/>\n\t<meta name=\"twitter:data1\" content=\"1 minut\" \/>\n<script type=\"application\/ld+json\" class=\"yoast-schema-graph\">{\"@context\":\"https:\/\/schema.org\",\"@graph\":[{\"@type\":\"WebPage\",\"@id\":\"https:\/\/metaltale.com\/et\/toode\/liuguksesulgur-double-03\/\",\"url\":\"https:\/\/metaltale.com\/et\/toode\/liuguksesulgur-double-03\/\",\"name\":\"Liuguksesulgur DOUBLE 03 - MetalTale.com\",\"isPartOf\":{\"@id\":\"https:\/\/metaltale.com\/et\/#website\"},\"primaryImageOfPage\":{\"@id\":\"https:\/\/metaltale.com\/et\/toode\/liuguksesulgur-double-03\/#primaryimage\"},\"image\":{\"@id\":\"https:\/\/metaltale.com\/et\/toode\/liuguksesulgur-double-03\/#primaryimage\"},\"thumbnailUrl\":\"https:\/\/metaltale.com\/wp-content\/uploads\/2023\/09\/Savaime-ux17Esidaranti-max161ina-DOUBLE-03.jpg\",\"datePublished\":\"2024-02-13T11:19:42+00:00\",\"breadcrumb\":{\"@id\":\"https:\/\/metaltale.com\/et\/toode\/liuguksesulgur-double-03\/#breadcrumb\"},\"inLanguage\":\"et\",\"potentialAction\":[{\"@type\":\"ReadAction\",\"target\":[\"https:\/\/metaltale.com\/et\/toode\/liuguksesulgur-double-03\/\"]}]},{\"@type\":\"ImageObject\",\"inLanguage\":\"et\",\"@id\":\"https:\/\/metaltale.com\/et\/toode\/liuguksesulgur-double-03\/#primaryimage\",\"url\":\"https:\/\/metaltale.com\/wp-content\/uploads\/2023\/09\/Savaime-ux17Esidaranti-max161ina-DOUBLE-03.jpg\",\"contentUrl\":\"https:\/\/metaltale.com\/wp-content\/uploads\/2023\/09\/Savaime-ux17Esidaranti-max161ina-DOUBLE-03.jpg\",\"width\":800,\"height\":800,\"caption\":\"Stumdom\u0173j\u0173 dur\u0173 pritrauk\u0117jas DOUBLE 03\"},{\"@type\":\"BreadcrumbList\",\"@id\":\"https:\/\/metaltale.com\/et\/toode\/liuguksesulgur-double-03\/#breadcrumb\",\"itemListElement\":[{\"@type\":\"ListItem\",\"position\":1,\"name\":\"Home\",\"item\":\"https:\/\/metaltale.com\/et\/kodu\/\"},{\"@type\":\"ListItem\",\"position\":2,\"name\":\"Kauplus\",\"item\":\"https:\/\/metaltale.com\/et\/shop\/\"},{\"@type\":\"ListItem\",\"position\":3,\"name\":\"Liuguksesulgur DOUBLE 03\"}]},{\"@type\":\"WebSite\",\"@id\":\"https:\/\/metaltale.com\/et\/#website\",\"url\":\"https:\/\/metaltale.com\/et\/\",\"name\":\"Metaltale.com\",\"description\":\"\",\"potentialAction\":[{\"@type\":\"SearchAction\",\"target\":{\"@type\":\"EntryPoint\",\"urlTemplate\":\"https:\/\/metaltale.com\/et\/?s={search_term_string}\"},\"query-input\":{\"@type\":\"PropertyValueSpecification\",\"valueRequired\":true,\"valueName\":\"search_term_string\"}}],\"inLanguage\":\"et\"}]}<\/script>\n<!-- \/ Yoast SEO plugin. -->","yoast_head_json":{"title":"Liuguksesulgur DOUBLE 03 - MetalTale.com","robots":{"index":"index","follow":"follow","max-snippet":"max-snippet:-1","max-image-preview":"max-image-preview:large","max-video-preview":"max-video-preview:-1"},"canonical":"https:\/\/metaltale.com\/et\/toode\/liuguksesulgur-double-03\/","og_locale":"et_EE","og_type":"article","og_title":"Liuguksesulgur DOUBLE 03 - MetalTale.com","og_description":"SAVE-mudel. SCS. PR 03 EAN. 5907772071465 Materjal Pol\u00fcmeer V\u00e4rv Must Paigaldusjuhised Lae alla &#8211; paigaldamine r\u00f6\u00f6pmelise seina k\u00fclge, mitteinvasiivne &#8211;","og_url":"https:\/\/metaltale.com\/et\/toode\/liuguksesulgur-double-03\/","og_site_name":"MetalTale.com","og_image":[{"width":800,"height":800,"url":"http:\/\/metaltale.com\/wp-content\/uploads\/2023\/09\/Savaime-ux17Esidaranti-max161ina-DOUBLE-03.jpg","type":"image\/jpeg"}],"twitter_card":"summary_large_image","twitter_misc":{"Est. reading time":"1 minut"},"schema":{"@context":"https:\/\/schema.org","@graph":[{"@type":"WebPage","@id":"https:\/\/metaltale.com\/et\/toode\/liuguksesulgur-double-03\/","url":"https:\/\/metaltale.com\/et\/toode\/liuguksesulgur-double-03\/","name":"Liuguksesulgur DOUBLE 03 - MetalTale.com","isPartOf":{"@id":"https:\/\/metaltale.com\/et\/#website"},"primaryImageOfPage":{"@id":"https:\/\/metaltale.com\/et\/toode\/liuguksesulgur-double-03\/#primaryimage"},"image":{"@id":"https:\/\/metaltale.com\/et\/toode\/liuguksesulgur-double-03\/#primaryimage"},"thumbnailUrl":"https:\/\/metaltale.com\/wp-content\/uploads\/2023\/09\/Savaime-ux17Esidaranti-max161ina-DOUBLE-03.jpg","datePublished":"2024-02-13T11:19:42+00:00","breadcrumb":{"@id":"https:\/\/metaltale.com\/et\/toode\/liuguksesulgur-double-03\/#breadcrumb"},"inLanguage":"et","potentialAction":[{"@type":"ReadAction","target":["https:\/\/metaltale.com\/et\/toode\/liuguksesulgur-double-03\/"]}]},{"@type":"ImageObject","inLanguage":"et","@id":"https:\/\/metaltale.com\/et\/toode\/liuguksesulgur-double-03\/#primaryimage","url":"https:\/\/metaltale.com\/wp-content\/uploads\/2023\/09\/Savaime-ux17Esidaranti-max161ina-DOUBLE-03.jpg","contentUrl":"https:\/\/metaltale.com\/wp-content\/uploads\/2023\/09\/Savaime-ux17Esidaranti-max161ina-DOUBLE-03.jpg","width":800,"height":800,"caption":"Stumdom\u0173j\u0173 dur\u0173 pritrauk\u0117jas DOUBLE 03"},{"@type":"BreadcrumbList","@id":"https:\/\/metaltale.com\/et\/toode\/liuguksesulgur-double-03\/#breadcrumb","itemListElement":[{"@type":"ListItem","position":1,"name":"Home","item":"https:\/\/metaltale.com\/et\/kodu\/"},{"@type":"ListItem","position":2,"name":"Kauplus","item":"https:\/\/metaltale.com\/et\/shop\/"},{"@type":"ListItem","position":3,"name":"Liuguksesulgur DOUBLE 03"}]},{"@type":"WebSite","@id":"https:\/\/metaltale.com\/et\/#website","url":"https:\/\/metaltale.com\/et\/","name":"Metaltale.com","description":"","potentialAction":[{"@type":"SearchAction","target":{"@type":"EntryPoint","urlTemplate":"https:\/\/metaltale.com\/et\/?s={search_term_string}"},"query-input":{"@type":"PropertyValueSpecification","valueRequired":true,"valueName":"search_term_string"}}],"inLanguage":"et"}]}},"_links":{"self":[{"href":"https:\/\/metaltale.com\/et\/wp-json\/wp\/v2\/product\/134681","targetHints":{"allow":["GET"]}}],"collection":[{"href":"https:\/\/metaltale.com\/et\/wp-json\/wp\/v2\/product"}],"about":[{"href":"https:\/\/metaltale.com\/et\/wp-json\/wp\/v2\/types\/product"}],"replies":[{"embeddable":true,"href":"https:\/\/metaltale.com\/et\/wp-json\/wp\/v2\/comments?post=134681"}],"version-history":[{"count":0,"href":"https:\/\/metaltale.com\/et\/wp-json\/wp\/v2\/product\/134681\/revisions"}],"wp:featuredmedia":[{"embeddable":true,"href":"https:\/\/metaltale.com\/et\/wp-json\/wp\/v2\/media\/65700"}],"wp:attachment":[{"href":"https:\/\/metaltale.com\/et\/wp-json\/wp\/v2\/media?parent=134681"}],"wp:term":[{"taxonomy":"product_brand","embeddable":true,"href":"https:\/\/metaltale.com\/et\/wp-json\/wp\/v2\/product_brand?post=134681"},{"taxonomy":"product_cat","embeddable":true,"href":"https:\/\/metaltale.com\/et\/wp-json\/wp\/v2\/product_cat?post=134681"},{"taxonomy":"product_tag","embeddable":true,"href":"https:\/\/metaltale.com\/et\/wp-json\/wp\/v2\/product_tag?post=134681"}],"curies":[{"name":"wp","href":"https:\/\/api.w.org\/{rel}","templated":true}]}}