{"id":134675,"date":"2024-02-13T13:19:42","date_gmt":"2024-02-13T11:19:42","guid":{"rendered":"https:\/\/metaltale.com\/produktas\/ukse-alumine-liugjuhik-bs-009-stal\/"},"modified":"2024-02-13T13:19:42","modified_gmt":"2024-02-13T11:19:42","slug":"ukse-alumine-liugjuhik-bs-009-stal","status":"publish","type":"product","link":"https:\/\/metaltale.com\/et\/toode\/ukse-alumine-liugjuhik-bs-009-stal\/","title":{"rendered":"Ukse alumine liugjuhik BS-009 STAL"},"content":{"rendered":"<div class=\"prod_data\"><strong>SAVE-mudel<\/strong>. FG-009. NGB  <br \/><strong>EAN.<\/strong>  5905369906428  <br \/><strong>Materjal<\/strong> teras  <br \/><strong>Paigalduskruvid<\/strong> Jah  <br \/><strong>V\u00e4rv<\/strong> Must  <br \/><strong>Kogus komplekti kohta<\/strong> 1 tk.  <\/p>\n<p>&#8211; seinale paigaldatav juhend, sealhulgas<br \/>&#8211; toode stabiliseerib liugukse esiplaanil, tagades ohutu kasutamise.<br \/>&#8211; kuna see t\u00e4idab oma funktsiooni otse ukse all, j\u00e4\u00e4b see kasutajatele n\u00e4htamatuks.<br \/>&#8211; valmistatud kvaliteetsest terasest ohutuse ja pika eluea tagamiseks<br \/>&#8211; juhis alumise l\u00f5ikuriga uste jaoks<br \/>&#8211; seinakinnitus tagab, et paneelid, puuklambrid v\u00f5i p\u00f5randaplaadid ei ole h\u00e4iritud.<br \/>&#8211; toote koostamine on lihtne ja intuitiivne<br \/>&#8211; keti stabiliseeriva osa kaugust seinast saab reguleerida ka p\u00e4rast paigaldamist<br \/>&#8211; saab kasutada mis tahes t\u00fc\u00fcpi l\u00fckanduste puhul: nii naturaalsest puidust kui ka igat t\u00fc\u00fcpi plaatidest.<\/p>\n<hr>\n<p>V\u00e4ga lihtne, kuid v\u00e4ga praktiline alumine kett. Selle v\u00e4ike suurus muudab selle kasutajatele peaaegu n\u00e4htamatuks. Seda kasutatakse igat t\u00fc\u00fcpi uste puhul, nii loft-, maa- kui ka moodsate alumise l\u00f5ikuriga uste puhul.<\/p>\n<\/div>\n","protected":false},"excerpt":{"rendered":"<p>SAVE-mudel. FG-009. NGB EAN. 5905369906428 Materjal teras Paigalduskruvid Jah V\u00e4rv Must Kogus komplekti kohta 1 tk. &#8211; seinale paigaldatav juhend,<\/p>\n","protected":false},"featured_media":65571,"comment_status":"open","ping_status":"closed","template":"","meta":{"_acf_changed":false,"pmpro_default_level":""},"product_brand":[],"product_cat":[24140],"product_tag":[],"class_list":{"0":"post-134675","1":"product","2":"type-product","3":"status-publish","4":"has-post-thumbnail","6":"product_cat-liuguksesusteemid","7":"pmpro-has-access","9":"first","10":"instock","11":"shipping-taxable","12":"purchasable","13":"product-type-simple"},"acf":[],"yoast_head":"<!-- This site is optimized with the Yoast SEO plugin v24.9 - https:\/\/yoast.com\/wordpress\/plugins\/seo\/ -->\n<title>Ukse alumine liugjuhik BS-009 STAL - MetalTale.com<\/title>\n<meta name=\"robots\" content=\"index, follow, max-snippet:-1, max-image-preview:large, max-video-preview:-1\" \/>\n<link rel=\"canonical\" href=\"https:\/\/metaltale.com\/et\/toode\/ukse-alumine-liugjuhik-bs-009-stal\/\" \/>\n<meta property=\"og:locale\" content=\"et_EE\" \/>\n<meta property=\"og:type\" content=\"article\" \/>\n<meta property=\"og:title\" content=\"Ukse alumine liugjuhik BS-009 STAL - MetalTale.com\" \/>\n<meta property=\"og:description\" content=\"SAVE-mudel. FG-009. NGB EAN. 5905369906428 Materjal teras Paigalduskruvid Jah V\u00e4rv Must Kogus komplekti kohta 1 tk. &#8211; seinale paigaldatav juhend,\" \/>\n<meta property=\"og:url\" content=\"https:\/\/metaltale.com\/et\/toode\/ukse-alumine-liugjuhik-bs-009-stal\/\" \/>\n<meta property=\"og:site_name\" content=\"MetalTale.com\" \/>\n<meta property=\"og:image\" content=\"http:\/\/metaltale.com\/wp-content\/uploads\/2023\/09\/Prowadnik-BS-009.jpg\" \/>\n\t<meta property=\"og:image:width\" content=\"800\" \/>\n\t<meta property=\"og:image:height\" content=\"800\" \/>\n\t<meta property=\"og:image:type\" content=\"image\/jpeg\" \/>\n<meta name=\"twitter:card\" content=\"summary_large_image\" \/>\n<meta name=\"twitter:label1\" content=\"Est. reading time\" \/>\n\t<meta name=\"twitter:data1\" content=\"1 minut\" \/>\n<script type=\"application\/ld+json\" class=\"yoast-schema-graph\">{\"@context\":\"https:\/\/schema.org\",\"@graph\":[{\"@type\":\"WebPage\",\"@id\":\"https:\/\/metaltale.com\/et\/toode\/ukse-alumine-liugjuhik-bs-009-stal\/\",\"url\":\"https:\/\/metaltale.com\/et\/toode\/ukse-alumine-liugjuhik-bs-009-stal\/\",\"name\":\"Ukse alumine liugjuhik BS-009 STAL - MetalTale.com\",\"isPartOf\":{\"@id\":\"https:\/\/metaltale.com\/et\/#website\"},\"primaryImageOfPage\":{\"@id\":\"https:\/\/metaltale.com\/et\/toode\/ukse-alumine-liugjuhik-bs-009-stal\/#primaryimage\"},\"image\":{\"@id\":\"https:\/\/metaltale.com\/et\/toode\/ukse-alumine-liugjuhik-bs-009-stal\/#primaryimage\"},\"thumbnailUrl\":\"https:\/\/metaltale.com\/wp-content\/uploads\/2023\/09\/Prowadnik-BS-009.jpg\",\"datePublished\":\"2024-02-13T11:19:42+00:00\",\"breadcrumb\":{\"@id\":\"https:\/\/metaltale.com\/et\/toode\/ukse-alumine-liugjuhik-bs-009-stal\/#breadcrumb\"},\"inLanguage\":\"et\",\"potentialAction\":[{\"@type\":\"ReadAction\",\"target\":[\"https:\/\/metaltale.com\/et\/toode\/ukse-alumine-liugjuhik-bs-009-stal\/\"]}]},{\"@type\":\"ImageObject\",\"inLanguage\":\"et\",\"@id\":\"https:\/\/metaltale.com\/et\/toode\/ukse-alumine-liugjuhik-bs-009-stal\/#primaryimage\",\"url\":\"https:\/\/metaltale.com\/wp-content\/uploads\/2023\/09\/Prowadnik-BS-009.jpg\",\"contentUrl\":\"https:\/\/metaltale.com\/wp-content\/uploads\/2023\/09\/Prowadnik-BS-009.jpg\",\"width\":800,\"height\":800,\"caption\":\"Stumdom\u0173j\u0173 dur\u0173 dugno kreipian\u010dioji BS-009\"},{\"@type\":\"BreadcrumbList\",\"@id\":\"https:\/\/metaltale.com\/et\/toode\/ukse-alumine-liugjuhik-bs-009-stal\/#breadcrumb\",\"itemListElement\":[{\"@type\":\"ListItem\",\"position\":1,\"name\":\"Home\",\"item\":\"https:\/\/metaltale.com\/et\/kodu\/\"},{\"@type\":\"ListItem\",\"position\":2,\"name\":\"Kauplus\",\"item\":\"https:\/\/metaltale.com\/et\/shop\/\"},{\"@type\":\"ListItem\",\"position\":3,\"name\":\"Ukse alumine liugjuhik BS-009 STAL\"}]},{\"@type\":\"WebSite\",\"@id\":\"https:\/\/metaltale.com\/et\/#website\",\"url\":\"https:\/\/metaltale.com\/et\/\",\"name\":\"Metaltale.com\",\"description\":\"\",\"potentialAction\":[{\"@type\":\"SearchAction\",\"target\":{\"@type\":\"EntryPoint\",\"urlTemplate\":\"https:\/\/metaltale.com\/et\/?s={search_term_string}\"},\"query-input\":{\"@type\":\"PropertyValueSpecification\",\"valueRequired\":true,\"valueName\":\"search_term_string\"}}],\"inLanguage\":\"et\"}]}<\/script>\n<!-- \/ Yoast SEO plugin. -->","yoast_head_json":{"title":"Ukse alumine liugjuhik BS-009 STAL - MetalTale.com","robots":{"index":"index","follow":"follow","max-snippet":"max-snippet:-1","max-image-preview":"max-image-preview:large","max-video-preview":"max-video-preview:-1"},"canonical":"https:\/\/metaltale.com\/et\/toode\/ukse-alumine-liugjuhik-bs-009-stal\/","og_locale":"et_EE","og_type":"article","og_title":"Ukse alumine liugjuhik BS-009 STAL - MetalTale.com","og_description":"SAVE-mudel. FG-009. NGB EAN. 5905369906428 Materjal teras Paigalduskruvid Jah V\u00e4rv Must Kogus komplekti kohta 1 tk. &#8211; seinale paigaldatav juhend,","og_url":"https:\/\/metaltale.com\/et\/toode\/ukse-alumine-liugjuhik-bs-009-stal\/","og_site_name":"MetalTale.com","og_image":[{"width":800,"height":800,"url":"http:\/\/metaltale.com\/wp-content\/uploads\/2023\/09\/Prowadnik-BS-009.jpg","type":"image\/jpeg"}],"twitter_card":"summary_large_image","twitter_misc":{"Est. reading time":"1 minut"},"schema":{"@context":"https:\/\/schema.org","@graph":[{"@type":"WebPage","@id":"https:\/\/metaltale.com\/et\/toode\/ukse-alumine-liugjuhik-bs-009-stal\/","url":"https:\/\/metaltale.com\/et\/toode\/ukse-alumine-liugjuhik-bs-009-stal\/","name":"Ukse alumine liugjuhik BS-009 STAL - MetalTale.com","isPartOf":{"@id":"https:\/\/metaltale.com\/et\/#website"},"primaryImageOfPage":{"@id":"https:\/\/metaltale.com\/et\/toode\/ukse-alumine-liugjuhik-bs-009-stal\/#primaryimage"},"image":{"@id":"https:\/\/metaltale.com\/et\/toode\/ukse-alumine-liugjuhik-bs-009-stal\/#primaryimage"},"thumbnailUrl":"https:\/\/metaltale.com\/wp-content\/uploads\/2023\/09\/Prowadnik-BS-009.jpg","datePublished":"2024-02-13T11:19:42+00:00","breadcrumb":{"@id":"https:\/\/metaltale.com\/et\/toode\/ukse-alumine-liugjuhik-bs-009-stal\/#breadcrumb"},"inLanguage":"et","potentialAction":[{"@type":"ReadAction","target":["https:\/\/metaltale.com\/et\/toode\/ukse-alumine-liugjuhik-bs-009-stal\/"]}]},{"@type":"ImageObject","inLanguage":"et","@id":"https:\/\/metaltale.com\/et\/toode\/ukse-alumine-liugjuhik-bs-009-stal\/#primaryimage","url":"https:\/\/metaltale.com\/wp-content\/uploads\/2023\/09\/Prowadnik-BS-009.jpg","contentUrl":"https:\/\/metaltale.com\/wp-content\/uploads\/2023\/09\/Prowadnik-BS-009.jpg","width":800,"height":800,"caption":"Stumdom\u0173j\u0173 dur\u0173 dugno kreipian\u010dioji BS-009"},{"@type":"BreadcrumbList","@id":"https:\/\/metaltale.com\/et\/toode\/ukse-alumine-liugjuhik-bs-009-stal\/#breadcrumb","itemListElement":[{"@type":"ListItem","position":1,"name":"Home","item":"https:\/\/metaltale.com\/et\/kodu\/"},{"@type":"ListItem","position":2,"name":"Kauplus","item":"https:\/\/metaltale.com\/et\/shop\/"},{"@type":"ListItem","position":3,"name":"Ukse alumine liugjuhik BS-009 STAL"}]},{"@type":"WebSite","@id":"https:\/\/metaltale.com\/et\/#website","url":"https:\/\/metaltale.com\/et\/","name":"Metaltale.com","description":"","potentialAction":[{"@type":"SearchAction","target":{"@type":"EntryPoint","urlTemplate":"https:\/\/metaltale.com\/et\/?s={search_term_string}"},"query-input":{"@type":"PropertyValueSpecification","valueRequired":true,"valueName":"search_term_string"}}],"inLanguage":"et"}]}},"_links":{"self":[{"href":"https:\/\/metaltale.com\/et\/wp-json\/wp\/v2\/product\/134675","targetHints":{"allow":["GET"]}}],"collection":[{"href":"https:\/\/metaltale.com\/et\/wp-json\/wp\/v2\/product"}],"about":[{"href":"https:\/\/metaltale.com\/et\/wp-json\/wp\/v2\/types\/product"}],"replies":[{"embeddable":true,"href":"https:\/\/metaltale.com\/et\/wp-json\/wp\/v2\/comments?post=134675"}],"version-history":[{"count":0,"href":"https:\/\/metaltale.com\/et\/wp-json\/wp\/v2\/product\/134675\/revisions"}],"wp:featuredmedia":[{"embeddable":true,"href":"https:\/\/metaltale.com\/et\/wp-json\/wp\/v2\/media\/65571"}],"wp:attachment":[{"href":"https:\/\/metaltale.com\/et\/wp-json\/wp\/v2\/media?parent=134675"}],"wp:term":[{"taxonomy":"product_brand","embeddable":true,"href":"https:\/\/metaltale.com\/et\/wp-json\/wp\/v2\/product_brand?post=134675"},{"taxonomy":"product_cat","embeddable":true,"href":"https:\/\/metaltale.com\/et\/wp-json\/wp\/v2\/product_cat?post=134675"},{"taxonomy":"product_tag","embeddable":true,"href":"https:\/\/metaltale.com\/et\/wp-json\/wp\/v2\/product_tag?post=134675"}],"curies":[{"name":"wp","href":"https:\/\/api.w.org\/{rel}","templated":true}]}}