{"id":134668,"date":"2024-02-13T13:19:42","date_gmt":"2024-02-13T11:19:42","guid":{"rendered":"https:\/\/metaltale.com\/produktas\/lukanduste-alumine-juhik-a-011-teras-plastik\/"},"modified":"2024-02-13T13:19:42","modified_gmt":"2024-02-13T11:19:42","slug":"lukanduste-alumine-juhik-a-011-teras-plastik","status":"publish","type":"product","link":"https:\/\/metaltale.com\/et\/toode\/lukanduste-alumine-juhik-a-011-teras-plastik\/","title":{"rendered":"L\u00fckanduste alumine juhik A-011 teras\/plastik"},"content":{"rendered":"<div class=\"prod_data\">\n<p><strong>SAVE-mudel<\/strong>. FG.011.MTK<br \/>\n<strong>EAN.<\/strong>  5907772071441<br \/>\n<strong>Materjal<\/strong> teras<br \/>\n<strong>\u00dcldine k\u00f5rgus (cm)<\/strong> 6,5<br \/>\n<strong>\u00dcldine laius (cm)<\/strong> 5<br \/>\nS\u00fcgavus (cm) 12<br \/>\n<strong>\u00dcldl\u00e4bim\u00f5\u00f5t (cm)<\/strong> 5<br \/>\nV\u00e4rv Must<\/p>\n<p>&#8211; reguleeritav rullseinajuht<br \/>\n&#8211; rull laagris<br \/>\n&#8211; toode on kinnitatud seinale kinnitatud poomi k\u00fclge.<br \/>\n&#8211; kett stabiliseerib liugukse eesmises tasapinnas, tagades ohutu kasutamise<br \/>\n&#8211; toode tagab t\u00e4nu rullile, et ukse alumises osas ei ole mingeid libisemisj\u00e4lgi<br \/>\n&#8211; valmistatud kvaliteetsest terasest materjalist pika kasutusaja tagamiseks<br \/>\n&#8211; juhendit saab kasutada nii alumise l\u00f5ikuriga kui ka ilma selleta uste puhul<br \/>\n&#8211; toote koostamine on lihtne ja intuitiivne<br \/>\n&#8211; seinakinnitus<br \/>\n&#8211; saab kasutada mis tahes t\u00fc\u00fcpi l\u00fckanduste puhul, olenemata sellest, kas need on valmistatud naturaalsest puidust, laudisest v\u00f5i terasest.<br \/>\n&#8211; ukse paksus kuni 55 mm<\/p>\n<hr>\n<p>Massiivne, vaikne ja praktiline alumine kett tagab t\u00e4ieliku mugavuse. T\u00e4nu oma konstruktsioonile on see v\u00e4ga mitmek\u00fclgne ja sobib kuni 55 mm paksuste uste jaoks. See on ideaalne uste jaoks avarates t\u00f6\u00f6stuspiirkondades. See sobib ka loft-, rustikaalsesse ja moodsasse interj\u00f6\u00f6ri.<\/p>\n<p>&nbsp;<\/p>\n<\/div>\n","protected":false},"excerpt":{"rendered":"<p>SAVE-mudel. FG.011.MTK EAN. 5907772071441 Materjal teras \u00dcldine k\u00f5rgus (cm) 6,5 \u00dcldine laius (cm) 5 S\u00fcgavus (cm) 12 \u00dcldl\u00e4bim\u00f5\u00f5t (cm) 5<\/p>\n","protected":false},"featured_media":65520,"comment_status":"open","ping_status":"closed","template":"","meta":{"_acf_changed":false,"pmpro_default_level":""},"product_brand":[],"product_cat":[24140],"product_tag":[],"class_list":{"0":"post-134668","1":"product","2":"type-product","3":"status-publish","4":"has-post-thumbnail","6":"product_cat-liuguksesusteemid","7":"pmpro-has-access","9":"first","10":"instock","11":"shipping-taxable","12":"purchasable","13":"product-type-simple"},"acf":[],"yoast_head":"<!-- This site is optimized with the Yoast SEO plugin v24.9 - https:\/\/yoast.com\/wordpress\/plugins\/seo\/ -->\n<title>L\u00fckanduste alumine juhik A-011 teras\/plastik - MetalTale.com<\/title>\n<meta name=\"robots\" content=\"index, follow, max-snippet:-1, max-image-preview:large, max-video-preview:-1\" \/>\n<link rel=\"canonical\" href=\"https:\/\/metaltale.com\/et\/toode\/lukanduste-alumine-juhik-a-011-teras-plastik\/\" \/>\n<meta property=\"og:locale\" content=\"et_EE\" \/>\n<meta property=\"og:type\" content=\"article\" \/>\n<meta property=\"og:title\" content=\"L\u00fckanduste alumine juhik A-011 teras\/plastik - MetalTale.com\" \/>\n<meta property=\"og:description\" content=\"SAVE-mudel. FG.011.MTK EAN. 5907772071441 Materjal teras \u00dcldine k\u00f5rgus (cm) 6,5 \u00dcldine laius (cm) 5 S\u00fcgavus (cm) 12 \u00dcldl\u00e4bim\u00f5\u00f5t (cm) 5\" \/>\n<meta property=\"og:url\" content=\"https:\/\/metaltale.com\/et\/toode\/lukanduste-alumine-juhik-a-011-teras-plastik\/\" \/>\n<meta property=\"og:site_name\" content=\"MetalTale.com\" \/>\n<meta property=\"og:image\" content=\"http:\/\/metaltale.com\/wp-content\/uploads\/2023\/09\/Prowadnik-A-011.jpg\" \/>\n\t<meta property=\"og:image:width\" content=\"800\" \/>\n\t<meta property=\"og:image:height\" content=\"800\" \/>\n\t<meta property=\"og:image:type\" content=\"image\/jpeg\" \/>\n<meta name=\"twitter:card\" content=\"summary_large_image\" \/>\n<meta name=\"twitter:label1\" content=\"Est. reading time\" \/>\n\t<meta name=\"twitter:data1\" content=\"1 minut\" \/>\n<script type=\"application\/ld+json\" class=\"yoast-schema-graph\">{\"@context\":\"https:\/\/schema.org\",\"@graph\":[{\"@type\":\"WebPage\",\"@id\":\"https:\/\/metaltale.com\/et\/toode\/lukanduste-alumine-juhik-a-011-teras-plastik\/\",\"url\":\"https:\/\/metaltale.com\/et\/toode\/lukanduste-alumine-juhik-a-011-teras-plastik\/\",\"name\":\"L\u00fckanduste alumine juhik A-011 teras\/plastik - MetalTale.com\",\"isPartOf\":{\"@id\":\"https:\/\/metaltale.com\/et\/#website\"},\"primaryImageOfPage\":{\"@id\":\"https:\/\/metaltale.com\/et\/toode\/lukanduste-alumine-juhik-a-011-teras-plastik\/#primaryimage\"},\"image\":{\"@id\":\"https:\/\/metaltale.com\/et\/toode\/lukanduste-alumine-juhik-a-011-teras-plastik\/#primaryimage\"},\"thumbnailUrl\":\"https:\/\/metaltale.com\/wp-content\/uploads\/2023\/09\/Prowadnik-A-011.jpg\",\"datePublished\":\"2024-02-13T11:19:42+00:00\",\"breadcrumb\":{\"@id\":\"https:\/\/metaltale.com\/et\/toode\/lukanduste-alumine-juhik-a-011-teras-plastik\/#breadcrumb\"},\"inLanguage\":\"et\",\"potentialAction\":[{\"@type\":\"ReadAction\",\"target\":[\"https:\/\/metaltale.com\/et\/toode\/lukanduste-alumine-juhik-a-011-teras-plastik\/\"]}]},{\"@type\":\"ImageObject\",\"inLanguage\":\"et\",\"@id\":\"https:\/\/metaltale.com\/et\/toode\/lukanduste-alumine-juhik-a-011-teras-plastik\/#primaryimage\",\"url\":\"https:\/\/metaltale.com\/wp-content\/uploads\/2023\/09\/Prowadnik-A-011.jpg\",\"contentUrl\":\"https:\/\/metaltale.com\/wp-content\/uploads\/2023\/09\/Prowadnik-A-011.jpg\",\"width\":800,\"height\":800,\"caption\":\"L\u00fckanduste alumine juhik A-011 teras\/plastik\"},{\"@type\":\"BreadcrumbList\",\"@id\":\"https:\/\/metaltale.com\/et\/toode\/lukanduste-alumine-juhik-a-011-teras-plastik\/#breadcrumb\",\"itemListElement\":[{\"@type\":\"ListItem\",\"position\":1,\"name\":\"Home\",\"item\":\"https:\/\/metaltale.com\/et\/kodu\/\"},{\"@type\":\"ListItem\",\"position\":2,\"name\":\"Kauplus\",\"item\":\"https:\/\/metaltale.com\/et\/shop\/\"},{\"@type\":\"ListItem\",\"position\":3,\"name\":\"L\u00fckanduste alumine juhik A-011 teras\/plastik\"}]},{\"@type\":\"WebSite\",\"@id\":\"https:\/\/metaltale.com\/et\/#website\",\"url\":\"https:\/\/metaltale.com\/et\/\",\"name\":\"Metaltale.com\",\"description\":\"\",\"potentialAction\":[{\"@type\":\"SearchAction\",\"target\":{\"@type\":\"EntryPoint\",\"urlTemplate\":\"https:\/\/metaltale.com\/et\/?s={search_term_string}\"},\"query-input\":{\"@type\":\"PropertyValueSpecification\",\"valueRequired\":true,\"valueName\":\"search_term_string\"}}],\"inLanguage\":\"et\"}]}<\/script>\n<!-- \/ Yoast SEO plugin. -->","yoast_head_json":{"title":"L\u00fckanduste alumine juhik A-011 teras\/plastik - MetalTale.com","robots":{"index":"index","follow":"follow","max-snippet":"max-snippet:-1","max-image-preview":"max-image-preview:large","max-video-preview":"max-video-preview:-1"},"canonical":"https:\/\/metaltale.com\/et\/toode\/lukanduste-alumine-juhik-a-011-teras-plastik\/","og_locale":"et_EE","og_type":"article","og_title":"L\u00fckanduste alumine juhik A-011 teras\/plastik - MetalTale.com","og_description":"SAVE-mudel. FG.011.MTK EAN. 5907772071441 Materjal teras \u00dcldine k\u00f5rgus (cm) 6,5 \u00dcldine laius (cm) 5 S\u00fcgavus (cm) 12 \u00dcldl\u00e4bim\u00f5\u00f5t (cm) 5","og_url":"https:\/\/metaltale.com\/et\/toode\/lukanduste-alumine-juhik-a-011-teras-plastik\/","og_site_name":"MetalTale.com","og_image":[{"width":800,"height":800,"url":"http:\/\/metaltale.com\/wp-content\/uploads\/2023\/09\/Prowadnik-A-011.jpg","type":"image\/jpeg"}],"twitter_card":"summary_large_image","twitter_misc":{"Est. reading time":"1 minut"},"schema":{"@context":"https:\/\/schema.org","@graph":[{"@type":"WebPage","@id":"https:\/\/metaltale.com\/et\/toode\/lukanduste-alumine-juhik-a-011-teras-plastik\/","url":"https:\/\/metaltale.com\/et\/toode\/lukanduste-alumine-juhik-a-011-teras-plastik\/","name":"L\u00fckanduste alumine juhik A-011 teras\/plastik - MetalTale.com","isPartOf":{"@id":"https:\/\/metaltale.com\/et\/#website"},"primaryImageOfPage":{"@id":"https:\/\/metaltale.com\/et\/toode\/lukanduste-alumine-juhik-a-011-teras-plastik\/#primaryimage"},"image":{"@id":"https:\/\/metaltale.com\/et\/toode\/lukanduste-alumine-juhik-a-011-teras-plastik\/#primaryimage"},"thumbnailUrl":"https:\/\/metaltale.com\/wp-content\/uploads\/2023\/09\/Prowadnik-A-011.jpg","datePublished":"2024-02-13T11:19:42+00:00","breadcrumb":{"@id":"https:\/\/metaltale.com\/et\/toode\/lukanduste-alumine-juhik-a-011-teras-plastik\/#breadcrumb"},"inLanguage":"et","potentialAction":[{"@type":"ReadAction","target":["https:\/\/metaltale.com\/et\/toode\/lukanduste-alumine-juhik-a-011-teras-plastik\/"]}]},{"@type":"ImageObject","inLanguage":"et","@id":"https:\/\/metaltale.com\/et\/toode\/lukanduste-alumine-juhik-a-011-teras-plastik\/#primaryimage","url":"https:\/\/metaltale.com\/wp-content\/uploads\/2023\/09\/Prowadnik-A-011.jpg","contentUrl":"https:\/\/metaltale.com\/wp-content\/uploads\/2023\/09\/Prowadnik-A-011.jpg","width":800,"height":800,"caption":"L\u00fckanduste alumine juhik A-011 teras\/plastik"},{"@type":"BreadcrumbList","@id":"https:\/\/metaltale.com\/et\/toode\/lukanduste-alumine-juhik-a-011-teras-plastik\/#breadcrumb","itemListElement":[{"@type":"ListItem","position":1,"name":"Home","item":"https:\/\/metaltale.com\/et\/kodu\/"},{"@type":"ListItem","position":2,"name":"Kauplus","item":"https:\/\/metaltale.com\/et\/shop\/"},{"@type":"ListItem","position":3,"name":"L\u00fckanduste alumine juhik A-011 teras\/plastik"}]},{"@type":"WebSite","@id":"https:\/\/metaltale.com\/et\/#website","url":"https:\/\/metaltale.com\/et\/","name":"Metaltale.com","description":"","potentialAction":[{"@type":"SearchAction","target":{"@type":"EntryPoint","urlTemplate":"https:\/\/metaltale.com\/et\/?s={search_term_string}"},"query-input":{"@type":"PropertyValueSpecification","valueRequired":true,"valueName":"search_term_string"}}],"inLanguage":"et"}]}},"_links":{"self":[{"href":"https:\/\/metaltale.com\/et\/wp-json\/wp\/v2\/product\/134668","targetHints":{"allow":["GET"]}}],"collection":[{"href":"https:\/\/metaltale.com\/et\/wp-json\/wp\/v2\/product"}],"about":[{"href":"https:\/\/metaltale.com\/et\/wp-json\/wp\/v2\/types\/product"}],"replies":[{"embeddable":true,"href":"https:\/\/metaltale.com\/et\/wp-json\/wp\/v2\/comments?post=134668"}],"version-history":[{"count":0,"href":"https:\/\/metaltale.com\/et\/wp-json\/wp\/v2\/product\/134668\/revisions"}],"wp:featuredmedia":[{"embeddable":true,"href":"https:\/\/metaltale.com\/et\/wp-json\/wp\/v2\/media\/65520"}],"wp:attachment":[{"href":"https:\/\/metaltale.com\/et\/wp-json\/wp\/v2\/media?parent=134668"}],"wp:term":[{"taxonomy":"product_brand","embeddable":true,"href":"https:\/\/metaltale.com\/et\/wp-json\/wp\/v2\/product_brand?post=134668"},{"taxonomy":"product_cat","embeddable":true,"href":"https:\/\/metaltale.com\/et\/wp-json\/wp\/v2\/product_cat?post=134668"},{"taxonomy":"product_tag","embeddable":true,"href":"https:\/\/metaltale.com\/et\/wp-json\/wp\/v2\/product_tag?post=134668"}],"curies":[{"name":"wp","href":"https:\/\/api.w.org\/{rel}","templated":true}]}}