{"id":134647,"date":"2024-02-13T13:19:42","date_gmt":"2024-02-13T11:19:42","guid":{"rendered":"https:\/\/metaltale.com\/produktas\/lukanduste-alumised-juhikud-a-011-049\/"},"modified":"2024-02-13T13:19:42","modified_gmt":"2024-02-13T11:19:42","slug":"lukanduste-alumised-juhikud-a-011-049","status":"publish","type":"product","link":"https:\/\/metaltale.com\/et\/toode\/lukanduste-alumised-juhikud-a-011-049\/","title":{"rendered":"L\u00fckanduste alumised juhikud A-011\/049"},"content":{"rendered":"<div class=\"prod_data\"><strong>SAVE-mudel<\/strong>. FG-049-PRGR  <br \/><strong>Materjal<\/strong> Teras, plast  <br \/><strong>Paigalduskruvid<\/strong> Jah  <br \/><strong>V\u00e4rv<\/strong> Must  <br \/><strong>Kogus komplekti kohta<\/strong> 1 tk.  <\/p>\n<p>&#8211; reguleeritav rullseinajuht<br \/>&#8211; rull laagris<br \/>&#8211; toode on kinnitatud seinale kinnitatud poomi k\u00fclge.<br \/>&#8211; kett stabiliseerib liugukse eesmises tasapinnas, tagades ohutu kasutamise<br \/>&#8211; toode tagab t\u00e4nu rullile, et ukse alumises osas ei ole mingeid libisemisj\u00e4lgi<br \/>&#8211; valmistatud kvaliteetsest plastikust\/terasest, mis tagab pika kasutusea<br \/>&#8211; juhendit saab kasutada nii alumise l\u00f5ikuriga kui ka ilma selleta uste puhul<br \/>&#8211; toote koostamine on lihtne ja intuitiivne<br \/>&#8211; seinakinnitus v\u00e4listab vajaduse sekkuda paneelidesse, p\u00f5randapalkidesse v\u00f5i plaatidesse<br \/>&#8211; saab kasutada mis tahes t\u00fc\u00fcpi l\u00fckanduste puhul, olenemata sellest, kas need on valmistatud naturaalsest puidust, laudisest v\u00f5i terasest.<\/p>\n<hr>\n<p>Massiivne, vaikne ja praktiline alumine kett tagab t\u00e4ieliku mugavuse. Disain muudab selle v\u00e4ga mitmek\u00fclgseks. See on ideaalne uste jaoks avarates t\u00f6\u00f6stuspiirkondades. See sobib ka k\u00f5ikidesse loft-, rustikaalsesse ja moodsasse interj\u00f6\u00f6ri.<\/p>\n<\/div>\n","protected":false},"excerpt":{"rendered":"<p>SAVE-mudel. FG-049-PRGR Materjal Teras, plast Paigalduskruvid Jah V\u00e4rv Must Kogus komplekti kohta 1 tk. &#8211; reguleeritav rullseinajuht&#8211; rull laagris&#8211; toode<\/p>\n","protected":false},"featured_media":65613,"comment_status":"open","ping_status":"closed","template":"","meta":{"_acf_changed":false,"pmpro_default_level":""},"product_brand":[],"product_cat":[24140],"product_tag":[],"class_list":{"0":"post-134647","1":"product","2":"type-product","3":"status-publish","4":"has-post-thumbnail","6":"product_cat-liuguksesusteemid","7":"pmpro-has-access","9":"first","10":"instock","11":"shipping-taxable","12":"purchasable","13":"product-type-simple"},"acf":[],"yoast_head":"<!-- This site is optimized with the Yoast SEO plugin v24.9 - https:\/\/yoast.com\/wordpress\/plugins\/seo\/ -->\n<title>L\u00fckanduste alumised juhikud A-011\/049 - MetalTale.com<\/title>\n<meta name=\"robots\" content=\"index, follow, max-snippet:-1, max-image-preview:large, max-video-preview:-1\" \/>\n<link rel=\"canonical\" href=\"https:\/\/metaltale.com\/et\/toode\/lukanduste-alumised-juhikud-a-011-049\/\" \/>\n<meta property=\"og:locale\" content=\"et_EE\" \/>\n<meta property=\"og:type\" content=\"article\" \/>\n<meta property=\"og:title\" content=\"L\u00fckanduste alumised juhikud A-011\/049 - MetalTale.com\" \/>\n<meta property=\"og:description\" content=\"SAVE-mudel. FG-049-PRGR Materjal Teras, plast Paigalduskruvid Jah V\u00e4rv Must Kogus komplekti kohta 1 tk. &#8211; reguleeritav rullseinajuht&#8211; rull laagris&#8211; toode\" \/>\n<meta property=\"og:url\" content=\"https:\/\/metaltale.com\/et\/toode\/lukanduste-alumised-juhikud-a-011-049\/\" \/>\n<meta property=\"og:site_name\" content=\"MetalTale.com\" \/>\n<meta property=\"og:image\" content=\"http:\/\/metaltale.com\/wp-content\/uploads\/2023\/09\/Prowadnik-A-049-NGB.jpg\" \/>\n\t<meta property=\"og:image:width\" content=\"800\" \/>\n\t<meta property=\"og:image:height\" content=\"800\" \/>\n\t<meta property=\"og:image:type\" content=\"image\/jpeg\" \/>\n<meta name=\"twitter:card\" content=\"summary_large_image\" \/>\n<meta name=\"twitter:label1\" content=\"Est. reading time\" \/>\n\t<meta name=\"twitter:data1\" content=\"1 minut\" \/>\n<script type=\"application\/ld+json\" class=\"yoast-schema-graph\">{\"@context\":\"https:\/\/schema.org\",\"@graph\":[{\"@type\":\"WebPage\",\"@id\":\"https:\/\/metaltale.com\/et\/toode\/lukanduste-alumised-juhikud-a-011-049\/\",\"url\":\"https:\/\/metaltale.com\/et\/toode\/lukanduste-alumised-juhikud-a-011-049\/\",\"name\":\"L\u00fckanduste alumised juhikud A-011\/049 - MetalTale.com\",\"isPartOf\":{\"@id\":\"https:\/\/metaltale.com\/et\/#website\"},\"primaryImageOfPage\":{\"@id\":\"https:\/\/metaltale.com\/et\/toode\/lukanduste-alumised-juhikud-a-011-049\/#primaryimage\"},\"image\":{\"@id\":\"https:\/\/metaltale.com\/et\/toode\/lukanduste-alumised-juhikud-a-011-049\/#primaryimage\"},\"thumbnailUrl\":\"https:\/\/metaltale.com\/wp-content\/uploads\/2023\/09\/Prowadnik-A-049-NGB.jpg\",\"datePublished\":\"2024-02-13T11:19:42+00:00\",\"breadcrumb\":{\"@id\":\"https:\/\/metaltale.com\/et\/toode\/lukanduste-alumised-juhikud-a-011-049\/#breadcrumb\"},\"inLanguage\":\"et\",\"potentialAction\":[{\"@type\":\"ReadAction\",\"target\":[\"https:\/\/metaltale.com\/et\/toode\/lukanduste-alumised-juhikud-a-011-049\/\"]}]},{\"@type\":\"ImageObject\",\"inLanguage\":\"et\",\"@id\":\"https:\/\/metaltale.com\/et\/toode\/lukanduste-alumised-juhikud-a-011-049\/#primaryimage\",\"url\":\"https:\/\/metaltale.com\/wp-content\/uploads\/2023\/09\/Prowadnik-A-049-NGB.jpg\",\"contentUrl\":\"https:\/\/metaltale.com\/wp-content\/uploads\/2023\/09\/Prowadnik-A-049-NGB.jpg\",\"width\":800,\"height\":800,\"caption\":\"Stumdom\u0173j\u0173 dur\u0173 apa\u010dios kreipian\u010dioji A-049\"},{\"@type\":\"BreadcrumbList\",\"@id\":\"https:\/\/metaltale.com\/et\/toode\/lukanduste-alumised-juhikud-a-011-049\/#breadcrumb\",\"itemListElement\":[{\"@type\":\"ListItem\",\"position\":1,\"name\":\"Home\",\"item\":\"https:\/\/metaltale.com\/et\/kodu\/\"},{\"@type\":\"ListItem\",\"position\":2,\"name\":\"Kauplus\",\"item\":\"https:\/\/metaltale.com\/et\/shop\/\"},{\"@type\":\"ListItem\",\"position\":3,\"name\":\"L\u00fckanduste alumised juhikud A-011\/049\"}]},{\"@type\":\"WebSite\",\"@id\":\"https:\/\/metaltale.com\/et\/#website\",\"url\":\"https:\/\/metaltale.com\/et\/\",\"name\":\"Metaltale.com\",\"description\":\"\",\"potentialAction\":[{\"@type\":\"SearchAction\",\"target\":{\"@type\":\"EntryPoint\",\"urlTemplate\":\"https:\/\/metaltale.com\/et\/?s={search_term_string}\"},\"query-input\":{\"@type\":\"PropertyValueSpecification\",\"valueRequired\":true,\"valueName\":\"search_term_string\"}}],\"inLanguage\":\"et\"}]}<\/script>\n<!-- \/ Yoast SEO plugin. -->","yoast_head_json":{"title":"L\u00fckanduste alumised juhikud A-011\/049 - MetalTale.com","robots":{"index":"index","follow":"follow","max-snippet":"max-snippet:-1","max-image-preview":"max-image-preview:large","max-video-preview":"max-video-preview:-1"},"canonical":"https:\/\/metaltale.com\/et\/toode\/lukanduste-alumised-juhikud-a-011-049\/","og_locale":"et_EE","og_type":"article","og_title":"L\u00fckanduste alumised juhikud A-011\/049 - MetalTale.com","og_description":"SAVE-mudel. FG-049-PRGR Materjal Teras, plast Paigalduskruvid Jah V\u00e4rv Must Kogus komplekti kohta 1 tk. &#8211; reguleeritav rullseinajuht&#8211; rull laagris&#8211; toode","og_url":"https:\/\/metaltale.com\/et\/toode\/lukanduste-alumised-juhikud-a-011-049\/","og_site_name":"MetalTale.com","og_image":[{"width":800,"height":800,"url":"http:\/\/metaltale.com\/wp-content\/uploads\/2023\/09\/Prowadnik-A-049-NGB.jpg","type":"image\/jpeg"}],"twitter_card":"summary_large_image","twitter_misc":{"Est. reading time":"1 minut"},"schema":{"@context":"https:\/\/schema.org","@graph":[{"@type":"WebPage","@id":"https:\/\/metaltale.com\/et\/toode\/lukanduste-alumised-juhikud-a-011-049\/","url":"https:\/\/metaltale.com\/et\/toode\/lukanduste-alumised-juhikud-a-011-049\/","name":"L\u00fckanduste alumised juhikud A-011\/049 - MetalTale.com","isPartOf":{"@id":"https:\/\/metaltale.com\/et\/#website"},"primaryImageOfPage":{"@id":"https:\/\/metaltale.com\/et\/toode\/lukanduste-alumised-juhikud-a-011-049\/#primaryimage"},"image":{"@id":"https:\/\/metaltale.com\/et\/toode\/lukanduste-alumised-juhikud-a-011-049\/#primaryimage"},"thumbnailUrl":"https:\/\/metaltale.com\/wp-content\/uploads\/2023\/09\/Prowadnik-A-049-NGB.jpg","datePublished":"2024-02-13T11:19:42+00:00","breadcrumb":{"@id":"https:\/\/metaltale.com\/et\/toode\/lukanduste-alumised-juhikud-a-011-049\/#breadcrumb"},"inLanguage":"et","potentialAction":[{"@type":"ReadAction","target":["https:\/\/metaltale.com\/et\/toode\/lukanduste-alumised-juhikud-a-011-049\/"]}]},{"@type":"ImageObject","inLanguage":"et","@id":"https:\/\/metaltale.com\/et\/toode\/lukanduste-alumised-juhikud-a-011-049\/#primaryimage","url":"https:\/\/metaltale.com\/wp-content\/uploads\/2023\/09\/Prowadnik-A-049-NGB.jpg","contentUrl":"https:\/\/metaltale.com\/wp-content\/uploads\/2023\/09\/Prowadnik-A-049-NGB.jpg","width":800,"height":800,"caption":"Stumdom\u0173j\u0173 dur\u0173 apa\u010dios kreipian\u010dioji A-049"},{"@type":"BreadcrumbList","@id":"https:\/\/metaltale.com\/et\/toode\/lukanduste-alumised-juhikud-a-011-049\/#breadcrumb","itemListElement":[{"@type":"ListItem","position":1,"name":"Home","item":"https:\/\/metaltale.com\/et\/kodu\/"},{"@type":"ListItem","position":2,"name":"Kauplus","item":"https:\/\/metaltale.com\/et\/shop\/"},{"@type":"ListItem","position":3,"name":"L\u00fckanduste alumised juhikud A-011\/049"}]},{"@type":"WebSite","@id":"https:\/\/metaltale.com\/et\/#website","url":"https:\/\/metaltale.com\/et\/","name":"Metaltale.com","description":"","potentialAction":[{"@type":"SearchAction","target":{"@type":"EntryPoint","urlTemplate":"https:\/\/metaltale.com\/et\/?s={search_term_string}"},"query-input":{"@type":"PropertyValueSpecification","valueRequired":true,"valueName":"search_term_string"}}],"inLanguage":"et"}]}},"_links":{"self":[{"href":"https:\/\/metaltale.com\/et\/wp-json\/wp\/v2\/product\/134647","targetHints":{"allow":["GET"]}}],"collection":[{"href":"https:\/\/metaltale.com\/et\/wp-json\/wp\/v2\/product"}],"about":[{"href":"https:\/\/metaltale.com\/et\/wp-json\/wp\/v2\/types\/product"}],"replies":[{"embeddable":true,"href":"https:\/\/metaltale.com\/et\/wp-json\/wp\/v2\/comments?post=134647"}],"version-history":[{"count":0,"href":"https:\/\/metaltale.com\/et\/wp-json\/wp\/v2\/product\/134647\/revisions"}],"wp:featuredmedia":[{"embeddable":true,"href":"https:\/\/metaltale.com\/et\/wp-json\/wp\/v2\/media\/65613"}],"wp:attachment":[{"href":"https:\/\/metaltale.com\/et\/wp-json\/wp\/v2\/media?parent=134647"}],"wp:term":[{"taxonomy":"product_brand","embeddable":true,"href":"https:\/\/metaltale.com\/et\/wp-json\/wp\/v2\/product_brand?post=134647"},{"taxonomy":"product_cat","embeddable":true,"href":"https:\/\/metaltale.com\/et\/wp-json\/wp\/v2\/product_cat?post=134647"},{"taxonomy":"product_tag","embeddable":true,"href":"https:\/\/metaltale.com\/et\/wp-json\/wp\/v2\/product_tag?post=134647"}],"curies":[{"name":"wp","href":"https:\/\/api.w.org\/{rel}","templated":true}]}}