{"id":134636,"date":"2024-01-20T12:02:52","date_gmt":"2024-01-20T10:02:52","guid":{"rendered":"https:\/\/metaltale.com\/produktas\/liuguksekaepide-tytan\/"},"modified":"2024-01-20T12:02:52","modified_gmt":"2024-01-20T10:02:52","slug":"liuguksekaepide-tytan","status":"publish","type":"product","link":"https:\/\/metaltale.com\/et\/toode\/liuguksekaepide-tytan\/","title":{"rendered":"Liuguksek\u00e4epide TYTAN"},"content":{"rendered":"<div class=\"prod_data\">\n<p><strong>Mudel<\/strong> 49.083.AI.300<br \/>\n<strong>EAN.<\/strong>  5905369920189<br \/>\nMaterjal Ketus<br \/>\n<strong>\u00dcldine k\u00f5rgus (cm)<\/strong> 20<br \/>\n\u00dcldine laius (cm) 6,5<br \/>\n<strong>Koguprojektsioon (cm)<\/strong> 7<br \/>\n<strong>Aluse m\u00f5\u00f5tmed (cm<\/strong> ) 5.5 x 30.5<br \/>\nPaigalduskruvid Jah<br \/>\n<strong>V\u00e4rv<\/strong> teras<\/p>\n<p>&#8211; k\u00e4epide on valmistatud kvaliteetsest malmist, et tagada kasutusohutus<br \/>\n&#8211; t\u00f6\u00f6 t\u00e4psus ja t\u00e4helepanu igale detailile on t\u00e4ieliku mugavuse garantii.<br \/>\n&#8211; K\u00e4epideme universaalne olemus v\u00f5imaldab paigaldada liuguksed, m\u00f6\u00f6bliuksed ja sahtlifronti.<br \/>\n&#8211; toodet saab edukalt kasutada praktilise v\u00e4ravahoidjana<br \/>\n&#8211; k\u00e4sipuude lihtsa arhitektuuri t\u00f5ttu sobivad need ideaalselt igasse interj\u00f6\u00f6ri, olenemata stiilist.<\/p>\n<hr>\n<p>Meie pakutavad l\u00fckanduste k\u00e4epidemed on valmistatud iga detaili silmas pidades, tagades mugava ja usaldusv\u00e4\u00e4rse kasutamise. Selle kategooria tooted r\u00f5hutavad kogu libiseva s\u00fcsteemi iseloomu ja ilu. S\u00f5ltuvalt valitud mudelist lisavad n\u00e4idatud k\u00e4epidemed tugeva v\u00f5i pehme aktsendi kaasaegsetele, retro- ja loft-interj\u00f6\u00f6ridele.<\/p>\n<\/div>\n","protected":false},"excerpt":{"rendered":"<p>Mudel 49.083.AI.300 EAN. 5905369920189 Materjal Ketus \u00dcldine k\u00f5rgus (cm) 20 \u00dcldine laius (cm) 6,5 Koguprojektsioon (cm) 7 Aluse m\u00f5\u00f5tmed (cm<\/p>\n","protected":false},"featured_media":87286,"comment_status":"open","ping_status":"closed","template":"","meta":{"_acf_changed":false,"pmpro_default_level":""},"product_brand":[],"product_cat":[24144,23839,23836,23842],"product_tag":[],"class_list":{"0":"post-134636","1":"product","2":"type-product","3":"status-publish","4":"has-post-thumbnail","6":"product_cat-ukse-liugkaepidemed","7":"product_cat-moobli-kaepidemed","8":"product_cat-moobli-tarvikud","9":"product_cat-spinteles-rankeneles-et","10":"pmpro-has-access","12":"first","13":"instock","14":"shipping-taxable","15":"purchasable","16":"product-type-simple"},"acf":[],"yoast_head":"<!-- This site is optimized with the Yoast SEO plugin v24.9 - https:\/\/yoast.com\/wordpress\/plugins\/seo\/ -->\n<title>Liuguksek\u00e4epide TYTAN - MetalTale.com<\/title>\n<meta name=\"robots\" content=\"index, follow, max-snippet:-1, max-image-preview:large, max-video-preview:-1\" \/>\n<link rel=\"canonical\" href=\"https:\/\/metaltale.com\/et\/toode\/liuguksekaepide-tytan\/\" \/>\n<meta property=\"og:locale\" content=\"et_EE\" \/>\n<meta property=\"og:type\" content=\"article\" \/>\n<meta property=\"og:title\" content=\"Liuguksek\u00e4epide TYTAN - MetalTale.com\" \/>\n<meta property=\"og:description\" content=\"Mudel 49.083.AI.300 EAN. 5905369920189 Materjal Ketus \u00dcldine k\u00f5rgus (cm) 20 \u00dcldine laius (cm) 6,5 Koguprojektsioon (cm) 7 Aluse m\u00f5\u00f5tmed (cm\" \/>\n<meta property=\"og:url\" content=\"https:\/\/metaltale.com\/et\/toode\/liuguksekaepide-tytan\/\" \/>\n<meta property=\"og:site_name\" content=\"MetalTale.com\" \/>\n<meta property=\"og:image\" content=\"https:\/\/metaltale.com\/wp-content\/uploads\/2023\/10\/Durx173-rankena-TYTAN-plienas.jpg\" \/>\n\t<meta property=\"og:image:width\" content=\"800\" \/>\n\t<meta property=\"og:image:height\" content=\"800\" \/>\n\t<meta property=\"og:image:type\" content=\"image\/jpeg\" \/>\n<meta name=\"twitter:card\" content=\"summary_large_image\" \/>\n<meta name=\"twitter:label1\" content=\"Est. reading time\" \/>\n\t<meta name=\"twitter:data1\" content=\"1 minut\" \/>\n<script type=\"application\/ld+json\" class=\"yoast-schema-graph\">{\"@context\":\"https:\/\/schema.org\",\"@graph\":[{\"@type\":\"WebPage\",\"@id\":\"https:\/\/metaltale.com\/et\/toode\/liuguksekaepide-tytan\/\",\"url\":\"https:\/\/metaltale.com\/et\/toode\/liuguksekaepide-tytan\/\",\"name\":\"Liuguksek\u00e4epide TYTAN - MetalTale.com\",\"isPartOf\":{\"@id\":\"https:\/\/metaltale.com\/et\/#website\"},\"primaryImageOfPage\":{\"@id\":\"https:\/\/metaltale.com\/et\/toode\/liuguksekaepide-tytan\/#primaryimage\"},\"image\":{\"@id\":\"https:\/\/metaltale.com\/et\/toode\/liuguksekaepide-tytan\/#primaryimage\"},\"thumbnailUrl\":\"https:\/\/metaltale.com\/wp-content\/uploads\/2023\/10\/Durx173-rankena-TYTAN-plienas.jpg\",\"datePublished\":\"2024-01-20T10:02:52+00:00\",\"breadcrumb\":{\"@id\":\"https:\/\/metaltale.com\/et\/toode\/liuguksekaepide-tytan\/#breadcrumb\"},\"inLanguage\":\"et\",\"potentialAction\":[{\"@type\":\"ReadAction\",\"target\":[\"https:\/\/metaltale.com\/et\/toode\/liuguksekaepide-tytan\/\"]}]},{\"@type\":\"ImageObject\",\"inLanguage\":\"et\",\"@id\":\"https:\/\/metaltale.com\/et\/toode\/liuguksekaepide-tytan\/#primaryimage\",\"url\":\"https:\/\/metaltale.com\/wp-content\/uploads\/2023\/10\/Durx173-rankena-TYTAN-plienas.jpg\",\"contentUrl\":\"https:\/\/metaltale.com\/wp-content\/uploads\/2023\/10\/Durx173-rankena-TYTAN-plienas.jpg\",\"width\":800,\"height\":800,\"caption\":\"Liuguksek\u00e4epide TYTAN\"},{\"@type\":\"BreadcrumbList\",\"@id\":\"https:\/\/metaltale.com\/et\/toode\/liuguksekaepide-tytan\/#breadcrumb\",\"itemListElement\":[{\"@type\":\"ListItem\",\"position\":1,\"name\":\"Home\",\"item\":\"https:\/\/metaltale.com\/et\/kodu\/\"},{\"@type\":\"ListItem\",\"position\":2,\"name\":\"Kauplus\",\"item\":\"https:\/\/metaltale.com\/et\/shop\/\"},{\"@type\":\"ListItem\",\"position\":3,\"name\":\"Liuguksek\u00e4epide TYTAN\"}]},{\"@type\":\"WebSite\",\"@id\":\"https:\/\/metaltale.com\/et\/#website\",\"url\":\"https:\/\/metaltale.com\/et\/\",\"name\":\"Metaltale.com\",\"description\":\"\",\"potentialAction\":[{\"@type\":\"SearchAction\",\"target\":{\"@type\":\"EntryPoint\",\"urlTemplate\":\"https:\/\/metaltale.com\/et\/?s={search_term_string}\"},\"query-input\":{\"@type\":\"PropertyValueSpecification\",\"valueRequired\":true,\"valueName\":\"search_term_string\"}}],\"inLanguage\":\"et\"}]}<\/script>\n<!-- \/ Yoast SEO plugin. -->","yoast_head_json":{"title":"Liuguksek\u00e4epide TYTAN - MetalTale.com","robots":{"index":"index","follow":"follow","max-snippet":"max-snippet:-1","max-image-preview":"max-image-preview:large","max-video-preview":"max-video-preview:-1"},"canonical":"https:\/\/metaltale.com\/et\/toode\/liuguksekaepide-tytan\/","og_locale":"et_EE","og_type":"article","og_title":"Liuguksek\u00e4epide TYTAN - MetalTale.com","og_description":"Mudel 49.083.AI.300 EAN. 5905369920189 Materjal Ketus \u00dcldine k\u00f5rgus (cm) 20 \u00dcldine laius (cm) 6,5 Koguprojektsioon (cm) 7 Aluse m\u00f5\u00f5tmed (cm","og_url":"https:\/\/metaltale.com\/et\/toode\/liuguksekaepide-tytan\/","og_site_name":"MetalTale.com","og_image":[{"width":800,"height":800,"url":"https:\/\/metaltale.com\/wp-content\/uploads\/2023\/10\/Durx173-rankena-TYTAN-plienas.jpg","type":"image\/jpeg"}],"twitter_card":"summary_large_image","twitter_misc":{"Est. reading time":"1 minut"},"schema":{"@context":"https:\/\/schema.org","@graph":[{"@type":"WebPage","@id":"https:\/\/metaltale.com\/et\/toode\/liuguksekaepide-tytan\/","url":"https:\/\/metaltale.com\/et\/toode\/liuguksekaepide-tytan\/","name":"Liuguksek\u00e4epide TYTAN - MetalTale.com","isPartOf":{"@id":"https:\/\/metaltale.com\/et\/#website"},"primaryImageOfPage":{"@id":"https:\/\/metaltale.com\/et\/toode\/liuguksekaepide-tytan\/#primaryimage"},"image":{"@id":"https:\/\/metaltale.com\/et\/toode\/liuguksekaepide-tytan\/#primaryimage"},"thumbnailUrl":"https:\/\/metaltale.com\/wp-content\/uploads\/2023\/10\/Durx173-rankena-TYTAN-plienas.jpg","datePublished":"2024-01-20T10:02:52+00:00","breadcrumb":{"@id":"https:\/\/metaltale.com\/et\/toode\/liuguksekaepide-tytan\/#breadcrumb"},"inLanguage":"et","potentialAction":[{"@type":"ReadAction","target":["https:\/\/metaltale.com\/et\/toode\/liuguksekaepide-tytan\/"]}]},{"@type":"ImageObject","inLanguage":"et","@id":"https:\/\/metaltale.com\/et\/toode\/liuguksekaepide-tytan\/#primaryimage","url":"https:\/\/metaltale.com\/wp-content\/uploads\/2023\/10\/Durx173-rankena-TYTAN-plienas.jpg","contentUrl":"https:\/\/metaltale.com\/wp-content\/uploads\/2023\/10\/Durx173-rankena-TYTAN-plienas.jpg","width":800,"height":800,"caption":"Liuguksek\u00e4epide TYTAN"},{"@type":"BreadcrumbList","@id":"https:\/\/metaltale.com\/et\/toode\/liuguksekaepide-tytan\/#breadcrumb","itemListElement":[{"@type":"ListItem","position":1,"name":"Home","item":"https:\/\/metaltale.com\/et\/kodu\/"},{"@type":"ListItem","position":2,"name":"Kauplus","item":"https:\/\/metaltale.com\/et\/shop\/"},{"@type":"ListItem","position":3,"name":"Liuguksek\u00e4epide TYTAN"}]},{"@type":"WebSite","@id":"https:\/\/metaltale.com\/et\/#website","url":"https:\/\/metaltale.com\/et\/","name":"Metaltale.com","description":"","potentialAction":[{"@type":"SearchAction","target":{"@type":"EntryPoint","urlTemplate":"https:\/\/metaltale.com\/et\/?s={search_term_string}"},"query-input":{"@type":"PropertyValueSpecification","valueRequired":true,"valueName":"search_term_string"}}],"inLanguage":"et"}]}},"_links":{"self":[{"href":"https:\/\/metaltale.com\/et\/wp-json\/wp\/v2\/product\/134636","targetHints":{"allow":["GET"]}}],"collection":[{"href":"https:\/\/metaltale.com\/et\/wp-json\/wp\/v2\/product"}],"about":[{"href":"https:\/\/metaltale.com\/et\/wp-json\/wp\/v2\/types\/product"}],"replies":[{"embeddable":true,"href":"https:\/\/metaltale.com\/et\/wp-json\/wp\/v2\/comments?post=134636"}],"version-history":[{"count":0,"href":"https:\/\/metaltale.com\/et\/wp-json\/wp\/v2\/product\/134636\/revisions"}],"wp:featuredmedia":[{"embeddable":true,"href":"https:\/\/metaltale.com\/et\/wp-json\/wp\/v2\/media\/87286"}],"wp:attachment":[{"href":"https:\/\/metaltale.com\/et\/wp-json\/wp\/v2\/media?parent=134636"}],"wp:term":[{"taxonomy":"product_brand","embeddable":true,"href":"https:\/\/metaltale.com\/et\/wp-json\/wp\/v2\/product_brand?post=134636"},{"taxonomy":"product_cat","embeddable":true,"href":"https:\/\/metaltale.com\/et\/wp-json\/wp\/v2\/product_cat?post=134636"},{"taxonomy":"product_tag","embeddable":true,"href":"https:\/\/metaltale.com\/et\/wp-json\/wp\/v2\/product_tag?post=134636"}],"curies":[{"name":"wp","href":"https:\/\/api.w.org\/{rel}","templated":true}]}}