{"id":134615,"date":"2024-02-13T13:17:48","date_gmt":"2024-02-13T11:17:48","guid":{"rendered":"https:\/\/metaltale.com\/produktas\/liuguksekaepide-must-simon\/"},"modified":"2024-02-13T13:17:48","modified_gmt":"2024-02-13T11:17:48","slug":"liuguksekaepide-must-simon","status":"publish","type":"product","link":"https:\/\/metaltale.com\/et\/toode\/liuguksekaepide-must-simon\/","title":{"rendered":"Liuguksek\u00e4epide must SIMON"},"content":{"rendered":"<div class=\"prod_data\"><strong>SAVE-mudel<\/strong>. TY-26. NGB  <br \/><strong>Materjal<\/strong> teras  <br \/><strong> [cm]Kogupikkus<\/strong> 35.6 <strong> <\/strong> <br \/>\u00dcldine laius (cm) 3,2 <br \/>Koguprojektsioon (cm) 4 <br \/>Aukude <strong>vahekaugus (cm)<\/strong> 30  <br \/><strong>Paigalduskruvid<\/strong> Jah  <br \/><strong>V\u00e4rv<\/strong> Must  <br \/><strong>Kogus komplekti kohta<\/strong> 1 tk.  <\/p>\n<p>&#8211; Kvaliteetsest terasest valmistatud k\u00e4epide tagab kasutuskindluse<br \/>&#8211; Pulbriline pinnakate tagab keskmisest suurema vastupidavuse<br \/>&#8211; t\u00f6\u00f6 t\u00e4psus ja t\u00e4helepanu igale detailile on t\u00e4ieliku mugavuse garantii.<br \/>&#8211; K\u00e4epideme universaalsus v\u00f5imaldab paigaldada seda ustele, m\u00f6\u00f6bliustele ja sahtlifoonidele.<br \/>&#8211; toodet saab edukalt kasutada praktilise v\u00e4ravahoidjana<br \/>&#8211; k\u00e4sipuude lihtsa arhitektuuri t\u00f5ttu sobivad need ideaalselt igasse interj\u00f6\u00f6ri, olenemata stiilist.<\/p>\n<hr>\n<p>Rustykalneuchwyty.pl&#8217;i lai uksek\u00e4epidemete valik h\u00f5lmab nii lihtsat arhitektuuri kui ka kaunistatud, originaalseid disainilahendusi. Pakutavate uksek\u00e4epidemete valmistamisel on p\u00f6\u00f6ratud t\u00e4helepanu igale detailile, et tagada mugav ja usaldusv\u00e4\u00e4rne kasutamine. S\u00f5ltuvalt mudelist pakuvad k\u00e4epidemed tugevat v\u00f5i pehmet aktsenti moodsale, maal\u00e4hedasele ja loft-interj\u00f6\u00f6rile.<\/p>\n<\/div>\n","protected":false},"excerpt":{"rendered":"<p>SAVE-mudel. TY-26. NGB Materjal teras [cm]Kogupikkus 35.6 \u00dcldine laius (cm) 3,2 Koguprojektsioon (cm) 4 Aukude vahekaugus (cm) 30 Paigalduskruvid Jah<\/p>\n","protected":false},"featured_media":113069,"comment_status":"open","ping_status":"closed","template":"","meta":{"_acf_changed":false,"pmpro_default_level":""},"product_brand":[],"product_cat":[24144],"product_tag":[],"class_list":{"0":"post-134615","1":"product","2":"type-product","3":"status-publish","4":"has-post-thumbnail","6":"product_cat-ukse-liugkaepidemed","7":"pmpro-has-access","9":"first","10":"instock","11":"shipping-taxable","12":"purchasable","13":"product-type-simple"},"acf":[],"yoast_head":"<!-- This site is optimized with the Yoast SEO plugin v24.9 - https:\/\/yoast.com\/wordpress\/plugins\/seo\/ -->\n<title>Liuguksek\u00e4epide must SIMON - MetalTale.com<\/title>\n<meta name=\"robots\" content=\"index, follow, max-snippet:-1, max-image-preview:large, max-video-preview:-1\" \/>\n<link rel=\"canonical\" href=\"https:\/\/metaltale.com\/et\/toode\/liuguksekaepide-must-simon\/\" \/>\n<meta property=\"og:locale\" content=\"et_EE\" \/>\n<meta property=\"og:type\" content=\"article\" \/>\n<meta property=\"og:title\" content=\"Liuguksek\u00e4epide must SIMON - MetalTale.com\" \/>\n<meta property=\"og:description\" content=\"SAVE-mudel. TY-26. NGB Materjal teras [cm]Kogupikkus 35.6 \u00dcldine laius (cm) 3,2 Koguprojektsioon (cm) 4 Aukude vahekaugus (cm) 30 Paigalduskruvid Jah\" \/>\n<meta property=\"og:url\" content=\"https:\/\/metaltale.com\/et\/toode\/liuguksekaepide-must-simon\/\" \/>\n<meta property=\"og:site_name\" content=\"MetalTale.com\" \/>\n<meta name=\"twitter:card\" content=\"summary_large_image\" \/>\n<meta name=\"twitter:label1\" content=\"Est. reading time\" \/>\n\t<meta name=\"twitter:data1\" content=\"1 minut\" \/>\n<script type=\"application\/ld+json\" class=\"yoast-schema-graph\">{\"@context\":\"https:\/\/schema.org\",\"@graph\":[{\"@type\":\"WebPage\",\"@id\":\"https:\/\/metaltale.com\/et\/toode\/liuguksekaepide-must-simon\/\",\"url\":\"https:\/\/metaltale.com\/et\/toode\/liuguksekaepide-must-simon\/\",\"name\":\"Liuguksek\u00e4epide must SIMON - MetalTale.com\",\"isPartOf\":{\"@id\":\"https:\/\/metaltale.com\/et\/#website\"},\"primaryImageOfPage\":{\"@id\":\"https:\/\/metaltale.com\/et\/toode\/liuguksekaepide-must-simon\/#primaryimage\"},\"image\":{\"@id\":\"https:\/\/metaltale.com\/et\/toode\/liuguksekaepide-must-simon\/#primaryimage\"},\"thumbnailUrl\":\"https:\/\/metaltale.com\/wp-content\/uploads\/2023\/11\/SIMONO-kalnas.jpg\",\"datePublished\":\"2024-02-13T11:17:48+00:00\",\"breadcrumb\":{\"@id\":\"https:\/\/metaltale.com\/et\/toode\/liuguksekaepide-must-simon\/#breadcrumb\"},\"inLanguage\":\"et\",\"potentialAction\":[{\"@type\":\"ReadAction\",\"target\":[\"https:\/\/metaltale.com\/et\/toode\/liuguksekaepide-must-simon\/\"]}]},{\"@type\":\"ImageObject\",\"inLanguage\":\"et\",\"@id\":\"https:\/\/metaltale.com\/et\/toode\/liuguksekaepide-must-simon\/#primaryimage\",\"url\":\"https:\/\/metaltale.com\/wp-content\/uploads\/2023\/11\/SIMONO-kalnas.jpg\",\"contentUrl\":\"https:\/\/metaltale.com\/wp-content\/uploads\/2023\/11\/SIMONO-kalnas.jpg\",\"width\":800,\"height\":800},{\"@type\":\"BreadcrumbList\",\"@id\":\"https:\/\/metaltale.com\/et\/toode\/liuguksekaepide-must-simon\/#breadcrumb\",\"itemListElement\":[{\"@type\":\"ListItem\",\"position\":1,\"name\":\"Home\",\"item\":\"https:\/\/metaltale.com\/et\/kodu\/\"},{\"@type\":\"ListItem\",\"position\":2,\"name\":\"Kauplus\",\"item\":\"https:\/\/metaltale.com\/et\/shop\/\"},{\"@type\":\"ListItem\",\"position\":3,\"name\":\"Liuguksek\u00e4epide must SIMON\"}]},{\"@type\":\"WebSite\",\"@id\":\"https:\/\/metaltale.com\/et\/#website\",\"url\":\"https:\/\/metaltale.com\/et\/\",\"name\":\"Metaltale.com\",\"description\":\"\",\"potentialAction\":[{\"@type\":\"SearchAction\",\"target\":{\"@type\":\"EntryPoint\",\"urlTemplate\":\"https:\/\/metaltale.com\/et\/?s={search_term_string}\"},\"query-input\":{\"@type\":\"PropertyValueSpecification\",\"valueRequired\":true,\"valueName\":\"search_term_string\"}}],\"inLanguage\":\"et\"}]}<\/script>\n<!-- \/ Yoast SEO plugin. -->","yoast_head_json":{"title":"Liuguksek\u00e4epide must SIMON - MetalTale.com","robots":{"index":"index","follow":"follow","max-snippet":"max-snippet:-1","max-image-preview":"max-image-preview:large","max-video-preview":"max-video-preview:-1"},"canonical":"https:\/\/metaltale.com\/et\/toode\/liuguksekaepide-must-simon\/","og_locale":"et_EE","og_type":"article","og_title":"Liuguksek\u00e4epide must SIMON - MetalTale.com","og_description":"SAVE-mudel. TY-26. NGB Materjal teras [cm]Kogupikkus 35.6 \u00dcldine laius (cm) 3,2 Koguprojektsioon (cm) 4 Aukude vahekaugus (cm) 30 Paigalduskruvid Jah","og_url":"https:\/\/metaltale.com\/et\/toode\/liuguksekaepide-must-simon\/","og_site_name":"MetalTale.com","twitter_card":"summary_large_image","twitter_misc":{"Est. reading time":"1 minut"},"schema":{"@context":"https:\/\/schema.org","@graph":[{"@type":"WebPage","@id":"https:\/\/metaltale.com\/et\/toode\/liuguksekaepide-must-simon\/","url":"https:\/\/metaltale.com\/et\/toode\/liuguksekaepide-must-simon\/","name":"Liuguksek\u00e4epide must SIMON - MetalTale.com","isPartOf":{"@id":"https:\/\/metaltale.com\/et\/#website"},"primaryImageOfPage":{"@id":"https:\/\/metaltale.com\/et\/toode\/liuguksekaepide-must-simon\/#primaryimage"},"image":{"@id":"https:\/\/metaltale.com\/et\/toode\/liuguksekaepide-must-simon\/#primaryimage"},"thumbnailUrl":"https:\/\/metaltale.com\/wp-content\/uploads\/2023\/11\/SIMONO-kalnas.jpg","datePublished":"2024-02-13T11:17:48+00:00","breadcrumb":{"@id":"https:\/\/metaltale.com\/et\/toode\/liuguksekaepide-must-simon\/#breadcrumb"},"inLanguage":"et","potentialAction":[{"@type":"ReadAction","target":["https:\/\/metaltale.com\/et\/toode\/liuguksekaepide-must-simon\/"]}]},{"@type":"ImageObject","inLanguage":"et","@id":"https:\/\/metaltale.com\/et\/toode\/liuguksekaepide-must-simon\/#primaryimage","url":"https:\/\/metaltale.com\/wp-content\/uploads\/2023\/11\/SIMONO-kalnas.jpg","contentUrl":"https:\/\/metaltale.com\/wp-content\/uploads\/2023\/11\/SIMONO-kalnas.jpg","width":800,"height":800},{"@type":"BreadcrumbList","@id":"https:\/\/metaltale.com\/et\/toode\/liuguksekaepide-must-simon\/#breadcrumb","itemListElement":[{"@type":"ListItem","position":1,"name":"Home","item":"https:\/\/metaltale.com\/et\/kodu\/"},{"@type":"ListItem","position":2,"name":"Kauplus","item":"https:\/\/metaltale.com\/et\/shop\/"},{"@type":"ListItem","position":3,"name":"Liuguksek\u00e4epide must SIMON"}]},{"@type":"WebSite","@id":"https:\/\/metaltale.com\/et\/#website","url":"https:\/\/metaltale.com\/et\/","name":"Metaltale.com","description":"","potentialAction":[{"@type":"SearchAction","target":{"@type":"EntryPoint","urlTemplate":"https:\/\/metaltale.com\/et\/?s={search_term_string}"},"query-input":{"@type":"PropertyValueSpecification","valueRequired":true,"valueName":"search_term_string"}}],"inLanguage":"et"}]}},"_links":{"self":[{"href":"https:\/\/metaltale.com\/et\/wp-json\/wp\/v2\/product\/134615","targetHints":{"allow":["GET"]}}],"collection":[{"href":"https:\/\/metaltale.com\/et\/wp-json\/wp\/v2\/product"}],"about":[{"href":"https:\/\/metaltale.com\/et\/wp-json\/wp\/v2\/types\/product"}],"replies":[{"embeddable":true,"href":"https:\/\/metaltale.com\/et\/wp-json\/wp\/v2\/comments?post=134615"}],"version-history":[{"count":0,"href":"https:\/\/metaltale.com\/et\/wp-json\/wp\/v2\/product\/134615\/revisions"}],"wp:featuredmedia":[{"embeddable":true,"href":"https:\/\/metaltale.com\/et\/wp-json\/wp\/v2\/media\/113069"}],"wp:attachment":[{"href":"https:\/\/metaltale.com\/et\/wp-json\/wp\/v2\/media?parent=134615"}],"wp:term":[{"taxonomy":"product_brand","embeddable":true,"href":"https:\/\/metaltale.com\/et\/wp-json\/wp\/v2\/product_brand?post=134615"},{"taxonomy":"product_cat","embeddable":true,"href":"https:\/\/metaltale.com\/et\/wp-json\/wp\/v2\/product_cat?post=134615"},{"taxonomy":"product_tag","embeddable":true,"href":"https:\/\/metaltale.com\/et\/wp-json\/wp\/v2\/product_tag?post=134615"}],"curies":[{"name":"wp","href":"https:\/\/api.w.org\/{rel}","templated":true}]}}