{"id":134614,"date":"2024-02-13T13:19:04","date_gmt":"2024-02-13T11:19:04","guid":{"rendered":"https:\/\/metaltale.com\/produktas\/liuguksekaepide-lugo-1-240-mm\/"},"modified":"2024-02-13T13:19:04","modified_gmt":"2024-02-13T11:19:04","slug":"liuguksekaepide-lugo-1-240-mm","status":"publish","type":"product","link":"https:\/\/metaltale.com\/et\/toode\/liuguksekaepide-lugo-1-240-mm\/","title":{"rendered":"Liuguksek\u00e4epide LUGO-1; 240 mm"},"content":{"rendered":"<div class=\"prod_data\">\n<p><strong>Mudel<\/strong> AG.6431-XX<br \/>\nMaterjal Metall<br \/>\nV\u00e4rv Must<br \/>\n<strong>Pinna t\u00fc\u00fcp<\/strong> Silea<\/p>\n<hr>\n<p>&#8211; Kvaliteetsest terasest valmistatud k\u00e4epide tagab kasutuskindluse<br \/>\n&#8211; Pulbriline pinnakate tagab keskmisest suurema vastupidavuse<br \/>\n&#8211; t\u00f6\u00f6 t\u00e4psus ja t\u00e4helepanu igale detailile on t\u00e4ieliku mugavuse garantii.<br \/>\n&#8211; K\u00e4epideme universaalne olemus v\u00f5imaldab paigaldada liuguksed, m\u00f6\u00f6bliuksed ja sahtlifronti.<br \/>\n&#8211; toodet saab edukalt kasutada praktilise v\u00e4ravahoidjana<br \/>\n&#8211; k\u00e4sipuude lihtsa arhitektuuri t\u00f5ttu sobivad need ideaalselt igasse interj\u00f6\u00f6ri, olenemata stiilist.<\/p>\n<hr>\n<p>Meie poolt pakutavate liuguste k\u00e4epidemed on valmistatud detailidele t\u00e4helepanu p\u00f6\u00f6rates, tagades mugava ja usaldusv\u00e4\u00e4rse kasutamise. Selle kategooria tooted r\u00f5hutavad kogu libiseva s\u00fcsteemi iseloomu ja ilu. Kahe erineva k\u00e4sipuu paigaldamine samale uksemudelile v\u00f5ib ukse stiili radikaalselt muuta. S\u00f5ltuvalt mudelist annavad meie pakutavad k\u00e4epidemed tugeva v\u00f5i pehme aktsendi kaasaegsetele, retro- ja loft-interj\u00f6\u00f6ridele.<\/p>\n<\/div>\n","protected":false},"excerpt":{"rendered":"<p>Mudel AG.6431-XX Materjal Metall V\u00e4rv Must Pinna t\u00fc\u00fcp Silea &#8211; Kvaliteetsest terasest valmistatud k\u00e4epide tagab kasutuskindluse &#8211; Pulbriline pinnakate tagab<\/p>\n","protected":false},"featured_media":99003,"comment_status":"open","ping_status":"closed","template":"","meta":{"_acf_changed":false,"pmpro_default_level":""},"product_brand":[],"product_cat":[24162,24144,23882],"product_tag":[],"class_list":{"0":"post-134614","1":"product","2":"type-product","3":"status-publish","4":"has-post-thumbnail","6":"product_cat-kaepidemed","7":"product_cat-ukse-liugkaepidemed","8":"product_cat-duru-rankenos-duru-rankenos-et","9":"pmpro-has-access","11":"first","12":"instock","13":"shipping-taxable","14":"purchasable","15":"product-type-simple"},"acf":[],"yoast_head":"<!-- This site is optimized with the Yoast SEO plugin v24.9 - https:\/\/yoast.com\/wordpress\/plugins\/seo\/ -->\n<title>Liuguksek\u00e4epide LUGO-1; 240 mm - MetalTale.com<\/title>\n<meta name=\"robots\" content=\"index, follow, max-snippet:-1, max-image-preview:large, max-video-preview:-1\" \/>\n<link rel=\"canonical\" href=\"https:\/\/metaltale.com\/et\/toode\/liuguksekaepide-lugo-1-240-mm\/\" \/>\n<meta property=\"og:locale\" content=\"et_EE\" \/>\n<meta property=\"og:type\" content=\"article\" \/>\n<meta property=\"og:title\" content=\"Liuguksek\u00e4epide LUGO-1; 240 mm - MetalTale.com\" \/>\n<meta property=\"og:description\" content=\"Mudel AG.6431-XX Materjal Metall V\u00e4rv Must Pinna t\u00fc\u00fcp Silea &#8211; Kvaliteetsest terasest valmistatud k\u00e4epide tagab kasutuskindluse &#8211; Pulbriline pinnakate tagab\" \/>\n<meta property=\"og:url\" content=\"https:\/\/metaltale.com\/et\/toode\/liuguksekaepide-lugo-1-240-mm\/\" \/>\n<meta property=\"og:site_name\" content=\"MetalTale.com\" \/>\n<meta property=\"og:image\" content=\"https:\/\/metaltale.com\/wp-content\/uploads\/2023\/11\/LUGO-1-240.jpg\" \/>\n\t<meta property=\"og:image:width\" content=\"800\" \/>\n\t<meta property=\"og:image:height\" content=\"800\" \/>\n\t<meta property=\"og:image:type\" content=\"image\/jpeg\" \/>\n<meta name=\"twitter:card\" content=\"summary_large_image\" \/>\n<meta name=\"twitter:label1\" content=\"Est. reading time\" \/>\n\t<meta name=\"twitter:data1\" content=\"1 minut\" \/>\n<script type=\"application\/ld+json\" class=\"yoast-schema-graph\">{\"@context\":\"https:\/\/schema.org\",\"@graph\":[{\"@type\":\"WebPage\",\"@id\":\"https:\/\/metaltale.com\/et\/toode\/liuguksekaepide-lugo-1-240-mm\/\",\"url\":\"https:\/\/metaltale.com\/et\/toode\/liuguksekaepide-lugo-1-240-mm\/\",\"name\":\"Liuguksek\u00e4epide LUGO-1; 240 mm - MetalTale.com\",\"isPartOf\":{\"@id\":\"https:\/\/metaltale.com\/et\/#website\"},\"primaryImageOfPage\":{\"@id\":\"https:\/\/metaltale.com\/et\/toode\/liuguksekaepide-lugo-1-240-mm\/#primaryimage\"},\"image\":{\"@id\":\"https:\/\/metaltale.com\/et\/toode\/liuguksekaepide-lugo-1-240-mm\/#primaryimage\"},\"thumbnailUrl\":\"https:\/\/metaltale.com\/wp-content\/uploads\/2023\/11\/LUGO-1-240.jpg\",\"datePublished\":\"2024-02-13T11:19:04+00:00\",\"breadcrumb\":{\"@id\":\"https:\/\/metaltale.com\/et\/toode\/liuguksekaepide-lugo-1-240-mm\/#breadcrumb\"},\"inLanguage\":\"et\",\"potentialAction\":[{\"@type\":\"ReadAction\",\"target\":[\"https:\/\/metaltale.com\/et\/toode\/liuguksekaepide-lugo-1-240-mm\/\"]}]},{\"@type\":\"ImageObject\",\"inLanguage\":\"et\",\"@id\":\"https:\/\/metaltale.com\/et\/toode\/liuguksekaepide-lugo-1-240-mm\/#primaryimage\",\"url\":\"https:\/\/metaltale.com\/wp-content\/uploads\/2023\/11\/LUGO-1-240.jpg\",\"contentUrl\":\"https:\/\/metaltale.com\/wp-content\/uploads\/2023\/11\/LUGO-1-240.jpg\",\"width\":800,\"height\":800,\"caption\":\"Liuguksek\u00e4epide LUGO-1 140 mm\"},{\"@type\":\"BreadcrumbList\",\"@id\":\"https:\/\/metaltale.com\/et\/toode\/liuguksekaepide-lugo-1-240-mm\/#breadcrumb\",\"itemListElement\":[{\"@type\":\"ListItem\",\"position\":1,\"name\":\"Home\",\"item\":\"https:\/\/metaltale.com\/et\/kodu\/\"},{\"@type\":\"ListItem\",\"position\":2,\"name\":\"Kauplus\",\"item\":\"https:\/\/metaltale.com\/et\/shop\/\"},{\"@type\":\"ListItem\",\"position\":3,\"name\":\"Liuguksek\u00e4epide LUGO-1; 240 mm\"}]},{\"@type\":\"WebSite\",\"@id\":\"https:\/\/metaltale.com\/et\/#website\",\"url\":\"https:\/\/metaltale.com\/et\/\",\"name\":\"Metaltale.com\",\"description\":\"\",\"potentialAction\":[{\"@type\":\"SearchAction\",\"target\":{\"@type\":\"EntryPoint\",\"urlTemplate\":\"https:\/\/metaltale.com\/et\/?s={search_term_string}\"},\"query-input\":{\"@type\":\"PropertyValueSpecification\",\"valueRequired\":true,\"valueName\":\"search_term_string\"}}],\"inLanguage\":\"et\"}]}<\/script>\n<!-- \/ Yoast SEO plugin. -->","yoast_head_json":{"title":"Liuguksek\u00e4epide LUGO-1; 240 mm - MetalTale.com","robots":{"index":"index","follow":"follow","max-snippet":"max-snippet:-1","max-image-preview":"max-image-preview:large","max-video-preview":"max-video-preview:-1"},"canonical":"https:\/\/metaltale.com\/et\/toode\/liuguksekaepide-lugo-1-240-mm\/","og_locale":"et_EE","og_type":"article","og_title":"Liuguksek\u00e4epide LUGO-1; 240 mm - MetalTale.com","og_description":"Mudel AG.6431-XX Materjal Metall V\u00e4rv Must Pinna t\u00fc\u00fcp Silea &#8211; Kvaliteetsest terasest valmistatud k\u00e4epide tagab kasutuskindluse &#8211; Pulbriline pinnakate tagab","og_url":"https:\/\/metaltale.com\/et\/toode\/liuguksekaepide-lugo-1-240-mm\/","og_site_name":"MetalTale.com","og_image":[{"width":800,"height":800,"url":"https:\/\/metaltale.com\/wp-content\/uploads\/2023\/11\/LUGO-1-240.jpg","type":"image\/jpeg"}],"twitter_card":"summary_large_image","twitter_misc":{"Est. reading time":"1 minut"},"schema":{"@context":"https:\/\/schema.org","@graph":[{"@type":"WebPage","@id":"https:\/\/metaltale.com\/et\/toode\/liuguksekaepide-lugo-1-240-mm\/","url":"https:\/\/metaltale.com\/et\/toode\/liuguksekaepide-lugo-1-240-mm\/","name":"Liuguksek\u00e4epide LUGO-1; 240 mm - MetalTale.com","isPartOf":{"@id":"https:\/\/metaltale.com\/et\/#website"},"primaryImageOfPage":{"@id":"https:\/\/metaltale.com\/et\/toode\/liuguksekaepide-lugo-1-240-mm\/#primaryimage"},"image":{"@id":"https:\/\/metaltale.com\/et\/toode\/liuguksekaepide-lugo-1-240-mm\/#primaryimage"},"thumbnailUrl":"https:\/\/metaltale.com\/wp-content\/uploads\/2023\/11\/LUGO-1-240.jpg","datePublished":"2024-02-13T11:19:04+00:00","breadcrumb":{"@id":"https:\/\/metaltale.com\/et\/toode\/liuguksekaepide-lugo-1-240-mm\/#breadcrumb"},"inLanguage":"et","potentialAction":[{"@type":"ReadAction","target":["https:\/\/metaltale.com\/et\/toode\/liuguksekaepide-lugo-1-240-mm\/"]}]},{"@type":"ImageObject","inLanguage":"et","@id":"https:\/\/metaltale.com\/et\/toode\/liuguksekaepide-lugo-1-240-mm\/#primaryimage","url":"https:\/\/metaltale.com\/wp-content\/uploads\/2023\/11\/LUGO-1-240.jpg","contentUrl":"https:\/\/metaltale.com\/wp-content\/uploads\/2023\/11\/LUGO-1-240.jpg","width":800,"height":800,"caption":"Liuguksek\u00e4epide LUGO-1 140 mm"},{"@type":"BreadcrumbList","@id":"https:\/\/metaltale.com\/et\/toode\/liuguksekaepide-lugo-1-240-mm\/#breadcrumb","itemListElement":[{"@type":"ListItem","position":1,"name":"Home","item":"https:\/\/metaltale.com\/et\/kodu\/"},{"@type":"ListItem","position":2,"name":"Kauplus","item":"https:\/\/metaltale.com\/et\/shop\/"},{"@type":"ListItem","position":3,"name":"Liuguksek\u00e4epide LUGO-1; 240 mm"}]},{"@type":"WebSite","@id":"https:\/\/metaltale.com\/et\/#website","url":"https:\/\/metaltale.com\/et\/","name":"Metaltale.com","description":"","potentialAction":[{"@type":"SearchAction","target":{"@type":"EntryPoint","urlTemplate":"https:\/\/metaltale.com\/et\/?s={search_term_string}"},"query-input":{"@type":"PropertyValueSpecification","valueRequired":true,"valueName":"search_term_string"}}],"inLanguage":"et"}]}},"_links":{"self":[{"href":"https:\/\/metaltale.com\/et\/wp-json\/wp\/v2\/product\/134614","targetHints":{"allow":["GET"]}}],"collection":[{"href":"https:\/\/metaltale.com\/et\/wp-json\/wp\/v2\/product"}],"about":[{"href":"https:\/\/metaltale.com\/et\/wp-json\/wp\/v2\/types\/product"}],"replies":[{"embeddable":true,"href":"https:\/\/metaltale.com\/et\/wp-json\/wp\/v2\/comments?post=134614"}],"version-history":[{"count":0,"href":"https:\/\/metaltale.com\/et\/wp-json\/wp\/v2\/product\/134614\/revisions"}],"wp:featuredmedia":[{"embeddable":true,"href":"https:\/\/metaltale.com\/et\/wp-json\/wp\/v2\/media\/99003"}],"wp:attachment":[{"href":"https:\/\/metaltale.com\/et\/wp-json\/wp\/v2\/media?parent=134614"}],"wp:term":[{"taxonomy":"product_brand","embeddable":true,"href":"https:\/\/metaltale.com\/et\/wp-json\/wp\/v2\/product_brand?post=134614"},{"taxonomy":"product_cat","embeddable":true,"href":"https:\/\/metaltale.com\/et\/wp-json\/wp\/v2\/product_cat?post=134614"},{"taxonomy":"product_tag","embeddable":true,"href":"https:\/\/metaltale.com\/et\/wp-json\/wp\/v2\/product_tag?post=134614"}],"curies":[{"name":"wp","href":"https:\/\/api.w.org\/{rel}","templated":true}]}}