{"id":134593,"date":"2024-02-13T15:07:04","date_gmt":"2024-02-13T13:07:04","guid":{"rendered":"https:\/\/metaltale.com\/produktas\/liuguksekaepide-must-henry\/"},"modified":"2024-02-13T15:07:04","modified_gmt":"2024-02-13T13:07:04","slug":"liuguksekaepide-must-henry","status":"publish","type":"product","link":"https:\/\/metaltale.com\/et\/toode\/liuguksekaepide-must-henry\/","title":{"rendered":"Liuguksek\u00e4epide must HENRY"},"content":{"rendered":"<div class=\"prod_data\"><strong>Mudel<\/strong> ZA.006-C10-150  <br \/><strong>Materjal<\/strong> teras  <br \/><strong>\u00dcldine k\u00f5rgus (cm)<\/strong> 15,2  <br \/>\u00dcldine laius (cm) 4,2 <br \/><strong>Koguprojektsioon (cm)<\/strong> 0,7  <br \/>Aukude <strong>vahe (cm)<\/strong> 12,6  <br \/><strong>Paigalduskruvid<\/strong> Jah  <br \/><strong>V\u00e4rv<\/strong> Must  <br \/>Viimistlus pulberv\u00e4rvitud <\/p>\n<p>K\u00e4epide on valmistatud tippkvaliteediga terasest, mis tagab kasutamise ohutuse.<\/p>\n<p>Pulbriline pinnakate tagab keskmisest suurema vastupidavuse<\/p>\n<p>K\u00e4sipuu v\u00e4rv sobib ideaalselt k\u00f5igi Rustykalneuchwyty.pl poe mustade juhiste v\u00e4rviga.<\/p>\n<p>T\u00e4psus, t\u00e4helepanu igale detailile, tagab t\u00e4ieliku mugavuse.<\/p>\n<p>K\u00e4epideme mitmek\u00fclgsus v\u00f5imaldab seda kasutada nii puidust kui ka klaasist uste puhul metallraamiga.<\/p>\n<hr>\n<p>Meie poolt pakutavad l\u00fckanduste k\u00e4epidemed on valmistatud iga detailiga, mis tagab mugava ja usaldusv\u00e4\u00e4rse kasutamise. M\u00f6\u00f6blik\u00e4epide sobib ideaalselt nii puidust ustele kui ka laia raamiga klaasustele. T\u00e4nu oma mitmek\u00fclgsusele sobib see igasse interj\u00f6\u00f6ri, olenemata stiilist. Kinnituspesa ei pea paigaldamiseks freesima ja kinnitusaugud muudavad selle kinnitamise v\u00e4ga lihtsaks.<\/p>\n<\/div>\n","protected":false},"excerpt":{"rendered":"<p>Mudel ZA.006-C10-150 Materjal teras \u00dcldine k\u00f5rgus (cm) 15,2 \u00dcldine laius (cm) 4,2 Koguprojektsioon (cm) 0,7 Aukude vahe (cm) 12,6 Paigalduskruvid<\/p>\n","protected":false},"featured_media":115873,"comment_status":"open","ping_status":"closed","template":"","meta":{"_acf_changed":false,"pmpro_default_level":""},"product_brand":[],"product_cat":[24144],"product_tag":[],"class_list":{"0":"post-134593","1":"product","2":"type-product","3":"status-publish","4":"has-post-thumbnail","6":"product_cat-ukse-liugkaepidemed","7":"pmpro-has-access","9":"first","10":"instock","11":"shipping-taxable","12":"purchasable","13":"product-type-simple"},"acf":[],"yoast_head":"<!-- This site is optimized with the Yoast SEO plugin v24.9 - https:\/\/yoast.com\/wordpress\/plugins\/seo\/ -->\n<title>Liuguksek\u00e4epide must HENRY - MetalTale.com<\/title>\n<meta name=\"robots\" content=\"index, follow, max-snippet:-1, max-image-preview:large, max-video-preview:-1\" \/>\n<link rel=\"canonical\" href=\"https:\/\/metaltale.com\/et\/toode\/liuguksekaepide-must-henry\/\" \/>\n<meta property=\"og:locale\" content=\"et_EE\" \/>\n<meta property=\"og:type\" content=\"article\" \/>\n<meta property=\"og:title\" content=\"Liuguksek\u00e4epide must HENRY - MetalTale.com\" \/>\n<meta property=\"og:description\" content=\"Mudel ZA.006-C10-150 Materjal teras \u00dcldine k\u00f5rgus (cm) 15,2 \u00dcldine laius (cm) 4,2 Koguprojektsioon (cm) 0,7 Aukude vahe (cm) 12,6 Paigalduskruvid\" \/>\n<meta property=\"og:url\" content=\"https:\/\/metaltale.com\/et\/toode\/liuguksekaepide-must-henry\/\" \/>\n<meta property=\"og:site_name\" content=\"MetalTale.com\" \/>\n<meta name=\"twitter:card\" content=\"summary_large_image\" \/>\n<meta name=\"twitter:label1\" content=\"Est. reading time\" \/>\n\t<meta name=\"twitter:data1\" content=\"1 minut\" \/>\n<script type=\"application\/ld+json\" class=\"yoast-schema-graph\">{\"@context\":\"https:\/\/schema.org\",\"@graph\":[{\"@type\":\"WebPage\",\"@id\":\"https:\/\/metaltale.com\/et\/toode\/liuguksekaepide-must-henry\/\",\"url\":\"https:\/\/metaltale.com\/et\/toode\/liuguksekaepide-must-henry\/\",\"name\":\"Liuguksek\u00e4epide must HENRY - MetalTale.com\",\"isPartOf\":{\"@id\":\"https:\/\/metaltale.com\/et\/#website\"},\"primaryImageOfPage\":{\"@id\":\"https:\/\/metaltale.com\/et\/toode\/liuguksekaepide-must-henry\/#primaryimage\"},\"image\":{\"@id\":\"https:\/\/metaltale.com\/et\/toode\/liuguksekaepide-must-henry\/#primaryimage\"},\"thumbnailUrl\":\"https:\/\/metaltale.com\/wp-content\/uploads\/2023\/12\/Rankena-HENRY.jpg\",\"datePublished\":\"2024-02-13T13:07:04+00:00\",\"breadcrumb\":{\"@id\":\"https:\/\/metaltale.com\/et\/toode\/liuguksekaepide-must-henry\/#breadcrumb\"},\"inLanguage\":\"et\",\"potentialAction\":[{\"@type\":\"ReadAction\",\"target\":[\"https:\/\/metaltale.com\/et\/toode\/liuguksekaepide-must-henry\/\"]}]},{\"@type\":\"ImageObject\",\"inLanguage\":\"et\",\"@id\":\"https:\/\/metaltale.com\/et\/toode\/liuguksekaepide-must-henry\/#primaryimage\",\"url\":\"https:\/\/metaltale.com\/wp-content\/uploads\/2023\/12\/Rankena-HENRY.jpg\",\"contentUrl\":\"https:\/\/metaltale.com\/wp-content\/uploads\/2023\/12\/Rankena-HENRY.jpg\",\"width\":800,\"height\":800},{\"@type\":\"BreadcrumbList\",\"@id\":\"https:\/\/metaltale.com\/et\/toode\/liuguksekaepide-must-henry\/#breadcrumb\",\"itemListElement\":[{\"@type\":\"ListItem\",\"position\":1,\"name\":\"Home\",\"item\":\"https:\/\/metaltale.com\/et\/kodu\/\"},{\"@type\":\"ListItem\",\"position\":2,\"name\":\"Kauplus\",\"item\":\"https:\/\/metaltale.com\/et\/shop\/\"},{\"@type\":\"ListItem\",\"position\":3,\"name\":\"Liuguksek\u00e4epide must HENRY\"}]},{\"@type\":\"WebSite\",\"@id\":\"https:\/\/metaltale.com\/et\/#website\",\"url\":\"https:\/\/metaltale.com\/et\/\",\"name\":\"Metaltale.com\",\"description\":\"\",\"potentialAction\":[{\"@type\":\"SearchAction\",\"target\":{\"@type\":\"EntryPoint\",\"urlTemplate\":\"https:\/\/metaltale.com\/et\/?s={search_term_string}\"},\"query-input\":{\"@type\":\"PropertyValueSpecification\",\"valueRequired\":true,\"valueName\":\"search_term_string\"}}],\"inLanguage\":\"et\"}]}<\/script>\n<!-- \/ Yoast SEO plugin. -->","yoast_head_json":{"title":"Liuguksek\u00e4epide must HENRY - MetalTale.com","robots":{"index":"index","follow":"follow","max-snippet":"max-snippet:-1","max-image-preview":"max-image-preview:large","max-video-preview":"max-video-preview:-1"},"canonical":"https:\/\/metaltale.com\/et\/toode\/liuguksekaepide-must-henry\/","og_locale":"et_EE","og_type":"article","og_title":"Liuguksek\u00e4epide must HENRY - MetalTale.com","og_description":"Mudel ZA.006-C10-150 Materjal teras \u00dcldine k\u00f5rgus (cm) 15,2 \u00dcldine laius (cm) 4,2 Koguprojektsioon (cm) 0,7 Aukude vahe (cm) 12,6 Paigalduskruvid","og_url":"https:\/\/metaltale.com\/et\/toode\/liuguksekaepide-must-henry\/","og_site_name":"MetalTale.com","twitter_card":"summary_large_image","twitter_misc":{"Est. reading time":"1 minut"},"schema":{"@context":"https:\/\/schema.org","@graph":[{"@type":"WebPage","@id":"https:\/\/metaltale.com\/et\/toode\/liuguksekaepide-must-henry\/","url":"https:\/\/metaltale.com\/et\/toode\/liuguksekaepide-must-henry\/","name":"Liuguksek\u00e4epide must HENRY - MetalTale.com","isPartOf":{"@id":"https:\/\/metaltale.com\/et\/#website"},"primaryImageOfPage":{"@id":"https:\/\/metaltale.com\/et\/toode\/liuguksekaepide-must-henry\/#primaryimage"},"image":{"@id":"https:\/\/metaltale.com\/et\/toode\/liuguksekaepide-must-henry\/#primaryimage"},"thumbnailUrl":"https:\/\/metaltale.com\/wp-content\/uploads\/2023\/12\/Rankena-HENRY.jpg","datePublished":"2024-02-13T13:07:04+00:00","breadcrumb":{"@id":"https:\/\/metaltale.com\/et\/toode\/liuguksekaepide-must-henry\/#breadcrumb"},"inLanguage":"et","potentialAction":[{"@type":"ReadAction","target":["https:\/\/metaltale.com\/et\/toode\/liuguksekaepide-must-henry\/"]}]},{"@type":"ImageObject","inLanguage":"et","@id":"https:\/\/metaltale.com\/et\/toode\/liuguksekaepide-must-henry\/#primaryimage","url":"https:\/\/metaltale.com\/wp-content\/uploads\/2023\/12\/Rankena-HENRY.jpg","contentUrl":"https:\/\/metaltale.com\/wp-content\/uploads\/2023\/12\/Rankena-HENRY.jpg","width":800,"height":800},{"@type":"BreadcrumbList","@id":"https:\/\/metaltale.com\/et\/toode\/liuguksekaepide-must-henry\/#breadcrumb","itemListElement":[{"@type":"ListItem","position":1,"name":"Home","item":"https:\/\/metaltale.com\/et\/kodu\/"},{"@type":"ListItem","position":2,"name":"Kauplus","item":"https:\/\/metaltale.com\/et\/shop\/"},{"@type":"ListItem","position":3,"name":"Liuguksek\u00e4epide must HENRY"}]},{"@type":"WebSite","@id":"https:\/\/metaltale.com\/et\/#website","url":"https:\/\/metaltale.com\/et\/","name":"Metaltale.com","description":"","potentialAction":[{"@type":"SearchAction","target":{"@type":"EntryPoint","urlTemplate":"https:\/\/metaltale.com\/et\/?s={search_term_string}"},"query-input":{"@type":"PropertyValueSpecification","valueRequired":true,"valueName":"search_term_string"}}],"inLanguage":"et"}]}},"_links":{"self":[{"href":"https:\/\/metaltale.com\/et\/wp-json\/wp\/v2\/product\/134593","targetHints":{"allow":["GET"]}}],"collection":[{"href":"https:\/\/metaltale.com\/et\/wp-json\/wp\/v2\/product"}],"about":[{"href":"https:\/\/metaltale.com\/et\/wp-json\/wp\/v2\/types\/product"}],"replies":[{"embeddable":true,"href":"https:\/\/metaltale.com\/et\/wp-json\/wp\/v2\/comments?post=134593"}],"version-history":[{"count":0,"href":"https:\/\/metaltale.com\/et\/wp-json\/wp\/v2\/product\/134593\/revisions"}],"wp:featuredmedia":[{"embeddable":true,"href":"https:\/\/metaltale.com\/et\/wp-json\/wp\/v2\/media\/115873"}],"wp:attachment":[{"href":"https:\/\/metaltale.com\/et\/wp-json\/wp\/v2\/media?parent=134593"}],"wp:term":[{"taxonomy":"product_brand","embeddable":true,"href":"https:\/\/metaltale.com\/et\/wp-json\/wp\/v2\/product_brand?post=134593"},{"taxonomy":"product_cat","embeddable":true,"href":"https:\/\/metaltale.com\/et\/wp-json\/wp\/v2\/product_cat?post=134593"},{"taxonomy":"product_tag","embeddable":true,"href":"https:\/\/metaltale.com\/et\/wp-json\/wp\/v2\/product_tag?post=134593"}],"curies":[{"name":"wp","href":"https:\/\/api.w.org\/{rel}","templated":true}]}}