{"id":134585,"date":"2024-02-13T13:27:05","date_gmt":"2024-02-13T11:27:05","guid":{"rendered":"https:\/\/metaltale.com\/produktas\/ummargune-tammepuust-lauaplaat-rotunda-naturaalses-olis\/"},"modified":"2024-02-13T13:27:05","modified_gmt":"2024-02-13T11:27:05","slug":"ummargune-tammepuust-lauaplaat-rotunda-naturaalses-olis","status":"publish","type":"product","link":"https:\/\/metaltale.com\/et\/toode\/ummargune-tammepuust-lauaplaat-rotunda-naturaalses-olis\/","title":{"rendered":"\u00dcmmargune tammepuust lauaplaat ROTUNDA naturaalses \u00f5lis"},"content":{"rendered":"<div class=\"prod_data\"><strong>Mudel<\/strong> VIDURIO OL  <br \/><strong>Materjal<\/strong> Tammepuit  <br \/>Paksus (cm) 4 <br \/><strong>V\u00e4rv<\/strong> Puit &#8211; naturaalne \u00f5li  <br \/><strong>Viimistlemine<\/strong> \u00f5liriidega  <\/p>\n<table align=\"center\" border=\"0\" style=\"width: 100%;\">\n<tbody>\n<tr>\n<td><\/td>\n<td><\/td>\n<td><\/td>\n<\/tr>\n<\/tbody>\n<\/table>\n<p>&#8211; massiivne tammepuust \u00fcmmargune plaat<br \/>&#8211; \u00fclemine pind on kaitstud loodusliku \u00f5liga<br \/>&#8211; kerged s\u00f5lmed, madalad praod<br \/>&#8211; Hoolikas valik v\u00f5imaldab kasutada sarnase v\u00e4rvusega materjali, millel on v\u00e4hem valget v\u00e4rvi.<br \/>&#8211; vahelduv kiudude paigutus tagab t\u00f6\u00f6pinna vastupidavuse<br \/>&#8211; puidu looduslik arhitektuur on s\u00e4ilinud &#8211; v\u00e4rvimuutused, suhteliselt v\u00e4ikesed praod, oksad.<br \/>&#8211; ei ole t\u00e4ispikkuses pragusid ega s\u00f5rmk\u00fc\u00fcnti\u00fchendusi<br \/>&#8211; vt. muud ROTUNDA mudeli variandid<br \/>&#8211; v\u00f5imalus tellida mittestandardset lauaplaadi suurust<br \/>&#8211; pakkumine piirdub t\u00f6\u00f6pinnaga ja ei h\u00f5lma m\u00f6\u00f6bli jalgu.<\/p>\n<hr>\n<p>Puidust s\u00f6\u00f6gilaud, eriti v\u00e4ikestes ruumides, ei pea olema ristk\u00fclikukujuline. \u00dcmmargune tammepuust lauaplaat v\u00f5imaldab luua klassikalise laua, mis sobib suurep\u00e4raselt k\u00f6\u00f6ki v\u00f5i&#8230; elutubades kohvilaudana. ROTUNDA on \u00f5rna iseloomuga, kergete s\u00f5lmede ja peente pragudega. Looduslik \u00f5lik\u00fcllastus suurendab \u00f5rnalt tammepuu ainulaadse tekstuuri ilu. See on mitmek\u00fclgne v\u00e4rv, mis sobib paljudesse interj\u00f6\u00f6ridesse, alates s\u00f6\u00f6gitoast kuni elutoani, alates avangardistlikust kuni industriaalse ja minimalistlikuni. \u00dcmmargune puidust laud on klassikaline ja ajatu ese, mis saab t\u00e4iesti uue m\u00f5\u00f5tme, kui puidust lauaplaat kombineeritakse terasjalaga.<\/p>\n<\/div>\n","protected":false},"excerpt":{"rendered":"<p>Mudel VIDURIO OL Materjal Tammepuit Paksus (cm) 4 V\u00e4rv Puit &#8211; naturaalne \u00f5li Viimistlemine \u00f5liriidega &#8211; massiivne tammepuust \u00fcmmargune plaat&#8211;<\/p>\n","protected":false},"featured_media":66534,"comment_status":"open","ping_status":"closed","template":"","meta":{"_acf_changed":false,"pmpro_default_level":""},"product_brand":[],"product_cat":[24139],"product_tag":[],"class_list":{"0":"post-134585","1":"product","2":"type-product","3":"status-publish","4":"has-post-thumbnail","6":"product_cat-puidust-tootasapinnad","7":"pmpro-has-access","9":"first","10":"instock","11":"shipping-taxable","12":"purchasable","13":"product-type-simple"},"acf":[],"yoast_head":"<!-- This site is optimized with the Yoast SEO plugin v24.9 - https:\/\/yoast.com\/wordpress\/plugins\/seo\/ -->\n<title>\u00dcmmargune tammepuust lauaplaat ROTUNDA naturaalses \u00f5lis - MetalTale.com<\/title>\n<meta name=\"robots\" content=\"index, follow, max-snippet:-1, max-image-preview:large, max-video-preview:-1\" \/>\n<link rel=\"canonical\" href=\"https:\/\/metaltale.com\/et\/toode\/ummargune-tammepuust-lauaplaat-rotunda-naturaalses-olis\/\" \/>\n<meta property=\"og:locale\" content=\"et_EE\" \/>\n<meta property=\"og:type\" content=\"article\" \/>\n<meta property=\"og:title\" content=\"\u00dcmmargune tammepuust lauaplaat ROTUNDA naturaalses \u00f5lis - MetalTale.com\" \/>\n<meta property=\"og:description\" content=\"Mudel VIDURIO OL Materjal Tammepuit Paksus (cm) 4 V\u00e4rv Puit &#8211; naturaalne \u00f5li Viimistlemine \u00f5liriidega &#8211; massiivne tammepuust \u00fcmmargune plaat&#8211;\" \/>\n<meta property=\"og:url\" content=\"https:\/\/metaltale.com\/et\/toode\/ummargune-tammepuust-lauaplaat-rotunda-naturaalses-olis\/\" \/>\n<meta property=\"og:site_name\" content=\"MetalTale.com\" \/>\n<meta name=\"twitter:card\" content=\"summary_large_image\" \/>\n<meta name=\"twitter:label1\" content=\"Est. reading time\" \/>\n\t<meta name=\"twitter:data1\" content=\"1 minut\" \/>\n<script type=\"application\/ld+json\" class=\"yoast-schema-graph\">{\"@context\":\"https:\/\/schema.org\",\"@graph\":[{\"@type\":\"WebPage\",\"@id\":\"https:\/\/metaltale.com\/et\/toode\/ummargune-tammepuust-lauaplaat-rotunda-naturaalses-olis\/\",\"url\":\"https:\/\/metaltale.com\/et\/toode\/ummargune-tammepuust-lauaplaat-rotunda-naturaalses-olis\/\",\"name\":\"\u00dcmmargune tammepuust lauaplaat ROTUNDA naturaalses \u00f5lis - MetalTale.com\",\"isPartOf\":{\"@id\":\"https:\/\/metaltale.com\/et\/#website\"},\"primaryImageOfPage\":{\"@id\":\"https:\/\/metaltale.com\/et\/toode\/ummargune-tammepuust-lauaplaat-rotunda-naturaalses-olis\/#primaryimage\"},\"image\":{\"@id\":\"https:\/\/metaltale.com\/et\/toode\/ummargune-tammepuust-lauaplaat-rotunda-naturaalses-olis\/#primaryimage\"},\"thumbnailUrl\":\"https:\/\/metaltale.com\/wp-content\/uploads\/2023\/09\/Stalvirx161is-ROTUNDA-60-raw.jpg\",\"datePublished\":\"2024-02-13T11:27:05+00:00\",\"breadcrumb\":{\"@id\":\"https:\/\/metaltale.com\/et\/toode\/ummargune-tammepuust-lauaplaat-rotunda-naturaalses-olis\/#breadcrumb\"},\"inLanguage\":\"et\",\"potentialAction\":[{\"@type\":\"ReadAction\",\"target\":[\"https:\/\/metaltale.com\/et\/toode\/ummargune-tammepuust-lauaplaat-rotunda-naturaalses-olis\/\"]}]},{\"@type\":\"ImageObject\",\"inLanguage\":\"et\",\"@id\":\"https:\/\/metaltale.com\/et\/toode\/ummargune-tammepuust-lauaplaat-rotunda-naturaalses-olis\/#primaryimage\",\"url\":\"https:\/\/metaltale.com\/wp-content\/uploads\/2023\/09\/Stalvirx161is-ROTUNDA-60-raw.jpg\",\"contentUrl\":\"https:\/\/metaltale.com\/wp-content\/uploads\/2023\/09\/Stalvirx161is-ROTUNDA-60-raw.jpg\",\"width\":800,\"height\":800},{\"@type\":\"BreadcrumbList\",\"@id\":\"https:\/\/metaltale.com\/et\/toode\/ummargune-tammepuust-lauaplaat-rotunda-naturaalses-olis\/#breadcrumb\",\"itemListElement\":[{\"@type\":\"ListItem\",\"position\":1,\"name\":\"Home\",\"item\":\"https:\/\/metaltale.com\/et\/kodu\/\"},{\"@type\":\"ListItem\",\"position\":2,\"name\":\"Kauplus\",\"item\":\"https:\/\/metaltale.com\/et\/shop\/\"},{\"@type\":\"ListItem\",\"position\":3,\"name\":\"\u00dcmmargune tammepuust lauaplaat ROTUNDA naturaalses \u00f5lis\"}]},{\"@type\":\"WebSite\",\"@id\":\"https:\/\/metaltale.com\/et\/#website\",\"url\":\"https:\/\/metaltale.com\/et\/\",\"name\":\"Metaltale.com\",\"description\":\"\",\"potentialAction\":[{\"@type\":\"SearchAction\",\"target\":{\"@type\":\"EntryPoint\",\"urlTemplate\":\"https:\/\/metaltale.com\/et\/?s={search_term_string}\"},\"query-input\":{\"@type\":\"PropertyValueSpecification\",\"valueRequired\":true,\"valueName\":\"search_term_string\"}}],\"inLanguage\":\"et\"}]}<\/script>\n<!-- \/ Yoast SEO plugin. -->","yoast_head_json":{"title":"\u00dcmmargune tammepuust lauaplaat ROTUNDA naturaalses \u00f5lis - MetalTale.com","robots":{"index":"index","follow":"follow","max-snippet":"max-snippet:-1","max-image-preview":"max-image-preview:large","max-video-preview":"max-video-preview:-1"},"canonical":"https:\/\/metaltale.com\/et\/toode\/ummargune-tammepuust-lauaplaat-rotunda-naturaalses-olis\/","og_locale":"et_EE","og_type":"article","og_title":"\u00dcmmargune tammepuust lauaplaat ROTUNDA naturaalses \u00f5lis - MetalTale.com","og_description":"Mudel VIDURIO OL Materjal Tammepuit Paksus (cm) 4 V\u00e4rv Puit &#8211; naturaalne \u00f5li Viimistlemine \u00f5liriidega &#8211; massiivne tammepuust \u00fcmmargune plaat&#8211;","og_url":"https:\/\/metaltale.com\/et\/toode\/ummargune-tammepuust-lauaplaat-rotunda-naturaalses-olis\/","og_site_name":"MetalTale.com","twitter_card":"summary_large_image","twitter_misc":{"Est. reading time":"1 minut"},"schema":{"@context":"https:\/\/schema.org","@graph":[{"@type":"WebPage","@id":"https:\/\/metaltale.com\/et\/toode\/ummargune-tammepuust-lauaplaat-rotunda-naturaalses-olis\/","url":"https:\/\/metaltale.com\/et\/toode\/ummargune-tammepuust-lauaplaat-rotunda-naturaalses-olis\/","name":"\u00dcmmargune tammepuust lauaplaat ROTUNDA naturaalses \u00f5lis - MetalTale.com","isPartOf":{"@id":"https:\/\/metaltale.com\/et\/#website"},"primaryImageOfPage":{"@id":"https:\/\/metaltale.com\/et\/toode\/ummargune-tammepuust-lauaplaat-rotunda-naturaalses-olis\/#primaryimage"},"image":{"@id":"https:\/\/metaltale.com\/et\/toode\/ummargune-tammepuust-lauaplaat-rotunda-naturaalses-olis\/#primaryimage"},"thumbnailUrl":"https:\/\/metaltale.com\/wp-content\/uploads\/2023\/09\/Stalvirx161is-ROTUNDA-60-raw.jpg","datePublished":"2024-02-13T11:27:05+00:00","breadcrumb":{"@id":"https:\/\/metaltale.com\/et\/toode\/ummargune-tammepuust-lauaplaat-rotunda-naturaalses-olis\/#breadcrumb"},"inLanguage":"et","potentialAction":[{"@type":"ReadAction","target":["https:\/\/metaltale.com\/et\/toode\/ummargune-tammepuust-lauaplaat-rotunda-naturaalses-olis\/"]}]},{"@type":"ImageObject","inLanguage":"et","@id":"https:\/\/metaltale.com\/et\/toode\/ummargune-tammepuust-lauaplaat-rotunda-naturaalses-olis\/#primaryimage","url":"https:\/\/metaltale.com\/wp-content\/uploads\/2023\/09\/Stalvirx161is-ROTUNDA-60-raw.jpg","contentUrl":"https:\/\/metaltale.com\/wp-content\/uploads\/2023\/09\/Stalvirx161is-ROTUNDA-60-raw.jpg","width":800,"height":800},{"@type":"BreadcrumbList","@id":"https:\/\/metaltale.com\/et\/toode\/ummargune-tammepuust-lauaplaat-rotunda-naturaalses-olis\/#breadcrumb","itemListElement":[{"@type":"ListItem","position":1,"name":"Home","item":"https:\/\/metaltale.com\/et\/kodu\/"},{"@type":"ListItem","position":2,"name":"Kauplus","item":"https:\/\/metaltale.com\/et\/shop\/"},{"@type":"ListItem","position":3,"name":"\u00dcmmargune tammepuust lauaplaat ROTUNDA naturaalses \u00f5lis"}]},{"@type":"WebSite","@id":"https:\/\/metaltale.com\/et\/#website","url":"https:\/\/metaltale.com\/et\/","name":"Metaltale.com","description":"","potentialAction":[{"@type":"SearchAction","target":{"@type":"EntryPoint","urlTemplate":"https:\/\/metaltale.com\/et\/?s={search_term_string}"},"query-input":{"@type":"PropertyValueSpecification","valueRequired":true,"valueName":"search_term_string"}}],"inLanguage":"et"}]}},"_links":{"self":[{"href":"https:\/\/metaltale.com\/et\/wp-json\/wp\/v2\/product\/134585","targetHints":{"allow":["GET"]}}],"collection":[{"href":"https:\/\/metaltale.com\/et\/wp-json\/wp\/v2\/product"}],"about":[{"href":"https:\/\/metaltale.com\/et\/wp-json\/wp\/v2\/types\/product"}],"replies":[{"embeddable":true,"href":"https:\/\/metaltale.com\/et\/wp-json\/wp\/v2\/comments?post=134585"}],"version-history":[{"count":0,"href":"https:\/\/metaltale.com\/et\/wp-json\/wp\/v2\/product\/134585\/revisions"}],"wp:featuredmedia":[{"embeddable":true,"href":"https:\/\/metaltale.com\/et\/wp-json\/wp\/v2\/media\/66534"}],"wp:attachment":[{"href":"https:\/\/metaltale.com\/et\/wp-json\/wp\/v2\/media?parent=134585"}],"wp:term":[{"taxonomy":"product_brand","embeddable":true,"href":"https:\/\/metaltale.com\/et\/wp-json\/wp\/v2\/product_brand?post=134585"},{"taxonomy":"product_cat","embeddable":true,"href":"https:\/\/metaltale.com\/et\/wp-json\/wp\/v2\/product_cat?post=134585"},{"taxonomy":"product_tag","embeddable":true,"href":"https:\/\/metaltale.com\/et\/wp-json\/wp\/v2\/product_tag?post=134585"}],"curies":[{"name":"wp","href":"https:\/\/api.w.org\/{rel}","templated":true}]}}