{"id":134584,"date":"2024-02-13T13:39:04","date_gmt":"2024-02-13T11:39:04","guid":{"rendered":"https:\/\/metaltale.com\/produktas\/ummargused-seisvad-malmist-kuunlajalad-2\/"},"modified":"2024-02-13T13:39:04","modified_gmt":"2024-02-13T11:39:04","slug":"ummargused-seisvad-malmist-kuunlajalad-2","status":"publish","type":"product","link":"https:\/\/metaltale.com\/et\/toode\/ummargused-seisvad-malmist-kuunlajalad-2\/","title":{"rendered":"\u00dcmmargused seisvad malmist k\u00fc\u00fcnlajalad"},"content":{"rendered":"<div class=\"prod_data\"><strong>Mudel<\/strong> 49.826.AI. XX <br \/><strong>Materjal<\/strong> Ketus  <br \/>\u00dcldine k\u00f5rgus (cm) 3 <br \/>Aluse l\u00e4bim\u00f5\u00f5t (cm) 4 <br \/>V\u00e4rv teras <\/p>\n<p>K\u00fc\u00fcnlajalg on valmistatud kvaliteetsest vormimisest.<\/p>\n<p>Kaunistatud ja huvitava disainiga, mis on m\u00f5eldud kasutamiseks mis tahes vahatoodete peal.<\/p>\n<p>Seda saab kasutada ka dekoratiivse, n\u00f6\u00f6pidega kaardikorraldajana.<\/p>\n<\/div>\n","protected":false},"excerpt":{"rendered":"<p>Mudel 49.826.AI. XX Materjal Ketus \u00dcldine k\u00f5rgus (cm) 3 Aluse l\u00e4bim\u00f5\u00f5t (cm) 4 V\u00e4rv teras K\u00fc\u00fcnlajalg on valmistatud kvaliteetsest vormimisest.<\/p>\n","protected":false},"featured_media":96942,"comment_status":"open","ping_status":"closed","template":"","meta":{"_acf_changed":false,"pmpro_default_level":""},"product_brand":[],"product_cat":[24187],"product_tag":[],"class_list":{"0":"post-134584","1":"product","2":"type-product","3":"status-publish","4":"has-post-thumbnail","6":"product_cat-tostetavad-kuunlajalad","7":"pmpro-has-access","9":"first","10":"instock","11":"shipping-taxable","12":"purchasable","13":"product-type-simple"},"acf":[],"yoast_head":"<!-- This site is optimized with the Yoast SEO plugin v24.9 - https:\/\/yoast.com\/wordpress\/plugins\/seo\/ -->\n<title>\u00dcmmargused seisvad malmist k\u00fc\u00fcnlajalad - MetalTale.com<\/title>\n<meta name=\"robots\" content=\"index, follow, max-snippet:-1, max-image-preview:large, max-video-preview:-1\" \/>\n<link rel=\"canonical\" href=\"https:\/\/metaltale.com\/et\/toode\/ummargused-seisvad-malmist-kuunlajalad-2\/\" \/>\n<meta property=\"og:locale\" content=\"et_EE\" \/>\n<meta property=\"og:type\" content=\"article\" \/>\n<meta property=\"og:title\" content=\"\u00dcmmargused seisvad malmist k\u00fc\u00fcnlajalad - MetalTale.com\" \/>\n<meta property=\"og:description\" content=\"Mudel 49.826.AI. XX Materjal Ketus \u00dcldine k\u00f5rgus (cm) 3 Aluse l\u00e4bim\u00f5\u00f5t (cm) 4 V\u00e4rv teras K\u00fc\u00fcnlajalg on valmistatud kvaliteetsest vormimisest.\" \/>\n<meta property=\"og:url\" content=\"https:\/\/metaltale.com\/et\/toode\/ummargused-seisvad-malmist-kuunlajalad-2\/\" \/>\n<meta property=\"og:site_name\" content=\"MetalTale.com\" \/>\n<meta name=\"twitter:card\" content=\"summary_large_image\" \/>\n<script type=\"application\/ld+json\" class=\"yoast-schema-graph\">{\"@context\":\"https:\/\/schema.org\",\"@graph\":[{\"@type\":\"WebPage\",\"@id\":\"https:\/\/metaltale.com\/et\/toode\/ummargused-seisvad-malmist-kuunlajalad-2\/\",\"url\":\"https:\/\/metaltale.com\/et\/toode\/ummargused-seisvad-malmist-kuunlajalad-2\/\",\"name\":\"\u00dcmmargused seisvad malmist k\u00fc\u00fcnlajalad - MetalTale.com\",\"isPartOf\":{\"@id\":\"https:\/\/metaltale.com\/et\/#website\"},\"primaryImageOfPage\":{\"@id\":\"https:\/\/metaltale.com\/et\/toode\/ummargused-seisvad-malmist-kuunlajalad-2\/#primaryimage\"},\"image\":{\"@id\":\"https:\/\/metaltale.com\/et\/toode\/ummargused-seisvad-malmist-kuunlajalad-2\/#primaryimage\"},\"thumbnailUrl\":\"https:\/\/metaltale.com\/wp-content\/uploads\/2023\/10\/x17Dvakidx117-ROUND-78mm.jpg\",\"datePublished\":\"2024-02-13T11:39:04+00:00\",\"breadcrumb\":{\"@id\":\"https:\/\/metaltale.com\/et\/toode\/ummargused-seisvad-malmist-kuunlajalad-2\/#breadcrumb\"},\"inLanguage\":\"et\",\"potentialAction\":[{\"@type\":\"ReadAction\",\"target\":[\"https:\/\/metaltale.com\/et\/toode\/ummargused-seisvad-malmist-kuunlajalad-2\/\"]}]},{\"@type\":\"ImageObject\",\"inLanguage\":\"et\",\"@id\":\"https:\/\/metaltale.com\/et\/toode\/ummargused-seisvad-malmist-kuunlajalad-2\/#primaryimage\",\"url\":\"https:\/\/metaltale.com\/wp-content\/uploads\/2023\/10\/x17Dvakidx117-ROUND-78mm.jpg\",\"contentUrl\":\"https:\/\/metaltale.com\/wp-content\/uploads\/2023\/10\/x17Dvakidx117-ROUND-78mm.jpg\",\"width\":800,\"height\":800},{\"@type\":\"BreadcrumbList\",\"@id\":\"https:\/\/metaltale.com\/et\/toode\/ummargused-seisvad-malmist-kuunlajalad-2\/#breadcrumb\",\"itemListElement\":[{\"@type\":\"ListItem\",\"position\":1,\"name\":\"Home\",\"item\":\"https:\/\/metaltale.com\/et\/kodu\/\"},{\"@type\":\"ListItem\",\"position\":2,\"name\":\"Kauplus\",\"item\":\"https:\/\/metaltale.com\/et\/shop\/\"},{\"@type\":\"ListItem\",\"position\":3,\"name\":\"\u00dcmmargused seisvad malmist k\u00fc\u00fcnlajalad\"}]},{\"@type\":\"WebSite\",\"@id\":\"https:\/\/metaltale.com\/et\/#website\",\"url\":\"https:\/\/metaltale.com\/et\/\",\"name\":\"Metaltale.com\",\"description\":\"\",\"potentialAction\":[{\"@type\":\"SearchAction\",\"target\":{\"@type\":\"EntryPoint\",\"urlTemplate\":\"https:\/\/metaltale.com\/et\/?s={search_term_string}\"},\"query-input\":{\"@type\":\"PropertyValueSpecification\",\"valueRequired\":true,\"valueName\":\"search_term_string\"}}],\"inLanguage\":\"et\"}]}<\/script>\n<!-- \/ Yoast SEO plugin. -->","yoast_head_json":{"title":"\u00dcmmargused seisvad malmist k\u00fc\u00fcnlajalad - MetalTale.com","robots":{"index":"index","follow":"follow","max-snippet":"max-snippet:-1","max-image-preview":"max-image-preview:large","max-video-preview":"max-video-preview:-1"},"canonical":"https:\/\/metaltale.com\/et\/toode\/ummargused-seisvad-malmist-kuunlajalad-2\/","og_locale":"et_EE","og_type":"article","og_title":"\u00dcmmargused seisvad malmist k\u00fc\u00fcnlajalad - MetalTale.com","og_description":"Mudel 49.826.AI. XX Materjal Ketus \u00dcldine k\u00f5rgus (cm) 3 Aluse l\u00e4bim\u00f5\u00f5t (cm) 4 V\u00e4rv teras K\u00fc\u00fcnlajalg on valmistatud kvaliteetsest vormimisest.","og_url":"https:\/\/metaltale.com\/et\/toode\/ummargused-seisvad-malmist-kuunlajalad-2\/","og_site_name":"MetalTale.com","twitter_card":"summary_large_image","schema":{"@context":"https:\/\/schema.org","@graph":[{"@type":"WebPage","@id":"https:\/\/metaltale.com\/et\/toode\/ummargused-seisvad-malmist-kuunlajalad-2\/","url":"https:\/\/metaltale.com\/et\/toode\/ummargused-seisvad-malmist-kuunlajalad-2\/","name":"\u00dcmmargused seisvad malmist k\u00fc\u00fcnlajalad - MetalTale.com","isPartOf":{"@id":"https:\/\/metaltale.com\/et\/#website"},"primaryImageOfPage":{"@id":"https:\/\/metaltale.com\/et\/toode\/ummargused-seisvad-malmist-kuunlajalad-2\/#primaryimage"},"image":{"@id":"https:\/\/metaltale.com\/et\/toode\/ummargused-seisvad-malmist-kuunlajalad-2\/#primaryimage"},"thumbnailUrl":"https:\/\/metaltale.com\/wp-content\/uploads\/2023\/10\/x17Dvakidx117-ROUND-78mm.jpg","datePublished":"2024-02-13T11:39:04+00:00","breadcrumb":{"@id":"https:\/\/metaltale.com\/et\/toode\/ummargused-seisvad-malmist-kuunlajalad-2\/#breadcrumb"},"inLanguage":"et","potentialAction":[{"@type":"ReadAction","target":["https:\/\/metaltale.com\/et\/toode\/ummargused-seisvad-malmist-kuunlajalad-2\/"]}]},{"@type":"ImageObject","inLanguage":"et","@id":"https:\/\/metaltale.com\/et\/toode\/ummargused-seisvad-malmist-kuunlajalad-2\/#primaryimage","url":"https:\/\/metaltale.com\/wp-content\/uploads\/2023\/10\/x17Dvakidx117-ROUND-78mm.jpg","contentUrl":"https:\/\/metaltale.com\/wp-content\/uploads\/2023\/10\/x17Dvakidx117-ROUND-78mm.jpg","width":800,"height":800},{"@type":"BreadcrumbList","@id":"https:\/\/metaltale.com\/et\/toode\/ummargused-seisvad-malmist-kuunlajalad-2\/#breadcrumb","itemListElement":[{"@type":"ListItem","position":1,"name":"Home","item":"https:\/\/metaltale.com\/et\/kodu\/"},{"@type":"ListItem","position":2,"name":"Kauplus","item":"https:\/\/metaltale.com\/et\/shop\/"},{"@type":"ListItem","position":3,"name":"\u00dcmmargused seisvad malmist k\u00fc\u00fcnlajalad"}]},{"@type":"WebSite","@id":"https:\/\/metaltale.com\/et\/#website","url":"https:\/\/metaltale.com\/et\/","name":"Metaltale.com","description":"","potentialAction":[{"@type":"SearchAction","target":{"@type":"EntryPoint","urlTemplate":"https:\/\/metaltale.com\/et\/?s={search_term_string}"},"query-input":{"@type":"PropertyValueSpecification","valueRequired":true,"valueName":"search_term_string"}}],"inLanguage":"et"}]}},"_links":{"self":[{"href":"https:\/\/metaltale.com\/et\/wp-json\/wp\/v2\/product\/134584","targetHints":{"allow":["GET"]}}],"collection":[{"href":"https:\/\/metaltale.com\/et\/wp-json\/wp\/v2\/product"}],"about":[{"href":"https:\/\/metaltale.com\/et\/wp-json\/wp\/v2\/types\/product"}],"replies":[{"embeddable":true,"href":"https:\/\/metaltale.com\/et\/wp-json\/wp\/v2\/comments?post=134584"}],"version-history":[{"count":0,"href":"https:\/\/metaltale.com\/et\/wp-json\/wp\/v2\/product\/134584\/revisions"}],"wp:featuredmedia":[{"embeddable":true,"href":"https:\/\/metaltale.com\/et\/wp-json\/wp\/v2\/media\/96942"}],"wp:attachment":[{"href":"https:\/\/metaltale.com\/et\/wp-json\/wp\/v2\/media?parent=134584"}],"wp:term":[{"taxonomy":"product_brand","embeddable":true,"href":"https:\/\/metaltale.com\/et\/wp-json\/wp\/v2\/product_brand?post=134584"},{"taxonomy":"product_cat","embeddable":true,"href":"https:\/\/metaltale.com\/et\/wp-json\/wp\/v2\/product_cat?post=134584"},{"taxonomy":"product_tag","embeddable":true,"href":"https:\/\/metaltale.com\/et\/wp-json\/wp\/v2\/product_tag?post=134584"}],"curies":[{"name":"wp","href":"https:\/\/api.w.org\/{rel}","templated":true}]}}