{"id":134566,"date":"2024-01-19T20:48:48","date_gmt":"2024-01-19T18:48:48","guid":{"rendered":"https:\/\/metaltale.com\/produktas\/lukanduste-komplekt-old-black\/"},"modified":"2024-01-19T20:48:48","modified_gmt":"2024-01-19T18:48:48","slug":"lukanduste-komplekt-old-black","status":"publish","type":"product","link":"https:\/\/metaltale.com\/et\/toode\/lukanduste-komplekt-old-black\/","title":{"rendered":"L\u00fckanduste komplekt OLD BLACK"},"content":{"rendered":"<p><strong>Mudel<\/strong> SE.A01<br \/>\n<strong>EAN.<\/strong>  5907772071298<br \/>\n<strong>Materjal<\/strong> teras<br \/>\n<strong> [cm]Kogupikkus<\/strong> 200<strong> <\/strong><br \/>\nSeinale <strong>paigaldamine<\/strong><br \/>\n<strong>V\u00e4rv<\/strong> Must<\/p>\n<p><strong>Komplekti kuuluvad:<\/strong><\/p>\n<ul class=\"pkt\">\n<li>metallkangas 200 cm (2&#215;100 cm)<\/li>\n<li>dekoratiivsed laagrirullid (2 tk)<\/li>\n<li>distantsh\u00fclsid (5 t\u00fckki)<\/li>\n<li>horisontaalne (2 \u00fchikut) ja vertikaalne (2 \u00fchikut)<\/li>\n<li>P\u00f5randajuht (1 tk)<\/li>\n<li>Kinnituskomplekt: kruvid, poldid ja seibid<\/li>\n<\/ul>\n<p><strong>Toote omadused:<\/strong><\/p>\n<p>pakkumine sisaldab libisevat s\u00fcsteemi \u00fchepoolsete uste ja seinte paigaldamiseks<\/p>\n<p>esitatud mudel on ette n\u00e4htud puidust liugustele, mis on valmistatud laudadest ja terasraamidest, mille kaal ei \u00fcleta 130 kg ja mille paksus on 30-45 mm.<\/p>\n<p>Passiivsed koormuskatsed (200 kg) ja d\u00fcnaamilised koormuskatsed (130 kg) kinnitasid k\u00f5rgeimat kvaliteeti ja ohutust.<\/p>\n<p>kuullaagritega rullratas lihtsaks ja vaikseks liikumiseks<\/p>\n<p>Horisontaalsed pidurid r\u00f6\u00f6baste otstes, alumine juhik ja vertikaalsed toed r\u00f6\u00f6baste all stabiliseerivad ust ja takistavad selle kukkumist r\u00f6\u00f6bastelt.<\/p>\n<p>Sisaldab alumist juhet, p\u00f5randale paigaldatavat katet, mida saab kasutada uksel koos l\u00f5ikuriga v\u00f5i ilma selleta<\/p>\n<p>viis kinnituspunkti tagavad stabiilsuse, turvalisuse ja vastupidavuse<\/p>\n<p>Sisaldab kruvisid paigaldamiseks nii puitkonstruktsioonidele kui ka tellisseintele.<\/p>\n<p>s\u00fcsteemi on \u00e4\u00e4rmiselt lihtne ja intuitiivne seadistada.<\/p>\n<hr>\n<p>Selle komplekti musta v\u00e4rvi t\u00f5ttu on see mitmek\u00fclgne disain, mida saab kasutada mis tahes t\u00fc\u00fcpi interj\u00f6\u00f6ris. Liugukses\u00fcsteemid on kaasaegsed lahendused, mis loovad t\u00e4iusliku koosk\u00f5la traditsioonilise ja stiilse sisekujundusega. Komplekt ei ole m\u00f5eldud mitte ainult industriaal- ja loftstiili, vaid ka moodsa disaini austajatele. Toode \u00fchendab endas stabiilsuse ja t\u00f6\u00f6kindluse lihtsa ja t\u00f5estatud konstruktsiooniga. L\u00fckanduksed on t\u00e4iuslik kombinatsioon praktilisest lahendusest ja pilkup\u00fc\u00fcdvast disainist.<\/p>\n","protected":false},"excerpt":{"rendered":"<p>Mudel SE.A01 EAN. 5907772071298 Materjal teras [cm]Kogupikkus 200 Seinale paigaldamine V\u00e4rv Must Komplekti kuuluvad: metallkangas 200 cm (2&#215;100 cm) dekoratiivsed<\/p>\n","protected":false},"featured_media":132031,"comment_status":"open","ping_status":"closed","template":"","meta":{"_acf_changed":false,"pmpro_default_level":""},"product_brand":[],"product_cat":[24140,24170],"product_tag":[],"class_list":{"0":"post-134566","1":"product","2":"type-product","3":"status-publish","4":"has-post-thumbnail","6":"product_cat-liuguksesusteemid","7":"product_cat-lukanduste-juhikud","8":"pmpro-has-access","10":"first","11":"instock","12":"shipping-taxable","13":"purchasable","14":"product-type-simple"},"acf":[],"yoast_head":"<!-- This site is optimized with the Yoast SEO plugin v24.9 - https:\/\/yoast.com\/wordpress\/plugins\/seo\/ -->\n<title>L\u00fckanduste komplekt OLD BLACK - MetalTale.com<\/title>\n<meta name=\"robots\" content=\"index, follow, max-snippet:-1, max-image-preview:large, max-video-preview:-1\" \/>\n<link rel=\"canonical\" href=\"https:\/\/metaltale.com\/et\/toode\/lukanduste-komplekt-old-black\/\" \/>\n<meta property=\"og:locale\" content=\"et_EE\" \/>\n<meta property=\"og:type\" content=\"article\" \/>\n<meta property=\"og:title\" content=\"L\u00fckanduste komplekt OLD BLACK - MetalTale.com\" \/>\n<meta property=\"og:description\" content=\"Mudel SE.A01 EAN. 5907772071298 Materjal teras [cm]Kogupikkus 200 Seinale paigaldamine V\u00e4rv Must Komplekti kuuluvad: metallkangas 200 cm (2&#215;100 cm) dekoratiivsed\" \/>\n<meta property=\"og:url\" content=\"https:\/\/metaltale.com\/et\/toode\/lukanduste-komplekt-old-black\/\" \/>\n<meta property=\"og:site_name\" content=\"MetalTale.com\" \/>\n<meta property=\"og:image\" content=\"http:\/\/metaltale.com\/wp-content\/uploads\/2024\/01\/Stumdomu-duru-apkaustai-OLD-BLACK.jpg\" \/>\n\t<meta property=\"og:image:width\" content=\"800\" \/>\n\t<meta property=\"og:image:height\" content=\"800\" \/>\n\t<meta property=\"og:image:type\" content=\"image\/jpeg\" \/>\n<meta name=\"twitter:card\" content=\"summary_large_image\" \/>\n<meta name=\"twitter:label1\" content=\"Est. reading time\" \/>\n\t<meta name=\"twitter:data1\" content=\"1 minut\" \/>\n<script type=\"application\/ld+json\" class=\"yoast-schema-graph\">{\"@context\":\"https:\/\/schema.org\",\"@graph\":[{\"@type\":\"WebPage\",\"@id\":\"https:\/\/metaltale.com\/et\/toode\/lukanduste-komplekt-old-black\/\",\"url\":\"https:\/\/metaltale.com\/et\/toode\/lukanduste-komplekt-old-black\/\",\"name\":\"L\u00fckanduste komplekt OLD BLACK - MetalTale.com\",\"isPartOf\":{\"@id\":\"https:\/\/metaltale.com\/et\/#website\"},\"primaryImageOfPage\":{\"@id\":\"https:\/\/metaltale.com\/et\/toode\/lukanduste-komplekt-old-black\/#primaryimage\"},\"image\":{\"@id\":\"https:\/\/metaltale.com\/et\/toode\/lukanduste-komplekt-old-black\/#primaryimage\"},\"thumbnailUrl\":\"https:\/\/metaltale.com\/wp-content\/uploads\/2024\/01\/Stumdomu-duru-apkaustai-OLD-BLACK.jpg\",\"datePublished\":\"2024-01-19T18:48:48+00:00\",\"breadcrumb\":{\"@id\":\"https:\/\/metaltale.com\/et\/toode\/lukanduste-komplekt-old-black\/#breadcrumb\"},\"inLanguage\":\"et\",\"potentialAction\":[{\"@type\":\"ReadAction\",\"target\":[\"https:\/\/metaltale.com\/et\/toode\/lukanduste-komplekt-old-black\/\"]}]},{\"@type\":\"ImageObject\",\"inLanguage\":\"et\",\"@id\":\"https:\/\/metaltale.com\/et\/toode\/lukanduste-komplekt-old-black\/#primaryimage\",\"url\":\"https:\/\/metaltale.com\/wp-content\/uploads\/2024\/01\/Stumdomu-duru-apkaustai-OLD-BLACK.jpg\",\"contentUrl\":\"https:\/\/metaltale.com\/wp-content\/uploads\/2024\/01\/Stumdomu-duru-apkaustai-OLD-BLACK.jpg\",\"width\":800,\"height\":800,\"caption\":\"L\u00fckanduste riistvara OLD BLACK\"},{\"@type\":\"BreadcrumbList\",\"@id\":\"https:\/\/metaltale.com\/et\/toode\/lukanduste-komplekt-old-black\/#breadcrumb\",\"itemListElement\":[{\"@type\":\"ListItem\",\"position\":1,\"name\":\"Home\",\"item\":\"https:\/\/metaltale.com\/et\/kodu\/\"},{\"@type\":\"ListItem\",\"position\":2,\"name\":\"Kauplus\",\"item\":\"https:\/\/metaltale.com\/et\/shop\/\"},{\"@type\":\"ListItem\",\"position\":3,\"name\":\"L\u00fckanduste komplekt OLD BLACK\"}]},{\"@type\":\"WebSite\",\"@id\":\"https:\/\/metaltale.com\/et\/#website\",\"url\":\"https:\/\/metaltale.com\/et\/\",\"name\":\"Metaltale.com\",\"description\":\"\",\"potentialAction\":[{\"@type\":\"SearchAction\",\"target\":{\"@type\":\"EntryPoint\",\"urlTemplate\":\"https:\/\/metaltale.com\/et\/?s={search_term_string}\"},\"query-input\":{\"@type\":\"PropertyValueSpecification\",\"valueRequired\":true,\"valueName\":\"search_term_string\"}}],\"inLanguage\":\"et\"}]}<\/script>\n<!-- \/ Yoast SEO plugin. -->","yoast_head_json":{"title":"L\u00fckanduste komplekt OLD BLACK - MetalTale.com","robots":{"index":"index","follow":"follow","max-snippet":"max-snippet:-1","max-image-preview":"max-image-preview:large","max-video-preview":"max-video-preview:-1"},"canonical":"https:\/\/metaltale.com\/et\/toode\/lukanduste-komplekt-old-black\/","og_locale":"et_EE","og_type":"article","og_title":"L\u00fckanduste komplekt OLD BLACK - MetalTale.com","og_description":"Mudel SE.A01 EAN. 5907772071298 Materjal teras [cm]Kogupikkus 200 Seinale paigaldamine V\u00e4rv Must Komplekti kuuluvad: metallkangas 200 cm (2&#215;100 cm) dekoratiivsed","og_url":"https:\/\/metaltale.com\/et\/toode\/lukanduste-komplekt-old-black\/","og_site_name":"MetalTale.com","og_image":[{"width":800,"height":800,"url":"http:\/\/metaltale.com\/wp-content\/uploads\/2024\/01\/Stumdomu-duru-apkaustai-OLD-BLACK.jpg","type":"image\/jpeg"}],"twitter_card":"summary_large_image","twitter_misc":{"Est. reading time":"1 minut"},"schema":{"@context":"https:\/\/schema.org","@graph":[{"@type":"WebPage","@id":"https:\/\/metaltale.com\/et\/toode\/lukanduste-komplekt-old-black\/","url":"https:\/\/metaltale.com\/et\/toode\/lukanduste-komplekt-old-black\/","name":"L\u00fckanduste komplekt OLD BLACK - MetalTale.com","isPartOf":{"@id":"https:\/\/metaltale.com\/et\/#website"},"primaryImageOfPage":{"@id":"https:\/\/metaltale.com\/et\/toode\/lukanduste-komplekt-old-black\/#primaryimage"},"image":{"@id":"https:\/\/metaltale.com\/et\/toode\/lukanduste-komplekt-old-black\/#primaryimage"},"thumbnailUrl":"https:\/\/metaltale.com\/wp-content\/uploads\/2024\/01\/Stumdomu-duru-apkaustai-OLD-BLACK.jpg","datePublished":"2024-01-19T18:48:48+00:00","breadcrumb":{"@id":"https:\/\/metaltale.com\/et\/toode\/lukanduste-komplekt-old-black\/#breadcrumb"},"inLanguage":"et","potentialAction":[{"@type":"ReadAction","target":["https:\/\/metaltale.com\/et\/toode\/lukanduste-komplekt-old-black\/"]}]},{"@type":"ImageObject","inLanguage":"et","@id":"https:\/\/metaltale.com\/et\/toode\/lukanduste-komplekt-old-black\/#primaryimage","url":"https:\/\/metaltale.com\/wp-content\/uploads\/2024\/01\/Stumdomu-duru-apkaustai-OLD-BLACK.jpg","contentUrl":"https:\/\/metaltale.com\/wp-content\/uploads\/2024\/01\/Stumdomu-duru-apkaustai-OLD-BLACK.jpg","width":800,"height":800,"caption":"L\u00fckanduste riistvara OLD BLACK"},{"@type":"BreadcrumbList","@id":"https:\/\/metaltale.com\/et\/toode\/lukanduste-komplekt-old-black\/#breadcrumb","itemListElement":[{"@type":"ListItem","position":1,"name":"Home","item":"https:\/\/metaltale.com\/et\/kodu\/"},{"@type":"ListItem","position":2,"name":"Kauplus","item":"https:\/\/metaltale.com\/et\/shop\/"},{"@type":"ListItem","position":3,"name":"L\u00fckanduste komplekt OLD BLACK"}]},{"@type":"WebSite","@id":"https:\/\/metaltale.com\/et\/#website","url":"https:\/\/metaltale.com\/et\/","name":"Metaltale.com","description":"","potentialAction":[{"@type":"SearchAction","target":{"@type":"EntryPoint","urlTemplate":"https:\/\/metaltale.com\/et\/?s={search_term_string}"},"query-input":{"@type":"PropertyValueSpecification","valueRequired":true,"valueName":"search_term_string"}}],"inLanguage":"et"}]}},"_links":{"self":[{"href":"https:\/\/metaltale.com\/et\/wp-json\/wp\/v2\/product\/134566","targetHints":{"allow":["GET"]}}],"collection":[{"href":"https:\/\/metaltale.com\/et\/wp-json\/wp\/v2\/product"}],"about":[{"href":"https:\/\/metaltale.com\/et\/wp-json\/wp\/v2\/types\/product"}],"replies":[{"embeddable":true,"href":"https:\/\/metaltale.com\/et\/wp-json\/wp\/v2\/comments?post=134566"}],"version-history":[{"count":0,"href":"https:\/\/metaltale.com\/et\/wp-json\/wp\/v2\/product\/134566\/revisions"}],"wp:featuredmedia":[{"embeddable":true,"href":"https:\/\/metaltale.com\/et\/wp-json\/wp\/v2\/media\/132031"}],"wp:attachment":[{"href":"https:\/\/metaltale.com\/et\/wp-json\/wp\/v2\/media?parent=134566"}],"wp:term":[{"taxonomy":"product_brand","embeddable":true,"href":"https:\/\/metaltale.com\/et\/wp-json\/wp\/v2\/product_brand?post=134566"},{"taxonomy":"product_cat","embeddable":true,"href":"https:\/\/metaltale.com\/et\/wp-json\/wp\/v2\/product_cat?post=134566"},{"taxonomy":"product_tag","embeddable":true,"href":"https:\/\/metaltale.com\/et\/wp-json\/wp\/v2\/product_tag?post=134566"}],"curies":[{"name":"wp","href":"https:\/\/api.w.org\/{rel}","templated":true}]}}