{"id":134560,"date":"2024-01-12T16:40:06","date_gmt":"2024-01-12T14:40:06","guid":{"rendered":"https:\/\/metaltale.com\/produktas\/liuguks-rusty-metall-100x210-cm\/"},"modified":"2024-01-12T16:40:06","modified_gmt":"2024-01-12T14:40:06","slug":"liuguks-rusty-metall-100x210-cm","status":"publish","type":"product","link":"https:\/\/metaltale.com\/et\/toode\/liuguks-rusty-metall-100x210-cm\/","title":{"rendered":"Liuguks RUSTY METALL 100&#215;210 cm"},"content":{"rendered":"<div class=\"prod_data\">\n<p><strong>Mudel<\/strong> RUS-100X210<br \/>\n<strong>EAN.<\/strong>  5907772071120<br \/>\n<strong>Materjal<\/strong> teras<br \/>\n<strong>Paksus (cm)<\/strong> 3<br \/>\n<strong>\u00dcldine k\u00f5rgus (cm)<\/strong> 210<br \/>\n<strong>\u00dcldlaius (cm)<\/strong> 100<br \/>\n<strong>Kaal (kg)<\/strong> 50<br \/>\n<strong>V\u00e4rv<\/strong> roostes<br \/>\n<strong>LISATEAVE<\/strong> Pakkumine kehtib ainult \u00fche ukselaua kohta ja ei sisalda libisevuss\u00fcsteemi ega muid lisaseadmeid.<\/p>\n<hr>\n<p>&#8220;Rusty Metal&#8221; uksed on m\u00f5eldud neile, kellele meeldib \u00fcllatada ja kes hindavad originaalsust. Uksed on v\u00e4ga lihtsad, kuid muljetavaldavad.<\/p>\n<p>Rusty Metal liugukse peamine element on tahtlikult vananenud plekk. Plekkidel n\u00e4htav rooste on loomulikust korrosiooniprotsessist tingitud efekt. Roostetanud metallist ustele on iseloomulik eba\u00fchtlane v\u00e4rvus ja tahtlik kulumine, mille tulemuseks on huvitavad v\u00e4rvid. Ukse \u00fclemise kihi plekk on veidi krobeline, mis lisab muljet, et uks on aja jooksul kulunud. Pinnale v\u00f5ivad tekkida ka pruunid laigud, mis j\u00e4ljendavad suurenenud roostetamist, muutes iga roostetanud metallist ukse individuaalseks ja ainulaadseks. Kogu seade on lakitud, mis tagab ka kasutusohutuse.<\/p>\n<p>Rusty Metal liugukse raam koosneb kinnisest profiilist, millesse on sisestatud lehtmetall. K\u00f5ik on \u00fchendatud neetidega kinnitatud X-kujuliste lamedate vardatega. Terasraam, mis moodustab ukse struktuuri, ja lamedad latid on terasest, millel on n\u00e4htavad keevis\u00f5mblused ja kriimustused, s\u00e4ilitades seega ukse toore iseloomu. Sisemine osa on t\u00e4idetud raamiprofiilide vahele asetatud laudadega.<br \/>\nPakume ka Rusty Metal Duo liuguksi, mille m\u00f5lemal k\u00fcljel on plekkplaat.<\/p>\n<p>Rusty Metal l\u00fckanduksed on ideaalsed loft- ja t\u00f6\u00f6stuslike interj\u00f6\u00f6ride jaoks.<\/p>\n<hr>\n<p>*Rostetunud metallist uksi ei saa kasutada koos hingedega l\u00fckandukses\u00fcsteemidega (Vintage, Wheel On Hanger).<br \/>\n*Pakkumine sisaldab ainult uksi, mitte libisevust ja muid lisaseadmeid.<\/p>\n<hr>\n<p>&nbsp;<\/p>\n<\/div>\n","protected":false},"excerpt":{"rendered":"<p>Mudel RUS-100X210 EAN. 5907772071120 Materjal teras Paksus (cm) 3 \u00dcldine k\u00f5rgus (cm) 210 \u00dcldlaius (cm) 100 Kaal (kg) 50 V\u00e4rv<\/p>\n","protected":false},"featured_media":82240,"comment_status":"open","ping_status":"closed","template":"","meta":{"_acf_changed":false,"pmpro_default_level":""},"product_brand":[],"product_cat":[24145,24140,24159],"product_tag":[],"class_list":{"0":"post-134560","1":"product","2":"type-product","3":"status-publish","4":"has-post-thumbnail","6":"product_cat-liuguksed-et","7":"product_cat-liuguksesusteemid","8":"product_cat-metallist-lukanduksed","9":"pmpro-has-access","11":"first","12":"instock","13":"shipping-taxable","14":"purchasable","15":"product-type-simple"},"acf":[],"yoast_head":"<!-- This site is optimized with the Yoast SEO plugin v24.9 - https:\/\/yoast.com\/wordpress\/plugins\/seo\/ -->\n<title>Liuguks RUSTY METALL 100x210 cm - MetalTale.com<\/title>\n<meta name=\"robots\" content=\"index, follow, max-snippet:-1, max-image-preview:large, max-video-preview:-1\" \/>\n<link rel=\"canonical\" href=\"https:\/\/metaltale.com\/et\/toode\/liuguks-rusty-metall-100x210-cm\/\" \/>\n<meta property=\"og:locale\" content=\"et_EE\" \/>\n<meta property=\"og:type\" content=\"article\" \/>\n<meta property=\"og:title\" content=\"Liuguks RUSTY METALL 100x210 cm - MetalTale.com\" \/>\n<meta property=\"og:description\" content=\"Mudel RUS-100X210 EAN. 5907772071120 Materjal teras Paksus (cm) 3 \u00dcldine k\u00f5rgus (cm) 210 \u00dcldlaius (cm) 100 Kaal (kg) 50 V\u00e4rv\" \/>\n<meta property=\"og:url\" content=\"https:\/\/metaltale.com\/et\/toode\/liuguks-rusty-metall-100x210-cm\/\" \/>\n<meta property=\"og:site_name\" content=\"MetalTale.com\" \/>\n<meta property=\"og:image\" content=\"https:\/\/metaltale.com\/wp-content\/uploads\/2023\/10\/RUSTY-METAL-durys.jpg\" \/>\n\t<meta property=\"og:image:width\" content=\"800\" \/>\n\t<meta property=\"og:image:height\" content=\"800\" \/>\n\t<meta property=\"og:image:type\" content=\"image\/jpeg\" \/>\n<meta name=\"twitter:card\" content=\"summary_large_image\" \/>\n<meta name=\"twitter:label1\" content=\"Est. reading time\" \/>\n\t<meta name=\"twitter:data1\" content=\"1 minut\" \/>\n<script type=\"application\/ld+json\" class=\"yoast-schema-graph\">{\"@context\":\"https:\/\/schema.org\",\"@graph\":[{\"@type\":\"WebPage\",\"@id\":\"https:\/\/metaltale.com\/et\/toode\/liuguks-rusty-metall-100x210-cm\/\",\"url\":\"https:\/\/metaltale.com\/et\/toode\/liuguks-rusty-metall-100x210-cm\/\",\"name\":\"Liuguks RUSTY METALL 100x210 cm - MetalTale.com\",\"isPartOf\":{\"@id\":\"https:\/\/metaltale.com\/et\/#website\"},\"primaryImageOfPage\":{\"@id\":\"https:\/\/metaltale.com\/et\/toode\/liuguks-rusty-metall-100x210-cm\/#primaryimage\"},\"image\":{\"@id\":\"https:\/\/metaltale.com\/et\/toode\/liuguks-rusty-metall-100x210-cm\/#primaryimage\"},\"thumbnailUrl\":\"https:\/\/metaltale.com\/wp-content\/uploads\/2023\/10\/RUSTY-METAL-durys.jpg\",\"datePublished\":\"2024-01-12T14:40:06+00:00\",\"breadcrumb\":{\"@id\":\"https:\/\/metaltale.com\/et\/toode\/liuguks-rusty-metall-100x210-cm\/#breadcrumb\"},\"inLanguage\":\"et\",\"potentialAction\":[{\"@type\":\"ReadAction\",\"target\":[\"https:\/\/metaltale.com\/et\/toode\/liuguks-rusty-metall-100x210-cm\/\"]}]},{\"@type\":\"ImageObject\",\"inLanguage\":\"et\",\"@id\":\"https:\/\/metaltale.com\/et\/toode\/liuguks-rusty-metall-100x210-cm\/#primaryimage\",\"url\":\"https:\/\/metaltale.com\/wp-content\/uploads\/2023\/10\/RUSTY-METAL-durys.jpg\",\"contentUrl\":\"https:\/\/metaltale.com\/wp-content\/uploads\/2023\/10\/RUSTY-METAL-durys.jpg\",\"width\":800,\"height\":800,\"caption\":\"Liuguks RUSTY METALL 100x210 cm\"},{\"@type\":\"BreadcrumbList\",\"@id\":\"https:\/\/metaltale.com\/et\/toode\/liuguks-rusty-metall-100x210-cm\/#breadcrumb\",\"itemListElement\":[{\"@type\":\"ListItem\",\"position\":1,\"name\":\"Home\",\"item\":\"https:\/\/metaltale.com\/et\/kodu\/\"},{\"@type\":\"ListItem\",\"position\":2,\"name\":\"Kauplus\",\"item\":\"https:\/\/metaltale.com\/et\/shop\/\"},{\"@type\":\"ListItem\",\"position\":3,\"name\":\"Liuguks RUSTY METALL 100&#215;210 cm\"}]},{\"@type\":\"WebSite\",\"@id\":\"https:\/\/metaltale.com\/et\/#website\",\"url\":\"https:\/\/metaltale.com\/et\/\",\"name\":\"Metaltale.com\",\"description\":\"\",\"potentialAction\":[{\"@type\":\"SearchAction\",\"target\":{\"@type\":\"EntryPoint\",\"urlTemplate\":\"https:\/\/metaltale.com\/et\/?s={search_term_string}\"},\"query-input\":{\"@type\":\"PropertyValueSpecification\",\"valueRequired\":true,\"valueName\":\"search_term_string\"}}],\"inLanguage\":\"et\"}]}<\/script>\n<!-- \/ Yoast SEO plugin. -->","yoast_head_json":{"title":"Liuguks RUSTY METALL 100x210 cm - MetalTale.com","robots":{"index":"index","follow":"follow","max-snippet":"max-snippet:-1","max-image-preview":"max-image-preview:large","max-video-preview":"max-video-preview:-1"},"canonical":"https:\/\/metaltale.com\/et\/toode\/liuguks-rusty-metall-100x210-cm\/","og_locale":"et_EE","og_type":"article","og_title":"Liuguks RUSTY METALL 100x210 cm - MetalTale.com","og_description":"Mudel RUS-100X210 EAN. 5907772071120 Materjal teras Paksus (cm) 3 \u00dcldine k\u00f5rgus (cm) 210 \u00dcldlaius (cm) 100 Kaal (kg) 50 V\u00e4rv","og_url":"https:\/\/metaltale.com\/et\/toode\/liuguks-rusty-metall-100x210-cm\/","og_site_name":"MetalTale.com","og_image":[{"width":800,"height":800,"url":"https:\/\/metaltale.com\/wp-content\/uploads\/2023\/10\/RUSTY-METAL-durys.jpg","type":"image\/jpeg"}],"twitter_card":"summary_large_image","twitter_misc":{"Est. reading time":"1 minut"},"schema":{"@context":"https:\/\/schema.org","@graph":[{"@type":"WebPage","@id":"https:\/\/metaltale.com\/et\/toode\/liuguks-rusty-metall-100x210-cm\/","url":"https:\/\/metaltale.com\/et\/toode\/liuguks-rusty-metall-100x210-cm\/","name":"Liuguks RUSTY METALL 100x210 cm - MetalTale.com","isPartOf":{"@id":"https:\/\/metaltale.com\/et\/#website"},"primaryImageOfPage":{"@id":"https:\/\/metaltale.com\/et\/toode\/liuguks-rusty-metall-100x210-cm\/#primaryimage"},"image":{"@id":"https:\/\/metaltale.com\/et\/toode\/liuguks-rusty-metall-100x210-cm\/#primaryimage"},"thumbnailUrl":"https:\/\/metaltale.com\/wp-content\/uploads\/2023\/10\/RUSTY-METAL-durys.jpg","datePublished":"2024-01-12T14:40:06+00:00","breadcrumb":{"@id":"https:\/\/metaltale.com\/et\/toode\/liuguks-rusty-metall-100x210-cm\/#breadcrumb"},"inLanguage":"et","potentialAction":[{"@type":"ReadAction","target":["https:\/\/metaltale.com\/et\/toode\/liuguks-rusty-metall-100x210-cm\/"]}]},{"@type":"ImageObject","inLanguage":"et","@id":"https:\/\/metaltale.com\/et\/toode\/liuguks-rusty-metall-100x210-cm\/#primaryimage","url":"https:\/\/metaltale.com\/wp-content\/uploads\/2023\/10\/RUSTY-METAL-durys.jpg","contentUrl":"https:\/\/metaltale.com\/wp-content\/uploads\/2023\/10\/RUSTY-METAL-durys.jpg","width":800,"height":800,"caption":"Liuguks RUSTY METALL 100x210 cm"},{"@type":"BreadcrumbList","@id":"https:\/\/metaltale.com\/et\/toode\/liuguks-rusty-metall-100x210-cm\/#breadcrumb","itemListElement":[{"@type":"ListItem","position":1,"name":"Home","item":"https:\/\/metaltale.com\/et\/kodu\/"},{"@type":"ListItem","position":2,"name":"Kauplus","item":"https:\/\/metaltale.com\/et\/shop\/"},{"@type":"ListItem","position":3,"name":"Liuguks RUSTY METALL 100&#215;210 cm"}]},{"@type":"WebSite","@id":"https:\/\/metaltale.com\/et\/#website","url":"https:\/\/metaltale.com\/et\/","name":"Metaltale.com","description":"","potentialAction":[{"@type":"SearchAction","target":{"@type":"EntryPoint","urlTemplate":"https:\/\/metaltale.com\/et\/?s={search_term_string}"},"query-input":{"@type":"PropertyValueSpecification","valueRequired":true,"valueName":"search_term_string"}}],"inLanguage":"et"}]}},"_links":{"self":[{"href":"https:\/\/metaltale.com\/et\/wp-json\/wp\/v2\/product\/134560","targetHints":{"allow":["GET"]}}],"collection":[{"href":"https:\/\/metaltale.com\/et\/wp-json\/wp\/v2\/product"}],"about":[{"href":"https:\/\/metaltale.com\/et\/wp-json\/wp\/v2\/types\/product"}],"replies":[{"embeddable":true,"href":"https:\/\/metaltale.com\/et\/wp-json\/wp\/v2\/comments?post=134560"}],"version-history":[{"count":0,"href":"https:\/\/metaltale.com\/et\/wp-json\/wp\/v2\/product\/134560\/revisions"}],"wp:featuredmedia":[{"embeddable":true,"href":"https:\/\/metaltale.com\/et\/wp-json\/wp\/v2\/media\/82240"}],"wp:attachment":[{"href":"https:\/\/metaltale.com\/et\/wp-json\/wp\/v2\/media?parent=134560"}],"wp:term":[{"taxonomy":"product_brand","embeddable":true,"href":"https:\/\/metaltale.com\/et\/wp-json\/wp\/v2\/product_brand?post=134560"},{"taxonomy":"product_cat","embeddable":true,"href":"https:\/\/metaltale.com\/et\/wp-json\/wp\/v2\/product_cat?post=134560"},{"taxonomy":"product_tag","embeddable":true,"href":"https:\/\/metaltale.com\/et\/wp-json\/wp\/v2\/product_tag?post=134560"}],"curies":[{"name":"wp","href":"https:\/\/api.w.org\/{rel}","templated":true}]}}