{"id":134552,"date":"2024-02-13T14:39:55","date_gmt":"2024-02-13T12:39:55","guid":{"rendered":"https:\/\/metaltale.com\/produktas\/cylinder-seisev-metallist-kuunlajalg\/"},"modified":"2024-02-13T14:39:55","modified_gmt":"2024-02-13T12:39:55","slug":"cylinder-seisev-metallist-kuunlajalg","status":"publish","type":"product","link":"https:\/\/metaltale.com\/et\/toode\/cylinder-seisev-metallist-kuunlajalg\/","title":{"rendered":"CYLINDER seisev metallist k\u00fc\u00fcnlajalg"},"content":{"rendered":"<div class=\"prod_data\"><strong>Mudel<\/strong> AF.797.648.60  <br \/><strong>EAN.<\/strong>  5905369923753  <br \/><strong>Materjal<\/strong> Metall  <br \/>\u00dcldine k\u00f5rgus (cm) 7 <br \/><strong>\u00dcldl\u00e4bim\u00f5\u00f5t (cm)<\/strong> 12  <br \/>V\u00e4rv teras <\/p>\n<p>&#8211; metallist seisvad k\u00fc\u00fcnlajalad  <br \/>&#8211; Vananenud pind r\u00f5hutab toote retroh\u00f5ngulist iseloomu.  <br \/>&#8211; \u00fche kitsa k\u00fc\u00fcnla mudel<br \/>&#8211; j\u00e4rkj\u00e4rguline korrosiooniprotsess, mis on tingitud kokkupuutest niiskusega;<\/p>\n<hr>\n<p>Silinder on toode, mis erineb oma kuju poolest traditsioonilistest k\u00fc\u00fcnlajalgadest. Lihtsus koos erilise, vananenud pinnaga on originaalne duo, mis meenutab sajanditevanuseid klassikalisi k\u00fc\u00fcnlaaluseid. Silindrilise k\u00fc\u00fcnlaaluse abil saab luua ainulaadse rustikaalse lauakaunistuse. See on ka suurep\u00e4rane alternatiiv dekoratiivsetele nipsasjadele sahtlisse.<\/p>\n<\/div>\n","protected":false},"excerpt":{"rendered":"<p>Mudel AF.797.648.60 EAN. 5905369923753 Materjal Metall \u00dcldine k\u00f5rgus (cm) 7 \u00dcldl\u00e4bim\u00f5\u00f5t (cm) 12 V\u00e4rv teras &#8211; metallist seisvad k\u00fc\u00fcnlajalad &#8211;<\/p>\n","protected":false},"featured_media":89077,"comment_status":"open","ping_status":"closed","template":"","meta":{"_acf_changed":false,"pmpro_default_level":""},"product_brand":[],"product_cat":[24187],"product_tag":[],"class_list":{"0":"post-134552","1":"product","2":"type-product","3":"status-publish","4":"has-post-thumbnail","6":"product_cat-tostetavad-kuunlajalad","7":"pmpro-has-access","9":"first","10":"instock","11":"shipping-taxable","12":"purchasable","13":"product-type-simple"},"acf":[],"yoast_head":"<!-- This site is optimized with the Yoast SEO plugin v24.9 - https:\/\/yoast.com\/wordpress\/plugins\/seo\/ -->\n<title>CYLINDER seisev metallist k\u00fc\u00fcnlajalg - MetalTale.com<\/title>\n<meta name=\"robots\" content=\"index, follow, max-snippet:-1, max-image-preview:large, max-video-preview:-1\" \/>\n<link rel=\"canonical\" href=\"https:\/\/metaltale.com\/et\/toode\/cylinder-seisev-metallist-kuunlajalg\/\" \/>\n<meta property=\"og:locale\" content=\"et_EE\" \/>\n<meta property=\"og:type\" content=\"article\" \/>\n<meta property=\"og:title\" content=\"CYLINDER seisev metallist k\u00fc\u00fcnlajalg - MetalTale.com\" \/>\n<meta property=\"og:description\" content=\"Mudel AF.797.648.60 EAN. 5905369923753 Materjal Metall \u00dcldine k\u00f5rgus (cm) 7 \u00dcldl\u00e4bim\u00f5\u00f5t (cm) 12 V\u00e4rv teras &#8211; metallist seisvad k\u00fc\u00fcnlajalad &#8211;\" \/>\n<meta property=\"og:url\" content=\"https:\/\/metaltale.com\/et\/toode\/cylinder-seisev-metallist-kuunlajalg\/\" \/>\n<meta property=\"og:site_name\" content=\"MetalTale.com\" \/>\n<meta name=\"twitter:card\" content=\"summary_large_image\" \/>\n<script type=\"application\/ld+json\" class=\"yoast-schema-graph\">{\"@context\":\"https:\/\/schema.org\",\"@graph\":[{\"@type\":\"WebPage\",\"@id\":\"https:\/\/metaltale.com\/et\/toode\/cylinder-seisev-metallist-kuunlajalg\/\",\"url\":\"https:\/\/metaltale.com\/et\/toode\/cylinder-seisev-metallist-kuunlajalg\/\",\"name\":\"CYLINDER seisev metallist k\u00fc\u00fcnlajalg - MetalTale.com\",\"isPartOf\":{\"@id\":\"https:\/\/metaltale.com\/et\/#website\"},\"primaryImageOfPage\":{\"@id\":\"https:\/\/metaltale.com\/et\/toode\/cylinder-seisev-metallist-kuunlajalg\/#primaryimage\"},\"image\":{\"@id\":\"https:\/\/metaltale.com\/et\/toode\/cylinder-seisev-metallist-kuunlajalg\/#primaryimage\"},\"thumbnailUrl\":\"https:\/\/metaltale.com\/wp-content\/uploads\/2023\/10\/x17Dvakidx117s-CILINDRAS.jpg\",\"datePublished\":\"2024-02-13T12:39:55+00:00\",\"breadcrumb\":{\"@id\":\"https:\/\/metaltale.com\/et\/toode\/cylinder-seisev-metallist-kuunlajalg\/#breadcrumb\"},\"inLanguage\":\"et\",\"potentialAction\":[{\"@type\":\"ReadAction\",\"target\":[\"https:\/\/metaltale.com\/et\/toode\/cylinder-seisev-metallist-kuunlajalg\/\"]}]},{\"@type\":\"ImageObject\",\"inLanguage\":\"et\",\"@id\":\"https:\/\/metaltale.com\/et\/toode\/cylinder-seisev-metallist-kuunlajalg\/#primaryimage\",\"url\":\"https:\/\/metaltale.com\/wp-content\/uploads\/2023\/10\/x17Dvakidx117s-CILINDRAS.jpg\",\"contentUrl\":\"https:\/\/metaltale.com\/wp-content\/uploads\/2023\/10\/x17Dvakidx117s-CILINDRAS.jpg\",\"width\":800,\"height\":800},{\"@type\":\"BreadcrumbList\",\"@id\":\"https:\/\/metaltale.com\/et\/toode\/cylinder-seisev-metallist-kuunlajalg\/#breadcrumb\",\"itemListElement\":[{\"@type\":\"ListItem\",\"position\":1,\"name\":\"Home\",\"item\":\"https:\/\/metaltale.com\/et\/kodu\/\"},{\"@type\":\"ListItem\",\"position\":2,\"name\":\"Kauplus\",\"item\":\"https:\/\/metaltale.com\/et\/shop\/\"},{\"@type\":\"ListItem\",\"position\":3,\"name\":\"CYLINDER seisev metallist k\u00fc\u00fcnlajalg\"}]},{\"@type\":\"WebSite\",\"@id\":\"https:\/\/metaltale.com\/et\/#website\",\"url\":\"https:\/\/metaltale.com\/et\/\",\"name\":\"Metaltale.com\",\"description\":\"\",\"potentialAction\":[{\"@type\":\"SearchAction\",\"target\":{\"@type\":\"EntryPoint\",\"urlTemplate\":\"https:\/\/metaltale.com\/et\/?s={search_term_string}\"},\"query-input\":{\"@type\":\"PropertyValueSpecification\",\"valueRequired\":true,\"valueName\":\"search_term_string\"}}],\"inLanguage\":\"et\"}]}<\/script>\n<!-- \/ Yoast SEO plugin. -->","yoast_head_json":{"title":"CYLINDER seisev metallist k\u00fc\u00fcnlajalg - MetalTale.com","robots":{"index":"index","follow":"follow","max-snippet":"max-snippet:-1","max-image-preview":"max-image-preview:large","max-video-preview":"max-video-preview:-1"},"canonical":"https:\/\/metaltale.com\/et\/toode\/cylinder-seisev-metallist-kuunlajalg\/","og_locale":"et_EE","og_type":"article","og_title":"CYLINDER seisev metallist k\u00fc\u00fcnlajalg - MetalTale.com","og_description":"Mudel AF.797.648.60 EAN. 5905369923753 Materjal Metall \u00dcldine k\u00f5rgus (cm) 7 \u00dcldl\u00e4bim\u00f5\u00f5t (cm) 12 V\u00e4rv teras &#8211; metallist seisvad k\u00fc\u00fcnlajalad &#8211;","og_url":"https:\/\/metaltale.com\/et\/toode\/cylinder-seisev-metallist-kuunlajalg\/","og_site_name":"MetalTale.com","twitter_card":"summary_large_image","schema":{"@context":"https:\/\/schema.org","@graph":[{"@type":"WebPage","@id":"https:\/\/metaltale.com\/et\/toode\/cylinder-seisev-metallist-kuunlajalg\/","url":"https:\/\/metaltale.com\/et\/toode\/cylinder-seisev-metallist-kuunlajalg\/","name":"CYLINDER seisev metallist k\u00fc\u00fcnlajalg - MetalTale.com","isPartOf":{"@id":"https:\/\/metaltale.com\/et\/#website"},"primaryImageOfPage":{"@id":"https:\/\/metaltale.com\/et\/toode\/cylinder-seisev-metallist-kuunlajalg\/#primaryimage"},"image":{"@id":"https:\/\/metaltale.com\/et\/toode\/cylinder-seisev-metallist-kuunlajalg\/#primaryimage"},"thumbnailUrl":"https:\/\/metaltale.com\/wp-content\/uploads\/2023\/10\/x17Dvakidx117s-CILINDRAS.jpg","datePublished":"2024-02-13T12:39:55+00:00","breadcrumb":{"@id":"https:\/\/metaltale.com\/et\/toode\/cylinder-seisev-metallist-kuunlajalg\/#breadcrumb"},"inLanguage":"et","potentialAction":[{"@type":"ReadAction","target":["https:\/\/metaltale.com\/et\/toode\/cylinder-seisev-metallist-kuunlajalg\/"]}]},{"@type":"ImageObject","inLanguage":"et","@id":"https:\/\/metaltale.com\/et\/toode\/cylinder-seisev-metallist-kuunlajalg\/#primaryimage","url":"https:\/\/metaltale.com\/wp-content\/uploads\/2023\/10\/x17Dvakidx117s-CILINDRAS.jpg","contentUrl":"https:\/\/metaltale.com\/wp-content\/uploads\/2023\/10\/x17Dvakidx117s-CILINDRAS.jpg","width":800,"height":800},{"@type":"BreadcrumbList","@id":"https:\/\/metaltale.com\/et\/toode\/cylinder-seisev-metallist-kuunlajalg\/#breadcrumb","itemListElement":[{"@type":"ListItem","position":1,"name":"Home","item":"https:\/\/metaltale.com\/et\/kodu\/"},{"@type":"ListItem","position":2,"name":"Kauplus","item":"https:\/\/metaltale.com\/et\/shop\/"},{"@type":"ListItem","position":3,"name":"CYLINDER seisev metallist k\u00fc\u00fcnlajalg"}]},{"@type":"WebSite","@id":"https:\/\/metaltale.com\/et\/#website","url":"https:\/\/metaltale.com\/et\/","name":"Metaltale.com","description":"","potentialAction":[{"@type":"SearchAction","target":{"@type":"EntryPoint","urlTemplate":"https:\/\/metaltale.com\/et\/?s={search_term_string}"},"query-input":{"@type":"PropertyValueSpecification","valueRequired":true,"valueName":"search_term_string"}}],"inLanguage":"et"}]}},"_links":{"self":[{"href":"https:\/\/metaltale.com\/et\/wp-json\/wp\/v2\/product\/134552","targetHints":{"allow":["GET"]}}],"collection":[{"href":"https:\/\/metaltale.com\/et\/wp-json\/wp\/v2\/product"}],"about":[{"href":"https:\/\/metaltale.com\/et\/wp-json\/wp\/v2\/types\/product"}],"replies":[{"embeddable":true,"href":"https:\/\/metaltale.com\/et\/wp-json\/wp\/v2\/comments?post=134552"}],"version-history":[{"count":0,"href":"https:\/\/metaltale.com\/et\/wp-json\/wp\/v2\/product\/134552\/revisions"}],"wp:featuredmedia":[{"embeddable":true,"href":"https:\/\/metaltale.com\/et\/wp-json\/wp\/v2\/media\/89077"}],"wp:attachment":[{"href":"https:\/\/metaltale.com\/et\/wp-json\/wp\/v2\/media?parent=134552"}],"wp:term":[{"taxonomy":"product_brand","embeddable":true,"href":"https:\/\/metaltale.com\/et\/wp-json\/wp\/v2\/product_brand?post=134552"},{"taxonomy":"product_cat","embeddable":true,"href":"https:\/\/metaltale.com\/et\/wp-json\/wp\/v2\/product_cat?post=134552"},{"taxonomy":"product_tag","embeddable":true,"href":"https:\/\/metaltale.com\/et\/wp-json\/wp\/v2\/product_tag?post=134552"}],"curies":[{"name":"wp","href":"https:\/\/api.w.org\/{rel}","templated":true}]}}