{"id":134546,"date":"2024-02-13T13:39:42","date_gmt":"2024-02-13T11:39:42","guid":{"rendered":"https:\/\/metaltale.com\/produktas\/terasest-vaas-koos-pudeliga-elin\/"},"modified":"2024-02-13T13:39:42","modified_gmt":"2024-02-13T11:39:42","slug":"terasest-vaas-koos-pudeliga-elin","status":"publish","type":"product","link":"https:\/\/metaltale.com\/et\/toode\/terasest-vaas-koos-pudeliga-elin\/","title":{"rendered":"Terasest vaas koos pudeliga ELIN"},"content":{"rendered":"<div class=\"prod_data\">\n<p><strong>Mudel<\/strong> AF.797.076.60<br \/>\n<strong>EAN.<\/strong>  5905369924033<br \/>\nMaterjal Metall, klaas<br \/>\n<strong> [cm]Kogupikkus<\/strong> 15<strong> <\/strong><br \/>\n<strong>\u00dcldine k\u00f5rgus (cm)<\/strong> 31<br \/>\n<strong>\u00dcldine laius (cm)<\/strong> 13<br \/>\n<strong>V\u00e4rv<\/strong> teras<\/p>\n<p>Dekoratiivne vaas koos klaaspudeliga Elin.<\/p>\n<p>Vaasil on linnukujuline dekoratiivne malmist figuur.<\/p>\n<p>Pudelivase on kindlasti suurep\u00e4rane t\u00e4iendus igasse interj\u00f6\u00f6ri.<\/p>\n<\/div>\n","protected":false},"excerpt":{"rendered":"<p>Mudel AF.797.076.60 EAN. 5905369924033 Materjal Metall, klaas [cm]Kogupikkus 15 \u00dcldine k\u00f5rgus (cm) 31 \u00dcldine laius (cm) 13 V\u00e4rv teras Dekoratiivne<\/p>\n","protected":false},"featured_media":67563,"comment_status":"open","ping_status":"closed","template":"","meta":{"_acf_changed":false,"pmpro_default_level":""},"product_brand":[],"product_cat":[24211,23903,23895],"product_tag":[],"class_list":{"0":"post-134546","1":"product","2":"type-product","3":"status-publish","4":"has-post-thumbnail","6":"product_cat-lillevaasid","7":"product_cat-geliu-ir-augalu-dekorai-et","8":"product_cat-kaunistused","9":"pmpro-has-access","11":"first","12":"instock","13":"shipping-taxable","14":"purchasable","15":"product-type-simple"},"acf":[],"yoast_head":"<!-- This site is optimized with the Yoast SEO plugin v24.9 - https:\/\/yoast.com\/wordpress\/plugins\/seo\/ -->\n<title>Terasest vaas koos pudeliga ELIN - MetalTale.com<\/title>\n<meta name=\"robots\" content=\"index, follow, max-snippet:-1, max-image-preview:large, max-video-preview:-1\" \/>\n<link rel=\"canonical\" href=\"https:\/\/metaltale.com\/et\/toode\/terasest-vaas-koos-pudeliga-elin\/\" \/>\n<meta property=\"og:locale\" content=\"et_EE\" \/>\n<meta property=\"og:type\" content=\"article\" \/>\n<meta property=\"og:title\" content=\"Terasest vaas koos pudeliga ELIN - MetalTale.com\" \/>\n<meta property=\"og:description\" content=\"Mudel AF.797.076.60 EAN. 5905369924033 Materjal Metall, klaas [cm]Kogupikkus 15 \u00dcldine k\u00f5rgus (cm) 31 \u00dcldine laius (cm) 13 V\u00e4rv teras Dekoratiivne\" \/>\n<meta property=\"og:url\" content=\"https:\/\/metaltale.com\/et\/toode\/terasest-vaas-koos-pudeliga-elin\/\" \/>\n<meta property=\"og:site_name\" content=\"MetalTale.com\" \/>\n<meta name=\"twitter:card\" content=\"summary_large_image\" \/>\n<script type=\"application\/ld+json\" class=\"yoast-schema-graph\">{\"@context\":\"https:\/\/schema.org\",\"@graph\":[{\"@type\":\"WebPage\",\"@id\":\"https:\/\/metaltale.com\/et\/toode\/terasest-vaas-koos-pudeliga-elin\/\",\"url\":\"https:\/\/metaltale.com\/et\/toode\/terasest-vaas-koos-pudeliga-elin\/\",\"name\":\"Terasest vaas koos pudeliga ELIN - MetalTale.com\",\"isPartOf\":{\"@id\":\"https:\/\/metaltale.com\/et\/#website\"},\"primaryImageOfPage\":{\"@id\":\"https:\/\/metaltale.com\/et\/toode\/terasest-vaas-koos-pudeliga-elin\/#primaryimage\"},\"image\":{\"@id\":\"https:\/\/metaltale.com\/et\/toode\/terasest-vaas-koos-pudeliga-elin\/#primaryimage\"},\"thumbnailUrl\":\"https:\/\/metaltale.com\/wp-content\/uploads\/2023\/09\/ELIN-vaza.jpg\",\"datePublished\":\"2024-02-13T11:39:42+00:00\",\"breadcrumb\":{\"@id\":\"https:\/\/metaltale.com\/et\/toode\/terasest-vaas-koos-pudeliga-elin\/#breadcrumb\"},\"inLanguage\":\"et\",\"potentialAction\":[{\"@type\":\"ReadAction\",\"target\":[\"https:\/\/metaltale.com\/et\/toode\/terasest-vaas-koos-pudeliga-elin\/\"]}]},{\"@type\":\"ImageObject\",\"inLanguage\":\"et\",\"@id\":\"https:\/\/metaltale.com\/et\/toode\/terasest-vaas-koos-pudeliga-elin\/#primaryimage\",\"url\":\"https:\/\/metaltale.com\/wp-content\/uploads\/2023\/09\/ELIN-vaza.jpg\",\"contentUrl\":\"https:\/\/metaltale.com\/wp-content\/uploads\/2023\/09\/ELIN-vaza.jpg\",\"width\":800,\"height\":800},{\"@type\":\"BreadcrumbList\",\"@id\":\"https:\/\/metaltale.com\/et\/toode\/terasest-vaas-koos-pudeliga-elin\/#breadcrumb\",\"itemListElement\":[{\"@type\":\"ListItem\",\"position\":1,\"name\":\"Home\",\"item\":\"https:\/\/metaltale.com\/et\/kodu\/\"},{\"@type\":\"ListItem\",\"position\":2,\"name\":\"Kauplus\",\"item\":\"https:\/\/metaltale.com\/et\/shop\/\"},{\"@type\":\"ListItem\",\"position\":3,\"name\":\"Terasest vaas koos pudeliga ELIN\"}]},{\"@type\":\"WebSite\",\"@id\":\"https:\/\/metaltale.com\/et\/#website\",\"url\":\"https:\/\/metaltale.com\/et\/\",\"name\":\"Metaltale.com\",\"description\":\"\",\"potentialAction\":[{\"@type\":\"SearchAction\",\"target\":{\"@type\":\"EntryPoint\",\"urlTemplate\":\"https:\/\/metaltale.com\/et\/?s={search_term_string}\"},\"query-input\":{\"@type\":\"PropertyValueSpecification\",\"valueRequired\":true,\"valueName\":\"search_term_string\"}}],\"inLanguage\":\"et\"}]}<\/script>\n<!-- \/ Yoast SEO plugin. -->","yoast_head_json":{"title":"Terasest vaas koos pudeliga ELIN - MetalTale.com","robots":{"index":"index","follow":"follow","max-snippet":"max-snippet:-1","max-image-preview":"max-image-preview:large","max-video-preview":"max-video-preview:-1"},"canonical":"https:\/\/metaltale.com\/et\/toode\/terasest-vaas-koos-pudeliga-elin\/","og_locale":"et_EE","og_type":"article","og_title":"Terasest vaas koos pudeliga ELIN - MetalTale.com","og_description":"Mudel AF.797.076.60 EAN. 5905369924033 Materjal Metall, klaas [cm]Kogupikkus 15 \u00dcldine k\u00f5rgus (cm) 31 \u00dcldine laius (cm) 13 V\u00e4rv teras Dekoratiivne","og_url":"https:\/\/metaltale.com\/et\/toode\/terasest-vaas-koos-pudeliga-elin\/","og_site_name":"MetalTale.com","twitter_card":"summary_large_image","schema":{"@context":"https:\/\/schema.org","@graph":[{"@type":"WebPage","@id":"https:\/\/metaltale.com\/et\/toode\/terasest-vaas-koos-pudeliga-elin\/","url":"https:\/\/metaltale.com\/et\/toode\/terasest-vaas-koos-pudeliga-elin\/","name":"Terasest vaas koos pudeliga ELIN - MetalTale.com","isPartOf":{"@id":"https:\/\/metaltale.com\/et\/#website"},"primaryImageOfPage":{"@id":"https:\/\/metaltale.com\/et\/toode\/terasest-vaas-koos-pudeliga-elin\/#primaryimage"},"image":{"@id":"https:\/\/metaltale.com\/et\/toode\/terasest-vaas-koos-pudeliga-elin\/#primaryimage"},"thumbnailUrl":"https:\/\/metaltale.com\/wp-content\/uploads\/2023\/09\/ELIN-vaza.jpg","datePublished":"2024-02-13T11:39:42+00:00","breadcrumb":{"@id":"https:\/\/metaltale.com\/et\/toode\/terasest-vaas-koos-pudeliga-elin\/#breadcrumb"},"inLanguage":"et","potentialAction":[{"@type":"ReadAction","target":["https:\/\/metaltale.com\/et\/toode\/terasest-vaas-koos-pudeliga-elin\/"]}]},{"@type":"ImageObject","inLanguage":"et","@id":"https:\/\/metaltale.com\/et\/toode\/terasest-vaas-koos-pudeliga-elin\/#primaryimage","url":"https:\/\/metaltale.com\/wp-content\/uploads\/2023\/09\/ELIN-vaza.jpg","contentUrl":"https:\/\/metaltale.com\/wp-content\/uploads\/2023\/09\/ELIN-vaza.jpg","width":800,"height":800},{"@type":"BreadcrumbList","@id":"https:\/\/metaltale.com\/et\/toode\/terasest-vaas-koos-pudeliga-elin\/#breadcrumb","itemListElement":[{"@type":"ListItem","position":1,"name":"Home","item":"https:\/\/metaltale.com\/et\/kodu\/"},{"@type":"ListItem","position":2,"name":"Kauplus","item":"https:\/\/metaltale.com\/et\/shop\/"},{"@type":"ListItem","position":3,"name":"Terasest vaas koos pudeliga ELIN"}]},{"@type":"WebSite","@id":"https:\/\/metaltale.com\/et\/#website","url":"https:\/\/metaltale.com\/et\/","name":"Metaltale.com","description":"","potentialAction":[{"@type":"SearchAction","target":{"@type":"EntryPoint","urlTemplate":"https:\/\/metaltale.com\/et\/?s={search_term_string}"},"query-input":{"@type":"PropertyValueSpecification","valueRequired":true,"valueName":"search_term_string"}}],"inLanguage":"et"}]}},"_links":{"self":[{"href":"https:\/\/metaltale.com\/et\/wp-json\/wp\/v2\/product\/134546","targetHints":{"allow":["GET"]}}],"collection":[{"href":"https:\/\/metaltale.com\/et\/wp-json\/wp\/v2\/product"}],"about":[{"href":"https:\/\/metaltale.com\/et\/wp-json\/wp\/v2\/types\/product"}],"replies":[{"embeddable":true,"href":"https:\/\/metaltale.com\/et\/wp-json\/wp\/v2\/comments?post=134546"}],"version-history":[{"count":0,"href":"https:\/\/metaltale.com\/et\/wp-json\/wp\/v2\/product\/134546\/revisions"}],"wp:featuredmedia":[{"embeddable":true,"href":"https:\/\/metaltale.com\/et\/wp-json\/wp\/v2\/media\/67563"}],"wp:attachment":[{"href":"https:\/\/metaltale.com\/et\/wp-json\/wp\/v2\/media?parent=134546"}],"wp:term":[{"taxonomy":"product_brand","embeddable":true,"href":"https:\/\/metaltale.com\/et\/wp-json\/wp\/v2\/product_brand?post=134546"},{"taxonomy":"product_cat","embeddable":true,"href":"https:\/\/metaltale.com\/et\/wp-json\/wp\/v2\/product_cat?post=134546"},{"taxonomy":"product_tag","embeddable":true,"href":"https:\/\/metaltale.com\/et\/wp-json\/wp\/v2\/product_tag?post=134546"}],"curies":[{"name":"wp","href":"https:\/\/api.w.org\/{rel}","templated":true}]}}