{"id":134540,"date":"2024-02-13T13:39:42","date_gmt":"2024-02-13T11:39:42","guid":{"rendered":"https:\/\/metaltale.com\/produktas\/valurauast-kuunlajalg-kaepidemega-seisev-kuunlajalg\/"},"modified":"2024-02-13T13:39:42","modified_gmt":"2024-02-13T11:39:42","slug":"valurauast-kuunlajalg-kaepidemega-seisev-kuunlajalg","status":"publish","type":"product","link":"https:\/\/metaltale.com\/et\/toode\/valurauast-kuunlajalg-kaepidemega-seisev-kuunlajalg\/","title":{"rendered":"Valurauast k\u00fc\u00fcnlajalg k\u00e4epidemega seisev k\u00fc\u00fcnlajalg"},"content":{"rendered":"<div class=\"prod_data\"><strong>Mudel<\/strong> AF.794.775.00  <br \/><strong>EAN.<\/strong>  5905369923814  <br \/><strong>Materjal<\/strong> Ketus  <br \/><strong>\u00dcldine k\u00f5rgus (cm)<\/strong> 9  <br \/><strong>\u00dcldine laius (cm)<\/strong> 16  <br \/><strong>\u00dcldl\u00e4bim\u00f5\u00f5t (cm)<\/strong> 9  <br \/><strong>V\u00e4rv<\/strong> Must  <\/p>\n<p>K\u00e4sitsi valmistatud k\u00fc\u00fcnlajalg k\u00e4epidemega, must.<\/p>\n<p>Maksimaalne k\u00fc\u00fcnla l\u00e4bim\u00f5\u00f5t 5,8 cm.<\/p>\n<\/p>\n<\/div>\n","protected":false},"excerpt":{"rendered":"<p>Mudel AF.794.775.00 EAN. 5905369923814 Materjal Ketus \u00dcldine k\u00f5rgus (cm) 9 \u00dcldine laius (cm) 16 \u00dcldl\u00e4bim\u00f5\u00f5t (cm) 9 V\u00e4rv Must K\u00e4sitsi<\/p>\n","protected":false},"featured_media":79512,"comment_status":"open","ping_status":"closed","template":"","meta":{"_acf_changed":false,"pmpro_default_level":""},"product_brand":[],"product_cat":[24187],"product_tag":[],"class_list":{"0":"post-134540","1":"product","2":"type-product","3":"status-publish","4":"has-post-thumbnail","6":"product_cat-tostetavad-kuunlajalad","7":"pmpro-has-access","9":"first","10":"instock","11":"shipping-taxable","12":"purchasable","13":"product-type-simple"},"acf":[],"yoast_head":"<!-- This site is optimized with the Yoast SEO plugin v24.9 - https:\/\/yoast.com\/wordpress\/plugins\/seo\/ -->\n<title>Valurauast k\u00fc\u00fcnlajalg k\u00e4epidemega seisev k\u00fc\u00fcnlajalg - MetalTale.com<\/title>\n<meta name=\"robots\" content=\"index, follow, max-snippet:-1, max-image-preview:large, max-video-preview:-1\" \/>\n<link rel=\"canonical\" href=\"https:\/\/metaltale.com\/et\/toode\/valurauast-kuunlajalg-kaepidemega-seisev-kuunlajalg\/\" \/>\n<meta property=\"og:locale\" content=\"et_EE\" \/>\n<meta property=\"og:type\" content=\"article\" \/>\n<meta property=\"og:title\" content=\"Valurauast k\u00fc\u00fcnlajalg k\u00e4epidemega seisev k\u00fc\u00fcnlajalg - MetalTale.com\" \/>\n<meta property=\"og:description\" content=\"Mudel AF.794.775.00 EAN. 5905369923814 Materjal Ketus \u00dcldine k\u00f5rgus (cm) 9 \u00dcldine laius (cm) 16 \u00dcldl\u00e4bim\u00f5\u00f5t (cm) 9 V\u00e4rv Must K\u00e4sitsi\" \/>\n<meta property=\"og:url\" content=\"https:\/\/metaltale.com\/et\/toode\/valurauast-kuunlajalg-kaepidemega-seisev-kuunlajalg\/\" \/>\n<meta property=\"og:site_name\" content=\"MetalTale.com\" \/>\n<meta name=\"twitter:card\" content=\"summary_large_image\" \/>\n<script type=\"application\/ld+json\" class=\"yoast-schema-graph\">{\"@context\":\"https:\/\/schema.org\",\"@graph\":[{\"@type\":\"WebPage\",\"@id\":\"https:\/\/metaltale.com\/et\/toode\/valurauast-kuunlajalg-kaepidemega-seisev-kuunlajalg\/\",\"url\":\"https:\/\/metaltale.com\/et\/toode\/valurauast-kuunlajalg-kaepidemega-seisev-kuunlajalg\/\",\"name\":\"Valurauast k\u00fc\u00fcnlajalg k\u00e4epidemega seisev k\u00fc\u00fcnlajalg - MetalTale.com\",\"isPartOf\":{\"@id\":\"https:\/\/metaltale.com\/et\/#website\"},\"primaryImageOfPage\":{\"@id\":\"https:\/\/metaltale.com\/et\/toode\/valurauast-kuunlajalg-kaepidemega-seisev-kuunlajalg\/#primaryimage\"},\"image\":{\"@id\":\"https:\/\/metaltale.com\/et\/toode\/valurauast-kuunlajalg-kaepidemega-seisev-kuunlajalg\/#primaryimage\"},\"thumbnailUrl\":\"https:\/\/metaltale.com\/wp-content\/uploads\/2023\/10\/x17Dvakidx117-su-RANKENA.jpg\",\"datePublished\":\"2024-02-13T11:39:42+00:00\",\"breadcrumb\":{\"@id\":\"https:\/\/metaltale.com\/et\/toode\/valurauast-kuunlajalg-kaepidemega-seisev-kuunlajalg\/#breadcrumb\"},\"inLanguage\":\"et\",\"potentialAction\":[{\"@type\":\"ReadAction\",\"target\":[\"https:\/\/metaltale.com\/et\/toode\/valurauast-kuunlajalg-kaepidemega-seisev-kuunlajalg\/\"]}]},{\"@type\":\"ImageObject\",\"inLanguage\":\"et\",\"@id\":\"https:\/\/metaltale.com\/et\/toode\/valurauast-kuunlajalg-kaepidemega-seisev-kuunlajalg\/#primaryimage\",\"url\":\"https:\/\/metaltale.com\/wp-content\/uploads\/2023\/10\/x17Dvakidx117-su-RANKENA.jpg\",\"contentUrl\":\"https:\/\/metaltale.com\/wp-content\/uploads\/2023\/10\/x17Dvakidx117-su-RANKENA.jpg\",\"width\":800,\"height\":800},{\"@type\":\"BreadcrumbList\",\"@id\":\"https:\/\/metaltale.com\/et\/toode\/valurauast-kuunlajalg-kaepidemega-seisev-kuunlajalg\/#breadcrumb\",\"itemListElement\":[{\"@type\":\"ListItem\",\"position\":1,\"name\":\"Home\",\"item\":\"https:\/\/metaltale.com\/et\/kodu\/\"},{\"@type\":\"ListItem\",\"position\":2,\"name\":\"Kauplus\",\"item\":\"https:\/\/metaltale.com\/et\/shop\/\"},{\"@type\":\"ListItem\",\"position\":3,\"name\":\"Valurauast k\u00fc\u00fcnlajalg k\u00e4epidemega seisev k\u00fc\u00fcnlajalg\"}]},{\"@type\":\"WebSite\",\"@id\":\"https:\/\/metaltale.com\/et\/#website\",\"url\":\"https:\/\/metaltale.com\/et\/\",\"name\":\"Metaltale.com\",\"description\":\"\",\"potentialAction\":[{\"@type\":\"SearchAction\",\"target\":{\"@type\":\"EntryPoint\",\"urlTemplate\":\"https:\/\/metaltale.com\/et\/?s={search_term_string}\"},\"query-input\":{\"@type\":\"PropertyValueSpecification\",\"valueRequired\":true,\"valueName\":\"search_term_string\"}}],\"inLanguage\":\"et\"}]}<\/script>\n<!-- \/ Yoast SEO plugin. -->","yoast_head_json":{"title":"Valurauast k\u00fc\u00fcnlajalg k\u00e4epidemega seisev k\u00fc\u00fcnlajalg - MetalTale.com","robots":{"index":"index","follow":"follow","max-snippet":"max-snippet:-1","max-image-preview":"max-image-preview:large","max-video-preview":"max-video-preview:-1"},"canonical":"https:\/\/metaltale.com\/et\/toode\/valurauast-kuunlajalg-kaepidemega-seisev-kuunlajalg\/","og_locale":"et_EE","og_type":"article","og_title":"Valurauast k\u00fc\u00fcnlajalg k\u00e4epidemega seisev k\u00fc\u00fcnlajalg - MetalTale.com","og_description":"Mudel AF.794.775.00 EAN. 5905369923814 Materjal Ketus \u00dcldine k\u00f5rgus (cm) 9 \u00dcldine laius (cm) 16 \u00dcldl\u00e4bim\u00f5\u00f5t (cm) 9 V\u00e4rv Must K\u00e4sitsi","og_url":"https:\/\/metaltale.com\/et\/toode\/valurauast-kuunlajalg-kaepidemega-seisev-kuunlajalg\/","og_site_name":"MetalTale.com","twitter_card":"summary_large_image","schema":{"@context":"https:\/\/schema.org","@graph":[{"@type":"WebPage","@id":"https:\/\/metaltale.com\/et\/toode\/valurauast-kuunlajalg-kaepidemega-seisev-kuunlajalg\/","url":"https:\/\/metaltale.com\/et\/toode\/valurauast-kuunlajalg-kaepidemega-seisev-kuunlajalg\/","name":"Valurauast k\u00fc\u00fcnlajalg k\u00e4epidemega seisev k\u00fc\u00fcnlajalg - MetalTale.com","isPartOf":{"@id":"https:\/\/metaltale.com\/et\/#website"},"primaryImageOfPage":{"@id":"https:\/\/metaltale.com\/et\/toode\/valurauast-kuunlajalg-kaepidemega-seisev-kuunlajalg\/#primaryimage"},"image":{"@id":"https:\/\/metaltale.com\/et\/toode\/valurauast-kuunlajalg-kaepidemega-seisev-kuunlajalg\/#primaryimage"},"thumbnailUrl":"https:\/\/metaltale.com\/wp-content\/uploads\/2023\/10\/x17Dvakidx117-su-RANKENA.jpg","datePublished":"2024-02-13T11:39:42+00:00","breadcrumb":{"@id":"https:\/\/metaltale.com\/et\/toode\/valurauast-kuunlajalg-kaepidemega-seisev-kuunlajalg\/#breadcrumb"},"inLanguage":"et","potentialAction":[{"@type":"ReadAction","target":["https:\/\/metaltale.com\/et\/toode\/valurauast-kuunlajalg-kaepidemega-seisev-kuunlajalg\/"]}]},{"@type":"ImageObject","inLanguage":"et","@id":"https:\/\/metaltale.com\/et\/toode\/valurauast-kuunlajalg-kaepidemega-seisev-kuunlajalg\/#primaryimage","url":"https:\/\/metaltale.com\/wp-content\/uploads\/2023\/10\/x17Dvakidx117-su-RANKENA.jpg","contentUrl":"https:\/\/metaltale.com\/wp-content\/uploads\/2023\/10\/x17Dvakidx117-su-RANKENA.jpg","width":800,"height":800},{"@type":"BreadcrumbList","@id":"https:\/\/metaltale.com\/et\/toode\/valurauast-kuunlajalg-kaepidemega-seisev-kuunlajalg\/#breadcrumb","itemListElement":[{"@type":"ListItem","position":1,"name":"Home","item":"https:\/\/metaltale.com\/et\/kodu\/"},{"@type":"ListItem","position":2,"name":"Kauplus","item":"https:\/\/metaltale.com\/et\/shop\/"},{"@type":"ListItem","position":3,"name":"Valurauast k\u00fc\u00fcnlajalg k\u00e4epidemega seisev k\u00fc\u00fcnlajalg"}]},{"@type":"WebSite","@id":"https:\/\/metaltale.com\/et\/#website","url":"https:\/\/metaltale.com\/et\/","name":"Metaltale.com","description":"","potentialAction":[{"@type":"SearchAction","target":{"@type":"EntryPoint","urlTemplate":"https:\/\/metaltale.com\/et\/?s={search_term_string}"},"query-input":{"@type":"PropertyValueSpecification","valueRequired":true,"valueName":"search_term_string"}}],"inLanguage":"et"}]}},"_links":{"self":[{"href":"https:\/\/metaltale.com\/et\/wp-json\/wp\/v2\/product\/134540","targetHints":{"allow":["GET"]}}],"collection":[{"href":"https:\/\/metaltale.com\/et\/wp-json\/wp\/v2\/product"}],"about":[{"href":"https:\/\/metaltale.com\/et\/wp-json\/wp\/v2\/types\/product"}],"replies":[{"embeddable":true,"href":"https:\/\/metaltale.com\/et\/wp-json\/wp\/v2\/comments?post=134540"}],"version-history":[{"count":0,"href":"https:\/\/metaltale.com\/et\/wp-json\/wp\/v2\/product\/134540\/revisions"}],"wp:featuredmedia":[{"embeddable":true,"href":"https:\/\/metaltale.com\/et\/wp-json\/wp\/v2\/media\/79512"}],"wp:attachment":[{"href":"https:\/\/metaltale.com\/et\/wp-json\/wp\/v2\/media?parent=134540"}],"wp:term":[{"taxonomy":"product_brand","embeddable":true,"href":"https:\/\/metaltale.com\/et\/wp-json\/wp\/v2\/product_brand?post=134540"},{"taxonomy":"product_cat","embeddable":true,"href":"https:\/\/metaltale.com\/et\/wp-json\/wp\/v2\/product_cat?post=134540"},{"taxonomy":"product_tag","embeddable":true,"href":"https:\/\/metaltale.com\/et\/wp-json\/wp\/v2\/product_tag?post=134540"}],"curies":[{"name":"wp","href":"https:\/\/api.w.org\/{rel}","templated":true}]}}