{"id":134535,"date":"2024-02-13T14:21:04","date_gmt":"2024-02-13T12:21:04","guid":{"rendered":"https:\/\/metaltale.com\/produktas\/ehituskinnitus-typu-t-medium\/"},"modified":"2024-02-13T14:21:04","modified_gmt":"2024-02-13T12:21:04","slug":"ehituskinnitus-typu-t-medium","status":"publish","type":"product","link":"https:\/\/metaltale.com\/et\/toode\/ehituskinnitus-typu-t-medium\/","title":{"rendered":"Ehituskinnitus TYPU T medium"},"content":{"rendered":"<div class=\"prod_data\">\n<p><strong>Mudel<\/strong> ZA.110-PRGR<br \/>\n<strong>Materjal<\/strong> teras<br \/>\n<strong>\u00dcldk\u00f5rgus (cm)<\/strong> A: 15<br \/>\n<strong>\u00dcldlaius (cm)<\/strong> B: 25<br \/>\n<strong>S\u00fcgavus (cm)<\/strong> C: 5<br \/>\n<strong>V\u00e4rv<\/strong> teras<\/p>\n<p><strong>Ehitusl\u00fcli<\/strong> on t\u00fc\u00fcpiline n\u00e4ide kasulikest ehitusv\u00f5imalustest t\u00f5eliselt maapiirkonna loas. Paljud lamedad m\u00f6\u00f6bli\u00fchendused saab valmistada ja stabiliseerida, kasutades selleks etten\u00e4htud lahendust.<\/p>\n<p>See t\u00f6\u00f6tab h\u00e4sti horisontaalsete talade pideva seguna lae \u00fclaosas. Pakutav konstruktsiooniliitmik on valmistatud kvaliteetsest <strong>pressitud terasest<\/strong> ning l\u00e4binud vananemis- ja immutamisprotsessi, mis tagab piisava kaitse korrosiooni vastu, eriti ebasoodsates ilmastikutingimustes.<\/p>\n<p>Valmistatud pressitud terasest, kohati h\u00f5\u00f5rutud.<\/p>\n<p>Seda kasutatakse n\u00e4iteks horisontaalsete talade \u00fchendamiseks sammaste \u00fclaosas.<\/p>\n<hr>\n<\/div>\n","protected":false},"excerpt":{"rendered":"<p>Mudel ZA.110-PRGR Materjal teras \u00dcldk\u00f5rgus (cm) A: 15 \u00dcldlaius (cm) B: 25 S\u00fcgavus (cm) C: 5 V\u00e4rv teras Ehitusl\u00fcli on<\/p>\n","protected":false},"featured_media":69138,"comment_status":"open","ping_status":"closed","template":"","meta":{"_acf_changed":false,"pmpro_default_level":""},"product_brand":[],"product_cat":[23836,23891],"product_tag":[],"class_list":{"0":"post-134535","1":"product","2":"type-product","3":"status-publish","4":"has-post-thumbnail","6":"product_cat-moobli-tarvikud","7":"product_cat-statybines-ir-baldu-jungtys-et","8":"pmpro-has-access","10":"first","11":"instock","12":"shipping-taxable","13":"purchasable","14":"product-type-simple"},"acf":[],"yoast_head":"<!-- This site is optimized with the Yoast SEO plugin v24.9 - https:\/\/yoast.com\/wordpress\/plugins\/seo\/ -->\n<title>Ehituskinnitus TYPU T medium - MetalTale.com<\/title>\n<meta name=\"robots\" content=\"index, follow, max-snippet:-1, max-image-preview:large, max-video-preview:-1\" \/>\n<link rel=\"canonical\" href=\"https:\/\/metaltale.com\/et\/toode\/ehituskinnitus-typu-t-medium\/\" \/>\n<meta property=\"og:locale\" content=\"et_EE\" \/>\n<meta property=\"og:type\" content=\"article\" \/>\n<meta property=\"og:title\" content=\"Ehituskinnitus TYPU T medium - MetalTale.com\" \/>\n<meta property=\"og:description\" content=\"Mudel ZA.110-PRGR Materjal teras \u00dcldk\u00f5rgus (cm) A: 15 \u00dcldlaius (cm) B: 25 S\u00fcgavus (cm) C: 5 V\u00e4rv teras Ehitusl\u00fcli on\" \/>\n<meta property=\"og:url\" content=\"https:\/\/metaltale.com\/et\/toode\/ehituskinnitus-typu-t-medium\/\" \/>\n<meta property=\"og:site_name\" content=\"MetalTale.com\" \/>\n<meta property=\"og:image\" content=\"https:\/\/metaltale.com\/wp-content\/uploads\/2023\/09\/Statybinx117s-jungties-tipas-T-MEDIUM.jpg\" \/>\n\t<meta property=\"og:image:width\" content=\"800\" \/>\n\t<meta property=\"og:image:height\" content=\"800\" \/>\n\t<meta property=\"og:image:type\" content=\"image\/jpeg\" \/>\n<meta name=\"twitter:card\" content=\"summary_large_image\" \/>\n<script type=\"application\/ld+json\" class=\"yoast-schema-graph\">{\"@context\":\"https:\/\/schema.org\",\"@graph\":[{\"@type\":\"WebPage\",\"@id\":\"https:\/\/metaltale.com\/et\/toode\/ehituskinnitus-typu-t-medium\/\",\"url\":\"https:\/\/metaltale.com\/et\/toode\/ehituskinnitus-typu-t-medium\/\",\"name\":\"Ehituskinnitus TYPU T medium - MetalTale.com\",\"isPartOf\":{\"@id\":\"https:\/\/metaltale.com\/et\/#website\"},\"primaryImageOfPage\":{\"@id\":\"https:\/\/metaltale.com\/et\/toode\/ehituskinnitus-typu-t-medium\/#primaryimage\"},\"image\":{\"@id\":\"https:\/\/metaltale.com\/et\/toode\/ehituskinnitus-typu-t-medium\/#primaryimage\"},\"thumbnailUrl\":\"https:\/\/metaltale.com\/wp-content\/uploads\/2023\/09\/Statybinx117s-jungties-tipas-T-MEDIUM.jpg\",\"datePublished\":\"2024-02-13T12:21:04+00:00\",\"breadcrumb\":{\"@id\":\"https:\/\/metaltale.com\/et\/toode\/ehituskinnitus-typu-t-medium\/#breadcrumb\"},\"inLanguage\":\"et\",\"potentialAction\":[{\"@type\":\"ReadAction\",\"target\":[\"https:\/\/metaltale.com\/et\/toode\/ehituskinnitus-typu-t-medium\/\"]}]},{\"@type\":\"ImageObject\",\"inLanguage\":\"et\",\"@id\":\"https:\/\/metaltale.com\/et\/toode\/ehituskinnitus-typu-t-medium\/#primaryimage\",\"url\":\"https:\/\/metaltale.com\/wp-content\/uploads\/2023\/09\/Statybinx117s-jungties-tipas-T-MEDIUM.jpg\",\"contentUrl\":\"https:\/\/metaltale.com\/wp-content\/uploads\/2023\/09\/Statybinx117s-jungties-tipas-T-MEDIUM.jpg\",\"width\":800,\"height\":800,\"caption\":\"Ehituskinnitus TYPU T medium\"},{\"@type\":\"BreadcrumbList\",\"@id\":\"https:\/\/metaltale.com\/et\/toode\/ehituskinnitus-typu-t-medium\/#breadcrumb\",\"itemListElement\":[{\"@type\":\"ListItem\",\"position\":1,\"name\":\"Home\",\"item\":\"https:\/\/metaltale.com\/et\/kodu\/\"},{\"@type\":\"ListItem\",\"position\":2,\"name\":\"Kauplus\",\"item\":\"https:\/\/metaltale.com\/et\/shop\/\"},{\"@type\":\"ListItem\",\"position\":3,\"name\":\"Ehituskinnitus TYPU T medium\"}]},{\"@type\":\"WebSite\",\"@id\":\"https:\/\/metaltale.com\/et\/#website\",\"url\":\"https:\/\/metaltale.com\/et\/\",\"name\":\"Metaltale.com\",\"description\":\"\",\"potentialAction\":[{\"@type\":\"SearchAction\",\"target\":{\"@type\":\"EntryPoint\",\"urlTemplate\":\"https:\/\/metaltale.com\/et\/?s={search_term_string}\"},\"query-input\":{\"@type\":\"PropertyValueSpecification\",\"valueRequired\":true,\"valueName\":\"search_term_string\"}}],\"inLanguage\":\"et\"}]}<\/script>\n<!-- \/ Yoast SEO plugin. -->","yoast_head_json":{"title":"Ehituskinnitus TYPU T medium - MetalTale.com","robots":{"index":"index","follow":"follow","max-snippet":"max-snippet:-1","max-image-preview":"max-image-preview:large","max-video-preview":"max-video-preview:-1"},"canonical":"https:\/\/metaltale.com\/et\/toode\/ehituskinnitus-typu-t-medium\/","og_locale":"et_EE","og_type":"article","og_title":"Ehituskinnitus TYPU T medium - MetalTale.com","og_description":"Mudel ZA.110-PRGR Materjal teras \u00dcldk\u00f5rgus (cm) A: 15 \u00dcldlaius (cm) B: 25 S\u00fcgavus (cm) C: 5 V\u00e4rv teras Ehitusl\u00fcli on","og_url":"https:\/\/metaltale.com\/et\/toode\/ehituskinnitus-typu-t-medium\/","og_site_name":"MetalTale.com","og_image":[{"width":800,"height":800,"url":"https:\/\/metaltale.com\/wp-content\/uploads\/2023\/09\/Statybinx117s-jungties-tipas-T-MEDIUM.jpg","type":"image\/jpeg"}],"twitter_card":"summary_large_image","schema":{"@context":"https:\/\/schema.org","@graph":[{"@type":"WebPage","@id":"https:\/\/metaltale.com\/et\/toode\/ehituskinnitus-typu-t-medium\/","url":"https:\/\/metaltale.com\/et\/toode\/ehituskinnitus-typu-t-medium\/","name":"Ehituskinnitus TYPU T medium - MetalTale.com","isPartOf":{"@id":"https:\/\/metaltale.com\/et\/#website"},"primaryImageOfPage":{"@id":"https:\/\/metaltale.com\/et\/toode\/ehituskinnitus-typu-t-medium\/#primaryimage"},"image":{"@id":"https:\/\/metaltale.com\/et\/toode\/ehituskinnitus-typu-t-medium\/#primaryimage"},"thumbnailUrl":"https:\/\/metaltale.com\/wp-content\/uploads\/2023\/09\/Statybinx117s-jungties-tipas-T-MEDIUM.jpg","datePublished":"2024-02-13T12:21:04+00:00","breadcrumb":{"@id":"https:\/\/metaltale.com\/et\/toode\/ehituskinnitus-typu-t-medium\/#breadcrumb"},"inLanguage":"et","potentialAction":[{"@type":"ReadAction","target":["https:\/\/metaltale.com\/et\/toode\/ehituskinnitus-typu-t-medium\/"]}]},{"@type":"ImageObject","inLanguage":"et","@id":"https:\/\/metaltale.com\/et\/toode\/ehituskinnitus-typu-t-medium\/#primaryimage","url":"https:\/\/metaltale.com\/wp-content\/uploads\/2023\/09\/Statybinx117s-jungties-tipas-T-MEDIUM.jpg","contentUrl":"https:\/\/metaltale.com\/wp-content\/uploads\/2023\/09\/Statybinx117s-jungties-tipas-T-MEDIUM.jpg","width":800,"height":800,"caption":"Ehituskinnitus TYPU T medium"},{"@type":"BreadcrumbList","@id":"https:\/\/metaltale.com\/et\/toode\/ehituskinnitus-typu-t-medium\/#breadcrumb","itemListElement":[{"@type":"ListItem","position":1,"name":"Home","item":"https:\/\/metaltale.com\/et\/kodu\/"},{"@type":"ListItem","position":2,"name":"Kauplus","item":"https:\/\/metaltale.com\/et\/shop\/"},{"@type":"ListItem","position":3,"name":"Ehituskinnitus TYPU T medium"}]},{"@type":"WebSite","@id":"https:\/\/metaltale.com\/et\/#website","url":"https:\/\/metaltale.com\/et\/","name":"Metaltale.com","description":"","potentialAction":[{"@type":"SearchAction","target":{"@type":"EntryPoint","urlTemplate":"https:\/\/metaltale.com\/et\/?s={search_term_string}"},"query-input":{"@type":"PropertyValueSpecification","valueRequired":true,"valueName":"search_term_string"}}],"inLanguage":"et"}]}},"_links":{"self":[{"href":"https:\/\/metaltale.com\/et\/wp-json\/wp\/v2\/product\/134535","targetHints":{"allow":["GET"]}}],"collection":[{"href":"https:\/\/metaltale.com\/et\/wp-json\/wp\/v2\/product"}],"about":[{"href":"https:\/\/metaltale.com\/et\/wp-json\/wp\/v2\/types\/product"}],"replies":[{"embeddable":true,"href":"https:\/\/metaltale.com\/et\/wp-json\/wp\/v2\/comments?post=134535"}],"version-history":[{"count":0,"href":"https:\/\/metaltale.com\/et\/wp-json\/wp\/v2\/product\/134535\/revisions"}],"wp:featuredmedia":[{"embeddable":true,"href":"https:\/\/metaltale.com\/et\/wp-json\/wp\/v2\/media\/69138"}],"wp:attachment":[{"href":"https:\/\/metaltale.com\/et\/wp-json\/wp\/v2\/media?parent=134535"}],"wp:term":[{"taxonomy":"product_brand","embeddable":true,"href":"https:\/\/metaltale.com\/et\/wp-json\/wp\/v2\/product_brand?post=134535"},{"taxonomy":"product_cat","embeddable":true,"href":"https:\/\/metaltale.com\/et\/wp-json\/wp\/v2\/product_cat?post=134535"},{"taxonomy":"product_tag","embeddable":true,"href":"https:\/\/metaltale.com\/et\/wp-json\/wp\/v2\/product_tag?post=134535"}],"curies":[{"name":"wp","href":"https:\/\/api.w.org\/{rel}","templated":true}]}}