{"id":134522,"date":"2024-02-13T14:23:04","date_gmt":"2024-02-13T12:23:04","guid":{"rendered":"https:\/\/metaltale.com\/produktas\/corner-30x80-mm-konstruktsiooniliitmik\/"},"modified":"2024-02-13T14:23:04","modified_gmt":"2024-02-13T12:23:04","slug":"corner-30x80-mm-konstruktsiooniliitmik","status":"publish","type":"product","link":"https:\/\/metaltale.com\/et\/toode\/corner-30x80-mm-konstruktsiooniliitmik\/","title":{"rendered":"CORNER 30&#215;80 mm konstruktsiooniliitmik"},"content":{"rendered":"<div class=\"prod_data\">\n<p><strong>Mudel<\/strong> ZA.111-PRGR<br \/>\n<strong>Materjal<\/strong> teras<br \/>\n<strong>\u00dcldk\u00f5rgus (cm)<\/strong> A: 8<br \/>\n<strong>\u00dcldlaius (cm)<\/strong> B: 3<br \/>\n<strong>V\u00e4rv<\/strong> teras<\/p>\n<p>Liigendi <strong>disain<\/strong> on huvitav kombinatsioon disainist ja puhtalt praktilistest funktsioonidest maal\u00e4hedases stiilis. T\u00e4nu suurele suuruste valikule pakub see suurt vabadust sihip\u00e4rase sisekliima loomisel ja korraldamisel. See toimib h\u00e4sti kui tugev kombinatsioon valmism\u00f6\u00f6blielementidest ja erinevat t\u00fc\u00fcpi \u00fchenduskohtadest.<\/p>\n<p>See on valmistatud kvaliteetsest <strong>pressitud<\/strong> terasest, millele on j\u00e4rgnenud vananemis- ja immutamisprotsess, mis muudab selle sobivaks v\u00e4litingimustes kasutamiseks.<\/p>\n<p>Valmistatud pressitud terasest, kohati h\u00f5\u00f5rutud.<\/p>\n<p>Seda kasutatakse n\u00e4iteks kahe nurgas oleva palgi \u00fchendamiseks.<\/p>\n<hr>\n<\/div>\n","protected":false},"excerpt":{"rendered":"<p>Mudel ZA.111-PRGR Materjal teras \u00dcldk\u00f5rgus (cm) A: 8 \u00dcldlaius (cm) B: 3 V\u00e4rv teras Liigendi disain on huvitav kombinatsioon disainist<\/p>\n","protected":false},"featured_media":87531,"comment_status":"open","ping_status":"closed","template":"","meta":{"_acf_changed":false,"pmpro_default_level":""},"product_brand":[],"product_cat":[23836,23891],"product_tag":[],"class_list":{"0":"post-134522","1":"product","2":"type-product","3":"status-publish","4":"has-post-thumbnail","6":"product_cat-moobli-tarvikud","7":"product_cat-statybines-ir-baldu-jungtys-et","8":"pmpro-has-access","10":"first","11":"instock","12":"shipping-taxable","13":"purchasable","14":"product-type-simple"},"acf":[],"yoast_head":"<!-- This site is optimized with the Yoast SEO plugin v24.9 - https:\/\/yoast.com\/wordpress\/plugins\/seo\/ -->\n<title>CORNER 30x80 mm konstruktsiooniliitmik - MetalTale.com<\/title>\n<meta name=\"robots\" content=\"index, follow, max-snippet:-1, max-image-preview:large, max-video-preview:-1\" \/>\n<link rel=\"canonical\" href=\"https:\/\/metaltale.com\/et\/toode\/corner-30x80-mm-konstruktsiooniliitmik\/\" \/>\n<meta property=\"og:locale\" content=\"et_EE\" \/>\n<meta property=\"og:type\" content=\"article\" \/>\n<meta property=\"og:title\" content=\"CORNER 30x80 mm konstruktsiooniliitmik - MetalTale.com\" \/>\n<meta property=\"og:description\" content=\"Mudel ZA.111-PRGR Materjal teras \u00dcldk\u00f5rgus (cm) A: 8 \u00dcldlaius (cm) B: 3 V\u00e4rv teras Liigendi disain on huvitav kombinatsioon disainist\" \/>\n<meta property=\"og:url\" content=\"https:\/\/metaltale.com\/et\/toode\/corner-30x80-mm-konstruktsiooniliitmik\/\" \/>\n<meta property=\"og:site_name\" content=\"MetalTale.com\" \/>\n<meta property=\"og:image\" content=\"https:\/\/metaltale.com\/wp-content\/uploads\/2023\/10\/Pastato-jungtis-KAMPAS-MAx17DAS.jpg\" \/>\n\t<meta property=\"og:image:width\" content=\"800\" \/>\n\t<meta property=\"og:image:height\" content=\"800\" \/>\n\t<meta property=\"og:image:type\" content=\"image\/jpeg\" \/>\n<meta name=\"twitter:card\" content=\"summary_large_image\" \/>\n<script type=\"application\/ld+json\" class=\"yoast-schema-graph\">{\"@context\":\"https:\/\/schema.org\",\"@graph\":[{\"@type\":\"WebPage\",\"@id\":\"https:\/\/metaltale.com\/et\/toode\/corner-30x80-mm-konstruktsiooniliitmik\/\",\"url\":\"https:\/\/metaltale.com\/et\/toode\/corner-30x80-mm-konstruktsiooniliitmik\/\",\"name\":\"CORNER 30x80 mm konstruktsiooniliitmik - MetalTale.com\",\"isPartOf\":{\"@id\":\"https:\/\/metaltale.com\/et\/#website\"},\"primaryImageOfPage\":{\"@id\":\"https:\/\/metaltale.com\/et\/toode\/corner-30x80-mm-konstruktsiooniliitmik\/#primaryimage\"},\"image\":{\"@id\":\"https:\/\/metaltale.com\/et\/toode\/corner-30x80-mm-konstruktsiooniliitmik\/#primaryimage\"},\"thumbnailUrl\":\"https:\/\/metaltale.com\/wp-content\/uploads\/2023\/10\/Pastato-jungtis-KAMPAS-MAx17DAS.jpg\",\"datePublished\":\"2024-02-13T12:23:04+00:00\",\"breadcrumb\":{\"@id\":\"https:\/\/metaltale.com\/et\/toode\/corner-30x80-mm-konstruktsiooniliitmik\/#breadcrumb\"},\"inLanguage\":\"et\",\"potentialAction\":[{\"@type\":\"ReadAction\",\"target\":[\"https:\/\/metaltale.com\/et\/toode\/corner-30x80-mm-konstruktsiooniliitmik\/\"]}]},{\"@type\":\"ImageObject\",\"inLanguage\":\"et\",\"@id\":\"https:\/\/metaltale.com\/et\/toode\/corner-30x80-mm-konstruktsiooniliitmik\/#primaryimage\",\"url\":\"https:\/\/metaltale.com\/wp-content\/uploads\/2023\/10\/Pastato-jungtis-KAMPAS-MAx17DAS.jpg\",\"contentUrl\":\"https:\/\/metaltale.com\/wp-content\/uploads\/2023\/10\/Pastato-jungtis-KAMPAS-MAx17DAS.jpg\",\"width\":800,\"height\":800,\"caption\":\"CORNER konstruktsiooniline \u00fchenduskoht 50x130 mm\"},{\"@type\":\"BreadcrumbList\",\"@id\":\"https:\/\/metaltale.com\/et\/toode\/corner-30x80-mm-konstruktsiooniliitmik\/#breadcrumb\",\"itemListElement\":[{\"@type\":\"ListItem\",\"position\":1,\"name\":\"Home\",\"item\":\"https:\/\/metaltale.com\/et\/kodu\/\"},{\"@type\":\"ListItem\",\"position\":2,\"name\":\"Kauplus\",\"item\":\"https:\/\/metaltale.com\/et\/shop\/\"},{\"@type\":\"ListItem\",\"position\":3,\"name\":\"CORNER 30&#215;80 mm konstruktsiooniliitmik\"}]},{\"@type\":\"WebSite\",\"@id\":\"https:\/\/metaltale.com\/et\/#website\",\"url\":\"https:\/\/metaltale.com\/et\/\",\"name\":\"Metaltale.com\",\"description\":\"\",\"potentialAction\":[{\"@type\":\"SearchAction\",\"target\":{\"@type\":\"EntryPoint\",\"urlTemplate\":\"https:\/\/metaltale.com\/et\/?s={search_term_string}\"},\"query-input\":{\"@type\":\"PropertyValueSpecification\",\"valueRequired\":true,\"valueName\":\"search_term_string\"}}],\"inLanguage\":\"et\"}]}<\/script>\n<!-- \/ Yoast SEO plugin. -->","yoast_head_json":{"title":"CORNER 30x80 mm konstruktsiooniliitmik - MetalTale.com","robots":{"index":"index","follow":"follow","max-snippet":"max-snippet:-1","max-image-preview":"max-image-preview:large","max-video-preview":"max-video-preview:-1"},"canonical":"https:\/\/metaltale.com\/et\/toode\/corner-30x80-mm-konstruktsiooniliitmik\/","og_locale":"et_EE","og_type":"article","og_title":"CORNER 30x80 mm konstruktsiooniliitmik - MetalTale.com","og_description":"Mudel ZA.111-PRGR Materjal teras \u00dcldk\u00f5rgus (cm) A: 8 \u00dcldlaius (cm) B: 3 V\u00e4rv teras Liigendi disain on huvitav kombinatsioon disainist","og_url":"https:\/\/metaltale.com\/et\/toode\/corner-30x80-mm-konstruktsiooniliitmik\/","og_site_name":"MetalTale.com","og_image":[{"width":800,"height":800,"url":"https:\/\/metaltale.com\/wp-content\/uploads\/2023\/10\/Pastato-jungtis-KAMPAS-MAx17DAS.jpg","type":"image\/jpeg"}],"twitter_card":"summary_large_image","schema":{"@context":"https:\/\/schema.org","@graph":[{"@type":"WebPage","@id":"https:\/\/metaltale.com\/et\/toode\/corner-30x80-mm-konstruktsiooniliitmik\/","url":"https:\/\/metaltale.com\/et\/toode\/corner-30x80-mm-konstruktsiooniliitmik\/","name":"CORNER 30x80 mm konstruktsiooniliitmik - MetalTale.com","isPartOf":{"@id":"https:\/\/metaltale.com\/et\/#website"},"primaryImageOfPage":{"@id":"https:\/\/metaltale.com\/et\/toode\/corner-30x80-mm-konstruktsiooniliitmik\/#primaryimage"},"image":{"@id":"https:\/\/metaltale.com\/et\/toode\/corner-30x80-mm-konstruktsiooniliitmik\/#primaryimage"},"thumbnailUrl":"https:\/\/metaltale.com\/wp-content\/uploads\/2023\/10\/Pastato-jungtis-KAMPAS-MAx17DAS.jpg","datePublished":"2024-02-13T12:23:04+00:00","breadcrumb":{"@id":"https:\/\/metaltale.com\/et\/toode\/corner-30x80-mm-konstruktsiooniliitmik\/#breadcrumb"},"inLanguage":"et","potentialAction":[{"@type":"ReadAction","target":["https:\/\/metaltale.com\/et\/toode\/corner-30x80-mm-konstruktsiooniliitmik\/"]}]},{"@type":"ImageObject","inLanguage":"et","@id":"https:\/\/metaltale.com\/et\/toode\/corner-30x80-mm-konstruktsiooniliitmik\/#primaryimage","url":"https:\/\/metaltale.com\/wp-content\/uploads\/2023\/10\/Pastato-jungtis-KAMPAS-MAx17DAS.jpg","contentUrl":"https:\/\/metaltale.com\/wp-content\/uploads\/2023\/10\/Pastato-jungtis-KAMPAS-MAx17DAS.jpg","width":800,"height":800,"caption":"CORNER konstruktsiooniline \u00fchenduskoht 50x130 mm"},{"@type":"BreadcrumbList","@id":"https:\/\/metaltale.com\/et\/toode\/corner-30x80-mm-konstruktsiooniliitmik\/#breadcrumb","itemListElement":[{"@type":"ListItem","position":1,"name":"Home","item":"https:\/\/metaltale.com\/et\/kodu\/"},{"@type":"ListItem","position":2,"name":"Kauplus","item":"https:\/\/metaltale.com\/et\/shop\/"},{"@type":"ListItem","position":3,"name":"CORNER 30&#215;80 mm konstruktsiooniliitmik"}]},{"@type":"WebSite","@id":"https:\/\/metaltale.com\/et\/#website","url":"https:\/\/metaltale.com\/et\/","name":"Metaltale.com","description":"","potentialAction":[{"@type":"SearchAction","target":{"@type":"EntryPoint","urlTemplate":"https:\/\/metaltale.com\/et\/?s={search_term_string}"},"query-input":{"@type":"PropertyValueSpecification","valueRequired":true,"valueName":"search_term_string"}}],"inLanguage":"et"}]}},"_links":{"self":[{"href":"https:\/\/metaltale.com\/et\/wp-json\/wp\/v2\/product\/134522","targetHints":{"allow":["GET"]}}],"collection":[{"href":"https:\/\/metaltale.com\/et\/wp-json\/wp\/v2\/product"}],"about":[{"href":"https:\/\/metaltale.com\/et\/wp-json\/wp\/v2\/types\/product"}],"replies":[{"embeddable":true,"href":"https:\/\/metaltale.com\/et\/wp-json\/wp\/v2\/comments?post=134522"}],"version-history":[{"count":0,"href":"https:\/\/metaltale.com\/et\/wp-json\/wp\/v2\/product\/134522\/revisions"}],"wp:featuredmedia":[{"embeddable":true,"href":"https:\/\/metaltale.com\/et\/wp-json\/wp\/v2\/media\/87531"}],"wp:attachment":[{"href":"https:\/\/metaltale.com\/et\/wp-json\/wp\/v2\/media?parent=134522"}],"wp:term":[{"taxonomy":"product_brand","embeddable":true,"href":"https:\/\/metaltale.com\/et\/wp-json\/wp\/v2\/product_brand?post=134522"},{"taxonomy":"product_cat","embeddable":true,"href":"https:\/\/metaltale.com\/et\/wp-json\/wp\/v2\/product_cat?post=134522"},{"taxonomy":"product_tag","embeddable":true,"href":"https:\/\/metaltale.com\/et\/wp-json\/wp\/v2\/product_tag?post=134522"}],"curies":[{"name":"wp","href":"https:\/\/api.w.org\/{rel}","templated":true}]}}