{"id":134481,"date":"2024-02-13T15:09:04","date_gmt":"2024-02-13T13:09:04","guid":{"rendered":"https:\/\/metaltale.com\/produktas\/koogikraan-seisev-antiik-messingist-corny\/"},"modified":"2024-02-13T15:09:04","modified_gmt":"2024-02-13T13:09:04","slug":"koogikraan-seisev-antiik-messingist-corny","status":"publish","type":"product","link":"https:\/\/metaltale.com\/et\/toode\/koogikraan-seisev-antiik-messingist-corny\/","title":{"rendered":"K\u00f6\u00f6gikraan seisev antiik messingist CORNY"},"content":{"rendered":"<div class=\"prod_data\"><strong>Mudel<\/strong> QZ. CF-135-AZL  <br \/>Kaasaegne <strong>kollektsioon<\/strong>  <br \/><strong>EAN.<\/strong>  5905369929632  <br \/>K\u00f5rgus (cm) 33 <br \/>Aluse l\u00e4bim\u00f5\u00f5t (cm) 5 <br \/>V\u00e4ljalaskeava pikkus (cm ) 18 <br \/>K\u00f5rgus ninaotsani (cm) 26 <br \/><strong>Materjal<\/strong> Roostevaba teras  <br \/>V\u00e4rv Antik messingist <br \/>Viimistlus Pehme, satiinne efekt <br \/>P\u00f6\u00f6rlev v\u00e4ljalaskeava Jah <br \/>Perlator (\u00f5hutaja) Jah <br \/>Koguprojektsioon (cm) 24 <\/p>\n<p>Vabalt seisev segisti, mis on valmistatud roostevabast terasest<\/p>\n<p>360&#8242; p\u00f6\u00f6rlev otsak<\/p>\n<p>Aerator &#8211; \u00f5hutaja, mis v\u00e4hendab veekulu<\/p>\n<p>keraamiline pea &#8211; element, mis tagab vee n\u00f5uetekohase jaotamise<\/p>\n<p>k\u00f5ik komplektis olevad paigaldamiseks vajalikud komponendid (voolik, lauakruvi, kruvitihendid)<\/p>\n<p>vaata teisi mudeleid Modern kollektsioonist<\/p>\n<hr>\n<p>Antiik kuldne k\u00f6\u00f6gikraan on stiilne ja funktsionaalne lahendus teie k\u00f6\u00f6ki. Oma ebatavaliselt profileeritud p\u00f6\u00f6rleva joatoru ja kuldse v\u00e4rviga sobib see kraan nii retro-, glam- kui ka moodsasse stiili. See on valmistatud kvaliteetsetest materjalidest ja pakub mitte ainult pikka kasutusiga, vaid ka esteetilist v\u00e4limust. Sellel kraanil on ka ergonoomiline k\u00e4epide, mis v\u00f5imaldab h\u00f5lpsasti kontrollida veevoolu ja temperatuuri.<\/p>\n<\/div>\n","protected":false},"excerpt":{"rendered":"<p>Mudel QZ. CF-135-AZL Kaasaegne kollektsioon EAN. 5905369929632 K\u00f5rgus (cm) 33 Aluse l\u00e4bim\u00f5\u00f5t (cm) 5 V\u00e4ljalaskeava pikkus (cm ) 18 K\u00f5rgus<\/p>\n","protected":false},"featured_media":103245,"comment_status":"open","ping_status":"closed","template":"","meta":{"_acf_changed":false,"pmpro_default_level":""},"product_brand":[],"product_cat":[24179],"product_tag":[],"class_list":{"0":"post-134481","1":"product","2":"type-product","3":"status-publish","4":"has-post-thumbnail","6":"product_cat-vabalt-seisvad-koogisegistid","7":"pmpro-has-access","9":"first","10":"instock","11":"shipping-taxable","12":"purchasable","13":"product-type-simple"},"acf":[],"yoast_head":"<!-- This site is optimized with the Yoast SEO plugin v24.9 - https:\/\/yoast.com\/wordpress\/plugins\/seo\/ -->\n<title>K\u00f6\u00f6gikraan seisev antiik messingist CORNY - MetalTale.com<\/title>\n<meta name=\"robots\" content=\"index, follow, max-snippet:-1, max-image-preview:large, max-video-preview:-1\" \/>\n<link rel=\"canonical\" href=\"https:\/\/metaltale.com\/et\/toode\/koogikraan-seisev-antiik-messingist-corny\/\" \/>\n<meta property=\"og:locale\" content=\"et_EE\" \/>\n<meta property=\"og:type\" content=\"article\" \/>\n<meta property=\"og:title\" content=\"K\u00f6\u00f6gikraan seisev antiik messingist CORNY - MetalTale.com\" \/>\n<meta property=\"og:description\" content=\"Mudel QZ. CF-135-AZL Kaasaegne kollektsioon EAN. 5905369929632 K\u00f5rgus (cm) 33 Aluse l\u00e4bim\u00f5\u00f5t (cm) 5 V\u00e4ljalaskeava pikkus (cm ) 18 K\u00f5rgus\" \/>\n<meta property=\"og:url\" content=\"https:\/\/metaltale.com\/et\/toode\/koogikraan-seisev-antiik-messingist-corny\/\" \/>\n<meta property=\"og:site_name\" content=\"MetalTale.com\" \/>\n<meta name=\"twitter:card\" content=\"summary_large_image\" \/>\n<meta name=\"twitter:label1\" content=\"Est. reading time\" \/>\n\t<meta name=\"twitter:data1\" content=\"1 minut\" \/>\n<script type=\"application\/ld+json\" class=\"yoast-schema-graph\">{\"@context\":\"https:\/\/schema.org\",\"@graph\":[{\"@type\":\"WebPage\",\"@id\":\"https:\/\/metaltale.com\/et\/toode\/koogikraan-seisev-antiik-messingist-corny\/\",\"url\":\"https:\/\/metaltale.com\/et\/toode\/koogikraan-seisev-antiik-messingist-corny\/\",\"name\":\"K\u00f6\u00f6gikraan seisev antiik messingist CORNY - MetalTale.com\",\"isPartOf\":{\"@id\":\"https:\/\/metaltale.com\/et\/#website\"},\"primaryImageOfPage\":{\"@id\":\"https:\/\/metaltale.com\/et\/toode\/koogikraan-seisev-antiik-messingist-corny\/#primaryimage\"},\"image\":{\"@id\":\"https:\/\/metaltale.com\/et\/toode\/koogikraan-seisev-antiik-messingist-corny\/#primaryimage\"},\"thumbnailUrl\":\"https:\/\/metaltale.com\/wp-content\/uploads\/2023\/11\/Virtuvx117s-maix161ytuvas-stovi-antikvarinis-x17Ealvaris-CORNY.jpg\",\"datePublished\":\"2024-02-13T13:09:04+00:00\",\"breadcrumb\":{\"@id\":\"https:\/\/metaltale.com\/et\/toode\/koogikraan-seisev-antiik-messingist-corny\/#breadcrumb\"},\"inLanguage\":\"et\",\"potentialAction\":[{\"@type\":\"ReadAction\",\"target\":[\"https:\/\/metaltale.com\/et\/toode\/koogikraan-seisev-antiik-messingist-corny\/\"]}]},{\"@type\":\"ImageObject\",\"inLanguage\":\"et\",\"@id\":\"https:\/\/metaltale.com\/et\/toode\/koogikraan-seisev-antiik-messingist-corny\/#primaryimage\",\"url\":\"https:\/\/metaltale.com\/wp-content\/uploads\/2023\/11\/Virtuvx117s-maix161ytuvas-stovi-antikvarinis-x17Ealvaris-CORNY.jpg\",\"contentUrl\":\"https:\/\/metaltale.com\/wp-content\/uploads\/2023\/11\/Virtuvx117s-maix161ytuvas-stovi-antikvarinis-x17Ealvaris-CORNY.jpg\",\"width\":800,\"height\":800},{\"@type\":\"BreadcrumbList\",\"@id\":\"https:\/\/metaltale.com\/et\/toode\/koogikraan-seisev-antiik-messingist-corny\/#breadcrumb\",\"itemListElement\":[{\"@type\":\"ListItem\",\"position\":1,\"name\":\"Home\",\"item\":\"https:\/\/metaltale.com\/et\/kodu\/\"},{\"@type\":\"ListItem\",\"position\":2,\"name\":\"Kauplus\",\"item\":\"https:\/\/metaltale.com\/et\/shop\/\"},{\"@type\":\"ListItem\",\"position\":3,\"name\":\"K\u00f6\u00f6gikraan seisev antiik messingist CORNY\"}]},{\"@type\":\"WebSite\",\"@id\":\"https:\/\/metaltale.com\/et\/#website\",\"url\":\"https:\/\/metaltale.com\/et\/\",\"name\":\"Metaltale.com\",\"description\":\"\",\"potentialAction\":[{\"@type\":\"SearchAction\",\"target\":{\"@type\":\"EntryPoint\",\"urlTemplate\":\"https:\/\/metaltale.com\/et\/?s={search_term_string}\"},\"query-input\":{\"@type\":\"PropertyValueSpecification\",\"valueRequired\":true,\"valueName\":\"search_term_string\"}}],\"inLanguage\":\"et\"}]}<\/script>\n<!-- \/ Yoast SEO plugin. -->","yoast_head_json":{"title":"K\u00f6\u00f6gikraan seisev antiik messingist CORNY - MetalTale.com","robots":{"index":"index","follow":"follow","max-snippet":"max-snippet:-1","max-image-preview":"max-image-preview:large","max-video-preview":"max-video-preview:-1"},"canonical":"https:\/\/metaltale.com\/et\/toode\/koogikraan-seisev-antiik-messingist-corny\/","og_locale":"et_EE","og_type":"article","og_title":"K\u00f6\u00f6gikraan seisev antiik messingist CORNY - MetalTale.com","og_description":"Mudel QZ. CF-135-AZL Kaasaegne kollektsioon EAN. 5905369929632 K\u00f5rgus (cm) 33 Aluse l\u00e4bim\u00f5\u00f5t (cm) 5 V\u00e4ljalaskeava pikkus (cm ) 18 K\u00f5rgus","og_url":"https:\/\/metaltale.com\/et\/toode\/koogikraan-seisev-antiik-messingist-corny\/","og_site_name":"MetalTale.com","twitter_card":"summary_large_image","twitter_misc":{"Est. reading time":"1 minut"},"schema":{"@context":"https:\/\/schema.org","@graph":[{"@type":"WebPage","@id":"https:\/\/metaltale.com\/et\/toode\/koogikraan-seisev-antiik-messingist-corny\/","url":"https:\/\/metaltale.com\/et\/toode\/koogikraan-seisev-antiik-messingist-corny\/","name":"K\u00f6\u00f6gikraan seisev antiik messingist CORNY - MetalTale.com","isPartOf":{"@id":"https:\/\/metaltale.com\/et\/#website"},"primaryImageOfPage":{"@id":"https:\/\/metaltale.com\/et\/toode\/koogikraan-seisev-antiik-messingist-corny\/#primaryimage"},"image":{"@id":"https:\/\/metaltale.com\/et\/toode\/koogikraan-seisev-antiik-messingist-corny\/#primaryimage"},"thumbnailUrl":"https:\/\/metaltale.com\/wp-content\/uploads\/2023\/11\/Virtuvx117s-maix161ytuvas-stovi-antikvarinis-x17Ealvaris-CORNY.jpg","datePublished":"2024-02-13T13:09:04+00:00","breadcrumb":{"@id":"https:\/\/metaltale.com\/et\/toode\/koogikraan-seisev-antiik-messingist-corny\/#breadcrumb"},"inLanguage":"et","potentialAction":[{"@type":"ReadAction","target":["https:\/\/metaltale.com\/et\/toode\/koogikraan-seisev-antiik-messingist-corny\/"]}]},{"@type":"ImageObject","inLanguage":"et","@id":"https:\/\/metaltale.com\/et\/toode\/koogikraan-seisev-antiik-messingist-corny\/#primaryimage","url":"https:\/\/metaltale.com\/wp-content\/uploads\/2023\/11\/Virtuvx117s-maix161ytuvas-stovi-antikvarinis-x17Ealvaris-CORNY.jpg","contentUrl":"https:\/\/metaltale.com\/wp-content\/uploads\/2023\/11\/Virtuvx117s-maix161ytuvas-stovi-antikvarinis-x17Ealvaris-CORNY.jpg","width":800,"height":800},{"@type":"BreadcrumbList","@id":"https:\/\/metaltale.com\/et\/toode\/koogikraan-seisev-antiik-messingist-corny\/#breadcrumb","itemListElement":[{"@type":"ListItem","position":1,"name":"Home","item":"https:\/\/metaltale.com\/et\/kodu\/"},{"@type":"ListItem","position":2,"name":"Kauplus","item":"https:\/\/metaltale.com\/et\/shop\/"},{"@type":"ListItem","position":3,"name":"K\u00f6\u00f6gikraan seisev antiik messingist CORNY"}]},{"@type":"WebSite","@id":"https:\/\/metaltale.com\/et\/#website","url":"https:\/\/metaltale.com\/et\/","name":"Metaltale.com","description":"","potentialAction":[{"@type":"SearchAction","target":{"@type":"EntryPoint","urlTemplate":"https:\/\/metaltale.com\/et\/?s={search_term_string}"},"query-input":{"@type":"PropertyValueSpecification","valueRequired":true,"valueName":"search_term_string"}}],"inLanguage":"et"}]}},"_links":{"self":[{"href":"https:\/\/metaltale.com\/et\/wp-json\/wp\/v2\/product\/134481","targetHints":{"allow":["GET"]}}],"collection":[{"href":"https:\/\/metaltale.com\/et\/wp-json\/wp\/v2\/product"}],"about":[{"href":"https:\/\/metaltale.com\/et\/wp-json\/wp\/v2\/types\/product"}],"replies":[{"embeddable":true,"href":"https:\/\/metaltale.com\/et\/wp-json\/wp\/v2\/comments?post=134481"}],"version-history":[{"count":0,"href":"https:\/\/metaltale.com\/et\/wp-json\/wp\/v2\/product\/134481\/revisions"}],"wp:featuredmedia":[{"embeddable":true,"href":"https:\/\/metaltale.com\/et\/wp-json\/wp\/v2\/media\/103245"}],"wp:attachment":[{"href":"https:\/\/metaltale.com\/et\/wp-json\/wp\/v2\/media?parent=134481"}],"wp:term":[{"taxonomy":"product_brand","embeddable":true,"href":"https:\/\/metaltale.com\/et\/wp-json\/wp\/v2\/product_brand?post=134481"},{"taxonomy":"product_cat","embeddable":true,"href":"https:\/\/metaltale.com\/et\/wp-json\/wp\/v2\/product_cat?post=134481"},{"taxonomy":"product_tag","embeddable":true,"href":"https:\/\/metaltale.com\/et\/wp-json\/wp\/v2\/product_tag?post=134481"}],"curies":[{"name":"wp","href":"https:\/\/api.w.org\/{rel}","templated":true}]}}