{"id":134472,"date":"2024-02-13T13:47:43","date_gmt":"2024-02-13T11:47:43","guid":{"rendered":"https:\/\/metaltale.com\/produktas\/koogikraan-hull-must\/"},"modified":"2024-02-13T13:47:43","modified_gmt":"2024-02-13T11:47:43","slug":"koogikraan-hull-must","status":"publish","type":"product","link":"https:\/\/metaltale.com\/et\/toode\/koogikraan-hull-must\/","title":{"rendered":"K\u00f6\u00f6gikraan HULL, must"},"content":{"rendered":"<div class=\"prod_data\">\n<p><strong>Mudel<\/strong> WX. XT79. BLA<br \/>\nLihtsalt Retro <strong>kollektsioon<\/strong><br \/>\n<strong>EAN.<\/strong>  5905369900099<br \/>\n<strong>V\u00e4ljalaskeava pikkus (cm<\/strong> ) 26<br \/>\n<strong>K\u00f5rgus ninaotsani (cm)<\/strong> 15<br \/>\n<strong>Materjal<\/strong> Messing<br \/>\n<strong>Paigaldusava l\u00e4bim\u00f5\u00f5t<\/strong> 3,2<br \/>\n\u00dcldine k\u00f5rgus (cm) 50<br \/>\n<strong>Perlator (\u00f5hutaja)<\/strong> Jah<br \/>\n<strong>P\u00f6\u00f6rlev v\u00e4ljalaskeava<\/strong> Jah<br \/>\nV\u00e4rv Must<br \/>\n<strong>Viimistlus<\/strong> Pehme, satiinne efekt<br \/>\n<strong>Lisateave<\/strong> Voolik M8x3\/8&#8243; kraani pikkus 50cm<\/p>\n<p>&#8211; messingist patarei<br \/>\n&#8211; liigutatav v\u00e4ljalaskeava<br \/>\n&#8211; keraamiline pea &#8211; element, mis tagab vee n\u00f5uetekohase jaotumise<br \/>\n&#8211; Aerator &#8211; aerator, mis tagab v\u00e4iksema veetarbimise<br \/>\n&#8211; k\u00f5ik komplektis olevad kokkupanekuks vajalikud elemendid (voolikud, kruvi lauaplaadile, tihendid kruvile)<br \/>\n&#8211; lihtne hooldus &#8211; soe vesi ja PH-neutraalne seep<\/p>\n<hr>\n<p>T\u00e4nap\u00e4evane valamusegisti, mida hoitakse p\u00f6\u00f6ningul &#8211; isegi restoranis &#8211; on suurep\u00e4rane valik k\u00f6\u00f6ki. Liigutatav valamu ja suur suurus muudavad selle ideaalseks suuremate valamute jaoks. Must ja peened kriimustused on v\u00e4ga elegantne ja stiilne kombinatsioon. Kavandatav mudel kannab edukalt k\u00f6\u00f6gisaare t\u00e4iusliku esitluse koormat ja t\u00e4idab avatud t\u00f6\u00f6stusruumid. Aku suurimad eelised on selle keskmisest suurem funktsionaalsus ja disainerilahendus.<\/p>\n<hr>\n<\/div>\n","protected":false},"excerpt":{"rendered":"<p>Mudel WX. XT79. BLA Lihtsalt Retro kollektsioon EAN. 5905369900099 V\u00e4ljalaskeava pikkus (cm ) 26 K\u00f5rgus ninaotsani (cm) 15 Materjal Messing<\/p>\n","protected":false},"featured_media":130844,"comment_status":"open","ping_status":"closed","template":"","meta":{"_acf_changed":false,"pmpro_default_level":""},"product_brand":[],"product_cat":[24178,24179],"product_tag":[],"class_list":{"0":"post-134472","1":"product","2":"type-product","3":"status-publish","4":"has-post-thumbnail","6":"product_cat-koogisegistid","7":"product_cat-vabalt-seisvad-koogisegistid","8":"pmpro-has-access","10":"first","11":"instock","12":"shipping-taxable","13":"purchasable","14":"product-type-simple"},"acf":[],"yoast_head":"<!-- This site is optimized with the Yoast SEO plugin v24.9 - https:\/\/yoast.com\/wordpress\/plugins\/seo\/ -->\n<title>K\u00f6\u00f6gikraan HULL, must - MetalTale.com<\/title>\n<meta name=\"robots\" content=\"index, follow, max-snippet:-1, max-image-preview:large, max-video-preview:-1\" \/>\n<link rel=\"canonical\" href=\"https:\/\/metaltale.com\/et\/toode\/koogikraan-hull-must\/\" \/>\n<meta property=\"og:locale\" content=\"et_EE\" \/>\n<meta property=\"og:type\" content=\"article\" \/>\n<meta property=\"og:title\" content=\"K\u00f6\u00f6gikraan HULL, must - MetalTale.com\" \/>\n<meta property=\"og:description\" content=\"Mudel WX. XT79. BLA Lihtsalt Retro kollektsioon EAN. 5905369900099 V\u00e4ljalaskeava pikkus (cm ) 26 K\u00f5rgus ninaotsani (cm) 15 Materjal Messing\" \/>\n<meta property=\"og:url\" content=\"https:\/\/metaltale.com\/et\/toode\/koogikraan-hull-must\/\" \/>\n<meta property=\"og:site_name\" content=\"MetalTale.com\" \/>\n<meta name=\"twitter:card\" content=\"summary_large_image\" \/>\n<meta name=\"twitter:label1\" content=\"Est. reading time\" \/>\n\t<meta name=\"twitter:data1\" content=\"1 minut\" \/>\n<script type=\"application\/ld+json\" class=\"yoast-schema-graph\">{\"@context\":\"https:\/\/schema.org\",\"@graph\":[{\"@type\":\"WebPage\",\"@id\":\"https:\/\/metaltale.com\/et\/toode\/koogikraan-hull-must\/\",\"url\":\"https:\/\/metaltale.com\/et\/toode\/koogikraan-hull-must\/\",\"name\":\"K\u00f6\u00f6gikraan HULL, must - MetalTale.com\",\"isPartOf\":{\"@id\":\"https:\/\/metaltale.com\/et\/#website\"},\"primaryImageOfPage\":{\"@id\":\"https:\/\/metaltale.com\/et\/toode\/koogikraan-hull-must\/#primaryimage\"},\"image\":{\"@id\":\"https:\/\/metaltale.com\/et\/toode\/koogikraan-hull-must\/#primaryimage\"},\"thumbnailUrl\":\"https:\/\/metaltale.com\/wp-content\/uploads\/2024\/01\/Ant-grindx173-pastatomas-maix161ytuvas-HULL-300x300-1.webp\",\"datePublished\":\"2024-02-13T11:47:43+00:00\",\"breadcrumb\":{\"@id\":\"https:\/\/metaltale.com\/et\/toode\/koogikraan-hull-must\/#breadcrumb\"},\"inLanguage\":\"et\",\"potentialAction\":[{\"@type\":\"ReadAction\",\"target\":[\"https:\/\/metaltale.com\/et\/toode\/koogikraan-hull-must\/\"]}]},{\"@type\":\"ImageObject\",\"inLanguage\":\"et\",\"@id\":\"https:\/\/metaltale.com\/et\/toode\/koogikraan-hull-must\/#primaryimage\",\"url\":\"https:\/\/metaltale.com\/wp-content\/uploads\/2024\/01\/Ant-grindx173-pastatomas-maix161ytuvas-HULL-300x300-1.webp\",\"contentUrl\":\"https:\/\/metaltale.com\/wp-content\/uploads\/2024\/01\/Ant-grindx173-pastatomas-maix161ytuvas-HULL-300x300-1.webp\",\"width\":300,\"height\":300,\"caption\":\"K\u00f6\u00f6gikraan HULL, must\"},{\"@type\":\"BreadcrumbList\",\"@id\":\"https:\/\/metaltale.com\/et\/toode\/koogikraan-hull-must\/#breadcrumb\",\"itemListElement\":[{\"@type\":\"ListItem\",\"position\":1,\"name\":\"Home\",\"item\":\"https:\/\/metaltale.com\/et\/kodu\/\"},{\"@type\":\"ListItem\",\"position\":2,\"name\":\"Kauplus\",\"item\":\"https:\/\/metaltale.com\/et\/shop\/\"},{\"@type\":\"ListItem\",\"position\":3,\"name\":\"K\u00f6\u00f6gikraan HULL, must\"}]},{\"@type\":\"WebSite\",\"@id\":\"https:\/\/metaltale.com\/et\/#website\",\"url\":\"https:\/\/metaltale.com\/et\/\",\"name\":\"Metaltale.com\",\"description\":\"\",\"potentialAction\":[{\"@type\":\"SearchAction\",\"target\":{\"@type\":\"EntryPoint\",\"urlTemplate\":\"https:\/\/metaltale.com\/et\/?s={search_term_string}\"},\"query-input\":{\"@type\":\"PropertyValueSpecification\",\"valueRequired\":true,\"valueName\":\"search_term_string\"}}],\"inLanguage\":\"et\"}]}<\/script>\n<!-- \/ Yoast SEO plugin. -->","yoast_head_json":{"title":"K\u00f6\u00f6gikraan HULL, must - MetalTale.com","robots":{"index":"index","follow":"follow","max-snippet":"max-snippet:-1","max-image-preview":"max-image-preview:large","max-video-preview":"max-video-preview:-1"},"canonical":"https:\/\/metaltale.com\/et\/toode\/koogikraan-hull-must\/","og_locale":"et_EE","og_type":"article","og_title":"K\u00f6\u00f6gikraan HULL, must - MetalTale.com","og_description":"Mudel WX. XT79. BLA Lihtsalt Retro kollektsioon EAN. 5905369900099 V\u00e4ljalaskeava pikkus (cm ) 26 K\u00f5rgus ninaotsani (cm) 15 Materjal Messing","og_url":"https:\/\/metaltale.com\/et\/toode\/koogikraan-hull-must\/","og_site_name":"MetalTale.com","twitter_card":"summary_large_image","twitter_misc":{"Est. reading time":"1 minut"},"schema":{"@context":"https:\/\/schema.org","@graph":[{"@type":"WebPage","@id":"https:\/\/metaltale.com\/et\/toode\/koogikraan-hull-must\/","url":"https:\/\/metaltale.com\/et\/toode\/koogikraan-hull-must\/","name":"K\u00f6\u00f6gikraan HULL, must - MetalTale.com","isPartOf":{"@id":"https:\/\/metaltale.com\/et\/#website"},"primaryImageOfPage":{"@id":"https:\/\/metaltale.com\/et\/toode\/koogikraan-hull-must\/#primaryimage"},"image":{"@id":"https:\/\/metaltale.com\/et\/toode\/koogikraan-hull-must\/#primaryimage"},"thumbnailUrl":"https:\/\/metaltale.com\/wp-content\/uploads\/2024\/01\/Ant-grindx173-pastatomas-maix161ytuvas-HULL-300x300-1.webp","datePublished":"2024-02-13T11:47:43+00:00","breadcrumb":{"@id":"https:\/\/metaltale.com\/et\/toode\/koogikraan-hull-must\/#breadcrumb"},"inLanguage":"et","potentialAction":[{"@type":"ReadAction","target":["https:\/\/metaltale.com\/et\/toode\/koogikraan-hull-must\/"]}]},{"@type":"ImageObject","inLanguage":"et","@id":"https:\/\/metaltale.com\/et\/toode\/koogikraan-hull-must\/#primaryimage","url":"https:\/\/metaltale.com\/wp-content\/uploads\/2024\/01\/Ant-grindx173-pastatomas-maix161ytuvas-HULL-300x300-1.webp","contentUrl":"https:\/\/metaltale.com\/wp-content\/uploads\/2024\/01\/Ant-grindx173-pastatomas-maix161ytuvas-HULL-300x300-1.webp","width":300,"height":300,"caption":"K\u00f6\u00f6gikraan HULL, must"},{"@type":"BreadcrumbList","@id":"https:\/\/metaltale.com\/et\/toode\/koogikraan-hull-must\/#breadcrumb","itemListElement":[{"@type":"ListItem","position":1,"name":"Home","item":"https:\/\/metaltale.com\/et\/kodu\/"},{"@type":"ListItem","position":2,"name":"Kauplus","item":"https:\/\/metaltale.com\/et\/shop\/"},{"@type":"ListItem","position":3,"name":"K\u00f6\u00f6gikraan HULL, must"}]},{"@type":"WebSite","@id":"https:\/\/metaltale.com\/et\/#website","url":"https:\/\/metaltale.com\/et\/","name":"Metaltale.com","description":"","potentialAction":[{"@type":"SearchAction","target":{"@type":"EntryPoint","urlTemplate":"https:\/\/metaltale.com\/et\/?s={search_term_string}"},"query-input":{"@type":"PropertyValueSpecification","valueRequired":true,"valueName":"search_term_string"}}],"inLanguage":"et"}]}},"_links":{"self":[{"href":"https:\/\/metaltale.com\/et\/wp-json\/wp\/v2\/product\/134472","targetHints":{"allow":["GET"]}}],"collection":[{"href":"https:\/\/metaltale.com\/et\/wp-json\/wp\/v2\/product"}],"about":[{"href":"https:\/\/metaltale.com\/et\/wp-json\/wp\/v2\/types\/product"}],"replies":[{"embeddable":true,"href":"https:\/\/metaltale.com\/et\/wp-json\/wp\/v2\/comments?post=134472"}],"version-history":[{"count":0,"href":"https:\/\/metaltale.com\/et\/wp-json\/wp\/v2\/product\/134472\/revisions"}],"wp:featuredmedia":[{"embeddable":true,"href":"https:\/\/metaltale.com\/et\/wp-json\/wp\/v2\/media\/130844"}],"wp:attachment":[{"href":"https:\/\/metaltale.com\/et\/wp-json\/wp\/v2\/media?parent=134472"}],"wp:term":[{"taxonomy":"product_brand","embeddable":true,"href":"https:\/\/metaltale.com\/et\/wp-json\/wp\/v2\/product_brand?post=134472"},{"taxonomy":"product_cat","embeddable":true,"href":"https:\/\/metaltale.com\/et\/wp-json\/wp\/v2\/product_cat?post=134472"},{"taxonomy":"product_tag","embeddable":true,"href":"https:\/\/metaltale.com\/et\/wp-json\/wp\/v2\/product_tag?post=134472"}],"curies":[{"name":"wp","href":"https:\/\/api.w.org\/{rel}","templated":true}]}}