{"id":134466,"date":"2024-02-13T15:09:04","date_gmt":"2024-02-13T13:09:04","guid":{"rendered":"https:\/\/metaltale.com\/produktas\/koogikraan-corny-must-ja-kuldne\/"},"modified":"2024-02-13T15:09:04","modified_gmt":"2024-02-13T13:09:04","slug":"koogikraan-corny-must-ja-kuldne","status":"publish","type":"product","link":"https:\/\/metaltale.com\/et\/toode\/koogikraan-corny-must-ja-kuldne\/","title":{"rendered":"K\u00f6\u00f6gikraan CORNY, must ja kuldne"},"content":{"rendered":"<div class=\"prod_data\">\n<p><strong>Mudel<\/strong> QZ. CF-135-CZ<br \/>\nKaasaegne <strong>kollektsioon<\/strong><br \/>\n<strong>EAN.<\/strong>  5905369929700<br \/>\n<strong>K\u00f5rgus (cm)<\/strong> 33<br \/>\nLaius (cm) 24<br \/>\n<strong>Aluse l\u00e4bim\u00f5\u00f5t (cm)<\/strong> 5<br \/>\n<strong>V\u00e4ljalaskeava pikkus (cm<\/strong> ) 18<br \/>\n<strong>K\u00f5rgus ninaotsani (cm)<\/strong> 26<br \/>\n<strong>Materjal<\/strong> Roostevaba teras<br \/>\n<strong>V\u00e4rv<\/strong> Must\/kuldne<br \/>\n<strong>Viimistlus<\/strong> Pehme, satiinne efekt<br \/>\n<strong>P\u00f6\u00f6rlev v\u00e4ljalaskeava<\/strong> Jah<br \/>\n<strong>Perlator (\u00f5hutaja)<\/strong> Jah<\/p>\n<p>Vabalt seisev segisti, mis on valmistatud roostevabast terasest<\/p>\n<p>360&#8242; p\u00f6\u00f6rlev otsak<\/p>\n<p>Aerator &#8211; \u00f5hutaja, mis v\u00e4hendab veekulu<\/p>\n<p>keraamiline pea &#8211; element, mis tagab vee n\u00f5uetekohase jaotamise<\/p>\n<p>k\u00f5ik komplektis olevad paigaldamiseks vajalikud komponendid (voolik, lauakruvi, kruvitihendid)<\/p>\n<hr>\n<p>Must segisti kuldsete tarvikutega on suurep\u00e4rane t\u00e4iendus teie retroh\u00f5ngulisele k\u00f6\u00f6gile. Ebatavaliselt profileeritud p\u00f6\u00f6rlev otsik ja \u00f5rnad kuldsed lisatarvikud annavad sellele graatsilise ja elegantse v\u00e4limuse, mist\u00f5ttu sobib see ka glamuursesse interj\u00f6\u00f6ri. Satiinmust v\u00e4rv v\u00f5imaldab paigaldada kraani t\u00f6\u00f6stuslikesse ja moodsatesse vannitubadesse &#8211; sellest saab sisekujunduse keskpunkt. Mudelit iseloomustab k\u00f5rge kvaliteet, mida kinnitavad nii funktsionaalsed lahendused (pikk kraanikaussi, veekontrollipunkt) kui ka tehnilised lahendused (messingist, keraamiline pea, \u00f5hutaja).<\/p>\n<\/div>\n","protected":false},"excerpt":{"rendered":"<p>Mudel QZ. CF-135-CZ Kaasaegne kollektsioon EAN. 5905369929700 K\u00f5rgus (cm) 33 Laius (cm) 24 Aluse l\u00e4bim\u00f5\u00f5t (cm) 5 V\u00e4ljalaskeava pikkus (cm<\/p>\n","protected":false},"featured_media":92685,"comment_status":"open","ping_status":"closed","template":"","meta":{"_acf_changed":false,"pmpro_default_level":""},"product_brand":[],"product_cat":[24178,24179],"product_tag":[],"class_list":{"0":"post-134466","1":"product","2":"type-product","3":"status-publish","4":"has-post-thumbnail","6":"product_cat-koogisegistid","7":"product_cat-vabalt-seisvad-koogisegistid","8":"pmpro-has-access","10":"first","11":"instock","12":"shipping-taxable","13":"purchasable","14":"product-type-simple"},"acf":[],"yoast_head":"<!-- This site is optimized with the Yoast SEO plugin v24.9 - https:\/\/yoast.com\/wordpress\/plugins\/seo\/ -->\n<title>K\u00f6\u00f6gikraan CORNY, must ja kuldne - MetalTale.com<\/title>\n<meta name=\"robots\" content=\"index, follow, max-snippet:-1, max-image-preview:large, max-video-preview:-1\" \/>\n<link rel=\"canonical\" href=\"https:\/\/metaltale.com\/et\/toode\/koogikraan-corny-must-ja-kuldne\/\" \/>\n<meta property=\"og:locale\" content=\"et_EE\" \/>\n<meta property=\"og:type\" content=\"article\" \/>\n<meta property=\"og:title\" content=\"K\u00f6\u00f6gikraan CORNY, must ja kuldne - MetalTale.com\" \/>\n<meta property=\"og:description\" content=\"Mudel QZ. CF-135-CZ Kaasaegne kollektsioon EAN. 5905369929700 K\u00f5rgus (cm) 33 Laius (cm) 24 Aluse l\u00e4bim\u00f5\u00f5t (cm) 5 V\u00e4ljalaskeava pikkus (cm\" \/>\n<meta property=\"og:url\" content=\"https:\/\/metaltale.com\/et\/toode\/koogikraan-corny-must-ja-kuldne\/\" \/>\n<meta property=\"og:site_name\" content=\"MetalTale.com\" \/>\n<meta property=\"og:image\" content=\"https:\/\/metaltale.com\/wp-content\/uploads\/2023\/10\/Virtuvx117s-maix161ytuvas-stovi-juodas-CORNY.jpg\" \/>\n\t<meta property=\"og:image:width\" content=\"800\" \/>\n\t<meta property=\"og:image:height\" content=\"800\" \/>\n\t<meta property=\"og:image:type\" content=\"image\/jpeg\" \/>\n<meta name=\"twitter:card\" content=\"summary_large_image\" \/>\n<meta name=\"twitter:label1\" content=\"Est. reading time\" \/>\n\t<meta name=\"twitter:data1\" content=\"1 minut\" \/>\n<script type=\"application\/ld+json\" class=\"yoast-schema-graph\">{\"@context\":\"https:\/\/schema.org\",\"@graph\":[{\"@type\":\"WebPage\",\"@id\":\"https:\/\/metaltale.com\/et\/toode\/koogikraan-corny-must-ja-kuldne\/\",\"url\":\"https:\/\/metaltale.com\/et\/toode\/koogikraan-corny-must-ja-kuldne\/\",\"name\":\"K\u00f6\u00f6gikraan CORNY, must ja kuldne - MetalTale.com\",\"isPartOf\":{\"@id\":\"https:\/\/metaltale.com\/et\/#website\"},\"primaryImageOfPage\":{\"@id\":\"https:\/\/metaltale.com\/et\/toode\/koogikraan-corny-must-ja-kuldne\/#primaryimage\"},\"image\":{\"@id\":\"https:\/\/metaltale.com\/et\/toode\/koogikraan-corny-must-ja-kuldne\/#primaryimage\"},\"thumbnailUrl\":\"https:\/\/metaltale.com\/wp-content\/uploads\/2023\/10\/Virtuvx117s-maix161ytuvas-stovi-juodas-CORNY.jpg\",\"datePublished\":\"2024-02-13T13:09:04+00:00\",\"breadcrumb\":{\"@id\":\"https:\/\/metaltale.com\/et\/toode\/koogikraan-corny-must-ja-kuldne\/#breadcrumb\"},\"inLanguage\":\"et\",\"potentialAction\":[{\"@type\":\"ReadAction\",\"target\":[\"https:\/\/metaltale.com\/et\/toode\/koogikraan-corny-must-ja-kuldne\/\"]}]},{\"@type\":\"ImageObject\",\"inLanguage\":\"et\",\"@id\":\"https:\/\/metaltale.com\/et\/toode\/koogikraan-corny-must-ja-kuldne\/#primaryimage\",\"url\":\"https:\/\/metaltale.com\/wp-content\/uploads\/2023\/10\/Virtuvx117s-maix161ytuvas-stovi-juodas-CORNY.jpg\",\"contentUrl\":\"https:\/\/metaltale.com\/wp-content\/uploads\/2023\/10\/Virtuvx117s-maix161ytuvas-stovi-juodas-CORNY.jpg\",\"width\":800,\"height\":800,\"caption\":\"K\u00f6\u00f6gikraan CORNY, must ja kuldne\"},{\"@type\":\"BreadcrumbList\",\"@id\":\"https:\/\/metaltale.com\/et\/toode\/koogikraan-corny-must-ja-kuldne\/#breadcrumb\",\"itemListElement\":[{\"@type\":\"ListItem\",\"position\":1,\"name\":\"Home\",\"item\":\"https:\/\/metaltale.com\/et\/kodu\/\"},{\"@type\":\"ListItem\",\"position\":2,\"name\":\"Kauplus\",\"item\":\"https:\/\/metaltale.com\/et\/shop\/\"},{\"@type\":\"ListItem\",\"position\":3,\"name\":\"K\u00f6\u00f6gikraan CORNY, must ja kuldne\"}]},{\"@type\":\"WebSite\",\"@id\":\"https:\/\/metaltale.com\/et\/#website\",\"url\":\"https:\/\/metaltale.com\/et\/\",\"name\":\"Metaltale.com\",\"description\":\"\",\"potentialAction\":[{\"@type\":\"SearchAction\",\"target\":{\"@type\":\"EntryPoint\",\"urlTemplate\":\"https:\/\/metaltale.com\/et\/?s={search_term_string}\"},\"query-input\":{\"@type\":\"PropertyValueSpecification\",\"valueRequired\":true,\"valueName\":\"search_term_string\"}}],\"inLanguage\":\"et\"}]}<\/script>\n<!-- \/ Yoast SEO plugin. -->","yoast_head_json":{"title":"K\u00f6\u00f6gikraan CORNY, must ja kuldne - MetalTale.com","robots":{"index":"index","follow":"follow","max-snippet":"max-snippet:-1","max-image-preview":"max-image-preview:large","max-video-preview":"max-video-preview:-1"},"canonical":"https:\/\/metaltale.com\/et\/toode\/koogikraan-corny-must-ja-kuldne\/","og_locale":"et_EE","og_type":"article","og_title":"K\u00f6\u00f6gikraan CORNY, must ja kuldne - MetalTale.com","og_description":"Mudel QZ. CF-135-CZ Kaasaegne kollektsioon EAN. 5905369929700 K\u00f5rgus (cm) 33 Laius (cm) 24 Aluse l\u00e4bim\u00f5\u00f5t (cm) 5 V\u00e4ljalaskeava pikkus (cm","og_url":"https:\/\/metaltale.com\/et\/toode\/koogikraan-corny-must-ja-kuldne\/","og_site_name":"MetalTale.com","og_image":[{"width":800,"height":800,"url":"https:\/\/metaltale.com\/wp-content\/uploads\/2023\/10\/Virtuvx117s-maix161ytuvas-stovi-juodas-CORNY.jpg","type":"image\/jpeg"}],"twitter_card":"summary_large_image","twitter_misc":{"Est. reading time":"1 minut"},"schema":{"@context":"https:\/\/schema.org","@graph":[{"@type":"WebPage","@id":"https:\/\/metaltale.com\/et\/toode\/koogikraan-corny-must-ja-kuldne\/","url":"https:\/\/metaltale.com\/et\/toode\/koogikraan-corny-must-ja-kuldne\/","name":"K\u00f6\u00f6gikraan CORNY, must ja kuldne - MetalTale.com","isPartOf":{"@id":"https:\/\/metaltale.com\/et\/#website"},"primaryImageOfPage":{"@id":"https:\/\/metaltale.com\/et\/toode\/koogikraan-corny-must-ja-kuldne\/#primaryimage"},"image":{"@id":"https:\/\/metaltale.com\/et\/toode\/koogikraan-corny-must-ja-kuldne\/#primaryimage"},"thumbnailUrl":"https:\/\/metaltale.com\/wp-content\/uploads\/2023\/10\/Virtuvx117s-maix161ytuvas-stovi-juodas-CORNY.jpg","datePublished":"2024-02-13T13:09:04+00:00","breadcrumb":{"@id":"https:\/\/metaltale.com\/et\/toode\/koogikraan-corny-must-ja-kuldne\/#breadcrumb"},"inLanguage":"et","potentialAction":[{"@type":"ReadAction","target":["https:\/\/metaltale.com\/et\/toode\/koogikraan-corny-must-ja-kuldne\/"]}]},{"@type":"ImageObject","inLanguage":"et","@id":"https:\/\/metaltale.com\/et\/toode\/koogikraan-corny-must-ja-kuldne\/#primaryimage","url":"https:\/\/metaltale.com\/wp-content\/uploads\/2023\/10\/Virtuvx117s-maix161ytuvas-stovi-juodas-CORNY.jpg","contentUrl":"https:\/\/metaltale.com\/wp-content\/uploads\/2023\/10\/Virtuvx117s-maix161ytuvas-stovi-juodas-CORNY.jpg","width":800,"height":800,"caption":"K\u00f6\u00f6gikraan CORNY, must ja kuldne"},{"@type":"BreadcrumbList","@id":"https:\/\/metaltale.com\/et\/toode\/koogikraan-corny-must-ja-kuldne\/#breadcrumb","itemListElement":[{"@type":"ListItem","position":1,"name":"Home","item":"https:\/\/metaltale.com\/et\/kodu\/"},{"@type":"ListItem","position":2,"name":"Kauplus","item":"https:\/\/metaltale.com\/et\/shop\/"},{"@type":"ListItem","position":3,"name":"K\u00f6\u00f6gikraan CORNY, must ja kuldne"}]},{"@type":"WebSite","@id":"https:\/\/metaltale.com\/et\/#website","url":"https:\/\/metaltale.com\/et\/","name":"Metaltale.com","description":"","potentialAction":[{"@type":"SearchAction","target":{"@type":"EntryPoint","urlTemplate":"https:\/\/metaltale.com\/et\/?s={search_term_string}"},"query-input":{"@type":"PropertyValueSpecification","valueRequired":true,"valueName":"search_term_string"}}],"inLanguage":"et"}]}},"_links":{"self":[{"href":"https:\/\/metaltale.com\/et\/wp-json\/wp\/v2\/product\/134466","targetHints":{"allow":["GET"]}}],"collection":[{"href":"https:\/\/metaltale.com\/et\/wp-json\/wp\/v2\/product"}],"about":[{"href":"https:\/\/metaltale.com\/et\/wp-json\/wp\/v2\/types\/product"}],"replies":[{"embeddable":true,"href":"https:\/\/metaltale.com\/et\/wp-json\/wp\/v2\/comments?post=134466"}],"version-history":[{"count":0,"href":"https:\/\/metaltale.com\/et\/wp-json\/wp\/v2\/product\/134466\/revisions"}],"wp:featuredmedia":[{"embeddable":true,"href":"https:\/\/metaltale.com\/et\/wp-json\/wp\/v2\/media\/92685"}],"wp:attachment":[{"href":"https:\/\/metaltale.com\/et\/wp-json\/wp\/v2\/media?parent=134466"}],"wp:term":[{"taxonomy":"product_brand","embeddable":true,"href":"https:\/\/metaltale.com\/et\/wp-json\/wp\/v2\/product_brand?post=134466"},{"taxonomy":"product_cat","embeddable":true,"href":"https:\/\/metaltale.com\/et\/wp-json\/wp\/v2\/product_cat?post=134466"},{"taxonomy":"product_tag","embeddable":true,"href":"https:\/\/metaltale.com\/et\/wp-json\/wp\/v2\/product_tag?post=134466"}],"curies":[{"name":"wp","href":"https:\/\/api.w.org\/{rel}","templated":true}]}}