{"id":134438,"date":"2024-02-13T15:03:58","date_gmt":"2024-02-13T13:03:58","guid":{"rendered":"https:\/\/metaltale.com\/produktas\/nael-forged-26x35-mm\/"},"modified":"2024-02-13T15:03:58","modified_gmt":"2024-02-13T13:03:58","slug":"nael-forged-26x35-mm","status":"publish","type":"product","link":"https:\/\/metaltale.com\/et\/toode\/nael-forged-26x35-mm\/","title":{"rendered":"Nael FORGED 26X35 mm"},"content":{"rendered":"<div class=\"prod_data\">\n<p><strong>Mudel<\/strong> 01.664.PRGR<br \/>\nMaterjal Ketus<br \/>\n<strong>\u00dcldine k\u00f5rgus (cm)<\/strong> 3,5<br \/>\n<strong>\u00dcldine laius (cm)<\/strong> 2,6<br \/>\n<strong>V\u00e4rv<\/strong> teras<\/p>\n<p>Valmistatud k\u00f5rgeima kvaliteediga malmist, mis tagab vastupidavuse ja tugevuse.<\/p>\n<p>Originaalne k\u00fc\u00fcnekuju, sobib nii retro- kui ka vintage stiiliga.<\/p>\n<p>Kergelt struktureeritud ja eba\u00fchtlane pind annab tootele erilise iseloomu.<\/p>\n<hr>\n<p>Kuppelikujuline nagi on valmistatud, et austada vanimaid maal\u00e4hedase sisekujunduse traditsioone. See tekitab \u00f5igustatult assotsiatsioone juba antiikajal kasutusel olnud ja k\u00f5ige rohkem j\u00e4releproovitud klassikaliste vormidega.<\/p>\n<p>See on valmistatud k\u00f5rgeima kvaliteediga malmsulamitest, mis tagavad meile vastupidavuse ja tugevuse paljudeks aastateks. K\u00fc\u00fcnte pind on kergelt tekstureeritud, mis ainult r\u00f5hutab veelgi toote retroh\u00f5ngu.<\/p>\n<\/div>\n","protected":false},"excerpt":{"rendered":"<p>Mudel 01.664.PRGR Materjal Ketus \u00dcldine k\u00f5rgus (cm) 3,5 \u00dcldine laius (cm) 2,6 V\u00e4rv teras Valmistatud k\u00f5rgeima kvaliteediga malmist, mis tagab<\/p>\n","protected":false},"featured_media":106693,"comment_status":"open","ping_status":"closed","template":"","meta":{"_acf_changed":false,"pmpro_default_level":""},"product_brand":[],"product_cat":[24142,23836],"product_tag":[],"class_list":{"0":"post-134438","1":"product","2":"type-product","3":"status-publish","4":"has-post-thumbnail","6":"product_cat-kuuned-ja-naelad","7":"product_cat-moobli-tarvikud","8":"pmpro-has-access","10":"first","11":"instock","12":"shipping-taxable","13":"purchasable","14":"product-type-simple"},"acf":[],"yoast_head":"<!-- This site is optimized with the Yoast SEO plugin v24.9 - https:\/\/yoast.com\/wordpress\/plugins\/seo\/ -->\n<title>Nael FORGED 26X35 mm - MetalTale.com<\/title>\n<meta name=\"robots\" content=\"index, follow, max-snippet:-1, max-image-preview:large, max-video-preview:-1\" \/>\n<link rel=\"canonical\" href=\"https:\/\/metaltale.com\/et\/toode\/nael-forged-26x35-mm\/\" \/>\n<meta property=\"og:locale\" content=\"et_EE\" \/>\n<meta property=\"og:type\" content=\"article\" \/>\n<meta property=\"og:title\" content=\"Nael FORGED 26X35 mm - MetalTale.com\" \/>\n<meta property=\"og:description\" content=\"Mudel 01.664.PRGR Materjal Ketus \u00dcldine k\u00f5rgus (cm) 3,5 \u00dcldine laius (cm) 2,6 V\u00e4rv teras Valmistatud k\u00f5rgeima kvaliteediga malmist, mis tagab\" \/>\n<meta property=\"og:url\" content=\"https:\/\/metaltale.com\/et\/toode\/nael-forged-26x35-mm\/\" \/>\n<meta property=\"og:site_name\" content=\"MetalTale.com\" \/>\n<meta property=\"og:image\" content=\"https:\/\/metaltale.com\/wp-content\/uploads\/2023\/11\/Kupolinis-nagas-FORGED-26X35.jpg\" \/>\n\t<meta property=\"og:image:width\" content=\"800\" \/>\n\t<meta property=\"og:image:height\" content=\"800\" \/>\n\t<meta property=\"og:image:type\" content=\"image\/jpeg\" \/>\n<meta name=\"twitter:card\" content=\"summary_large_image\" \/>\n<meta name=\"twitter:label1\" content=\"Est. reading time\" \/>\n\t<meta name=\"twitter:data1\" content=\"1 minut\" \/>\n<script type=\"application\/ld+json\" class=\"yoast-schema-graph\">{\"@context\":\"https:\/\/schema.org\",\"@graph\":[{\"@type\":\"WebPage\",\"@id\":\"https:\/\/metaltale.com\/et\/toode\/nael-forged-26x35-mm\/\",\"url\":\"https:\/\/metaltale.com\/et\/toode\/nael-forged-26x35-mm\/\",\"name\":\"Nael FORGED 26X35 mm - MetalTale.com\",\"isPartOf\":{\"@id\":\"https:\/\/metaltale.com\/et\/#website\"},\"primaryImageOfPage\":{\"@id\":\"https:\/\/metaltale.com\/et\/toode\/nael-forged-26x35-mm\/#primaryimage\"},\"image\":{\"@id\":\"https:\/\/metaltale.com\/et\/toode\/nael-forged-26x35-mm\/#primaryimage\"},\"thumbnailUrl\":\"https:\/\/metaltale.com\/wp-content\/uploads\/2023\/11\/Kupolinis-nagas-FORGED-26X35.jpg\",\"datePublished\":\"2024-02-13T13:03:58+00:00\",\"breadcrumb\":{\"@id\":\"https:\/\/metaltale.com\/et\/toode\/nael-forged-26x35-mm\/#breadcrumb\"},\"inLanguage\":\"et\",\"potentialAction\":[{\"@type\":\"ReadAction\",\"target\":[\"https:\/\/metaltale.com\/et\/toode\/nael-forged-26x35-mm\/\"]}]},{\"@type\":\"ImageObject\",\"inLanguage\":\"et\",\"@id\":\"https:\/\/metaltale.com\/et\/toode\/nael-forged-26x35-mm\/#primaryimage\",\"url\":\"https:\/\/metaltale.com\/wp-content\/uploads\/2023\/11\/Kupolinis-nagas-FORGED-26X35.jpg\",\"contentUrl\":\"https:\/\/metaltale.com\/wp-content\/uploads\/2023\/11\/Kupolinis-nagas-FORGED-26X35.jpg\",\"width\":800,\"height\":800,\"caption\":\"Dekoratiivne nael DOME FORGED 32x40mm\"},{\"@type\":\"BreadcrumbList\",\"@id\":\"https:\/\/metaltale.com\/et\/toode\/nael-forged-26x35-mm\/#breadcrumb\",\"itemListElement\":[{\"@type\":\"ListItem\",\"position\":1,\"name\":\"Home\",\"item\":\"https:\/\/metaltale.com\/et\/kodu\/\"},{\"@type\":\"ListItem\",\"position\":2,\"name\":\"Kauplus\",\"item\":\"https:\/\/metaltale.com\/et\/shop\/\"},{\"@type\":\"ListItem\",\"position\":3,\"name\":\"Nael FORGED 26X35 mm\"}]},{\"@type\":\"WebSite\",\"@id\":\"https:\/\/metaltale.com\/et\/#website\",\"url\":\"https:\/\/metaltale.com\/et\/\",\"name\":\"Metaltale.com\",\"description\":\"\",\"potentialAction\":[{\"@type\":\"SearchAction\",\"target\":{\"@type\":\"EntryPoint\",\"urlTemplate\":\"https:\/\/metaltale.com\/et\/?s={search_term_string}\"},\"query-input\":{\"@type\":\"PropertyValueSpecification\",\"valueRequired\":true,\"valueName\":\"search_term_string\"}}],\"inLanguage\":\"et\"}]}<\/script>\n<!-- \/ Yoast SEO plugin. -->","yoast_head_json":{"title":"Nael FORGED 26X35 mm - MetalTale.com","robots":{"index":"index","follow":"follow","max-snippet":"max-snippet:-1","max-image-preview":"max-image-preview:large","max-video-preview":"max-video-preview:-1"},"canonical":"https:\/\/metaltale.com\/et\/toode\/nael-forged-26x35-mm\/","og_locale":"et_EE","og_type":"article","og_title":"Nael FORGED 26X35 mm - MetalTale.com","og_description":"Mudel 01.664.PRGR Materjal Ketus \u00dcldine k\u00f5rgus (cm) 3,5 \u00dcldine laius (cm) 2,6 V\u00e4rv teras Valmistatud k\u00f5rgeima kvaliteediga malmist, mis tagab","og_url":"https:\/\/metaltale.com\/et\/toode\/nael-forged-26x35-mm\/","og_site_name":"MetalTale.com","og_image":[{"width":800,"height":800,"url":"https:\/\/metaltale.com\/wp-content\/uploads\/2023\/11\/Kupolinis-nagas-FORGED-26X35.jpg","type":"image\/jpeg"}],"twitter_card":"summary_large_image","twitter_misc":{"Est. reading time":"1 minut"},"schema":{"@context":"https:\/\/schema.org","@graph":[{"@type":"WebPage","@id":"https:\/\/metaltale.com\/et\/toode\/nael-forged-26x35-mm\/","url":"https:\/\/metaltale.com\/et\/toode\/nael-forged-26x35-mm\/","name":"Nael FORGED 26X35 mm - MetalTale.com","isPartOf":{"@id":"https:\/\/metaltale.com\/et\/#website"},"primaryImageOfPage":{"@id":"https:\/\/metaltale.com\/et\/toode\/nael-forged-26x35-mm\/#primaryimage"},"image":{"@id":"https:\/\/metaltale.com\/et\/toode\/nael-forged-26x35-mm\/#primaryimage"},"thumbnailUrl":"https:\/\/metaltale.com\/wp-content\/uploads\/2023\/11\/Kupolinis-nagas-FORGED-26X35.jpg","datePublished":"2024-02-13T13:03:58+00:00","breadcrumb":{"@id":"https:\/\/metaltale.com\/et\/toode\/nael-forged-26x35-mm\/#breadcrumb"},"inLanguage":"et","potentialAction":[{"@type":"ReadAction","target":["https:\/\/metaltale.com\/et\/toode\/nael-forged-26x35-mm\/"]}]},{"@type":"ImageObject","inLanguage":"et","@id":"https:\/\/metaltale.com\/et\/toode\/nael-forged-26x35-mm\/#primaryimage","url":"https:\/\/metaltale.com\/wp-content\/uploads\/2023\/11\/Kupolinis-nagas-FORGED-26X35.jpg","contentUrl":"https:\/\/metaltale.com\/wp-content\/uploads\/2023\/11\/Kupolinis-nagas-FORGED-26X35.jpg","width":800,"height":800,"caption":"Dekoratiivne nael DOME FORGED 32x40mm"},{"@type":"BreadcrumbList","@id":"https:\/\/metaltale.com\/et\/toode\/nael-forged-26x35-mm\/#breadcrumb","itemListElement":[{"@type":"ListItem","position":1,"name":"Home","item":"https:\/\/metaltale.com\/et\/kodu\/"},{"@type":"ListItem","position":2,"name":"Kauplus","item":"https:\/\/metaltale.com\/et\/shop\/"},{"@type":"ListItem","position":3,"name":"Nael FORGED 26X35 mm"}]},{"@type":"WebSite","@id":"https:\/\/metaltale.com\/et\/#website","url":"https:\/\/metaltale.com\/et\/","name":"Metaltale.com","description":"","potentialAction":[{"@type":"SearchAction","target":{"@type":"EntryPoint","urlTemplate":"https:\/\/metaltale.com\/et\/?s={search_term_string}"},"query-input":{"@type":"PropertyValueSpecification","valueRequired":true,"valueName":"search_term_string"}}],"inLanguage":"et"}]}},"_links":{"self":[{"href":"https:\/\/metaltale.com\/et\/wp-json\/wp\/v2\/product\/134438","targetHints":{"allow":["GET"]}}],"collection":[{"href":"https:\/\/metaltale.com\/et\/wp-json\/wp\/v2\/product"}],"about":[{"href":"https:\/\/metaltale.com\/et\/wp-json\/wp\/v2\/types\/product"}],"replies":[{"embeddable":true,"href":"https:\/\/metaltale.com\/et\/wp-json\/wp\/v2\/comments?post=134438"}],"version-history":[{"count":0,"href":"https:\/\/metaltale.com\/et\/wp-json\/wp\/v2\/product\/134438\/revisions"}],"wp:featuredmedia":[{"embeddable":true,"href":"https:\/\/metaltale.com\/et\/wp-json\/wp\/v2\/media\/106693"}],"wp:attachment":[{"href":"https:\/\/metaltale.com\/et\/wp-json\/wp\/v2\/media?parent=134438"}],"wp:term":[{"taxonomy":"product_brand","embeddable":true,"href":"https:\/\/metaltale.com\/et\/wp-json\/wp\/v2\/product_brand?post=134438"},{"taxonomy":"product_cat","embeddable":true,"href":"https:\/\/metaltale.com\/et\/wp-json\/wp\/v2\/product_cat?post=134438"},{"taxonomy":"product_tag","embeddable":true,"href":"https:\/\/metaltale.com\/et\/wp-json\/wp\/v2\/product_tag?post=134438"}],"curies":[{"name":"wp","href":"https:\/\/api.w.org\/{rel}","templated":true}]}}