{"id":134434,"date":"2024-02-13T13:17:48","date_gmt":"2024-02-13T11:17:48","guid":{"rendered":"https:\/\/metaltale.com\/produktas\/uhe-lehega-ukse-seinajuhik-barn-doors-steel-graphite\/"},"modified":"2024-02-13T13:17:48","modified_gmt":"2024-02-13T11:17:48","slug":"uhe-lehega-ukse-seinajuhik-barn-doors-steel-graphite","status":"publish","type":"product","link":"https:\/\/metaltale.com\/et\/toode\/uhe-lehega-ukse-seinajuhik-barn-doors-steel-graphite\/","title":{"rendered":"\u00dche lehega ukse seinajuhik BARN DOORS STEEL GRAPHITE"},"content":{"rendered":"<div class=\"prod_data\">\n<p><strong>Mudel<\/strong> FOR. PRK-S10-2000<br \/>\n<strong>EAN.<\/strong>  5907772071182<br \/>\n<strong>Materjal<\/strong> Teras, malm<br \/>\n<strong> [cm]Kogupikkus<\/strong> 200<strong> <\/strong><br \/>\nPaigalduskruvid Jah<br \/>\nSeinale <strong>paigaldamine<\/strong><br \/>\n<strong>V\u00e4rv<\/strong> teras<\/p>\n<p><strong>Komplekti kuuluvad:<\/strong><\/p>\n<p>metalltoru 200 cm (2&#215;100 cm)<\/p>\n<p>dekoratiivsed malmist rullid (2 tk)<\/p>\n<p>Vahekaitseh\u00fclsid (5 tk)<\/p>\n<p>horisontaalsed (2 tk) ja vertikaalsed (2 tk) piirajad<\/p>\n<p>P\u00f5randajuhik (1 tk)<\/p>\n<p>Liuguksek\u00e4epide (1 tk)<\/p>\n<p>Kinnituskomplekt: kruvid, poldid ja seibid<\/p>\n<p><strong>Toote omadused<\/strong><\/p>\n<p>Pakkumine sisaldab libisev s\u00fcsteem \u00fche ukse jaoks, seinakinnitus<\/p>\n<p>mudel on ette n\u00e4htud puust, plangust ja terasest raamidega liugustele, mille kaal on kuni 130 kg ja paksus 35-45 mm.<\/p>\n<p>passiivsed koormuskatsed (200 kg) ja d\u00fcnaamilised katsed (130 kg) on t\u00f5estanud k\u00f5rgeimat kvaliteeti ja ohutust.<\/p>\n<p>H\u00e4sti kokku pandud rattakomponendid tagavad sujuva ja vaikse s\u00f5idu.<\/p>\n<p>Horisontaalsed peatused r\u00f6\u00f6baste otstes, alumine juhik ja vertikaalsed peatused r\u00f6\u00f6baste all stabiliseerivad ust ja takistavad selle kukkumist r\u00f6\u00f6bastelt.<\/p>\n<p>komplekti kuulub alumine riba, mida saab paigaldada p\u00f5randale, et seda saaks kasutada nii hingedega kui ka ilma hingedega ukseta.<\/p>\n<p>viis kinnituspunkti tagavad stabiilsuse, turvalisuse ja vastupidavuse<\/p>\n<p>komplekti kuuluvad kruvid, nii et s\u00fcsteemi saab paigaldada nii puit- kui ka m\u00fc\u00fcritise konstruktsioonidele.<\/p>\n<p>s\u00fcsteemi on lihtne ja intuitiivne paigaldada<\/p>\n<hr>\n<p>BARN DOORS on vanal inglise disainil p\u00f5hinev disainitud l\u00fckandukses\u00fcsteem, millel on \u00f5iged proportsioonid. Veduriratas on valatud malmist ja \u00fclej\u00e4\u00e4nud s\u00fcsteem on terasest. Erinevalt paljudest teistest s\u00fcsteemidest on selle s\u00fcsteemi p\u00f5hir\u00f6\u00f6pad terastorud, mitte lamedad latid. Lisaks stabiilsusele annab see lahendus ka fenomenaalse retroh\u00f5ngulise, loftilaadse v\u00e4limuse. S\u00fcsteem Barn Doors sobib ideaalselt vanadest v\u00f5i vananenud laudadest valmistatud uste jaoks, mille disain meenutab vanades aitades kunagi leidunud maal\u00e4hedasi uksi. Barn Doors sobib ka moodsasse loft&#8217;i, skandinaavia interj\u00f6\u00f6ri v\u00f5i algup\u00e4raselt sisustatud maal\u00e4hedasesse korterisse.<\/p>\n<hr>\n<\/div>\n","protected":false},"excerpt":{"rendered":"<p>Mudel FOR. PRK-S10-2000 EAN. 5907772071182 Materjal Teras, malm [cm]Kogupikkus 200 Paigalduskruvid Jah Seinale paigaldamine V\u00e4rv teras Komplekti kuuluvad: metalltoru 200<\/p>\n","protected":false},"featured_media":65454,"comment_status":"open","ping_status":"closed","template":"","meta":{"_acf_changed":false,"pmpro_default_level":""},"product_brand":[],"product_cat":[24140,24205],"product_tag":[],"class_list":{"0":"post-134434","1":"product","2":"type-product","3":"status-publish","4":"has-post-thumbnail","6":"product_cat-liuguksesusteemid","7":"product_cat-liuguste-uste-tarvikud","8":"pmpro-has-access","10":"first","11":"instock","12":"shipping-taxable","13":"purchasable","14":"product-type-simple"},"acf":[],"yoast_head":"<!-- This site is optimized with the Yoast SEO plugin v24.9 - https:\/\/yoast.com\/wordpress\/plugins\/seo\/ -->\n<title>\u00dche lehega ukse seinajuhik BARN DOORS STEEL GRAPHITE - MetalTale.com<\/title>\n<meta name=\"robots\" content=\"index, follow, max-snippet:-1, max-image-preview:large, max-video-preview:-1\" \/>\n<link rel=\"canonical\" href=\"https:\/\/metaltale.com\/et\/toode\/uhe-lehega-ukse-seinajuhik-barn-doors-steel-graphite\/\" \/>\n<meta property=\"og:locale\" content=\"et_EE\" \/>\n<meta property=\"og:type\" content=\"article\" \/>\n<meta property=\"og:title\" content=\"\u00dche lehega ukse seinajuhik BARN DOORS STEEL GRAPHITE - MetalTale.com\" \/>\n<meta property=\"og:description\" content=\"Mudel FOR. PRK-S10-2000 EAN. 5907772071182 Materjal Teras, malm [cm]Kogupikkus 200 Paigalduskruvid Jah Seinale paigaldamine V\u00e4rv teras Komplekti kuuluvad: metalltoru 200\" \/>\n<meta property=\"og:url\" content=\"https:\/\/metaltale.com\/et\/toode\/uhe-lehega-ukse-seinajuhik-barn-doors-steel-graphite\/\" \/>\n<meta property=\"og:site_name\" content=\"MetalTale.com\" \/>\n<meta property=\"og:image\" content=\"https:\/\/metaltale.com\/wp-content\/uploads\/2023\/09\/PROWADNICA-TVARTO-DURYS-PLIENINIS-GRAFITAS.jpg\" \/>\n\t<meta property=\"og:image:width\" content=\"800\" \/>\n\t<meta property=\"og:image:height\" content=\"800\" \/>\n\t<meta property=\"og:image:type\" content=\"image\/jpeg\" \/>\n<meta name=\"twitter:card\" content=\"summary_large_image\" \/>\n<meta name=\"twitter:label1\" content=\"Est. reading time\" \/>\n\t<meta name=\"twitter:data1\" content=\"1 minut\" \/>\n<script type=\"application\/ld+json\" class=\"yoast-schema-graph\">{\"@context\":\"https:\/\/schema.org\",\"@graph\":[{\"@type\":\"WebPage\",\"@id\":\"https:\/\/metaltale.com\/et\/toode\/uhe-lehega-ukse-seinajuhik-barn-doors-steel-graphite\/\",\"url\":\"https:\/\/metaltale.com\/et\/toode\/uhe-lehega-ukse-seinajuhik-barn-doors-steel-graphite\/\",\"name\":\"\u00dche lehega ukse seinajuhik BARN DOORS STEEL GRAPHITE - MetalTale.com\",\"isPartOf\":{\"@id\":\"https:\/\/metaltale.com\/et\/#website\"},\"primaryImageOfPage\":{\"@id\":\"https:\/\/metaltale.com\/et\/toode\/uhe-lehega-ukse-seinajuhik-barn-doors-steel-graphite\/#primaryimage\"},\"image\":{\"@id\":\"https:\/\/metaltale.com\/et\/toode\/uhe-lehega-ukse-seinajuhik-barn-doors-steel-graphite\/#primaryimage\"},\"thumbnailUrl\":\"https:\/\/metaltale.com\/wp-content\/uploads\/2023\/09\/PROWADNICA-TVARTO-DURYS-PLIENINIS-GRAFITAS.jpg\",\"datePublished\":\"2024-02-13T11:17:48+00:00\",\"breadcrumb\":{\"@id\":\"https:\/\/metaltale.com\/et\/toode\/uhe-lehega-ukse-seinajuhik-barn-doors-steel-graphite\/#breadcrumb\"},\"inLanguage\":\"et\",\"potentialAction\":[{\"@type\":\"ReadAction\",\"target\":[\"https:\/\/metaltale.com\/et\/toode\/uhe-lehega-ukse-seinajuhik-barn-doors-steel-graphite\/\"]}]},{\"@type\":\"ImageObject\",\"inLanguage\":\"et\",\"@id\":\"https:\/\/metaltale.com\/et\/toode\/uhe-lehega-ukse-seinajuhik-barn-doors-steel-graphite\/#primaryimage\",\"url\":\"https:\/\/metaltale.com\/wp-content\/uploads\/2023\/09\/PROWADNICA-TVARTO-DURYS-PLIENINIS-GRAFITAS.jpg\",\"contentUrl\":\"https:\/\/metaltale.com\/wp-content\/uploads\/2023\/09\/PROWADNICA-TVARTO-DURYS-PLIENINIS-GRAFITAS.jpg\",\"width\":800,\"height\":800,\"caption\":\"\u00dche lehega ukse seinajuhik BARN DOORS STEEL GRAPHITE\"},{\"@type\":\"BreadcrumbList\",\"@id\":\"https:\/\/metaltale.com\/et\/toode\/uhe-lehega-ukse-seinajuhik-barn-doors-steel-graphite\/#breadcrumb\",\"itemListElement\":[{\"@type\":\"ListItem\",\"position\":1,\"name\":\"Home\",\"item\":\"https:\/\/metaltale.com\/et\/kodu\/\"},{\"@type\":\"ListItem\",\"position\":2,\"name\":\"Kauplus\",\"item\":\"https:\/\/metaltale.com\/et\/shop\/\"},{\"@type\":\"ListItem\",\"position\":3,\"name\":\"\u00dche lehega ukse seinajuhik BARN DOORS STEEL GRAPHITE\"}]},{\"@type\":\"WebSite\",\"@id\":\"https:\/\/metaltale.com\/et\/#website\",\"url\":\"https:\/\/metaltale.com\/et\/\",\"name\":\"Metaltale.com\",\"description\":\"\",\"potentialAction\":[{\"@type\":\"SearchAction\",\"target\":{\"@type\":\"EntryPoint\",\"urlTemplate\":\"https:\/\/metaltale.com\/et\/?s={search_term_string}\"},\"query-input\":{\"@type\":\"PropertyValueSpecification\",\"valueRequired\":true,\"valueName\":\"search_term_string\"}}],\"inLanguage\":\"et\"}]}<\/script>\n<!-- \/ Yoast SEO plugin. -->","yoast_head_json":{"title":"\u00dche lehega ukse seinajuhik BARN DOORS STEEL GRAPHITE - MetalTale.com","robots":{"index":"index","follow":"follow","max-snippet":"max-snippet:-1","max-image-preview":"max-image-preview:large","max-video-preview":"max-video-preview:-1"},"canonical":"https:\/\/metaltale.com\/et\/toode\/uhe-lehega-ukse-seinajuhik-barn-doors-steel-graphite\/","og_locale":"et_EE","og_type":"article","og_title":"\u00dche lehega ukse seinajuhik BARN DOORS STEEL GRAPHITE - MetalTale.com","og_description":"Mudel FOR. PRK-S10-2000 EAN. 5907772071182 Materjal Teras, malm [cm]Kogupikkus 200 Paigalduskruvid Jah Seinale paigaldamine V\u00e4rv teras Komplekti kuuluvad: metalltoru 200","og_url":"https:\/\/metaltale.com\/et\/toode\/uhe-lehega-ukse-seinajuhik-barn-doors-steel-graphite\/","og_site_name":"MetalTale.com","og_image":[{"width":800,"height":800,"url":"https:\/\/metaltale.com\/wp-content\/uploads\/2023\/09\/PROWADNICA-TVARTO-DURYS-PLIENINIS-GRAFITAS.jpg","type":"image\/jpeg"}],"twitter_card":"summary_large_image","twitter_misc":{"Est. reading time":"1 minut"},"schema":{"@context":"https:\/\/schema.org","@graph":[{"@type":"WebPage","@id":"https:\/\/metaltale.com\/et\/toode\/uhe-lehega-ukse-seinajuhik-barn-doors-steel-graphite\/","url":"https:\/\/metaltale.com\/et\/toode\/uhe-lehega-ukse-seinajuhik-barn-doors-steel-graphite\/","name":"\u00dche lehega ukse seinajuhik BARN DOORS STEEL GRAPHITE - MetalTale.com","isPartOf":{"@id":"https:\/\/metaltale.com\/et\/#website"},"primaryImageOfPage":{"@id":"https:\/\/metaltale.com\/et\/toode\/uhe-lehega-ukse-seinajuhik-barn-doors-steel-graphite\/#primaryimage"},"image":{"@id":"https:\/\/metaltale.com\/et\/toode\/uhe-lehega-ukse-seinajuhik-barn-doors-steel-graphite\/#primaryimage"},"thumbnailUrl":"https:\/\/metaltale.com\/wp-content\/uploads\/2023\/09\/PROWADNICA-TVARTO-DURYS-PLIENINIS-GRAFITAS.jpg","datePublished":"2024-02-13T11:17:48+00:00","breadcrumb":{"@id":"https:\/\/metaltale.com\/et\/toode\/uhe-lehega-ukse-seinajuhik-barn-doors-steel-graphite\/#breadcrumb"},"inLanguage":"et","potentialAction":[{"@type":"ReadAction","target":["https:\/\/metaltale.com\/et\/toode\/uhe-lehega-ukse-seinajuhik-barn-doors-steel-graphite\/"]}]},{"@type":"ImageObject","inLanguage":"et","@id":"https:\/\/metaltale.com\/et\/toode\/uhe-lehega-ukse-seinajuhik-barn-doors-steel-graphite\/#primaryimage","url":"https:\/\/metaltale.com\/wp-content\/uploads\/2023\/09\/PROWADNICA-TVARTO-DURYS-PLIENINIS-GRAFITAS.jpg","contentUrl":"https:\/\/metaltale.com\/wp-content\/uploads\/2023\/09\/PROWADNICA-TVARTO-DURYS-PLIENINIS-GRAFITAS.jpg","width":800,"height":800,"caption":"\u00dche lehega ukse seinajuhik BARN DOORS STEEL GRAPHITE"},{"@type":"BreadcrumbList","@id":"https:\/\/metaltale.com\/et\/toode\/uhe-lehega-ukse-seinajuhik-barn-doors-steel-graphite\/#breadcrumb","itemListElement":[{"@type":"ListItem","position":1,"name":"Home","item":"https:\/\/metaltale.com\/et\/kodu\/"},{"@type":"ListItem","position":2,"name":"Kauplus","item":"https:\/\/metaltale.com\/et\/shop\/"},{"@type":"ListItem","position":3,"name":"\u00dche lehega ukse seinajuhik BARN DOORS STEEL GRAPHITE"}]},{"@type":"WebSite","@id":"https:\/\/metaltale.com\/et\/#website","url":"https:\/\/metaltale.com\/et\/","name":"Metaltale.com","description":"","potentialAction":[{"@type":"SearchAction","target":{"@type":"EntryPoint","urlTemplate":"https:\/\/metaltale.com\/et\/?s={search_term_string}"},"query-input":{"@type":"PropertyValueSpecification","valueRequired":true,"valueName":"search_term_string"}}],"inLanguage":"et"}]}},"_links":{"self":[{"href":"https:\/\/metaltale.com\/et\/wp-json\/wp\/v2\/product\/134434","targetHints":{"allow":["GET"]}}],"collection":[{"href":"https:\/\/metaltale.com\/et\/wp-json\/wp\/v2\/product"}],"about":[{"href":"https:\/\/metaltale.com\/et\/wp-json\/wp\/v2\/types\/product"}],"replies":[{"embeddable":true,"href":"https:\/\/metaltale.com\/et\/wp-json\/wp\/v2\/comments?post=134434"}],"version-history":[{"count":0,"href":"https:\/\/metaltale.com\/et\/wp-json\/wp\/v2\/product\/134434\/revisions"}],"wp:featuredmedia":[{"embeddable":true,"href":"https:\/\/metaltale.com\/et\/wp-json\/wp\/v2\/media\/65454"}],"wp:attachment":[{"href":"https:\/\/metaltale.com\/et\/wp-json\/wp\/v2\/media?parent=134434"}],"wp:term":[{"taxonomy":"product_brand","embeddable":true,"href":"https:\/\/metaltale.com\/et\/wp-json\/wp\/v2\/product_brand?post=134434"},{"taxonomy":"product_cat","embeddable":true,"href":"https:\/\/metaltale.com\/et\/wp-json\/wp\/v2\/product_cat?post=134434"},{"taxonomy":"product_tag","embeddable":true,"href":"https:\/\/metaltale.com\/et\/wp-json\/wp\/v2\/product_tag?post=134434"}],"curies":[{"name":"wp","href":"https:\/\/api.w.org\/{rel}","templated":true}]}}