{"id":134425,"date":"2024-01-12T18:05:50","date_gmt":"2024-01-12T16:05:50","guid":{"rendered":"https:\/\/metaltale.com\/produktas\/uhe-lehega-ukse-seinale-paigaldatav-juhik-kuldne-old\/"},"modified":"2024-01-12T18:05:50","modified_gmt":"2024-01-12T16:05:50","slug":"uhe-lehega-ukse-seinale-paigaldatav-juhik-kuldne-old","status":"publish","type":"product","link":"https:\/\/metaltale.com\/et\/toode\/uhe-lehega-ukse-seinale-paigaldatav-juhik-kuldne-old\/","title":{"rendered":"\u00dche lehega ukse seinale paigaldatav juhik kuldne OLD"},"content":{"rendered":"<div class=\"prod_data\"><strong>Mudel<\/strong> SE.SPK-301-ZL  <br \/><strong>Materjal<\/strong> teras  <br \/><strong> [cm]Kogupikkus<\/strong> 200 <strong> <\/strong> <br \/><strong>Paigalduskruvid<\/strong> Jah  <br \/>Seinale <strong>paigaldamine<\/strong>  <br \/>V\u00e4rv Kuldne <br \/>MATYTI <strong>juhend<\/strong>  <br \/><strong>Paigaldusjuhised<\/strong> Lae alla  <\/p>\n<p><strong>Komplekti kuuluvad:<\/strong><\/p>\n<p>metallist juhis 200cm (2x100cm)<\/p>\n<p>Dekoratiivsed laagrirullid (2 tk)<\/p>\n<p>Vahekaitseh\u00fclsid (5 tk)<\/p>\n<p>horisontaalsed (2 tk) ja vertikaalsed (2 tk) piirajad<\/p>\n<p>P\u00f5randajuhik (1 tk)<\/p>\n<p>kinnituskomplekt: kruvid, poldid ja seibid<\/p>\n<\/p>\n<p><strong>Toote omadused:<\/strong><\/p>\n<p>Pakkumine sisaldab \u00fche ukse libisev s\u00fcsteem, seinale paigaldamine<\/p>\n<p>mudel on ette n\u00e4htud kuni 100 kg kaaluvate puidust l\u00fckanduste jaoks.<\/p>\n<p>Laagriga ratas lihtsaks ja vaikseks liikumiseks<\/p>\n<p>Kaasa arvatud alumine r\u00f6\u00f6p, kattev, p\u00f5randale paigaldatav, kasutamiseks koos vormitud ustega v\u00f5i ilma.<\/p>\n<p>viis kinnituspunkti tagavad stabiilsuse, turvalisuse ja vastupidavuse<\/p>\n<p>komplekt sisaldab kruvisid nii puitkonstruktsioonidele kui ka m\u00fc\u00fcritistele paigaldamiseks.<\/p>\n<p>s\u00fcsteemi on lihtne ja intuitiivne paigaldada<\/p>\n<p>hoolikas l\u00e4hetuskontroll ja kvaliteetne pakend tagavad rahulolu<\/p>\n<hr>\n<p>Kavandatav l\u00e4vi r\u00f5\u00f5mustab k\u00f5iki glamuuri, moodsa ja traditsioonilisema interj\u00f6\u00f6ri f\u00e4nne. L\u00e4vi n\u00e4eb suurep\u00e4raselt v\u00e4lja koos valge puituksega v\u00f5i traditsioonilisema viimistlusega uksega. GLAMOURi l\u00e4vend on pakkumine k\u00f5igile, kes ei karda ebakonventsionaalseid kombinatsioone. Kasutatud tippkvaliteediga materjalid v\u00f5imaldavad teil meie l\u00fckandukses\u00fcsteemist aastaid r\u00f5\u00f5mu tunda, samal ajal kui laagrilised rattad tagavad vaikse ja mugava ukse liikumise. Liuguksel\u00e4vi on ideaalne kombinatsioon praktilisest lahendusest ja silmatorkavast disainist.<\/p>\n<\/div>\n","protected":false},"excerpt":{"rendered":"<p>Mudel SE.SPK-301-ZL Materjal teras [cm]Kogupikkus 200 Paigalduskruvid Jah Seinale paigaldamine V\u00e4rv Kuldne MATYTI juhend Paigaldusjuhised Lae alla Komplekti kuuluvad: metallist<\/p>\n","protected":false},"featured_media":96858,"comment_status":"open","ping_status":"closed","template":"","meta":{"_acf_changed":false,"pmpro_default_level":""},"product_brand":[],"product_cat":[24140,24170],"product_tag":[],"class_list":{"0":"post-134425","1":"product","2":"type-product","3":"status-publish","4":"has-post-thumbnail","6":"product_cat-liuguksesusteemid","7":"product_cat-lukanduste-juhikud","8":"pmpro-has-access","10":"first","11":"instock","12":"shipping-taxable","13":"purchasable","14":"product-type-simple"},"acf":[],"yoast_head":"<!-- This site is optimized with the Yoast SEO plugin v24.9 - https:\/\/yoast.com\/wordpress\/plugins\/seo\/ -->\n<title>\u00dche lehega ukse seinale paigaldatav juhik kuldne OLD - MetalTale.com<\/title>\n<meta name=\"robots\" content=\"index, follow, max-snippet:-1, max-image-preview:large, max-video-preview:-1\" \/>\n<link rel=\"canonical\" href=\"https:\/\/metaltale.com\/et\/toode\/uhe-lehega-ukse-seinale-paigaldatav-juhik-kuldne-old\/\" \/>\n<meta property=\"og:locale\" content=\"et_EE\" \/>\n<meta property=\"og:type\" content=\"article\" \/>\n<meta property=\"og:title\" content=\"\u00dche lehega ukse seinale paigaldatav juhik kuldne OLD - MetalTale.com\" \/>\n<meta property=\"og:description\" content=\"Mudel SE.SPK-301-ZL Materjal teras [cm]Kogupikkus 200 Paigalduskruvid Jah Seinale paigaldamine V\u00e4rv Kuldne MATYTI juhend Paigaldusjuhised Lae alla Komplekti kuuluvad: metallist\" \/>\n<meta property=\"og:url\" content=\"https:\/\/metaltale.com\/et\/toode\/uhe-lehega-ukse-seinale-paigaldatav-juhik-kuldne-old\/\" \/>\n<meta property=\"og:site_name\" content=\"MetalTale.com\" \/>\n<meta property=\"og:image\" content=\"http:\/\/metaltale.com\/wp-content\/uploads\/2023\/10\/Stumdomx173-durx173-sistemos.jpg\" \/>\n\t<meta property=\"og:image:width\" content=\"800\" \/>\n\t<meta property=\"og:image:height\" content=\"800\" \/>\n\t<meta property=\"og:image:type\" content=\"image\/jpeg\" \/>\n<meta name=\"twitter:card\" content=\"summary_large_image\" \/>\n<meta name=\"twitter:label1\" content=\"Est. reading time\" \/>\n\t<meta name=\"twitter:data1\" content=\"1 minut\" \/>\n<script type=\"application\/ld+json\" class=\"yoast-schema-graph\">{\"@context\":\"https:\/\/schema.org\",\"@graph\":[{\"@type\":\"WebPage\",\"@id\":\"https:\/\/metaltale.com\/et\/toode\/uhe-lehega-ukse-seinale-paigaldatav-juhik-kuldne-old\/\",\"url\":\"https:\/\/metaltale.com\/et\/toode\/uhe-lehega-ukse-seinale-paigaldatav-juhik-kuldne-old\/\",\"name\":\"\u00dche lehega ukse seinale paigaldatav juhik kuldne OLD - MetalTale.com\",\"isPartOf\":{\"@id\":\"https:\/\/metaltale.com\/et\/#website\"},\"primaryImageOfPage\":{\"@id\":\"https:\/\/metaltale.com\/et\/toode\/uhe-lehega-ukse-seinale-paigaldatav-juhik-kuldne-old\/#primaryimage\"},\"image\":{\"@id\":\"https:\/\/metaltale.com\/et\/toode\/uhe-lehega-ukse-seinale-paigaldatav-juhik-kuldne-old\/#primaryimage\"},\"thumbnailUrl\":\"https:\/\/metaltale.com\/wp-content\/uploads\/2023\/10\/Stumdomx173-durx173-sistemos.jpg\",\"datePublished\":\"2024-01-12T16:05:50+00:00\",\"breadcrumb\":{\"@id\":\"https:\/\/metaltale.com\/et\/toode\/uhe-lehega-ukse-seinale-paigaldatav-juhik-kuldne-old\/#breadcrumb\"},\"inLanguage\":\"et\",\"potentialAction\":[{\"@type\":\"ReadAction\",\"target\":[\"https:\/\/metaltale.com\/et\/toode\/uhe-lehega-ukse-seinale-paigaldatav-juhik-kuldne-old\/\"]}]},{\"@type\":\"ImageObject\",\"inLanguage\":\"et\",\"@id\":\"https:\/\/metaltale.com\/et\/toode\/uhe-lehega-ukse-seinale-paigaldatav-juhik-kuldne-old\/#primaryimage\",\"url\":\"https:\/\/metaltale.com\/wp-content\/uploads\/2023\/10\/Stumdomx173-durx173-sistemos.jpg\",\"contentUrl\":\"https:\/\/metaltale.com\/wp-content\/uploads\/2023\/10\/Stumdomx173-durx173-sistemos.jpg\",\"width\":800,\"height\":800,\"caption\":\"Stumdom\u0173 dur\u0173 sistema OLD auksin\u0117\"},{\"@type\":\"BreadcrumbList\",\"@id\":\"https:\/\/metaltale.com\/et\/toode\/uhe-lehega-ukse-seinale-paigaldatav-juhik-kuldne-old\/#breadcrumb\",\"itemListElement\":[{\"@type\":\"ListItem\",\"position\":1,\"name\":\"Home\",\"item\":\"https:\/\/metaltale.com\/et\/kodu\/\"},{\"@type\":\"ListItem\",\"position\":2,\"name\":\"Kauplus\",\"item\":\"https:\/\/metaltale.com\/et\/shop\/\"},{\"@type\":\"ListItem\",\"position\":3,\"name\":\"\u00dche lehega ukse seinale paigaldatav juhik kuldne OLD\"}]},{\"@type\":\"WebSite\",\"@id\":\"https:\/\/metaltale.com\/et\/#website\",\"url\":\"https:\/\/metaltale.com\/et\/\",\"name\":\"Metaltale.com\",\"description\":\"\",\"potentialAction\":[{\"@type\":\"SearchAction\",\"target\":{\"@type\":\"EntryPoint\",\"urlTemplate\":\"https:\/\/metaltale.com\/et\/?s={search_term_string}\"},\"query-input\":{\"@type\":\"PropertyValueSpecification\",\"valueRequired\":true,\"valueName\":\"search_term_string\"}}],\"inLanguage\":\"et\"}]}<\/script>\n<!-- \/ Yoast SEO plugin. -->","yoast_head_json":{"title":"\u00dche lehega ukse seinale paigaldatav juhik kuldne OLD - MetalTale.com","robots":{"index":"index","follow":"follow","max-snippet":"max-snippet:-1","max-image-preview":"max-image-preview:large","max-video-preview":"max-video-preview:-1"},"canonical":"https:\/\/metaltale.com\/et\/toode\/uhe-lehega-ukse-seinale-paigaldatav-juhik-kuldne-old\/","og_locale":"et_EE","og_type":"article","og_title":"\u00dche lehega ukse seinale paigaldatav juhik kuldne OLD - MetalTale.com","og_description":"Mudel SE.SPK-301-ZL Materjal teras [cm]Kogupikkus 200 Paigalduskruvid Jah Seinale paigaldamine V\u00e4rv Kuldne MATYTI juhend Paigaldusjuhised Lae alla Komplekti kuuluvad: metallist","og_url":"https:\/\/metaltale.com\/et\/toode\/uhe-lehega-ukse-seinale-paigaldatav-juhik-kuldne-old\/","og_site_name":"MetalTale.com","og_image":[{"width":800,"height":800,"url":"http:\/\/metaltale.com\/wp-content\/uploads\/2023\/10\/Stumdomx173-durx173-sistemos.jpg","type":"image\/jpeg"}],"twitter_card":"summary_large_image","twitter_misc":{"Est. reading time":"1 minut"},"schema":{"@context":"https:\/\/schema.org","@graph":[{"@type":"WebPage","@id":"https:\/\/metaltale.com\/et\/toode\/uhe-lehega-ukse-seinale-paigaldatav-juhik-kuldne-old\/","url":"https:\/\/metaltale.com\/et\/toode\/uhe-lehega-ukse-seinale-paigaldatav-juhik-kuldne-old\/","name":"\u00dche lehega ukse seinale paigaldatav juhik kuldne OLD - MetalTale.com","isPartOf":{"@id":"https:\/\/metaltale.com\/et\/#website"},"primaryImageOfPage":{"@id":"https:\/\/metaltale.com\/et\/toode\/uhe-lehega-ukse-seinale-paigaldatav-juhik-kuldne-old\/#primaryimage"},"image":{"@id":"https:\/\/metaltale.com\/et\/toode\/uhe-lehega-ukse-seinale-paigaldatav-juhik-kuldne-old\/#primaryimage"},"thumbnailUrl":"https:\/\/metaltale.com\/wp-content\/uploads\/2023\/10\/Stumdomx173-durx173-sistemos.jpg","datePublished":"2024-01-12T16:05:50+00:00","breadcrumb":{"@id":"https:\/\/metaltale.com\/et\/toode\/uhe-lehega-ukse-seinale-paigaldatav-juhik-kuldne-old\/#breadcrumb"},"inLanguage":"et","potentialAction":[{"@type":"ReadAction","target":["https:\/\/metaltale.com\/et\/toode\/uhe-lehega-ukse-seinale-paigaldatav-juhik-kuldne-old\/"]}]},{"@type":"ImageObject","inLanguage":"et","@id":"https:\/\/metaltale.com\/et\/toode\/uhe-lehega-ukse-seinale-paigaldatav-juhik-kuldne-old\/#primaryimage","url":"https:\/\/metaltale.com\/wp-content\/uploads\/2023\/10\/Stumdomx173-durx173-sistemos.jpg","contentUrl":"https:\/\/metaltale.com\/wp-content\/uploads\/2023\/10\/Stumdomx173-durx173-sistemos.jpg","width":800,"height":800,"caption":"Stumdom\u0173 dur\u0173 sistema OLD auksin\u0117"},{"@type":"BreadcrumbList","@id":"https:\/\/metaltale.com\/et\/toode\/uhe-lehega-ukse-seinale-paigaldatav-juhik-kuldne-old\/#breadcrumb","itemListElement":[{"@type":"ListItem","position":1,"name":"Home","item":"https:\/\/metaltale.com\/et\/kodu\/"},{"@type":"ListItem","position":2,"name":"Kauplus","item":"https:\/\/metaltale.com\/et\/shop\/"},{"@type":"ListItem","position":3,"name":"\u00dche lehega ukse seinale paigaldatav juhik kuldne OLD"}]},{"@type":"WebSite","@id":"https:\/\/metaltale.com\/et\/#website","url":"https:\/\/metaltale.com\/et\/","name":"Metaltale.com","description":"","potentialAction":[{"@type":"SearchAction","target":{"@type":"EntryPoint","urlTemplate":"https:\/\/metaltale.com\/et\/?s={search_term_string}"},"query-input":{"@type":"PropertyValueSpecification","valueRequired":true,"valueName":"search_term_string"}}],"inLanguage":"et"}]}},"_links":{"self":[{"href":"https:\/\/metaltale.com\/et\/wp-json\/wp\/v2\/product\/134425","targetHints":{"allow":["GET"]}}],"collection":[{"href":"https:\/\/metaltale.com\/et\/wp-json\/wp\/v2\/product"}],"about":[{"href":"https:\/\/metaltale.com\/et\/wp-json\/wp\/v2\/types\/product"}],"replies":[{"embeddable":true,"href":"https:\/\/metaltale.com\/et\/wp-json\/wp\/v2\/comments?post=134425"}],"version-history":[{"count":0,"href":"https:\/\/metaltale.com\/et\/wp-json\/wp\/v2\/product\/134425\/revisions"}],"wp:featuredmedia":[{"embeddable":true,"href":"https:\/\/metaltale.com\/et\/wp-json\/wp\/v2\/media\/96858"}],"wp:attachment":[{"href":"https:\/\/metaltale.com\/et\/wp-json\/wp\/v2\/media?parent=134425"}],"wp:term":[{"taxonomy":"product_brand","embeddable":true,"href":"https:\/\/metaltale.com\/et\/wp-json\/wp\/v2\/product_brand?post=134425"},{"taxonomy":"product_cat","embeddable":true,"href":"https:\/\/metaltale.com\/et\/wp-json\/wp\/v2\/product_cat?post=134425"},{"taxonomy":"product_tag","embeddable":true,"href":"https:\/\/metaltale.com\/et\/wp-json\/wp\/v2\/product_tag?post=134425"}],"curies":[{"name":"wp","href":"https:\/\/api.w.org\/{rel}","templated":true}]}}